{"id":9949,"date":"2023-10-14T20:11:55","date_gmt":"2023-10-14T19:11:55","guid":{"rendered":"https:\/\/costatropical.com\/?page_id=9949"},"modified":"2025-10-08T19:00:17","modified_gmt":"2025-10-08T18:00:17","slug":"costa-tropical-discotecas-clubs-nocturnos","status":"publish","type":"page","link":"https:\/\/costatropical.com\/es\/costa-tropical-discos-night-clubs\/","title":{"rendered":"Discotecas y clubes nocturnos"},"content":{"rendered":"<div data-elementor-type=\"wp-page\" data-elementor-id=\"9949\" class=\"elementor elementor-9949\" data-elementor-post-type=\"page\">\n\t\t\t\t\t\t<section class=\"elementor-section elementor-top-section elementor-element elementor-element-66d1b69 elementor-section-boxed elementor-section-height-default elementor-section-height-default rt-parallax-bg-no\" data-id=\"66d1b69\" data-element_type=\"section\" data-e-type=\"section\">\n\t\t\t\t\t\t<div class=\"elementor-container elementor-column-gap-default\">\n\t\t\t\t\t<div class=\"elementor-column elementor-col-100 elementor-top-column elementor-element elementor-element-a57e71b\" data-id=\"a57e71b\" data-element_type=\"column\" data-e-type=\"column\">\n\t\t\t<div class=\"elementor-widget-wrap elementor-element-populated\">\n\t\t\t\t\t\t<div class=\"elementor-element elementor-element-d6f8475 elementor-widget elementor-widget-spacer\" data-id=\"d6f8475\" data-element_type=\"widget\" data-e-type=\"widget\" data-widget_type=\"spacer.default\">\n\t\t\t\t<div class=\"elementor-widget-container\">\n\t\t\t\t\t\t\t<div class=\"elementor-spacer\">\n\t\t\t<div class=\"elementor-spacer-inner\"><\/div>\n\t\t<\/div>\n\t\t\t\t\t\t<\/div>\n\t\t\t\t<\/div>\n\t\t\t\t\t<\/div>\n\t\t<\/div>\n\t\t\t\t\t<\/div>\n\t\t<\/section>\n\t\t\t\t<section class=\"elementor-section elementor-top-section elementor-element elementor-element-e13e2e5 elementor-section-boxed elementor-section-height-default elementor-section-height-default rt-parallax-bg-no\" data-id=\"e13e2e5\" data-element_type=\"section\" data-e-type=\"section\">\n\t\t\t\t\t\t<div class=\"elementor-container elementor-column-gap-default\">\n\t\t\t\t\t<div class=\"elementor-column elementor-col-100 elementor-top-column elementor-element elementor-element-42680cb\" data-id=\"42680cb\" data-element_type=\"column\" data-e-type=\"column\">\n\t\t\t<div class=\"elementor-widget-wrap elementor-element-populated\">\n\t\t\t\t\t\t<div class=\"elementor-element elementor-element-729032f elementor-widget elementor-widget-heading\" data-id=\"729032f\" data-element_type=\"widget\" data-e-type=\"widget\" data-widget_type=\"heading.default\">\n\t\t\t\t<div class=\"elementor-widget-container\">\n\t\t\t\t\t<h2 class=\"elementor-heading-title elementor-size-default\">\u00a1Descubra los mejores clubes de baile en la Costa Tropical!<\/h2>\t\t\t\t<\/div>\n\t\t\t\t<\/div>\n\t\t\t\t\t<\/div>\n\t\t<\/div>\n\t\t\t\t\t<\/div>\n\t\t<\/section>\n\t\t\t\t<section class=\"elementor-section elementor-top-section elementor-element elementor-element-b4fe894 elementor-section-boxed elementor-section-height-default elementor-section-height-default rt-parallax-bg-no\" data-id=\"b4fe894\" data-element_type=\"section\" data-e-type=\"section\">\n\t\t\t\t\t\t<div class=\"elementor-container elementor-column-gap-default\">\n\t\t\t\t\t<div class=\"elementor-column elementor-col-100 elementor-top-column elementor-element elementor-element-5445916\" data-id=\"5445916\" data-element_type=\"column\" data-e-type=\"column\">\n\t\t\t<div class=\"elementor-widget-wrap elementor-element-populated\">\n\t\t\t\t\t\t<div class=\"elementor-element elementor-element-4054646 elementor-widget elementor-widget-spacer\" data-id=\"4054646\" data-element_type=\"widget\" data-e-type=\"widget\" data-widget_type=\"spacer.default\">\n\t\t\t\t<div class=\"elementor-widget-container\">\n\t\t\t\t\t\t\t<div class=\"elementor-spacer\">\n\t\t\t<div class=\"elementor-spacer-inner\"><\/div>\n\t\t<\/div>\n\t\t\t\t\t\t<\/div>\n\t\t\t\t<\/div>\n\t\t\t\t\t<\/div>\n\t\t<\/div>\n\t\t\t\t\t<\/div>\n\t\t<\/section>\n\t\t\t\t<section class=\"elementor-section elementor-top-section elementor-element elementor-element-620fed3 elementor-section-boxed elementor-section-height-default elementor-section-height-default rt-parallax-bg-no\" data-id=\"620fed3\" data-element_type=\"section\" data-e-type=\"section\">\n\t\t\t\t\t\t<div class=\"elementor-container elementor-column-gap-default\">\n\t\t\t\t\t<div class=\"elementor-column elementor-col-100 elementor-top-column elementor-element elementor-element-38ba92f\" data-id=\"38ba92f\" data-element_type=\"column\" data-e-type=\"column\">\n\t\t\t<div class=\"elementor-widget-wrap elementor-element-populated\">\n\t\t\t\t\t\t<div class=\"elementor-element elementor-element-1a1d92f elementor-widget elementor-widget-text-editor\" data-id=\"1a1d92f\" data-element_type=\"widget\" data-e-type=\"widget\" data-widget_type=\"text-editor.default\">\n\t\t\t\t<div class=\"elementor-widget-container\">\n\t\t\t\t\t\t\t\t\t<p>En Granada y a lo largo de la Costa Tropical, encontrar\u00e1 una escena nocturna vibrante con opciones que van desde bulliciosos clubes hasta discotecas frente al mar. Estos lugares satisfacen diversos gustos y ofrecen una amplia variedad de g\u00e9neros musicales. Por lo general, los clubes en Granada comienzan sus noches alrededor de las 23:00, y la fiesta contin\u00faa hasta las primeras horas de la ma\u00f1ana. El ambiente es animado y diverso, atrayendo tanto a locales como a visitantes que buscan una noche llena de energ\u00eda.<\/p><p>En la costa, la atm\u00f3sfera es m\u00e1s relajada pero igualmente disfrutable. Las discotecas frente al mar ofrecen un entorno acogedor, a menudo con m\u00fasica en vivo y sesiones de DJ. Aunque estos lugares tienden a cerrar m\u00e1s temprano, alrededor de las 3 am, ofrecen una experiencia \u00fanica de bailar junto al mar. La escena nocturna de la Costa Tropical satisface a aquellos que buscan un ambiente m\u00e1s tranquilo pero animado, convirti\u00e9ndola en un destino perfecto para una noche divertida.<\/p>\t\t\t\t\t\t\t\t<\/div>\n\t\t\t\t<\/div>\n\t\t\t\t\t<\/div>\n\t\t<\/div>\n\t\t\t\t\t<\/div>\n\t\t<\/section>\n\t\t\t\t<section class=\"elementor-section elementor-top-section elementor-element elementor-element-7939245 elementor-section-boxed elementor-section-height-default elementor-section-height-default rt-parallax-bg-no\" data-id=\"7939245\" data-element_type=\"section\" data-e-type=\"section\">\n\t\t\t\t\t\t<div class=\"elementor-container elementor-column-gap-default\">\n\t\t\t\t\t<div class=\"elementor-column elementor-col-100 elementor-top-column elementor-element elementor-element-4183404\" data-id=\"4183404\" data-element_type=\"column\" data-e-type=\"column\">\n\t\t\t<div class=\"elementor-widget-wrap\">\n\t\t\t\t\t\t\t<\/div>\n\t\t<\/div>\n\t\t\t\t\t<\/div>\n\t\t<\/section>\n\t\t\t\t<section class=\"elementor-section elementor-top-section elementor-element elementor-element-95ab299 elementor-section-boxed elementor-section-height-default elementor-section-height-default rt-parallax-bg-no\" data-id=\"95ab299\" data-element_type=\"section\" data-e-type=\"section\">\n\t\t\t\t\t\t<div class=\"elementor-container elementor-column-gap-default\">\n\t\t\t\t\t<div class=\"elementor-column elementor-col-100 elementor-top-column elementor-element elementor-element-c787eae\" data-id=\"c787eae\" data-element_type=\"column\" data-e-type=\"column\">\n\t\t\t<div class=\"elementor-widget-wrap elementor-element-populated\">\n\t\t\t\t\t\t<div class=\"elementor-element elementor-element-e940a1e elementor-widget elementor-widget-text-editor\" data-id=\"e940a1e\" data-element_type=\"widget\" data-e-type=\"widget\" data-widget_type=\"text-editor.default\">\n\t\t\t\t<div class=\"elementor-widget-container\">\n\t\t\t\t\t\t\t\t\t<h3>Mejores discotecas y clubs de baile de la Costa Tropical<\/h3>\t\t\t\t\t\t\t\t<\/div>\n\t\t\t\t<\/div>\n\t\t\t\t\t<\/div>\n\t\t<\/div>\n\t\t\t\t\t<\/div>\n\t\t<\/section>\n\t\t\t\t<section class=\"elementor-section elementor-top-section elementor-element elementor-element-45cd646 elementor-section-boxed elementor-section-height-default elementor-section-height-default rt-parallax-bg-no\" data-id=\"45cd646\" data-element_type=\"section\" data-e-type=\"section\">\n\t\t\t\t\t\t<div class=\"elementor-container elementor-column-gap-default\">\n\t\t\t\t\t<div class=\"elementor-column elementor-col-100 elementor-top-column elementor-element elementor-element-49899cb\" data-id=\"49899cb\" data-element_type=\"column\" data-e-type=\"column\">\n\t\t\t<div class=\"elementor-widget-wrap elementor-element-populated\">\n\t\t\t\t\t\t<div class=\"elementor-element elementor-element-00db83a title-show-full elementor-widget elementor-widget-rtcl-listing-items\" data-id=\"00db83a\" data-element_type=\"widget\" data-e-type=\"widget\" data-widget_type=\"rtcl-listing-items.default\">\n\t\t\t\t<div class=\"elementor-widget-container\">\n\t\t\t\t\t\n<div class=\"rtcl rtcl-listings-sc-wrapper rtcl-elementor-widget\">\n\t<div class=\"rtcl-listings-wrapper\">\n\t\t\t\t<div class=\"rtcl-listings rtcl-ajax-listings rtcl-list-view rtcl-style-1-view\">\n\t\t\t\n\t\t\t\t<div class=\"rtcl-widget-listing-item listing-item rtcl-listing-item post-10076 status-publish is-popular rtcl_category-discos-nightclubs rtcl_location-almunecar\">\n\n\t\t\t\t\t\n\t\t\t\t\t\n\t\t\t\t\t<div class='listing-thumb'><div class='listing-thumb-inner'><a href='https:\/\/costatropical.com\/es\/listing\/big-bang-ocean-club\/' title='Big Bang Ocean Club'><img fetchpriority=\"high\" decoding=\"async\" width=\"300\" height=\"195\" src=\"https:\/\/costatropical.com\/wp-content\/uploads\/classified-listing\/2023\/10\/Big-Bang-Ocean-Club4-370x240.jpg\" class=\"rtcl-thumbnail\" alt=\"Big-Bang-Ocean-Club4\" title=\"\"><\/a> <\/div> <\/div> <div class=\"rtin-content-area\"><div class=\"item-content\"><div class='rtcl-listing-badge-wrap'><\/div>\n <div class=\"category\"><a href=\"https:\/\/costatropical.com\/es\/listing-category\/discos-nightclubs\/\">Discotecas\/clubs<\/a><\/div> <h3 class=\"listing-title rtcl-listing-title\"><a href=\"https:\/\/costatropical.com\/es\/listing\/big-bang-ocean-club\/\" title=\"Big Bang Ocean Club\">Big Bang Ocean Club<\/a> <\/h3>  <div class=\"rtcl-short-description\"> La discoteca Big Bang Ocean Club est\u00e1 situada a los pies de la playa Puerta del Mar, el coraz\u00f3n de la Costa Tropical de Granada <\/div> <ul class=\"rtcl-listing-meta-data\">   <li class=\"location\"><i class=\"rtcl-icon rtcl-icon-location\" aria-hidden=\"true\"><\/i><a href=\"https:\/\/costatropical.com\/es\/location\/almunecar\/\">Almu\u00f1\u00e9car<\/a><\/li> <\/ul> <div class=\"item-price\"><div class=\"rtcl-price price-type-fixed\"><\/div><\/div> <\/div><div class=\"rtin-right\"><a class=\"rtin-details-button\" href=\"https:\/\/costatropical.com\/es\/listing\/big-bang-ocean-club\/\">Details<\/a>  <\/div><\/div>\n\t\t\t\t<\/div>\n\n\t\t\t\n\t\t\t\t<div class=\"rtcl-widget-listing-item listing-item rtcl-listing-item post-9456 status-publish is-popular rtcl_category-discos-nightclubs rtcl_location-la-herradura\">\n\n\t\t\t\t\t\n\t\t\t\t\t\n\t\t\t\t\t<div class='listing-thumb'><div class='listing-thumb-inner'><a href='https:\/\/costatropical.com\/es\/listing\/kasbah\/' title='Kasbah Discoteca Karaoke'><img decoding=\"async\" width=\"300\" height=\"195\" src=\"https:\/\/costatropical.com\/wp-content\/uploads\/classified-listing\/2023\/09\/kasbah-370x240.jpg\" class=\"rtcl-thumbnail\" alt=\"kasbah\" title=\"\"><\/a> <\/div> <\/div> <div class=\"rtin-content-area\"><div class=\"item-content\"><div class='rtcl-listing-badge-wrap'><\/div>\n <div class=\"category\"><a href=\"https:\/\/costatropical.com\/es\/listing-category\/discos-nightclubs\/\">Discotecas\/clubs<\/a><\/div> <h3 class=\"listing-title rtcl-listing-title\"><a href=\"https:\/\/costatropical.com\/es\/listing\/kasbah\/\" title=\"Kasbah Discoteca Karaoke\">Kasbah Discoteca Karaoke<\/a> <\/h3>  <div class=\"rtcl-short-description\"> Karaoke Disco La Kasbah. Tu discoteca en La Herradura. Sala de fiestas y conciertos. Caf\u00e9, bebidas, shishas, c\u00f3cteles y mucho m\u00e1s. <\/div> <ul class=\"rtcl-listing-meta-data\">   <li class=\"location\"><i class=\"rtcl-icon rtcl-icon-location\" aria-hidden=\"true\"><\/i><a href=\"https:\/\/costatropical.com\/es\/location\/la-herradura\/\">La Herradura<\/a><\/li> <\/ul> <div class=\"item-price\"><div class=\"rtcl-price price-type-fixed\"><\/div><\/div> <\/div><div class=\"rtin-right\"><a class=\"rtin-details-button\" href=\"https:\/\/costatropical.com\/es\/listing\/kasbah\/\">Details<\/a>  <\/div><\/div>\n\t\t\t\t<\/div>\n\n\t\t\t\t\t\t\n\t\t<\/div>\n\t\t\t<\/div>\n<\/div>\n\t\t\t\t<\/div>\n\t\t\t\t<\/div>\n\t\t\t\t\t<\/div>\n\t\t<\/div>\n\t\t\t\t\t<\/div>\n\t\t<\/section>\n\t\t\t\t<section class=\"elementor-section elementor-top-section elementor-element elementor-element-52d49ba elementor-section-boxed elementor-section-height-default elementor-section-height-default rt-parallax-bg-no\" data-id=\"52d49ba\" data-element_type=\"section\" data-e-type=\"section\">\n\t\t\t\t\t\t<div class=\"elementor-container elementor-column-gap-default\">\n\t\t\t\t\t<div class=\"elementor-column elementor-col-100 elementor-top-column elementor-element elementor-element-87960b9\" data-id=\"87960b9\" data-element_type=\"column\" data-e-type=\"column\">\n\t\t\t<div class=\"elementor-widget-wrap elementor-element-populated\">\n\t\t\t\t\t\t<div class=\"elementor-element elementor-element-7ffec8b elementor-widget elementor-widget-text-editor\" data-id=\"7ffec8b\" data-element_type=\"widget\" data-e-type=\"widget\" data-widget_type=\"text-editor.default\">\n\t\t\t\t<div class=\"elementor-widget-container\">\n\t\t\t\t\t\t\t\t\t<h4>Tambi\u00e9n puede interesarte...<\/h4><ul><li><a href=\"https:\/\/costatropical.com\/es\/costa-tropical-granada-bares-y-pubs\/\">Bares y pubs<\/a><\/li><li><a href=\"https:\/\/costatropical.com\/es\/costa-tropical-restaurants\/\">Restaurantes<\/a><\/li><li><a href=\"https:\/\/costatropical.com\/es\/costa-tropical-granada-vida-nocturna\/\">Vida nocturna<\/a><\/li><li><a href=\"https:\/\/costatropical.com\/es\/flamenco\/\">Flamenco<\/a><\/li><\/ul>\t\t\t\t\t\t\t\t<\/div>\n\t\t\t\t<\/div>\n\t\t\t\t\t<\/div>\n\t\t<\/div>\n\t\t\t\t\t<\/div>\n\t\t<\/section>\n\t\t\t\t<section class=\"elementor-section elementor-top-section elementor-element elementor-element-2c0de82 elementor-section-boxed elementor-section-height-default elementor-section-height-default rt-parallax-bg-no\" data-id=\"2c0de82\" data-element_type=\"section\" data-e-type=\"section\">\n\t\t\t\t\t\t<div class=\"elementor-container elementor-column-gap-default\">\n\t\t\t\t\t<div class=\"elementor-column elementor-col-100 elementor-top-column elementor-element elementor-element-ae91f3c\" data-id=\"ae91f3c\" data-element_type=\"column\" data-e-type=\"column\">\n\t\t\t<div class=\"elementor-widget-wrap elementor-element-populated\">\n\t\t\t\t\t\t<div class=\"elementor-element elementor-element-0931ab1 elementor-widget__width-initial elementor-widget elementor-widget-text-editor\" data-id=\"0931ab1\" data-element_type=\"widget\" data-e-type=\"widget\" data-widget_type=\"text-editor.default\">\n\t\t\t\t<div class=\"elementor-widget-container\">\n\t\t\t\t\t\t\t\t\t<p><strong>\u00bfTIENES UN NEGOCIO?<\/strong><\/p>\t\t\t\t\t\t\t\t<\/div>\n\t\t\t\t<\/div>\n\t\t\t\t<div class=\"elementor-element elementor-element-6b049f9 elementor-widget elementor-widget-heading\" data-id=\"6b049f9\" data-element_type=\"widget\" data-e-type=\"widget\" data-widget_type=\"heading.default\">\n\t\t\t\t<div class=\"elementor-widget-container\">\n\t\t\t\t\t<h2 class=\"elementor-heading-title elementor-size-default\">Haz que tu negocio sea visible en<strong> <\/strong><strong style=\"color: #4a90e2\">CostaTropical.com<\/strong><br> \n<\/h2>\t\t\t\t<\/div>\n\t\t\t\t<\/div>\n\t\t\t\t<div class=\"elementor-element elementor-element-17a790e elementor-widget elementor-widget-heading\" data-id=\"17a790e\" data-element_type=\"widget\" data-e-type=\"widget\" data-widget_type=\"heading.default\">\n\t\t\t\t<div class=\"elementor-widget-container\">\n\t\t\t\t\t<h2 class=\"elementor-heading-title elementor-size-default\">La gu\u00eda de referencia para vecinos, residente y turistas en la Costa Tropical. Pon tu negocio frente a miles de personas cada mes y aparece en los primeros resultados de Google.<\/h2>\t\t\t\t<\/div>\n\t\t\t\t<\/div>\n\t\t\t\t<div class=\"elementor-element elementor-element-d836cb4 elementor-hidden-tablet elementor-widget elementor-widget-heading\" data-id=\"d836cb4\" data-element_type=\"widget\" data-e-type=\"widget\" data-widget_type=\"heading.default\">\n\t\t\t\t<div class=\"elementor-widget-container\">\n\t\t\t\t\t<h2 class=\"elementor-heading-title elementor-size-default\">Aparece donde se preparan los planes para la Costa Tropical.\n<\/h2>\t\t\t\t<\/div>\n\t\t\t\t<\/div>\n\t\t\t\t<div class=\"elementor-element elementor-element-43c41d1 elementor-widget__width-initial elementor-widget elementor-widget-text-editor\" data-id=\"43c41d1\" data-element_type=\"widget\" data-e-type=\"widget\" data-widget_type=\"text-editor.default\">\n\t\t\t\t<div class=\"elementor-widget-container\">\n\t\t\t\t\t\t\t\t\t<p><a href=\"https:\/\/costatropical.com\/es\/publicidad\/\"><span style=\"text-decoration: underline;\">Haz clic aqu\u00ed<\/span> para obtener m\u00e1s informaci\u00f3n<\/a><\/p>\t\t\t\t\t\t\t\t<\/div>\n\t\t\t\t<\/div>\n\t\t\t\t\t<\/div>\n\t\t<\/div>\n\t\t\t\t\t<\/div>\n\t\t<\/section>\n\t\t\t\t<\/div>","protected":false},"excerpt":{"rendered":"<p>Discover the Best Dance Clubs on the Costa Tropical! In Granada and along the Costa Tropical, you&#8217;ll find a vibrant<\/p>","protected":false},"author":1,"featured_media":9444,"parent":0,"menu_order":0,"comment_status":"closed","ping_status":"closed","template":"elementor_header_footer","meta":{"_rtcl_gb_attr":"","footnotes":""},"class_list":["post-9949","page","type-page","status-publish","has-post-thumbnail","hentry"],"_links":{"self":[{"href":"https:\/\/costatropical.com\/es\/wp-json\/wp\/v2\/pages\/9949","targetHints":{"allow":["GET"]}}],"collection":[{"href":"https:\/\/costatropical.com\/es\/wp-json\/wp\/v2\/pages"}],"about":[{"href":"https:\/\/costatropical.com\/es\/wp-json\/wp\/v2\/types\/page"}],"author":[{"embeddable":true,"href":"https:\/\/costatropical.com\/es\/wp-json\/wp\/v2\/users\/1"}],"replies":[{"embeddable":true,"href":"https:\/\/costatropical.com\/es\/wp-json\/wp\/v2\/comments?post=9949"}],"version-history":[{"count":0,"href":"https:\/\/costatropical.com\/es\/wp-json\/wp\/v2\/pages\/9949\/revisions"}],"wp:featuredmedia":[{"embeddable":true,"href":"https:\/\/costatropical.com\/es\/wp-json\/wp\/v2\/media\/9444"}],"wp:attachment":[{"href":"https:\/\/costatropical.com\/es\/wp-json\/wp\/v2\/media?parent=9949"}],"curies":[{"name":"wp","href":"https:\/\/api.w.org\/{rel}","templated":true}]}}