{"id":9888,"date":"2023-10-13T17:03:45","date_gmt":"2023-10-13T16:03:45","guid":{"rendered":"https:\/\/costatropical.com\/?page_id=9888"},"modified":"2024-11-21T20:40:40","modified_gmt":"2024-11-21T19:40:40","slug":"mini-hollywood","status":"publish","type":"page","link":"https:\/\/costatropical.com\/es\/mini-hollywood\/","title":{"rendered":"Mini Hollywood"},"content":{"rendered":"<div data-elementor-type=\"wp-page\" data-elementor-id=\"9888\" class=\"elementor elementor-9888\" data-elementor-post-type=\"page\">\n\t\t\t\t\t\t<section class=\"elementor-section elementor-top-section elementor-element elementor-element-630879f elementor-section-boxed elementor-section-height-default elementor-section-height-default rt-parallax-bg-no\" data-id=\"630879f\" data-element_type=\"section\" data-e-type=\"section\">\n\t\t\t\t\t\t<div class=\"elementor-container elementor-column-gap-default\">\n\t\t\t\t\t<div class=\"elementor-column elementor-col-100 elementor-top-column elementor-element elementor-element-d8e14a7\" data-id=\"d8e14a7\" data-element_type=\"column\" data-e-type=\"column\">\n\t\t\t<div class=\"elementor-widget-wrap elementor-element-populated\">\n\t\t\t\t\t\t<div class=\"elementor-element elementor-element-e49a5c3 elementor-widget elementor-widget-spacer\" data-id=\"e49a5c3\" data-element_type=\"widget\" data-e-type=\"widget\" data-widget_type=\"spacer.default\">\n\t\t\t\t<div class=\"elementor-widget-container\">\n\t\t\t\t\t\t\t<div class=\"elementor-spacer\">\n\t\t\t<div class=\"elementor-spacer-inner\"><\/div>\n\t\t<\/div>\n\t\t\t\t\t\t<\/div>\n\t\t\t\t<\/div>\n\t\t\t\t\t<\/div>\n\t\t<\/div>\n\t\t\t\t\t<\/div>\n\t\t<\/section>\n\t\t\t\t<section class=\"elementor-section elementor-top-section elementor-element elementor-element-7df419b elementor-section-boxed elementor-section-height-default elementor-section-height-default rt-parallax-bg-no\" data-id=\"7df419b\" data-element_type=\"section\" data-e-type=\"section\">\n\t\t\t\t\t\t<div class=\"elementor-container elementor-column-gap-default\">\n\t\t\t\t\t<div class=\"elementor-column elementor-col-100 elementor-top-column elementor-element elementor-element-1d5d244\" data-id=\"1d5d244\" data-element_type=\"column\" data-e-type=\"column\">\n\t\t\t<div class=\"elementor-widget-wrap elementor-element-populated\">\n\t\t\t\t\t\t<div class=\"elementor-element elementor-element-b44077a elementor-widget elementor-widget-heading\" data-id=\"b44077a\" data-element_type=\"widget\" data-e-type=\"widget\" data-widget_type=\"heading.default\">\n\t\t\t\t<div class=\"elementor-widget-container\">\n\t\t\t\t\t<h2 class=\"elementor-heading-title elementor-size-default\">Oasys Mini Hollywood Almer\u00eda: donde el Salvaje Oeste cobra vida<\/h2>\t\t\t\t<\/div>\n\t\t\t\t<\/div>\n\t\t\t\t\t<\/div>\n\t\t<\/div>\n\t\t\t\t\t<\/div>\n\t\t<\/section>\n\t\t\t\t<section class=\"elementor-section elementor-top-section elementor-element elementor-element-2bedf81 elementor-section-boxed elementor-section-height-default elementor-section-height-default rt-parallax-bg-no\" data-id=\"2bedf81\" data-element_type=\"section\" data-e-type=\"section\">\n\t\t\t\t\t\t<div class=\"elementor-container elementor-column-gap-default\">\n\t\t\t\t\t<div class=\"elementor-column elementor-col-50 elementor-top-column elementor-element elementor-element-6929dc6\" data-id=\"6929dc6\" data-element_type=\"column\" data-e-type=\"column\">\n\t\t\t<div class=\"elementor-widget-wrap elementor-element-populated\">\n\t\t\t\t\t\t<div class=\"elementor-element elementor-element-4da7201 elementor-widget elementor-widget-image\" data-id=\"4da7201\" data-element_type=\"widget\" data-e-type=\"widget\" data-widget_type=\"image.default\">\n\t\t\t\t<div class=\"elementor-widget-container\">\n\t\t\t\t\t\t\t\t\t\t\t\t\t\t\t<img fetchpriority=\"high\" decoding=\"async\" width=\"630\" height=\"420\" src=\"https:\/\/costatropical.com\/wp-content\/uploads\/2023\/08\/minihollywood1.jpg\" class=\"attachment-large size-large wp-image-8750\" alt=\"Minihollywood1\" srcset=\"https:\/\/costatropical.com\/wp-content\/uploads\/2023\/08\/minihollywood1.jpg 630w, https:\/\/costatropical.com\/wp-content\/uploads\/2023\/08\/minihollywood1-350x233.jpg 350w, https:\/\/costatropical.com\/wp-content\/uploads\/2023\/08\/minihollywood1-600x400.jpg 600w\" sizes=\"(max-width: 630px) 100vw, 630px\" title=\"\">\t\t\t\t\t\t\t\t\t\t\t\t\t\t\t<\/div>\n\t\t\t\t<\/div>\n\t\t\t\t\t<\/div>\n\t\t<\/div>\n\t\t\t\t<div class=\"elementor-column elementor-col-50 elementor-top-column elementor-element elementor-element-e7ff0d8\" data-id=\"e7ff0d8\" data-element_type=\"column\" data-e-type=\"column\">\n\t\t\t<div class=\"elementor-widget-wrap elementor-element-populated\">\n\t\t\t\t\t\t<div class=\"elementor-element elementor-element-d50e3cf elementor-widget elementor-widget-text-editor\" data-id=\"d50e3cf\" data-element_type=\"widget\" data-e-type=\"widget\" data-widget_type=\"text-editor.default\">\n\t\t\t\t<div class=\"elementor-widget-container\">\n\t\t\t\t\t\t\t\t\t<h3>Mini Hollywood<\/h3><p>El lugar donde se filmaron muchas de las pel\u00edculas del Spaghetti Western de los a\u00f1os 60, incluyendo \"Por un pu\u00f1ado de d\u00f3lares\", \"Los siete magn\u00edficos\" y \"El bueno, el feo y el malo\", es ahora un parque tem\u00e1tico del Lejano Oeste, a solo un paseo en diligencia desde la Costa Tropical, en el Desierto de Tabernas (el \u00fanico desierto de Europa), Almer\u00eda. Las atracciones incluyen una simulaci\u00f3n espectacular de un tiroteo dos veces al d\u00eda cuando los bandidos llegan a la ciudad para asaltar el banco (los enfrentamientos son a las 12 del mediod\u00eda, \u00a1a pleno sol!, y a las 5 de la tarde), un museo de carruajes, un museo de cine, un jard\u00edn de cactus, tiendas de indios, un fuerte amurallado, un sal\u00f3n al estilo del Oeste y un zool\u00f3gico con jirafas, osos, hipop\u00f3tamos, elefantes, canguros, iguanas y muchas otras especies de animales. Tambi\u00e9n hay un bar, un restaurante, una piscina y un parque infantil. Un set de pel\u00edculas similar del Lejano Oeste, Texas Hollywood, se encuentra en la misma zona. A\u00fan se siguen filmando pel\u00edculas aqu\u00ed, pero los visitantes pueden entrar y echar un vistazo.<a href=\"https:\/\/www.oasysparquetematico.com\/\" target=\"_blank\" rel=\"noopener\">\u00a0<\/a>Un enclave cinematogr\u00e1fico occidental similar, Texas Hollywood, se encuentra en la misma \u00e1rea. Todav\u00eda se filman pel\u00edculas aqu\u00ed, pero los visitantes pueden entrar y echar un vistazo.<\/p>\t\t\t\t\t\t\t\t<\/div>\n\t\t\t\t<\/div>\n\t\t\t\t\t<\/div>\n\t\t<\/div>\n\t\t\t\t\t<\/div>\n\t\t<\/section>\n\t\t\t\t<section class=\"elementor-section elementor-top-section elementor-element elementor-element-d9e794e elementor-section-boxed elementor-section-height-default elementor-section-height-default rt-parallax-bg-no\" data-id=\"d9e794e\" data-element_type=\"section\" data-e-type=\"section\">\n\t\t\t\t\t\t<div class=\"elementor-container elementor-column-gap-default\">\n\t\t\t\t\t<div class=\"elementor-column elementor-col-50 elementor-top-column elementor-element elementor-element-a28df0f\" data-id=\"a28df0f\" data-element_type=\"column\" data-e-type=\"column\">\n\t\t\t<div class=\"elementor-widget-wrap elementor-element-populated\">\n\t\t\t\t\t\t<div class=\"elementor-element elementor-element-16b914d elementor-widget elementor-widget-text-editor\" data-id=\"16b914d\" data-element_type=\"widget\" data-e-type=\"widget\" data-widget_type=\"text-editor.default\">\n\t\t\t\t<div class=\"elementor-widget-container\">\n\t\t\t\t\t\t\t\t\t<p>La entrada si reservas en l\u00ednea es de 24 euros para adultos y 15 euros para ni\u00f1os. El parque est\u00e1 abierto de 10:00 a 21:00 en verano y de 10:00 a 18:00 en invierno.\u00a0\u00a0<\/p><p>Informaci\u00f3n de contacto<br \/>Tel: (+34)950 365 236 \/ (+34)950 362 931<br \/>Email: taquilla@oasysparquetematico.com \/ poblado@oasysparquetematico.com<\/p><p><a href=\"https:\/\/www.oasysparquetematico.com\/\" target=\"_blank\" rel=\"noopener\">Visitar sitio web<\/a><\/p>\t\t\t\t\t\t\t\t<\/div>\n\t\t\t\t<\/div>\n\t\t\t\t\t<\/div>\n\t\t<\/div>\n\t\t\t\t<div class=\"elementor-column elementor-col-50 elementor-top-column elementor-element elementor-element-6d7d91b\" data-id=\"6d7d91b\" data-element_type=\"column\" data-e-type=\"column\">\n\t\t\t<div class=\"elementor-widget-wrap elementor-element-populated\">\n\t\t\t\t\t\t<div class=\"elementor-element elementor-element-47614c7 elementor-widget elementor-widget-google_maps\" data-id=\"47614c7\" data-element_type=\"widget\" data-e-type=\"widget\" data-widget_type=\"google_maps.default\">\n\t\t\t\t<div class=\"elementor-widget-container\">\n\t\t\t\t\t\t\t<div class=\"elementor-custom-embed\">\n\t\t\t<iframe loading=\"lazy\"\n\t\t\t\t\tsrc=\"https:\/\/maps.google.com\/maps?q=oasis%20mini&#038;t=m&#038;z=10&#038;output=embed&#038;iwloc=near\"\n\t\t\t\t\ttitle=\"oasis mini\"\n\t\t\t\t\taria-label=\"oasis mini\"\n\t\t\t><\/iframe>\n\t\t<\/div>\n\t\t\t\t\t\t<\/div>\n\t\t\t\t<\/div>\n\t\t\t\t\t<\/div>\n\t\t<\/div>\n\t\t\t\t\t<\/div>\n\t\t<\/section>\n\t\t\t\t<section class=\"elementor-section elementor-top-section elementor-element elementor-element-6ecbad3 elementor-section-boxed elementor-section-height-default elementor-section-height-default rt-parallax-bg-no\" data-id=\"6ecbad3\" data-element_type=\"section\" data-e-type=\"section\">\n\t\t\t\t\t\t<div class=\"elementor-container elementor-column-gap-default\">\n\t\t\t\t\t<div class=\"elementor-column elementor-col-100 elementor-top-column elementor-element elementor-element-894d8ff\" data-id=\"894d8ff\" data-element_type=\"column\" data-e-type=\"column\">\n\t\t\t<div class=\"elementor-widget-wrap elementor-element-populated\">\n\t\t\t\t\t\t<div class=\"elementor-element elementor-element-df963a3 elementor-widget elementor-widget-spacer\" data-id=\"df963a3\" data-element_type=\"widget\" data-e-type=\"widget\" data-widget_type=\"spacer.default\">\n\t\t\t\t<div class=\"elementor-widget-container\">\n\t\t\t\t\t\t\t<div class=\"elementor-spacer\">\n\t\t\t<div class=\"elementor-spacer-inner\"><\/div>\n\t\t<\/div>\n\t\t\t\t\t\t<\/div>\n\t\t\t\t<\/div>\n\t\t\t\t\t<\/div>\n\t\t<\/div>\n\t\t\t\t\t<\/div>\n\t\t<\/section>\n\t\t\t\t<section class=\"elementor-section elementor-top-section elementor-element elementor-element-b37d16f elementor-section-boxed elementor-section-height-default elementor-section-height-default rt-parallax-bg-no\" data-id=\"b37d16f\" data-element_type=\"section\" data-e-type=\"section\">\n\t\t\t\t\t\t<div class=\"elementor-container elementor-column-gap-default\">\n\t\t\t\t\t<div class=\"elementor-column elementor-col-100 elementor-top-column elementor-element elementor-element-ab7e459\" data-id=\"ab7e459\" data-element_type=\"column\" data-e-type=\"column\">\n\t\t\t<div class=\"elementor-widget-wrap elementor-element-populated\">\n\t\t\t\t\t\t\t<\/div>\n\t\t<\/div>\n\t\t\t\t\t<\/div>\n\t\t<\/section>\n\t\t\t\t<\/div>","protected":false},"excerpt":{"rendered":"<p>Oasys MiniHollywood Almer\u00eda: Where the Wild West Comes to Life Mini Hollywood The location of filming of many of the 1960\u2019s Spaghetti Western movies, including A Fistful of Dollars, The Magnificent Seven and The Good, The Bad &amp; The Ugly, is now a Wild West theme park just a stagecoach ride from the Costa Tropical,<\/p>","protected":false},"author":1,"featured_media":8750,"parent":0,"menu_order":0,"comment_status":"closed","ping_status":"closed","template":"elementor_header_footer","meta":{"_rtcl_gb_attr":"","footnotes":""},"class_list":["post-9888","page","type-page","status-publish","has-post-thumbnail","hentry","have-post-thumb"],"_links":{"self":[{"href":"https:\/\/costatropical.com\/es\/wp-json\/wp\/v2\/pages\/9888","targetHints":{"allow":["GET"]}}],"collection":[{"href":"https:\/\/costatropical.com\/es\/wp-json\/wp\/v2\/pages"}],"about":[{"href":"https:\/\/costatropical.com\/es\/wp-json\/wp\/v2\/types\/page"}],"author":[{"embeddable":true,"href":"https:\/\/costatropical.com\/es\/wp-json\/wp\/v2\/users\/1"}],"replies":[{"embeddable":true,"href":"https:\/\/costatropical.com\/es\/wp-json\/wp\/v2\/comments?post=9888"}],"version-history":[{"count":0,"href":"https:\/\/costatropical.com\/es\/wp-json\/wp\/v2\/pages\/9888\/revisions"}],"wp:featuredmedia":[{"embeddable":true,"href":"https:\/\/costatropical.com\/es\/wp-json\/wp\/v2\/media\/8750"}],"wp:attachment":[{"href":"https:\/\/costatropical.com\/es\/wp-json\/wp\/v2\/media?parent=9888"}],"curies":[{"name":"wp","href":"https:\/\/api.w.org\/{rel}","templated":true}]}}