{"id":8772,"date":"2023-08-23T07:27:17","date_gmt":"2023-08-23T07:27:17","guid":{"rendered":"https:\/\/costatropical.com\/?page_id=8772"},"modified":"2024-01-23T18:01:45","modified_gmt":"2024-01-23T17:01:45","slug":"sample","status":"publish","type":"page","link":"https:\/\/costatropical.com\/es\/sample\/","title":{"rendered":"Sample"},"content":{"rendered":"<div data-elementor-type=\"wp-page\" data-elementor-id=\"8772\" class=\"elementor elementor-8772\" data-elementor-post-type=\"page\">\n\t\t\t\t\t\t<section class=\"elementor-section elementor-top-section elementor-element elementor-element-0e24f2b elementor-section-boxed elementor-section-height-default elementor-section-height-default rt-parallax-bg-no\" data-id=\"0e24f2b\" data-element_type=\"section\" data-e-type=\"section\">\n\t\t\t\t\t\t<div class=\"elementor-container elementor-column-gap-default\">\n\t\t\t\t\t<div class=\"elementor-column elementor-col-100 elementor-top-column elementor-element elementor-element-d6ba0fd\" data-id=\"d6ba0fd\" data-element_type=\"column\" data-e-type=\"column\">\n\t\t\t<div class=\"elementor-widget-wrap\">\n\t\t\t\t\t\t\t<\/div>\n\t\t<\/div>\n\t\t\t\t\t<\/div>\n\t\t<\/section>\n\t\t\t\t<section class=\"elementor-section elementor-top-section elementor-element elementor-element-e13e2e5 elementor-section-boxed elementor-section-height-default elementor-section-height-default rt-parallax-bg-no\" data-id=\"e13e2e5\" data-element_type=\"section\" data-e-type=\"section\">\n\t\t\t\t\t\t<div class=\"elementor-container elementor-column-gap-default\">\n\t\t\t\t\t<div class=\"elementor-column elementor-col-100 elementor-top-column elementor-element elementor-element-42680cb\" data-id=\"42680cb\" data-element_type=\"column\" data-e-type=\"column\">\n\t\t\t<div class=\"elementor-widget-wrap elementor-element-populated\">\n\t\t\t\t\t\t<div class=\"elementor-element elementor-element-729032f elementor-widget elementor-widget-heading\" data-id=\"729032f\" data-element_type=\"widget\" data-e-type=\"widget\" data-widget_type=\"heading.default\">\n\t\t\t\t<div class=\"elementor-widget-container\">\n\t\t\t\t\t<h2 class=\"elementor-heading-title elementor-size-default\">Alquiler de coches<\/h2>\t\t\t\t<\/div>\n\t\t\t\t<\/div>\n\t\t\t\t\t<\/div>\n\t\t<\/div>\n\t\t\t\t\t<\/div>\n\t\t<\/section>\n\t\t\t\t<section class=\"elementor-section elementor-top-section elementor-element elementor-element-3630d85 elementor-section-boxed elementor-section-height-default elementor-section-height-default rt-parallax-bg-no\" data-id=\"3630d85\" data-element_type=\"section\" data-e-type=\"section\">\n\t\t\t\t\t\t<div class=\"elementor-container elementor-column-gap-default\">\n\t\t\t\t\t<div class=\"elementor-column elementor-col-50 elementor-top-column elementor-element elementor-element-58e5b65\" data-id=\"58e5b65\" data-element_type=\"column\" data-e-type=\"column\">\n\t\t\t<div class=\"elementor-widget-wrap elementor-element-populated\">\n\t\t\t\t\t\t<div class=\"elementor-element elementor-element-5a6fa59 elementor-widget elementor-widget-text-editor\" data-id=\"5a6fa59\" data-element_type=\"widget\" data-e-type=\"widget\" data-widget_type=\"text-editor.default\">\n\t\t\t\t<div class=\"elementor-widget-container\">\n\t\t\t\t\t\t\t\t\t<h4>Alquiler de coches en Granada \/ Costa Tropical<\/h4><p>El sur de Espa\u00f1a es uno de los pocos lugares que quedan en Europa donde conducir es un placer. El tr\u00e1fico en las zonas rurales es escaso; en algunas zonas es posible conducir durante kil\u00f3metros sin ver otro coche y el paisaje en esta parte del mundo es espectacular sin descanso. Las carreteras en s\u00ed suelen ser excelentes. Lo \u00fanico a tener en cuenta son los conductores espa\u00f1oles conducen un poco locos; porque no se puede negar que los espa\u00f1oles est\u00e1n en una liga propia cuando se trata de conducir de forma imprudente. Espa\u00f1a tiene la tasa de mortalidad en carretera m\u00e1s alta de Europa, solo superada por Portugal. No es que los espa\u00f1oles no sepan conducir (Espa\u00f1a tiene uno de los ex\u00e1menes de conducir m\u00e1s dif\u00edciles del mundo); simplemente tienden a conducir por la autopista como si estuvieran en una pista de Le Mans. Si es un conductor nervioso o inexperto, le convendr\u00eda evitar las autopistas principales tanto como sea posible y optar por las rutas panor\u00e1micas.<\/p><h4>Tarifas de alquiler de coche econ\u00f3micas<\/h4><p>Alquilar un coche en el sur de Espa\u00f1a es un asunto muy sencillo y los precios de alquiler de coches aqu\u00ed se encuentran entre los m\u00e1s bajos de Europa. Los coches de alquiler suelen estar en muy buenas condiciones. Una cosa importante a tener en cuenta es que el m\u00e9todo de pago aceptado es con tarjeta de cr\u00e9dito, y por lo general no se acepta el pago en efectivo.<br \/>Para alquilar un coche, deber\u00e1 presentar su pasaporte y su licencia de conducir. Una licencia completa de EE. UU. o de Europa es v\u00e1lida en Espa\u00f1a para los visitantes del pa\u00eds.<br \/>Hay numerosas compa\u00f1\u00edas de alquiler de coches en la zona de Granada \/ Costa Tropical, sin embargo, es recomendable reservar con antelaci\u00f3n a su llegada.<br \/>A continuaci\u00f3n, se encuentran los enlaces web y\/o detalles de contacto de algunas de las empresas de alquiler de coches m\u00e1s establecidas en la regi\u00f3n de Granada que aceptan reservas en l\u00ednea o por tel\u00e9fono.<\/p>\t\t\t\t\t\t\t\t<\/div>\n\t\t\t\t<\/div>\n\t\t\t\t\t<\/div>\n\t\t<\/div>\n\t\t\t\t<div class=\"elementor-column elementor-col-50 elementor-top-column elementor-element elementor-element-e6e7fff\" data-id=\"e6e7fff\" data-element_type=\"column\" data-e-type=\"column\">\n\t\t\t<div class=\"elementor-widget-wrap elementor-element-populated\">\n\t\t\t\t\t\t<div class=\"elementor-element elementor-element-c5f2242 elementor-widget elementor-widget-image\" data-id=\"c5f2242\" data-element_type=\"widget\" data-e-type=\"widget\" data-widget_type=\"image.default\">\n\t\t\t\t<div class=\"elementor-widget-container\">\n\t\t\t\t\t\t\t\t\t\t\t\t\t\t\t<img decoding=\"async\" width=\"150\" height=\"75\" src=\"https:\/\/costatropical.com\/wp-content\/uploads\/2023\/08\/car.jpg\" class=\"attachment-large size-large wp-image-8623\" alt=\"\" title=\"\">\t\t\t\t\t\t\t\t\t\t\t\t\t\t\t<\/div>\n\t\t\t\t<\/div>\n\t\t\t\t\t<\/div>\n\t\t<\/div>\n\t\t\t\t\t<\/div>\n\t\t<\/section>\n\t\t\t\t<section class=\"elementor-section elementor-top-section elementor-element elementor-element-2d80449 elementor-section-boxed elementor-section-height-default elementor-section-height-default rt-parallax-bg-no\" data-id=\"2d80449\" data-element_type=\"section\" data-e-type=\"section\">\n\t\t\t\t\t\t<div class=\"elementor-container elementor-column-gap-default\">\n\t\t\t\t\t<div class=\"elementor-column elementor-col-100 elementor-top-column elementor-element elementor-element-c08255a\" data-id=\"c08255a\" data-element_type=\"column\" data-e-type=\"column\">\n\t\t\t<div class=\"elementor-widget-wrap elementor-element-populated\">\n\t\t\t\t\t\t<div class=\"elementor-element elementor-element-a7dc492 elementor-widget elementor-widget-text-editor\" data-id=\"a7dc492\" data-element_type=\"widget\" data-e-type=\"widget\" data-widget_type=\"text-editor.default\">\n\t\t\t\t<div class=\"elementor-widget-container\">\n\t\t\t\t\t\t\t\t\t<p><strong>GoldCar<\/strong><\/p><p><a href=\"https:\/\/www.goldcar.es\/\" target=\"_blank\" rel=\"noopener\">https:\/\/www.goldcar.es\/<\/a><\/p><p><strong>Alamo<\/strong><\/p><p><a href=\"https:\/\/www.alamorentacar.es\/en\/home.html\" target=\"_blank\" rel=\"noopener\">https:\/\/www.alamorentacar.es\/en\/home.html<\/a><\/p><p><strong>Alquiauto<\/strong><\/p><p><a href=\"https:\/\/alquiauto.es\/en\/\" target=\"_blank\" rel=\"noopener\">https:\/\/alquiauto.es\/en\/<\/a><\/p>\t\t\t\t\t\t\t\t<\/div>\n\t\t\t\t<\/div>\n\t\t\t\t\t<\/div>\n\t\t<\/div>\n\t\t\t\t\t<\/div>\n\t\t<\/section>\n\t\t\t\t<section class=\"elementor-section elementor-top-section elementor-element elementor-element-0eb7ea1 elementor-section-boxed elementor-section-height-default elementor-section-height-default rt-parallax-bg-no\" data-id=\"0eb7ea1\" data-element_type=\"section\" data-e-type=\"section\">\n\t\t\t\t\t\t<div class=\"elementor-container elementor-column-gap-default\">\n\t\t\t\t\t<div class=\"elementor-column elementor-col-100 elementor-top-column elementor-element elementor-element-e089ba9\" data-id=\"e089ba9\" data-element_type=\"column\" data-e-type=\"column\">\n\t\t\t<div class=\"elementor-widget-wrap\">\n\t\t\t\t\t\t\t<\/div>\n\t\t<\/div>\n\t\t\t\t\t<\/div>\n\t\t<\/section>\n\t\t\t\t<section class=\"elementor-section elementor-top-section elementor-element elementor-element-e16ad7d elementor-section-boxed elementor-section-height-default elementor-section-height-default rt-parallax-bg-no\" data-id=\"e16ad7d\" data-element_type=\"section\" data-e-type=\"section\">\n\t\t\t\t\t\t<div class=\"elementor-container elementor-column-gap-default\">\n\t\t\t\t\t<div class=\"elementor-column elementor-col-100 elementor-top-column elementor-element elementor-element-bc31993\" data-id=\"bc31993\" data-element_type=\"column\" data-e-type=\"column\">\n\t\t\t<div class=\"elementor-widget-wrap elementor-element-populated\">\n\t\t\t\t\t\t<div class=\"elementor-element elementor-element-ec222fc elementor-widget elementor-widget-rt-listing-categories\" data-id=\"ec222fc\" data-element_type=\"widget\" data-e-type=\"widget\" data-widget_type=\"rt-listing-categories.default\">\n\t\t\t\t<div class=\"elementor-widget-container\">\n\t\t\t\t\t\r\n<!-- Categories -->\r\n<div class=\"hero-categories-wrap\">\r\n   <span class=\"hero-categories--title\">Let\u2019s Discover This City<\/span>\r\n            <div class=\"hero-categories hero-categories--style2\">\r\n                     <\/div>\r\n   <\/div>\r\n<!-- Categories End -->\t\t\t\t<\/div>\n\t\t\t\t<\/div>\n\t\t\t\t\t<\/div>\n\t\t<\/div>\n\t\t\t\t\t<\/div>\n\t\t<\/section>\n\t\t\t\t<section class=\"elementor-section elementor-top-section elementor-element elementor-element-489d0ec elementor-section-boxed elementor-section-height-default elementor-section-height-default rt-parallax-bg-no\" data-id=\"489d0ec\" data-element_type=\"section\" data-e-type=\"section\">\n\t\t\t\t\t\t<div class=\"elementor-container elementor-column-gap-default\">\n\t\t\t\t\t<div class=\"elementor-column elementor-col-100 elementor-top-column elementor-element elementor-element-4a86bbc\" data-id=\"4a86bbc\" data-element_type=\"column\" data-e-type=\"column\">\n\t\t\t<div class=\"elementor-widget-wrap elementor-element-populated\">\n\t\t\t\t\t\t<div class=\"elementor-element elementor-element-3c818c2 elementor-widget elementor-widget-rt-listing-category-box\" data-id=\"3c818c2\" data-element_type=\"widget\" data-e-type=\"widget\" data-widget_type=\"rt-listing-category-box.default\">\n\t\t\t\t<div class=\"elementor-widget-container\">\n\t\t\t\t\t\r\n<div class=\"category-box-layout1 common-style\">\r\n            <h2 class=\"item-title\">Please Select a Category<\/h2>    <\/div>\t\t\t\t<\/div>\n\t\t\t\t<\/div>\n\t\t\t\t\t<\/div>\n\t\t<\/div>\n\t\t\t\t\t<\/div>\n\t\t<\/section>\n\t\t\t\t<section class=\"elementor-section elementor-top-section elementor-element elementor-element-43d0df0 elementor-section-boxed elementor-section-height-default elementor-section-height-default rt-parallax-bg-no\" data-id=\"43d0df0\" data-element_type=\"section\" data-e-type=\"section\">\n\t\t\t\t\t\t<div class=\"elementor-container elementor-column-gap-default\">\n\t\t\t\t\t<div class=\"elementor-column elementor-col-100 elementor-top-column elementor-element elementor-element-dd55bf2\" data-id=\"dd55bf2\" data-element_type=\"column\" data-e-type=\"column\">\n\t\t\t<div class=\"elementor-widget-wrap elementor-element-populated\">\n\t\t\t\t\t\t<div class=\"elementor-element elementor-element-fbbf686 elementor-widget elementor-widget-rt-listing-category-box\" data-id=\"fbbf686\" data-element_type=\"widget\" data-e-type=\"widget\" data-widget_type=\"rt-listing-category-box.default\">\n\t\t\t\t<div class=\"elementor-widget-container\">\n\t\t\t\t\t\r\n<div class=\"category-box-layout1 common-style rtin-has-count\">\r\n    <a href=\"https:\/\/costatropical.com\/es\/listing-category\/hotel\/\">            <div class=\"item-icon\">\r\n            <span class=\"rtcl-cat-icon rtcl-icon rtcl-icon- flaticon-hotel\"><\/span>        <\/div>\r\n        <h2 class=\"item-title\">Hoteles<\/h2>        <div class=\"listing-number\">(13)<\/div>\r\n    <\/a><\/div>\t\t\t\t<\/div>\n\t\t\t\t<\/div>\n\t\t\t\t\t<\/div>\n\t\t<\/div>\n\t\t\t\t\t<\/div>\n\t\t<\/section>\n\t\t\t\t<\/div>","protected":false},"excerpt":{"rendered":"<p>Car Hire Renting a car in Granada \/ Costa Tropical The south of Spain is one of the few remaining places in Europe where driving is a pleasure. Traffic in the countryside is light &#8211; in some areas it is possible to drive for miles without seeing another car &#8211; and the scenery in this<\/p>","protected":false},"author":1,"featured_media":0,"parent":0,"menu_order":0,"comment_status":"closed","ping_status":"closed","template":"elementor_header_footer","meta":{"_rtcl_gb_attr":"","footnotes":""},"class_list":["post-8772","page","type-page","status-publish","hentry"],"_links":{"self":[{"href":"https:\/\/costatropical.com\/es\/wp-json\/wp\/v2\/pages\/8772","targetHints":{"allow":["GET"]}}],"collection":[{"href":"https:\/\/costatropical.com\/es\/wp-json\/wp\/v2\/pages"}],"about":[{"href":"https:\/\/costatropical.com\/es\/wp-json\/wp\/v2\/types\/page"}],"author":[{"embeddable":true,"href":"https:\/\/costatropical.com\/es\/wp-json\/wp\/v2\/users\/1"}],"replies":[{"embeddable":true,"href":"https:\/\/costatropical.com\/es\/wp-json\/wp\/v2\/comments?post=8772"}],"version-history":[{"count":0,"href":"https:\/\/costatropical.com\/es\/wp-json\/wp\/v2\/pages\/8772\/revisions"}],"wp:attachment":[{"href":"https:\/\/costatropical.com\/es\/wp-json\/wp\/v2\/media?parent=8772"}],"curies":[{"name":"wp","href":"https:\/\/api.w.org\/{rel}","templated":true}]}}