{"id":8585,"date":"2023-08-15T07:54:34","date_gmt":"2023-08-15T07:54:34","guid":{"rendered":"https:\/\/costatropical.com\/?page_id=8585"},"modified":"2024-01-23T17:53:15","modified_gmt":"2024-01-23T16:53:15","slug":"useful-numbers","status":"publish","type":"page","link":"https:\/\/costatropical.com\/es\/useful-numbers\/","title":{"rendered":"N\u00fameros \u00fatiles"},"content":{"rendered":"<div data-elementor-type=\"wp-page\" data-elementor-id=\"8585\" class=\"elementor elementor-8585\" data-elementor-post-type=\"page\">\n\t\t\t\t\t\t<section class=\"elementor-section elementor-top-section elementor-element elementor-element-d7e5854 elementor-section-boxed elementor-section-height-default elementor-section-height-default rt-parallax-bg-no\" data-id=\"d7e5854\" data-element_type=\"section\" data-e-type=\"section\">\n\t\t\t\t\t\t<div class=\"elementor-container elementor-column-gap-default\">\n\t\t\t\t\t<div class=\"elementor-column elementor-col-100 elementor-top-column elementor-element elementor-element-f2e01bd\" data-id=\"f2e01bd\" data-element_type=\"column\" data-e-type=\"column\">\n\t\t\t<div class=\"elementor-widget-wrap elementor-element-populated\">\n\t\t\t\t\t\t<div class=\"elementor-element elementor-element-92e96b1 elementor-widget elementor-widget-spacer\" data-id=\"92e96b1\" data-element_type=\"widget\" data-e-type=\"widget\" data-widget_type=\"spacer.default\">\n\t\t\t\t<div class=\"elementor-widget-container\">\n\t\t\t\t\t\t\t<div class=\"elementor-spacer\">\n\t\t\t<div class=\"elementor-spacer-inner\"><\/div>\n\t\t<\/div>\n\t\t\t\t\t\t<\/div>\n\t\t\t\t<\/div>\n\t\t\t\t\t<\/div>\n\t\t<\/div>\n\t\t\t\t\t<\/div>\n\t\t<\/section>\n\t\t\t\t<section class=\"elementor-section elementor-top-section elementor-element elementor-element-e13e2e5 elementor-section-boxed elementor-section-height-default elementor-section-height-default rt-parallax-bg-no\" data-id=\"e13e2e5\" data-element_type=\"section\" data-e-type=\"section\">\n\t\t\t\t\t\t<div class=\"elementor-container elementor-column-gap-default\">\n\t\t\t\t\t<div class=\"elementor-column elementor-col-100 elementor-top-column elementor-element elementor-element-42680cb\" data-id=\"42680cb\" data-element_type=\"column\" data-e-type=\"column\">\n\t\t\t<div class=\"elementor-widget-wrap elementor-element-populated\">\n\t\t\t\t\t\t<div class=\"elementor-element elementor-element-729032f elementor-widget elementor-widget-heading\" data-id=\"729032f\" data-element_type=\"widget\" data-e-type=\"widget\" data-widget_type=\"heading.default\">\n\t\t\t\t<div class=\"elementor-widget-container\">\n\t\t\t\t\t<h2 class=\"elementor-heading-title elementor-size-default\">N\u00fameros \u00fatiles<\/h2>\t\t\t\t<\/div>\n\t\t\t\t<\/div>\n\t\t\t\t\t<\/div>\n\t\t<\/div>\n\t\t\t\t\t<\/div>\n\t\t<\/section>\n\t\t\t\t<section class=\"elementor-section elementor-top-section elementor-element elementor-element-4e53270 elementor-section-boxed elementor-section-height-default elementor-section-height-default rt-parallax-bg-no\" data-id=\"4e53270\" data-element_type=\"section\" data-e-type=\"section\">\n\t\t\t\t\t\t<div class=\"elementor-container elementor-column-gap-default\">\n\t\t\t\t\t<div class=\"elementor-column elementor-col-100 elementor-top-column elementor-element elementor-element-282d8a2\" data-id=\"282d8a2\" data-element_type=\"column\" data-e-type=\"column\">\n\t\t\t<div class=\"elementor-widget-wrap elementor-element-populated\">\n\t\t\t\t\t\t<div class=\"elementor-element elementor-element-bcc945e elementor-widget elementor-widget-text-editor\" data-id=\"bcc945e\" data-element_type=\"widget\" data-e-type=\"widget\" data-widget_type=\"text-editor.default\">\n\t\t\t\t<div class=\"elementor-widget-container\">\n\t\t\t\t\t\t\t\t\t<p><strong>N\u00fameros de tel\u00e9fono \u00fatiles<\/strong><br \/>Emergencias: 112<br \/>Polic\u00eda Nacional: 091<br \/>Local police. 092<br \/>Guardia civil: 062<br \/>Fire department: 080<br \/>Emergencias sanitarias: 061<br \/>Maritime Rescue and Safety: 900202202<br \/>Informaci\u00f3n del aeropuerto: + 34 (0) 958 245 200 y 958 245 223<br \/>Informaci\u00f3n de vuelos: 902 404 704<br \/>Aduanas: 958 245 229<br \/>Extrav\u00edo de equipaje: 958 245 238<br \/>Renfe: 902 240 505<\/p><p>Informaci\u00f3n del aeropuerto: + 34 (0) 958 245 200 y 958 245 223<br \/>Informaci\u00f3n de vuelos: 902 404 704<br \/>Aduanas: 958 245 229<br \/>Extrav\u00edo de equipaje: 958 245 238<\/p><p>Road information: 011<\/p>\t\t\t\t\t\t\t\t<\/div>\n\t\t\t\t<\/div>\n\t\t\t\t\t<\/div>\n\t\t<\/div>\n\t\t\t\t\t<\/div>\n\t\t<\/section>\n\t\t\t\t<section class=\"elementor-section elementor-top-section elementor-element elementor-element-c44b71b elementor-section-boxed elementor-section-height-default elementor-section-height-default rt-parallax-bg-no\" data-id=\"c44b71b\" data-element_type=\"section\" data-e-type=\"section\">\n\t\t\t\t\t\t<div class=\"elementor-container elementor-column-gap-default\">\n\t\t\t\t\t<div class=\"elementor-column elementor-col-100 elementor-top-column elementor-element elementor-element-08ace87\" data-id=\"08ace87\" data-element_type=\"column\" data-e-type=\"column\">\n\t\t\t<div class=\"elementor-widget-wrap elementor-element-populated\">\n\t\t\t\t\t\t<div class=\"elementor-element elementor-element-12e51f1 elementor-widget elementor-widget-heading\" data-id=\"12e51f1\" data-element_type=\"widget\" data-e-type=\"widget\" data-widget_type=\"heading.default\">\n\t\t\t\t<div class=\"elementor-widget-container\">\n\t\t\t\t\t<h2 class=\"elementor-heading-title elementor-size-default\">Motril<\/h2>\t\t\t\t<\/div>\n\t\t\t\t<\/div>\n\t\t\t\t\t<\/div>\n\t\t<\/div>\n\t\t\t\t\t<\/div>\n\t\t<\/section>\n\t\t\t\t<section class=\"elementor-section elementor-top-section elementor-element elementor-element-47b61f8 elementor-section-boxed elementor-section-height-default elementor-section-height-default rt-parallax-bg-no\" data-id=\"47b61f8\" data-element_type=\"section\" data-e-type=\"section\">\n\t\t\t\t\t\t<div class=\"elementor-container elementor-column-gap-default\">\n\t\t\t\t\t<div class=\"elementor-column elementor-col-100 elementor-top-column elementor-element elementor-element-300119d\" data-id=\"300119d\" data-element_type=\"column\" data-e-type=\"column\">\n\t\t\t<div class=\"elementor-widget-wrap elementor-element-populated\">\n\t\t\t\t\t\t<div class=\"elementor-element elementor-element-4a1a5b9 elementor-widget elementor-widget-text-editor\" data-id=\"4a1a5b9\" data-element_type=\"widget\" data-e-type=\"widget\" data-widget_type=\"text-editor.default\">\n\t\t\t\t<div class=\"elementor-widget-container\">\n\t\t\t\t\t\t\t\t\t<p><strong>GRANADA USEFUL PHONE NUMBERS<\/strong><\/p><p>Tourist Office: 958 825 481<\/p><p>City Hall: 958 838 300<\/p><p>Local Police: 958 834 505 \/ 092<\/p><p>Traffic Police (Guardia Civil de Tr\u00e1fico): 958 600 480<\/p><p>Guardia Civil (General Police): 958 600 198 \/ 062<\/p><p>Firefighters: 958 601 744<\/p><p>Civil Protection: 958 825 983<\/p><p>Red Cross: 958 825 960<\/p><p>Sea Rescue (Red Cross del Mar): 958 825 959<\/p><p>Health Center Avda. Salobre\u00f1a: 958 038 820<\/p><p>Hospital 958 823 821<\/p><p>Motril East Health Center: 958 600 511<\/p><p>San Antonio Health Center: 958 601 862<\/p><p>Puntal\u00f3n Medical Office: 958 603 860<\/p><p>Torrenueva Medical Office: 958 655 384<\/p><p>Carchuna Medical Office: 958 623 039<\/p><p>Calahonda Medical Office: 958 623 023<\/p><p>Santa Ana Regional Hospital: 958 038 200<\/p>\t\t\t\t\t\t\t\t<\/div>\n\t\t\t\t<\/div>\n\t\t\t\t\t<\/div>\n\t\t<\/div>\n\t\t\t\t\t<\/div>\n\t\t<\/section>\n\t\t\t\t<section class=\"elementor-section elementor-top-section elementor-element elementor-element-9ea4b2d elementor-section-boxed elementor-section-height-default elementor-section-height-default rt-parallax-bg-no\" data-id=\"9ea4b2d\" data-element_type=\"section\" data-e-type=\"section\">\n\t\t\t\t\t\t<div class=\"elementor-container elementor-column-gap-default\">\n\t\t\t\t\t<div class=\"elementor-column elementor-col-100 elementor-top-column elementor-element elementor-element-d9cbc3a\" data-id=\"d9cbc3a\" data-element_type=\"column\" data-e-type=\"column\">\n\t\t\t<div class=\"elementor-widget-wrap elementor-element-populated\">\n\t\t\t\t\t\t<div class=\"elementor-element elementor-element-26c036c elementor-widget elementor-widget-heading\" data-id=\"26c036c\" data-element_type=\"widget\" data-e-type=\"widget\" data-widget_type=\"heading.default\">\n\t\t\t\t<div class=\"elementor-widget-container\">\n\t\t\t\t\t<h2 class=\"elementor-heading-title elementor-size-default\">Granada<\/h2>\t\t\t\t<\/div>\n\t\t\t\t<\/div>\n\t\t\t\t\t<\/div>\n\t\t<\/div>\n\t\t\t\t\t<\/div>\n\t\t<\/section>\n\t\t\t\t<section class=\"elementor-section elementor-top-section elementor-element elementor-element-d3a5a23 elementor-section-boxed elementor-section-height-default elementor-section-height-default rt-parallax-bg-no\" data-id=\"d3a5a23\" data-element_type=\"section\" data-e-type=\"section\">\n\t\t\t\t\t\t<div class=\"elementor-container elementor-column-gap-default\">\n\t\t\t\t\t<div class=\"elementor-column elementor-col-100 elementor-top-column elementor-element elementor-element-6461550\" data-id=\"6461550\" data-element_type=\"column\" data-e-type=\"column\">\n\t\t\t<div class=\"elementor-widget-wrap elementor-element-populated\">\n\t\t\t\t\t\t<div class=\"elementor-element elementor-element-f041808 elementor-widget elementor-widget-text-editor\" data-id=\"f041808\" data-element_type=\"widget\" data-e-type=\"widget\" data-widget_type=\"text-editor.default\">\n\t\t\t\t<div class=\"elementor-widget-container\">\n\t\t\t\t\t\t\t\t\t<p><strong>GRANADA USEFUL PHONE NUMBERS<\/strong><br \/>Granada tourist office: 958 544 002<br \/>Taxi service: 958 245 223<br \/>Radio Taxi: 958 280 654<br \/>Bus service: 958 245 223<br \/>Bus station: 958 271 272<br \/>Local police: 958 245 282<br \/>Guardia civil: 958 15 36 00<br \/>Ayuntamiento Granada: 958 24 81 00 \/ 958 24 81 26<br \/>Local bus Company (Rober): 958 25 13 58<br \/>Sierra nevada Ski information: 958 24 91 00<br \/>Cruz roja: 958 22 22 22<\/p>\t\t\t\t\t\t\t\t<\/div>\n\t\t\t\t<\/div>\n\t\t\t\t\t<\/div>\n\t\t<\/div>\n\t\t\t\t\t<\/div>\n\t\t<\/section>\n\t\t\t\t<section class=\"elementor-section elementor-top-section elementor-element elementor-element-24e1478 elementor-section-boxed elementor-section-height-default elementor-section-height-default rt-parallax-bg-no\" data-id=\"24e1478\" data-element_type=\"section\" data-e-type=\"section\">\n\t\t\t\t\t\t<div class=\"elementor-container elementor-column-gap-default\">\n\t\t\t\t\t<div class=\"elementor-column elementor-col-100 elementor-top-column elementor-element elementor-element-08efb13\" data-id=\"08efb13\" data-element_type=\"column\" data-e-type=\"column\">\n\t\t\t<div class=\"elementor-widget-wrap elementor-element-populated\">\n\t\t\t\t\t\t<div class=\"elementor-element elementor-element-c9c939c elementor-widget elementor-widget-heading\" data-id=\"c9c939c\" data-element_type=\"widget\" data-e-type=\"widget\" data-widget_type=\"heading.default\">\n\t\t\t\t<div class=\"elementor-widget-container\">\n\t\t\t\t\t<h2 class=\"elementor-heading-title elementor-size-default\">Salobre\u00f1a<\/h2>\t\t\t\t<\/div>\n\t\t\t\t<\/div>\n\t\t\t\t\t<\/div>\n\t\t<\/div>\n\t\t\t\t\t<\/div>\n\t\t<\/section>\n\t\t\t\t<section class=\"elementor-section elementor-top-section elementor-element elementor-element-3b5bc9c elementor-section-boxed elementor-section-height-default elementor-section-height-default rt-parallax-bg-no\" data-id=\"3b5bc9c\" data-element_type=\"section\" data-e-type=\"section\">\n\t\t\t\t\t\t<div class=\"elementor-container elementor-column-gap-default\">\n\t\t\t\t\t<div class=\"elementor-column elementor-col-100 elementor-top-column elementor-element elementor-element-2f78ccf\" data-id=\"2f78ccf\" data-element_type=\"column\" data-e-type=\"column\">\n\t\t\t<div class=\"elementor-widget-wrap elementor-element-populated\">\n\t\t\t\t\t\t<div class=\"elementor-element elementor-element-16c30c0 elementor-widget elementor-widget-text-editor\" data-id=\"16c30c0\" data-element_type=\"widget\" data-e-type=\"widget\" data-widget_type=\"text-editor.default\">\n\t\t\t\t<div class=\"elementor-widget-container\">\n\t\t\t\t\t\t\t\t\t<p><strong>SALOBRE\u00d1A USEFUL PHONE NUMBERS<\/strong><\/p><p>Town Hall 958 610 011<br \/>Centro de Salud de Salobre\u00f1a 600 140 543 \/ 902 505 060 \/ 902 505 061 (emergencies)<br \/>Consultorio M\u00e9dico &#8211; La Caleta 600 141 737<br \/>Consultorio M\u00e9dico &#8211; Lobres 600 141 750<br \/>Guardia Civil 958 610 423 900 101 062<br \/>Local Police 958 611 059<br \/>Civil Protection 958 828 774<br \/>Firefighters 958 601 920<br \/>Social Services 958 612 800<\/p><p>Tourist Office 958 610 314<\/p><p>Municipal Library 958 611 129<br \/>House of Culture of Salobre\u00f1a 958 610 630<br \/>House of Culture of La Caleta 958 610 873<br \/>House of Culture of Lobres 958 831 608<\/p><p>Sports Facilities<br \/>Sports Pavilion 958 611 682<br \/>Swimming Pool 958 611 991<\/p><p>Taxis 958 611 531<br \/>Waters and Services of the Costa Tropical 958 610 540<br \/>Repsol Butano 958 600 141<br \/>Endesa Electricity 958 600 648<\/p><p>Local Post Office 958 610 777<br \/>Justice of the Peace 958 610 016<br \/>Notary 958 611 344<br \/>Radio Salobre\u00f1a 958 828 649<\/p>\t\t\t\t\t\t\t\t<\/div>\n\t\t\t\t<\/div>\n\t\t\t\t\t<\/div>\n\t\t<\/div>\n\t\t\t\t\t<\/div>\n\t\t<\/section>\n\t\t\t\t<section class=\"elementor-section elementor-top-section elementor-element elementor-element-946c60a elementor-section-boxed elementor-section-height-default elementor-section-height-default rt-parallax-bg-no\" data-id=\"946c60a\" data-element_type=\"section\" data-e-type=\"section\">\n\t\t\t\t\t\t<div class=\"elementor-container elementor-column-gap-default\">\n\t\t\t\t\t<div class=\"elementor-column elementor-col-100 elementor-top-column elementor-element elementor-element-4e9249b\" data-id=\"4e9249b\" data-element_type=\"column\" data-e-type=\"column\">\n\t\t\t<div class=\"elementor-widget-wrap elementor-element-populated\">\n\t\t\t\t\t\t<div class=\"elementor-element elementor-element-edc1e06 elementor-widget elementor-widget-heading\" data-id=\"edc1e06\" data-element_type=\"widget\" data-e-type=\"widget\" data-widget_type=\"heading.default\">\n\t\t\t\t<div class=\"elementor-widget-container\">\n\t\t\t\t\t<h2 class=\"elementor-heading-title elementor-size-default\">Almu\u00f1\u00e9car<\/h2>\t\t\t\t<\/div>\n\t\t\t\t<\/div>\n\t\t\t\t\t<\/div>\n\t\t<\/div>\n\t\t\t\t\t<\/div>\n\t\t<\/section>\n\t\t\t\t<section class=\"elementor-section elementor-top-section elementor-element elementor-element-a57eb2c elementor-section-boxed elementor-section-height-default elementor-section-height-default rt-parallax-bg-no\" data-id=\"a57eb2c\" data-element_type=\"section\" data-e-type=\"section\">\n\t\t\t\t\t\t<div class=\"elementor-container elementor-column-gap-default\">\n\t\t\t\t\t<div class=\"elementor-column elementor-col-100 elementor-top-column elementor-element elementor-element-d973af6\" data-id=\"d973af6\" data-element_type=\"column\" data-e-type=\"column\">\n\t\t\t<div class=\"elementor-widget-wrap elementor-element-populated\">\n\t\t\t\t\t\t<div class=\"elementor-element elementor-element-ff4d650 elementor-widget elementor-widget-text-editor\" data-id=\"ff4d650\" data-element_type=\"widget\" data-e-type=\"widget\" data-widget_type=\"text-editor.default\">\n\t\t\t\t<div class=\"elementor-widget-container\">\n\t\t\t\t\t\t\t\t\t<p><strong>ALMU\u00d1\u00c9CAR USEFUL PHONE NUMBERS<\/strong><br \/>Almu\u00f1\u00e9car Town Hall: 958.83.86.00, Plaza de la Constituci\u00f3n 1, info@almunecar.es<br \/>Local Police: 958.63.94.30, Avd. Fenicia Plaza del agua<br \/>Civil Guard Almu\u00f1\u00e9car: 958639420<br \/>Emergency Health Services: 902505061<br \/>Firefighters: 958.63.21.21, C\/ Puerto de la Cruz s\/n<br \/>Municipal Library: 958882355, Casa de la Cultura, C\/Puerta de Granada, biblioteca@almunecar.es<br \/>House of Culture: 958838623, Puerta de Granada s\/n, culturalmunecar@almunecar.es<br \/>La Herradura Civic Center: 958640642, ttealcaldialaherradura@almunecar.es<br \/>Bus Station: 902422242, Avd. Juan Carlos I, www.alsa.es<br \/>Post Office: 958630459, C\/ Puerto de la Cruz<br \/>La Herradura Municipal Office: 958640425, Civic Center, ttealcaldialaherradura@almunecar.es<br \/>Almu\u00f1\u00e9car Tourist Office: 958631125, Avd. Europa Plaza Kuwait, turismo@almunecar.es<br \/>OMIC Almu\u00f1\u00e9car: 958838614, Casa de la Juventud<br \/>Blue Zone Parking (ORA): 958632908, C\/ Almer\u00eda 2<br \/>Taxi Stand: 958630017, Avd. Juan Carlos I<br \/>Sports Board: 958883142, C\/Puerto de la Cruz. Municipal Sports Stadium, pmd@almunecar.es<br \/>Covered Swimming Pool: 958635926, C\/ Amelia S\u00e1nchez Alc\u00e1zar, pmd@almunecar.es<br \/>Marina del Este Sports Port: 958640801, Urb. Punta de la Mona, marinaeste@marinasmediterraneo.com<br \/>Urban Transport: 902106286, Avd. Juan Carlos I Bus Station, autocaresfajardo@hotmail.com<\/p>\t\t\t\t\t\t\t\t<\/div>\n\t\t\t\t<\/div>\n\t\t\t\t\t<\/div>\n\t\t<\/div>\n\t\t\t\t\t<\/div>\n\t\t<\/section>\n\t\t\t\t<\/div>","protected":false},"excerpt":{"rendered":"<p>Useful numbers USEFUL PHONE NUMBERSEmergencies: 112National Police: 091Local police. 092Guardia civil: 062Fire department: 080Health Emergencies: 061Maritime Rescue and Safety: 900202202Airport information: + 34 (0) 958 245 200 and 958 245 223Information on flights: 902 404 704Customs: 958 245 229Lost luggage: 958 245 238Renfe: 902 240 505 Airport information: + 34 (0) 958 245 200 and<\/p>","protected":false},"author":1,"featured_media":0,"parent":0,"menu_order":0,"comment_status":"closed","ping_status":"closed","template":"elementor_header_footer","meta":{"_rtcl_gb_attr":"","footnotes":""},"class_list":["post-8585","page","type-page","status-publish","hentry"],"_links":{"self":[{"href":"https:\/\/costatropical.com\/es\/wp-json\/wp\/v2\/pages\/8585","targetHints":{"allow":["GET"]}}],"collection":[{"href":"https:\/\/costatropical.com\/es\/wp-json\/wp\/v2\/pages"}],"about":[{"href":"https:\/\/costatropical.com\/es\/wp-json\/wp\/v2\/types\/page"}],"author":[{"embeddable":true,"href":"https:\/\/costatropical.com\/es\/wp-json\/wp\/v2\/users\/1"}],"replies":[{"embeddable":true,"href":"https:\/\/costatropical.com\/es\/wp-json\/wp\/v2\/comments?post=8585"}],"version-history":[{"count":0,"href":"https:\/\/costatropical.com\/es\/wp-json\/wp\/v2\/pages\/8585\/revisions"}],"wp:attachment":[{"href":"https:\/\/costatropical.com\/es\/wp-json\/wp\/v2\/media?parent=8585"}],"curies":[{"name":"wp","href":"https:\/\/api.w.org\/{rel}","templated":true}]}}