{"id":6,"date":"2022-04-04T10:28:15","date_gmt":"2022-04-04T10:28:15","guid":{"rendered":"https:\/\/costatropical.com\/listing-form\/"},"modified":"2026-03-27T15:58:08","modified_gmt":"2026-03-27T14:58:08","slug":"formulario","status":"publish","type":"page","link":"https:\/\/costatropical.com\/es\/listing-form\/","title":{"rendered":"Formulario"},"content":{"rendered":"<div data-elementor-type=\"wp-page\" data-elementor-id=\"6\" class=\"elementor elementor-6\" data-elementor-post-type=\"page\">\n\t\t\t\t\t\t<section class=\"elementor-section elementor-top-section elementor-element elementor-element-280bccf elementor-section-boxed elementor-section-height-default elementor-section-height-default rt-parallax-bg-no\" data-id=\"280bccf\" data-element_type=\"section\" data-e-type=\"section\">\n\t\t\t\t\t\t<div class=\"elementor-container elementor-column-gap-default\">\n\t\t\t\t\t<div class=\"elementor-column elementor-col-100 elementor-top-column elementor-element elementor-element-250b4c6\" data-id=\"250b4c6\" data-element_type=\"column\" data-e-type=\"column\">\n\t\t\t<div class=\"elementor-widget-wrap elementor-element-populated\">\n\t\t\t\t\t\t<div class=\"elementor-element elementor-element-eab0f57 elementor-widget elementor-widget-spacer\" data-id=\"eab0f57\" data-element_type=\"widget\" data-e-type=\"widget\" data-widget_type=\"spacer.default\">\n\t\t\t\t<div class=\"elementor-widget-container\">\n\t\t\t\t\t\t\t<div class=\"elementor-spacer\">\n\t\t\t<div class=\"elementor-spacer-inner\"><\/div>\n\t\t<\/div>\n\t\t\t\t\t\t<\/div>\n\t\t\t\t<\/div>\n\t\t\t\t\t<\/div>\n\t\t<\/div>\n\t\t\t\t\t<\/div>\n\t\t<\/section>\n\t\t\t\t<section class=\"elementor-section elementor-top-section elementor-element elementor-element-53bf0a8 elementor-section-boxed elementor-section-height-default elementor-section-height-default rt-parallax-bg-no\" data-id=\"53bf0a8\" data-element_type=\"section\" data-e-type=\"section\">\n\t\t\t\t\t\t<div class=\"elementor-container elementor-column-gap-default\">\n\t\t\t\t\t<div class=\"elementor-column elementor-col-100 elementor-top-column elementor-element elementor-element-6e13c86\" data-id=\"6e13c86\" data-element_type=\"column\" data-e-type=\"column\">\n\t\t\t<div class=\"elementor-widget-wrap elementor-element-populated\">\n\t\t\t\t\t\t<div class=\"elementor-element elementor-element-84a9e4b elementor-widget elementor-widget-image\" data-id=\"84a9e4b\" data-element_type=\"widget\" data-e-type=\"widget\" data-widget_type=\"image.default\">\n\t\t\t\t<div class=\"elementor-widget-container\">\n\t\t\t\t\t\t\t\t\t\t\t\t\t\t\t<img decoding=\"async\" width=\"150\" height=\"150\" src=\"https:\/\/costatropical.com\/wp-content\/uploads\/2023\/11\/ct_logo_round-150x150.png\" class=\"attachment-thumbnail size-thumbnail wp-image-10473\" alt=\"\" srcset=\"https:\/\/costatropical.com\/wp-content\/uploads\/2023\/11\/ct_logo_round-150x150.png 150w, https:\/\/costatropical.com\/wp-content\/uploads\/2023\/11\/ct_logo_round-12x12.png 12w, https:\/\/costatropical.com\/wp-content\/uploads\/2023\/11\/ct_logo_round.png 261w\" sizes=\"(max-width: 150px) 100vw, 150px\" title=\"\">\t\t\t\t\t\t\t\t\t\t\t\t\t\t\t<\/div>\n\t\t\t\t<\/div>\n\t\t\t\t<div class=\"elementor-element elementor-element-2c25975 elementor-widget elementor-widget-heading\" data-id=\"2c25975\" data-element_type=\"widget\" data-e-type=\"widget\" data-widget_type=\"heading.default\">\n\t\t\t\t<div class=\"elementor-widget-container\">\n\t\t\t\t\t<h2 class=\"elementor-heading-title elementor-size-default\">A\u00d1ADIR FICHA<\/h2>\t\t\t\t<\/div>\n\t\t\t\t<\/div>\n\t\t\t\t<div class=\"elementor-element elementor-element-3355c9c elementor-widget elementor-widget-text-editor\" data-id=\"3355c9c\" data-element_type=\"widget\" data-e-type=\"widget\" data-widget_type=\"text-editor.default\">\n\t\t\t\t<div class=\"elementor-widget-container\">\n\t\t\t\t\t\t\t\t\t<p style=\"text-align: center;\">Una vez que hayas creado tu anuncio, podr\u00e1s editar tus datos, a\u00f1adir im\u00e1genes, etc., en cualquier momento.<\/p>\t\t\t\t\t\t\t\t<\/div>\n\t\t\t\t<\/div>\n\t\t\t\t\t<\/div>\n\t\t<\/div>\n\t\t\t\t\t<\/div>\n\t\t<\/section>\n\t\t\t\t<section class=\"elementor-section elementor-top-section elementor-element elementor-element-6c00dd89 elementor-section-boxed elementor-section-height-default elementor-section-height-default rt-parallax-bg-no\" data-id=\"6c00dd89\" data-element_type=\"section\" data-e-type=\"section\">\n\t\t\t\t\t\t<div class=\"elementor-container elementor-column-gap-default\">\n\t\t\t\t\t<div class=\"elementor-column elementor-col-100 elementor-top-column elementor-element elementor-element-28760850\" data-id=\"28760850\" data-element_type=\"column\" data-e-type=\"column\">\n\t\t\t<div class=\"elementor-widget-wrap elementor-element-populated\">\n\t\t\t\t\t\t<div class=\"elementor-element elementor-element-9ad3875 elementor-widget elementor-widget-shortcode\" data-id=\"9ad3875\" data-element_type=\"widget\" data-e-type=\"widget\" data-widget_type=\"shortcode.default\">\n\t\t\t\t<div class=\"elementor-widget-container\">\n\t\t\t\t\t\t\t<div class=\"elementor-shortcode\"><div class=\"rtcl\">\t<div id=\"ct-package-selection\" data-preselected=\"0\">\n\n\t\t\t\t\t\t\t\t<div class=\"ct-package-banner ct-js-banner\" style=\"display:none;\">\n\t\t\t\t<div class=\"ct-package-banner-inner\">\n\t\t\t\t\t<span class=\"ct-banner-check\">&#10003;<\/span>\n\t\t\t\t\t<div class=\"ct-banner-text\">\n\t\t\t\t\t\t<strong class=\"ct-js-banner-title\"><\/strong>\n\t\t\t\t\t\t<span class=\"ct-banner-price ct-js-banner-price\"><\/span>\n\t\t\t\t\t<\/div>\n\t\t\t\t\t<a href=\"#\" class=\"ct-change-package ct-js-change\">Change<\/a>\n\t\t\t\t<\/div>\n\t\t\t<\/div>\n\t\t\t<div class=\"ct-package-heading\">\n\t\t\t\t<h3>Choose Your Listing Package<\/h3>\n\t\t\t\t<p>Select a package to continue with your listing.<\/p>\n\t\t\t<\/div>\n\t\t\t<div class=\"ct-package-cards\">\n\t\t\t\t\t\t\t\t\t<div class=\"ct-package-card\" data-pricing-id=\"3503\" data-title=\"Directory listing\" data-price=\"&euro;75\/Year\">\n\t\t\t\t\t\t<div class=\"ct-card-inner\">\n\t\t\t\t\t\t\t<h4 class=\"ct-card-title\">Inclusi\u00f3n en directorio<\/h4>\n\t\t\t\t\t\t\t<div class=\"ct-card-price\">\n\t\t\t\t\t\t\t\t<span class=\"ct-price-currency\">&euro;<\/span>\n\t\t\t\t\t\t\t\t<span class=\"ct-price-amount\">75<\/span>\n\t\t\t\t\t\t\t\t<span class=\"ct-price-period\">\/a\u00f1o<\/span>\n\t\t\t\t\t\t\t<\/div>\n\t\t\t\t\t\t\t\t\t\t\t\t\t\t\t<p class=\"ct-card-description\">Full page listing for one year.<\/p>\n\t\t\t\t\t\t\t\t\t\t\t\t\t\t<button type=\"button\" class=\"ct-select-package-btn\">Select This Package<\/button>\n\t\t\t\t\t\t<\/div>\n\t\t\t\t\t<\/div>\n\t\t\t\t\t\t\t\t\t<div class=\"ct-package-card\" data-pricing-id=\"15759\" data-title=\"Listing on CostaTropical.com and Costa Tropical App\" data-price=\"&euro;125\/Year\">\n\t\t\t\t\t\t<div class=\"ct-card-inner\">\n\t\t\t\t\t\t\t<h4 class=\"ct-card-title\">Inclusi\u00f3n en CostaTropical.com y App Costa Tropical<\/h4>\n\t\t\t\t\t\t\t<div class=\"ct-card-price\">\n\t\t\t\t\t\t\t\t<span class=\"ct-price-currency\">&euro;<\/span>\n\t\t\t\t\t\t\t\t<span class=\"ct-price-amount\">125<\/span>\n\t\t\t\t\t\t\t\t<span class=\"ct-price-period\">\/a\u00f1o<\/span>\n\t\t\t\t\t\t\t<\/div>\n\t\t\t\t\t\t\t\t\t\t\t\t\t\t\t<p class=\"ct-card-description\">Inclusi\u00f3n en CostaTropical.com y App Costa Tropical<\/p>\n\t\t\t\t\t\t\t\t\t\t\t\t\t\t<button type=\"button\" class=\"ct-select-package-btn\">Select This Package<\/button>\n\t\t\t\t\t\t<\/div>\n\t\t\t\t\t<\/div>\n\t\t\t\t\t\t\t<\/div>\n\t\t\n\t\t<input type=\"hidden\" name=\"ct_pricing_id\" id=\"ct-pricing-id\" value=\"0\" \/>\n\t<\/div>\n\t<div id=\"rtcl-form-builder-container\">\n\t<div id=\"rtcl-form-builder\">\n\t\t<div class=\"rtcl-fb-loader-container\">\n\t\t\t<div class=\"rtcl-fb-loader\"><\/div>\n\t\t<\/div>\n\t<\/div>\n\t<\/div><\/div><\/div>\n\t\t\t\t\t\t<\/div>\n\t\t\t\t<\/div>\n\t\t\t\t\t<\/div>\n\t\t<\/div>\n\t\t\t\t\t<\/div>\n\t\t<\/section>\n\t\t\t\t<section class=\"elementor-section elementor-top-section elementor-element elementor-element-e3f2677 elementor-section-boxed elementor-section-height-default elementor-section-height-default rt-parallax-bg-no\" data-id=\"e3f2677\" data-element_type=\"section\" data-e-type=\"section\">\n\t\t\t\t\t\t<div class=\"elementor-container elementor-column-gap-default\">\n\t\t\t\t\t<div class=\"elementor-column elementor-col-100 elementor-top-column elementor-element elementor-element-f4dccd1\" data-id=\"f4dccd1\" data-element_type=\"column\" data-e-type=\"column\">\n\t\t\t<div class=\"elementor-widget-wrap elementor-element-populated\">\n\t\t\t\t\t\t<div class=\"elementor-element elementor-element-b830a80 elementor-invisible elementor-widget elementor-widget-text-editor\" data-id=\"b830a80\" data-element_type=\"widget\" data-e-type=\"widget\" data-settings=\"{&quot;_animation&quot;:&quot;fadeIn&quot;,&quot;_animation_delay&quot;:200}\" data-widget_type=\"text-editor.default\">\n\t\t\t\t<div class=\"elementor-widget-container\">\n\t\t\t\t\t\t\t\t\t<p>Si tienes alguna duda al a\u00f1adir tu ficha, puedes <a href=\"https:\/\/costatropical.com\/es\/contact-us\/\">ponerte en contacto aqu\u00ed<\/a> o por tel\u00e9fono en el 694292179.<\/p>\t\t\t\t\t\t\t\t<\/div>\n\t\t\t\t<\/div>\n\t\t\t\t\t<\/div>\n\t\t<\/div>\n\t\t\t\t\t<\/div>\n\t\t<\/section>\n\t\t\t\t<\/div>","protected":false},"excerpt":{"rendered":"<p>ADD A LISTING Once you have created your listing you&#8217;ll be able to edit your details, add images etc., at any time. If you have any problem adding your listing, you can contact us here or by phone on (34) 626518362.<\/p>","protected":false},"author":19,"featured_media":0,"parent":0,"menu_order":0,"comment_status":"closed","ping_status":"closed","template":"elementor_canvas","meta":{"_rtcl_gb_attr":"","footnotes":""},"class_list":["post-6","page","type-page","status-publish","hentry"],"_links":{"self":[{"href":"https:\/\/costatropical.com\/es\/wp-json\/wp\/v2\/pages\/6","targetHints":{"allow":["GET"]}}],"collection":[{"href":"https:\/\/costatropical.com\/es\/wp-json\/wp\/v2\/pages"}],"about":[{"href":"https:\/\/costatropical.com\/es\/wp-json\/wp\/v2\/types\/page"}],"author":[{"embeddable":true,"href":"https:\/\/costatropical.com\/es\/wp-json\/wp\/v2\/users\/19"}],"replies":[{"embeddable":true,"href":"https:\/\/costatropical.com\/es\/wp-json\/wp\/v2\/comments?post=6"}],"version-history":[{"count":12,"href":"https:\/\/costatropical.com\/es\/wp-json\/wp\/v2\/pages\/6\/revisions"}],"predecessor-version":[{"id":17451,"href":"https:\/\/costatropical.com\/es\/wp-json\/wp\/v2\/pages\/6\/revisions\/17451"}],"wp:attachment":[{"href":"https:\/\/costatropical.com\/es\/wp-json\/wp\/v2\/media?parent=6"}],"curies":[{"name":"wp","href":"https:\/\/api.w.org\/{rel}","templated":true}]}}