{"id":15267,"date":"2026-01-29T11:38:22","date_gmt":"2026-01-29T10:38:22","guid":{"rendered":"https:\/\/costatropical.com\/?page_id=15267"},"modified":"2026-01-29T12:00:10","modified_gmt":"2026-01-29T11:00:10","slug":"cave-of-the-seven-palaces","status":"publish","type":"page","link":"https:\/\/costatropical.com\/es\/cave-of-the-seven-palaces\/","title":{"rendered":"Museo Arqueol\u00f3gico Municipal de Almu\u00f1\u00e9car - Cueva de los Siete Palacios"},"content":{"rendered":"<div data-elementor-type=\"wp-page\" data-elementor-id=\"15267\" class=\"elementor elementor-15267\" data-elementor-post-type=\"page\">\n\t\t\t\t\t\t<section class=\"elementor-section elementor-top-section elementor-element elementor-element-0b34269 elementor-section-boxed elementor-section-height-default elementor-section-height-default rt-parallax-bg-no\" data-id=\"0b34269\" data-element_type=\"section\" data-e-type=\"section\">\n\t\t\t\t\t\t<div class=\"elementor-container elementor-column-gap-default\">\n\t\t\t\t\t<div class=\"elementor-column elementor-col-100 elementor-top-column elementor-element elementor-element-24b2d51\" data-id=\"24b2d51\" data-element_type=\"column\" data-e-type=\"column\">\n\t\t\t<div class=\"elementor-widget-wrap elementor-element-populated\">\n\t\t\t\t\t\t<div class=\"elementor-element elementor-element-a747c29 elementor-widget elementor-widget-spacer\" data-id=\"a747c29\" data-element_type=\"widget\" data-e-type=\"widget\" data-widget_type=\"spacer.default\">\n\t\t\t\t<div class=\"elementor-widget-container\">\n\t\t\t\t\t\t\t<div class=\"elementor-spacer\">\n\t\t\t<div class=\"elementor-spacer-inner\"><\/div>\n\t\t<\/div>\n\t\t\t\t\t\t<\/div>\n\t\t\t\t<\/div>\n\t\t\t\t\t<\/div>\n\t\t<\/div>\n\t\t\t\t\t<\/div>\n\t\t<\/section>\n\t\t\t\t<section class=\"elementor-section elementor-top-section elementor-element elementor-element-3a32983 elementor-section-boxed elementor-section-height-default elementor-section-height-default rt-parallax-bg-no\" data-id=\"3a32983\" data-element_type=\"section\" data-e-type=\"section\">\n\t\t\t\t\t\t<div class=\"elementor-container elementor-column-gap-default\">\n\t\t\t\t\t<div class=\"elementor-column elementor-col-100 elementor-top-column elementor-element elementor-element-0094017\" data-id=\"0094017\" data-element_type=\"column\" data-e-type=\"column\">\n\t\t\t<div class=\"elementor-widget-wrap elementor-element-populated\">\n\t\t\t\t\t\t<div class=\"elementor-element elementor-element-b6466ca elementor-widget elementor-widget-heading\" data-id=\"b6466ca\" data-element_type=\"widget\" data-e-type=\"widget\" data-widget_type=\"heading.default\">\n\t\t\t\t<div class=\"elementor-widget-container\">\n\t\t\t\t\t<h3 class=\"elementor-heading-title elementor-size-default\">Cueva de los Siete Palacios: herencia romana y arqueolog\u00eda en Almu\u00f1\u00e9car<\/h3>\t\t\t\t<\/div>\n\t\t\t\t<\/div>\n\t\t\t\t\t<\/div>\n\t\t<\/div>\n\t\t\t\t\t<\/div>\n\t\t<\/section>\n\t\t\t\t<section class=\"elementor-section elementor-top-section elementor-element elementor-element-df84d64 elementor-section-boxed elementor-section-height-default elementor-section-height-default rt-parallax-bg-no\" data-id=\"df84d64\" data-element_type=\"section\" data-e-type=\"section\">\n\t\t\t\t\t\t<div class=\"elementor-container elementor-column-gap-default\">\n\t\t\t\t\t<div class=\"elementor-column elementor-col-100 elementor-top-column elementor-element elementor-element-25ddd61\" data-id=\"25ddd61\" data-element_type=\"column\" data-e-type=\"column\">\n\t\t\t<div class=\"elementor-widget-wrap elementor-element-populated\">\n\t\t\t\t\t\t<div class=\"elementor-element elementor-element-904f591 elementor-widget elementor-widget-spacer\" data-id=\"904f591\" data-element_type=\"widget\" data-e-type=\"widget\" data-widget_type=\"spacer.default\">\n\t\t\t\t<div class=\"elementor-widget-container\">\n\t\t\t\t\t\t\t<div class=\"elementor-spacer\">\n\t\t\t<div class=\"elementor-spacer-inner\"><\/div>\n\t\t<\/div>\n\t\t\t\t\t\t<\/div>\n\t\t\t\t<\/div>\n\t\t\t\t\t<\/div>\n\t\t<\/div>\n\t\t\t\t\t<\/div>\n\t\t<\/section>\n\t\t\t\t<section class=\"elementor-section elementor-top-section elementor-element elementor-element-0e6713c elementor-section-boxed elementor-section-height-default elementor-section-height-default rt-parallax-bg-no\" data-id=\"0e6713c\" data-element_type=\"section\" data-e-type=\"section\">\n\t\t\t\t\t\t<div class=\"elementor-container elementor-column-gap-default\">\n\t\t\t\t\t<div class=\"elementor-column elementor-col-50 elementor-top-column elementor-element elementor-element-8f87f2f\" data-id=\"8f87f2f\" data-element_type=\"column\" data-e-type=\"column\">\n\t\t\t<div class=\"elementor-widget-wrap elementor-element-populated\">\n\t\t\t\t\t\t<div class=\"elementor-element elementor-element-abacff7 elementor-widget elementor-widget-text-editor\" data-id=\"abacff7\" data-element_type=\"widget\" data-e-type=\"widget\" data-widget_type=\"text-editor.default\">\n\t\t\t\t<div class=\"elementor-widget-container\">\n\t\t\t\t\t\t\t\t\t<p data-start=\"202\" data-end=\"669\">El Museo Arqueol\u00f3gico Municipal de Almu\u00f1\u00e9car, ubicado en la conocida Cueva de los Siete Palacios, es uno de los espacios patrimoniales m\u00e1s relevantes de la ciudad y una de las manifestaciones urban\u00edsticas m\u00e1s importantes de la Hispania romana conservadas en la Costa Tropical. Este singular conjunto arquitect\u00f3nico forma parte del complejo que rodea el cerro de San Miguel y est\u00e1 catalogado como Bien de Inter\u00e9s Cultural (BIC), tanto por su valor hist\u00f3rico como por su inter\u00e9s arqueol\u00f3gico y arquitect\u00f3nico.<\/p><p data-start=\"671\" data-end=\"1196\">La historia de este enclave se remonta a la llegada de los romanos a Almu\u00f1\u00e9car en el siglo III a. C., dentro de su proceso de expansi\u00f3n por la pen\u00ednsula ib\u00e9rica. Sin embargo, fue a partir del siglo I d. C. cuando la ciudad experiment\u00f3 una profunda transformaci\u00f3n urbana para adaptarse a las necesidades de una ciudad romana plenamente desarrollada. En este periodo se construyeron importantes infraestructuras p\u00fablicas, como el acueducto, destinado a abastecer de agua a la creciente industria de salazones, as\u00ed como el teatro, el foro y los principales templos de la ciudad.<\/p>\t\t\t\t\t\t\t\t<\/div>\n\t\t\t\t<\/div>\n\t\t\t\t\t<\/div>\n\t\t<\/div>\n\t\t\t\t<div class=\"elementor-column elementor-col-50 elementor-top-column elementor-element elementor-element-e7f5c69\" data-id=\"e7f5c69\" data-element_type=\"column\" data-e-type=\"column\">\n\t\t\t<div class=\"elementor-widget-wrap elementor-element-populated\">\n\t\t\t\t\t\t<div class=\"elementor-element elementor-element-e9fd573 elementor-widget elementor-widget-image\" data-id=\"e9fd573\" data-element_type=\"widget\" data-e-type=\"widget\" data-widget_type=\"image.default\">\n\t\t\t\t<div class=\"elementor-widget-container\">\n\t\t\t\t\t\t\t\t\t\t\t\t\t\t\t<img fetchpriority=\"high\" decoding=\"async\" width=\"866\" height=\"551\" src=\"https:\/\/costatropical.com\/wp-content\/uploads\/2026\/01\/Cueva-de-los-Siete-Palacios2.jpg\" class=\"attachment-large size-large wp-image-15284\" alt=\"\" srcset=\"https:\/\/costatropical.com\/wp-content\/uploads\/2026\/01\/Cueva-de-los-Siete-Palacios2.jpg 866w, https:\/\/costatropical.com\/wp-content\/uploads\/2026\/01\/Cueva-de-los-Siete-Palacios2-350x223.jpg 350w, https:\/\/costatropical.com\/wp-content\/uploads\/2026\/01\/Cueva-de-los-Siete-Palacios2-18x12.jpg 18w\" sizes=\"(max-width: 866px) 100vw, 866px\" title=\"\">\t\t\t\t\t\t\t\t\t\t\t\t\t\t\t<\/div>\n\t\t\t\t<\/div>\n\t\t\t\t\t<\/div>\n\t\t<\/div>\n\t\t\t\t\t<\/div>\n\t\t<\/section>\n\t\t\t\t<section class=\"elementor-section elementor-top-section elementor-element elementor-element-beb9908 elementor-section-boxed elementor-section-height-default elementor-section-height-default rt-parallax-bg-no\" data-id=\"beb9908\" data-element_type=\"section\" data-e-type=\"section\">\n\t\t\t\t\t\t<div class=\"elementor-container elementor-column-gap-default\">\n\t\t\t\t\t<div class=\"elementor-column elementor-col-100 elementor-top-column elementor-element elementor-element-ed1e335\" data-id=\"ed1e335\" data-element_type=\"column\" data-e-type=\"column\">\n\t\t\t<div class=\"elementor-widget-wrap elementor-element-populated\">\n\t\t\t\t\t\t<div class=\"elementor-element elementor-element-d155ec2 elementor-widget elementor-widget-text-editor\" data-id=\"d155ec2\" data-element_type=\"widget\" data-e-type=\"widget\" data-settings=\"{&quot;_animation&quot;:&quot;none&quot;}\" data-widget_type=\"text-editor.default\">\n\t\t\t\t<div class=\"elementor-widget-container\">\n\t\t\t\t\t\t\t\t\t<p data-start=\"1198\" data-end=\"1621\">Debido a la escasez de espacio en la colina de San Miguel, los ingenieros romanos optaron por crear una gran plataforma artificial sustentada por un conjunto de b\u00f3vedas de mamposter\u00eda. Estas estructuras subterr\u00e1neas, conocidas popularmente como \u201ccuevas\u201d, serv\u00edan como base para los edificios p\u00fablicos situados en la parte superior. La m\u00e1s destacada de todas es la llamada Cueva de los Siete Palacios, cuyo nombre procede, probablemente, de su estructura: una b\u00f3veda central atravesada por otras siete b\u00f3vedas transversales.<\/p><p data-start=\"1623\" data-end=\"1944\">En el subsuelo de un antiguo templo romano dedicado a la diosa Minerva, se conserva este criptop\u00f3rtico romano, que desde 1984 alberga el Museo Arqueol\u00f3gico Municipal. El conjunto presenta un excelente estado de conservaci\u00f3n y constituye un ejemplo excepcional de ingenier\u00eda romana aplicada al urbanismo.<\/p><p data-start=\"1946\" data-end=\"2372\">El museo ofrece un recorrido por la historia de Almu\u00f1\u00e9car a trav\u00e9s de once vitrinas que re\u00fanen piezas procedentes de las distintas culturas que han pasado por la ciudad a lo largo de los siglos, desde la \u00e9poca arg\u00e1rica hasta finales de la Edad Media. Entre los materiales expuestos destacan objetos de origen egipcio, fenicio, p\u00fanico, romano y andalus\u00ed, lo que refleja la importancia estrat\u00e9gica y comercial de este enclave costero desde la Antig\u00fcedad.<\/p><p data-start=\"2374\" data-end=\"2762\">Una parte fundamental de la colecci\u00f3n procede de dos yacimientos clave: la necr\u00f3polis romana de Puente de Noy y la factor\u00eda de salazones de El Majuelo. Entre las piezas m\u00e1s representativas se encuentran monedas acu\u00f1adas en la ceca sexitana, cer\u00e1micas p\u00fanicas y romanas, vasos de alabastro, joyas procedentes de ajuares funerarios y esculturas de gran valor hist\u00f3rico, como la representaci\u00f3n de la diosa Minerva.<\/p><p data-start=\"3910\" data-end=\"3968\">\u00a0<\/p>\t\t\t\t\t\t\t\t<\/div>\n\t\t\t\t<\/div>\n\t\t\t\t\t<\/div>\n\t\t<\/div>\n\t\t\t\t\t<\/div>\n\t\t<\/section>\n\t\t\t\t<section class=\"elementor-section elementor-top-section elementor-element elementor-element-a5ae952 elementor-section-boxed elementor-section-height-default elementor-section-height-default rt-parallax-bg-no\" data-id=\"a5ae952\" data-element_type=\"section\" data-e-type=\"section\">\n\t\t\t\t\t\t<div class=\"elementor-container elementor-column-gap-default\">\n\t\t\t\t\t<div class=\"elementor-column elementor-col-50 elementor-top-column elementor-element elementor-element-f3be4fa\" data-id=\"f3be4fa\" data-element_type=\"column\" data-e-type=\"column\">\n\t\t\t<div class=\"elementor-widget-wrap elementor-element-populated\">\n\t\t\t\t\t\t<div class=\"elementor-element elementor-element-16baa8a elementor-widget elementor-widget-text-editor\" data-id=\"16baa8a\" data-element_type=\"widget\" data-e-type=\"widget\" data-widget_type=\"text-editor.default\">\n\t\t\t\t<div class=\"elementor-widget-container\">\n\t\t\t\t\t\t\t\t\t<p>La pieza m\u00e1s destacada del museo, por su car\u00e1cter excepcional, es el vaso canopo del fara\u00f3n Aauserre Apofis I. Se trata de un vaso cinerario egipcio de m\u00e1rmol, identificado gracias a un sello con escritura jerogl\u00edfica en su parte superior. Esta pieza, considerada el documento escrito m\u00e1s antiguo conservado en Espa\u00f1a, pudo llegar a Almu\u00f1\u00e9car con los fenicios en torno al siglo VIII a. C., aunque fue fabricada varios siglos antes, entre finales del siglo XVII y comienzos del XVI a. C. Su importancia es tal que ha sido solicitada en pr\u00e9stamo por instituciones de prestigio internacional, como el Metropolitan Museum of Art de Nueva York.<\/p>\t\t\t\t\t\t\t\t<\/div>\n\t\t\t\t<\/div>\n\t\t\t\t\t<\/div>\n\t\t<\/div>\n\t\t\t\t<div class=\"elementor-column elementor-col-50 elementor-top-column elementor-element elementor-element-d778369\" data-id=\"d778369\" data-element_type=\"column\" data-e-type=\"column\">\n\t\t\t<div class=\"elementor-widget-wrap elementor-element-populated\">\n\t\t\t\t\t\t<div class=\"elementor-element elementor-element-5a9e032 elementor-widget elementor-widget-image\" data-id=\"5a9e032\" data-element_type=\"widget\" data-e-type=\"widget\" data-widget_type=\"image.default\">\n\t\t\t\t<div class=\"elementor-widget-container\">\n\t\t\t\t\t\t\t\t\t\t\t\t\t\t\t<img decoding=\"async\" width=\"840\" height=\"573\" src=\"https:\/\/costatropical.com\/wp-content\/uploads\/2026\/01\/Cueva-de-los-Siete-Palacios.jpg\" class=\"attachment-large size-large wp-image-15283\" alt=\"\" srcset=\"https:\/\/costatropical.com\/wp-content\/uploads\/2026\/01\/Cueva-de-los-Siete-Palacios.jpg 840w, https:\/\/costatropical.com\/wp-content\/uploads\/2026\/01\/Cueva-de-los-Siete-Palacios-350x239.jpg 350w, https:\/\/costatropical.com\/wp-content\/uploads\/2026\/01\/Cueva-de-los-Siete-Palacios-18x12.jpg 18w\" sizes=\"(max-width: 840px) 100vw, 840px\" title=\"\">\t\t\t\t\t\t\t\t\t\t\t\t\t\t\t<\/div>\n\t\t\t\t<\/div>\n\t\t\t\t\t<\/div>\n\t\t<\/div>\n\t\t\t\t\t<\/div>\n\t\t<\/section>\n\t\t\t\t<section class=\"elementor-section elementor-top-section elementor-element elementor-element-a640bb9 elementor-section-boxed elementor-section-height-default elementor-section-height-default rt-parallax-bg-no\" data-id=\"a640bb9\" data-element_type=\"section\" data-e-type=\"section\">\n\t\t\t\t\t\t<div class=\"elementor-container elementor-column-gap-default\">\n\t\t\t\t\t<div class=\"elementor-column elementor-col-100 elementor-top-column elementor-element elementor-element-652ac83\" data-id=\"652ac83\" data-element_type=\"column\" data-e-type=\"column\">\n\t\t\t<div class=\"elementor-widget-wrap elementor-element-populated\">\n\t\t\t\t\t\t<div class=\"elementor-element elementor-element-18237a4 elementor-widget elementor-widget-text-editor\" data-id=\"18237a4\" data-element_type=\"widget\" data-e-type=\"widget\" data-widget_type=\"text-editor.default\">\n\t\t\t\t<div class=\"elementor-widget-container\">\n\t\t\t\t\t\t\t\t\t<h2 data-start=\"3428\" data-end=\"3445\">Horarios de visita<\/h2><ul data-start=\"3758\" data-end=\"3773\"><li data-start=\"3758\" data-end=\"3773\"><p>Lunes: Cerrado<br \/>Martes a s\u00e1bado:<\/p><p>Primavera: (del 1 de abril al 30 de junio):\n10:00 - 13:30 \/ 17:00 - 19:30<br \/>Verano (del 1 de julio al 15 de septiembre):\n10:00 - 13:30 \/ 18:30 - 21:00<br \/>Oto\u00f1o (del 16 de septiembre al 31 de octubre):\n10:00 - 13:30 \/ 17:00 - 19:30<br \/>Invierno (del 1 de noviembre al 31 de marzo):\n10:00 - 13:30 \/ 16:00 - 18:30<\/p><p>Domingos: 10:00 - 13:00<\/p><\/li><\/ul><h2 data-start=\"3780\" data-end=\"3799\">Precios de entrada<\/h2><ul data-start=\"3801\" data-end=\"3908\"><li data-start=\"3801\" data-end=\"3819\"><p data-start=\"3803\" data-end=\"3819\"><strong data-start=\"3803\" data-end=\"3814\">Adultos:<\/strong> \u20ac4<\/p><\/li><li data-start=\"3820\" data-end=\"3858\"><p data-start=\"3822\" data-end=\"3858\"><strong data-start=\"3822\" data-end=\"3850\">Ni\u00f1os y pensionistas:<\/strong> \u20ac2.50<\/p><\/li><li data-start=\"3859\" data-end=\"3908\"><p data-start=\"3861\" data-end=\"3908\"><strong data-start=\"3861\" data-end=\"3892\">Grupos (m\u00ednimo 15 personas):<\/strong> 2 \u20ac por persona<\/p><\/li><\/ul><p data-start=\"3910\" data-end=\"3968\"><strong data-start=\"3913\" data-end=\"3968\">La entrada incluye la visita al Castillo de San Miguel<\/strong><\/p>\t\t\t\t\t\t\t\t<\/div>\n\t\t\t\t<\/div>\n\t\t\t\t\t<\/div>\n\t\t<\/div>\n\t\t\t\t\t<\/div>\n\t\t<\/section>\n\t\t\t\t<section class=\"elementor-section elementor-top-section elementor-element elementor-element-985da5d elementor-section-boxed elementor-section-height-default elementor-section-height-default rt-parallax-bg-no\" data-id=\"985da5d\" data-element_type=\"section\" data-e-type=\"section\">\n\t\t\t\t\t\t<div class=\"elementor-container elementor-column-gap-default\">\n\t\t\t\t\t<div class=\"elementor-column elementor-col-50 elementor-top-column elementor-element elementor-element-8456121\" data-id=\"8456121\" data-element_type=\"column\" data-e-type=\"column\">\n\t\t\t<div class=\"elementor-widget-wrap elementor-element-populated\">\n\t\t\t\t\t\t<div class=\"elementor-element elementor-element-5428cec elementor-widget elementor-widget-text-editor\" data-id=\"5428cec\" data-element_type=\"widget\" data-e-type=\"widget\" data-widget_type=\"text-editor.default\">\n\t\t\t\t<div class=\"elementor-widget-container\">\n\t\t\t\t\t\t\t\t\t<p>Direcci\u00f3n: Cueva de los Siete Palacios, calle Eras del Castillo 29, 18690, Almu\u00f1\u00e9car. Tel: 958 61 61 31. Email: culturalmunecar@almunecar.es.<\/p>\t\t\t\t\t\t\t\t<\/div>\n\t\t\t\t<\/div>\n\t\t\t\t\t<\/div>\n\t\t<\/div>\n\t\t\t\t<div class=\"elementor-column elementor-col-50 elementor-top-column elementor-element elementor-element-a23560d\" data-id=\"a23560d\" data-element_type=\"column\" data-e-type=\"column\">\n\t\t\t<div class=\"elementor-widget-wrap elementor-element-populated\">\n\t\t\t\t\t\t<div class=\"elementor-element elementor-element-a908f19 elementor-widget elementor-widget-google_maps\" data-id=\"a908f19\" data-element_type=\"widget\" data-e-type=\"widget\" data-widget_type=\"google_maps.default\">\n\t\t\t\t<div class=\"elementor-widget-container\">\n\t\t\t\t\t\t\t<div class=\"elementor-custom-embed\">\n\t\t\t<iframe loading=\"lazy\"\n\t\t\t\t\tsrc=\"https:\/\/maps.google.com\/maps?q=cueva%20de%20los%20siete%20palacions&#038;t=m&#038;z=10&#038;output=embed&#038;iwloc=near\"\n\t\t\t\t\ttitle=\"cueva de los siete palacions\"\n\t\t\t\t\taria-label=\"cueva de los siete palacions\"\n\t\t\t><\/iframe>\n\t\t<\/div>\n\t\t\t\t\t\t<\/div>\n\t\t\t\t<\/div>\n\t\t\t\t\t<\/div>\n\t\t<\/div>\n\t\t\t\t\t<\/div>\n\t\t<\/section>\n\t\t\t\t<section class=\"elementor-section elementor-top-section elementor-element elementor-element-07b90a4 elementor-section-boxed elementor-section-height-default elementor-section-height-default rt-parallax-bg-no\" data-id=\"07b90a4\" data-element_type=\"section\" data-e-type=\"section\">\n\t\t\t\t\t\t<div class=\"elementor-container elementor-column-gap-default\">\n\t\t\t\t\t<div class=\"elementor-column elementor-col-100 elementor-top-column elementor-element elementor-element-429e78b\" data-id=\"429e78b\" data-element_type=\"column\" data-e-type=\"column\">\n\t\t\t<div class=\"elementor-widget-wrap elementor-element-populated\">\n\t\t\t\t\t\t<div class=\"elementor-element elementor-element-f91be37 elementor-widget elementor-widget-text-editor\" data-id=\"f91be37\" data-element_type=\"widget\" data-e-type=\"widget\" data-widget_type=\"text-editor.default\">\n\t\t\t\t<div class=\"elementor-widget-container\">\n\t\t\t\t\t\t\t\t\t<h4>Explora este sitio web<\/h4><ul><li><a href=\"https:\/\/costatropical.com\/es\/datos-costa-tropical-de-granada\/\">\u00bfQu\u00e9 hace tan especial a la Costa Tropical?<\/a><\/li><li><a href=\"https:\/\/costatropical.com\/es\/tradiciones-fiestas-costa-tropical\/\">Tradiciones y fiestas<\/a><\/li><li><a href=\"https:\/\/costatropical.com\/es\/viajar-a-espana\/\">Informaci\u00f3n \u00fatil para su viaje a Espa\u00f1a<\/a><\/li><li><a href=\"https:\/\/costatropical.com\/es\/transporte\/\">Transporte p\u00fablico y privado en Granada y la Costa Tropical<\/a>l<\/li><li class=\"elementor-sitemap-item elementor-sitemap-item-page page_item page-item-10559\"><a href=\"https:\/\/costatropical.com\/es\/health-and-emergencies\/\">Sanidad y emergencias<\/a><\/li><li class=\"elementor-sitemap-item elementor-sitemap-item-page page_item page-item-10354\"><a href=\"https:\/\/costatropical.com\/es\/conducir-en-espana\/\">Conducir en Espa\u00f1a<\/a><\/li><li><a href=\"https:\/\/costatropical.com\/es\/things-to-see-do\/\">Qu\u00e9 ver y qu\u00e9 hacer<\/a><\/li><\/ul>\t\t\t\t\t\t\t\t<\/div>\n\t\t\t\t<\/div>\n\t\t\t\t\t<\/div>\n\t\t<\/div>\n\t\t\t\t\t<\/div>\n\t\t<\/section>\n\t\t\t\t<section class=\"elementor-section elementor-top-section elementor-element elementor-element-d4c3712 elementor-section-boxed elementor-section-height-default elementor-section-height-default rt-parallax-bg-no\" data-id=\"d4c3712\" data-element_type=\"section\" data-e-type=\"section\">\n\t\t\t\t\t\t<div class=\"elementor-container elementor-column-gap-default\">\n\t\t\t\t\t<div class=\"elementor-column elementor-col-100 elementor-top-column elementor-element elementor-element-b3173f0\" data-id=\"b3173f0\" data-element_type=\"column\" data-e-type=\"column\">\n\t\t\t<div class=\"elementor-widget-wrap elementor-element-populated\">\n\t\t\t\t\t\t<div class=\"elementor-element elementor-element-37b4ec6 elementor-widget elementor-widget-image\" data-id=\"37b4ec6\" data-element_type=\"widget\" data-e-type=\"widget\" data-widget_type=\"image.default\">\n\t\t\t\t<div class=\"elementor-widget-container\">\n\t\t\t\t\t\t\t\t\t\t\t\t\t\t\t\t<a href=\"https:\/\/costatropical.com\/es\/tiempo-costatropical\/\">\n\t\t\t\t\t\t\t<img decoding=\"async\" width=\"97\" height=\"118\" src=\"https:\/\/costatropical.com\/wp-content\/uploads\/2024\/02\/weather.png\" class=\"attachment-medium size-medium wp-image-11177\" alt=\"\" srcset=\"https:\/\/costatropical.com\/wp-content\/uploads\/2024\/02\/weather.png 97w, https:\/\/costatropical.com\/wp-content\/uploads\/2024\/02\/weather-10x12.png 10w\" sizes=\"(max-width: 97px) 100vw, 97px\" title=\"\">\t\t\t\t\t\t\t\t<\/a>\n\t\t\t\t\t\t\t\t\t\t\t\t\t\t\t<\/div>\n\t\t\t\t<\/div>\n\t\t\t\t\t<\/div>\n\t\t<\/div>\n\t\t\t\t\t<\/div>\n\t\t<\/section>\n\t\t\t\t<section class=\"elementor-section elementor-top-section elementor-element elementor-element-95dcb44 elementor-section-boxed elementor-section-height-default elementor-section-height-default rt-parallax-bg-no\" data-id=\"95dcb44\" data-element_type=\"section\" data-e-type=\"section\">\n\t\t\t\t\t\t<div class=\"elementor-container elementor-column-gap-default\">\n\t\t\t\t\t<div class=\"elementor-column elementor-col-100 elementor-top-column elementor-element elementor-element-1216acd\" data-id=\"1216acd\" data-element_type=\"column\" data-e-type=\"column\">\n\t\t\t<div class=\"elementor-widget-wrap\">\n\t\t\t\t\t\t\t<\/div>\n\t\t<\/div>\n\t\t\t\t\t<\/div>\n\t\t<\/section>\n\t\t\t\t<\/div>","protected":false},"excerpt":{"rendered":"<p>Cueva de los Siete Palacios: Roman Heritage and Archaeology in Almu\u00f1\u00e9car The Almu\u00f1\u00e9car Municipal Archaeological Museum, located in the well-known Cave of the Seven Palaces, is one of the city\u2019s most important heritage sites and one of the most significant examples of Roman urban planning preserved on the Costa Tropical. This unique architectural complex forms<\/p>","protected":false},"author":1,"featured_media":15288,"parent":0,"menu_order":0,"comment_status":"closed","ping_status":"closed","template":"elementor_header_footer","meta":{"_rtcl_gb_attr":"","footnotes":""},"class_list":["post-15267","page","type-page","status-publish","has-post-thumbnail","hentry","have-post-thumb"],"_links":{"self":[{"href":"https:\/\/costatropical.com\/es\/wp-json\/wp\/v2\/pages\/15267","targetHints":{"allow":["GET"]}}],"collection":[{"href":"https:\/\/costatropical.com\/es\/wp-json\/wp\/v2\/pages"}],"about":[{"href":"https:\/\/costatropical.com\/es\/wp-json\/wp\/v2\/types\/page"}],"author":[{"embeddable":true,"href":"https:\/\/costatropical.com\/es\/wp-json\/wp\/v2\/users\/1"}],"replies":[{"embeddable":true,"href":"https:\/\/costatropical.com\/es\/wp-json\/wp\/v2\/comments?post=15267"}],"version-history":[{"count":16,"href":"https:\/\/costatropical.com\/es\/wp-json\/wp\/v2\/pages\/15267\/revisions"}],"predecessor-version":[{"id":15295,"href":"https:\/\/costatropical.com\/es\/wp-json\/wp\/v2\/pages\/15267\/revisions\/15295"}],"wp:featuredmedia":[{"embeddable":true,"href":"https:\/\/costatropical.com\/es\/wp-json\/wp\/v2\/media\/15288"}],"wp:attachment":[{"href":"https:\/\/costatropical.com\/es\/wp-json\/wp\/v2\/media?parent=15267"}],"curies":[{"name":"wp","href":"https:\/\/api.w.org\/{rel}","templated":true}]}}