{"id":14953,"date":"2026-01-05T12:38:03","date_gmt":"2026-01-05T11:38:03","guid":{"rendered":"https:\/\/costatropical.com\/?page_id=14953"},"modified":"2026-01-05T12:39:46","modified_gmt":"2026-01-05T11:39:46","slug":"thanks-for-your-payment","status":"publish","type":"page","link":"https:\/\/costatropical.com\/es\/thanks-for-your-payment\/","title":{"rendered":"Thanks for your payment"},"content":{"rendered":"<div data-elementor-type=\"wp-page\" data-elementor-id=\"14953\" class=\"elementor elementor-14953\" data-elementor-post-type=\"page\">\n\t\t\t\t\t\t<section class=\"elementor-section elementor-top-section elementor-element elementor-element-02c7ded elementor-section-boxed elementor-section-height-default elementor-section-height-default rt-parallax-bg-no\" data-id=\"02c7ded\" data-element_type=\"section\" data-e-type=\"section\">\n\t\t\t\t\t\t<div class=\"elementor-container elementor-column-gap-default\">\n\t\t\t\t\t<div class=\"elementor-column elementor-col-100 elementor-top-column elementor-element elementor-element-e4f9326\" data-id=\"e4f9326\" data-element_type=\"column\" data-e-type=\"column\">\n\t\t\t<div class=\"elementor-widget-wrap elementor-element-populated\">\n\t\t\t\t\t\t<div class=\"elementor-element elementor-element-1051471 elementor-widget elementor-widget-text-editor\" data-id=\"1051471\" data-element_type=\"widget\" data-e-type=\"widget\" data-widget_type=\"text-editor.default\">\n\t\t\t\t<div class=\"elementor-widget-container\">\n\t\t\t\t\t\t\t\t\t<p data-start=\"45\" data-end=\"221\"><strong data-start=\"45\" data-end=\"76\">Gracias por tu pago Hemos recibido correctamente tu solicitud de publicaci\u00f3n. Nuestro equipo revisar\u00e1 la nota de prensa y la publicar\u00e1 en un plazo de 24\u201348 h laborables. Costatropical.com se reserva el derecho de edici\u00f3n m\u00ednima por estilo y formato<\/strong><\/p><p data-start=\"45\" data-end=\"221\"><strong data-start=\"45\" data-end=\"76\">Thank you for your payment.<\/strong><br data-start=\"76\" data-end=\"79\" \/>We have successfully received your publication request.<br data-start=\"134\" data-end=\"137\" \/>Our team will review the press release and publish it within 24\u201348 business hours.<\/p><p data-start=\"223\" data-end=\"301\" data-is-last-node=\"\" data-is-only-node=\"\">Costatropical.com reserves the right to make minor edits for style and formatting.<\/p>\t\t\t\t\t\t\t\t<\/div>\n\t\t\t\t<\/div>\n\t\t\t\t\t<\/div>\n\t\t<\/div>\n\t\t\t\t\t<\/div>\n\t\t<\/section>\n\t\t\t\t<\/div>","protected":false},"excerpt":{"rendered":"<p>Gracias por tu pago Hemos recibido correctamente tu solicitud de publicaci\u00f3n. Nuestro equipo revisar\u00e1 la nota de prensa y la publicar\u00e1 en un plazo de 24\u201348 h laborables. Costatropical.com se reserva el derecho de edici\u00f3n m\u00ednima por estilo y formato Thank you for your payment.We have successfully received your publication request.Our team will review the<\/p>","protected":false},"author":1,"featured_media":0,"parent":0,"menu_order":0,"comment_status":"closed","ping_status":"closed","template":"","meta":{"_rtcl_gb_attr":"","footnotes":""},"class_list":["post-14953","page","type-page","status-publish","hentry"],"_links":{"self":[{"href":"https:\/\/costatropical.com\/es\/wp-json\/wp\/v2\/pages\/14953","targetHints":{"allow":["GET"]}}],"collection":[{"href":"https:\/\/costatropical.com\/es\/wp-json\/wp\/v2\/pages"}],"about":[{"href":"https:\/\/costatropical.com\/es\/wp-json\/wp\/v2\/types\/page"}],"author":[{"embeddable":true,"href":"https:\/\/costatropical.com\/es\/wp-json\/wp\/v2\/users\/1"}],"replies":[{"embeddable":true,"href":"https:\/\/costatropical.com\/es\/wp-json\/wp\/v2\/comments?post=14953"}],"version-history":[{"count":4,"href":"https:\/\/costatropical.com\/es\/wp-json\/wp\/v2\/pages\/14953\/revisions"}],"predecessor-version":[{"id":14957,"href":"https:\/\/costatropical.com\/es\/wp-json\/wp\/v2\/pages\/14953\/revisions\/14957"}],"wp:attachment":[{"href":"https:\/\/costatropical.com\/es\/wp-json\/wp\/v2\/media?parent=14953"}],"curies":[{"name":"wp","href":"https:\/\/api.w.org\/{rel}","templated":true}]}}