{"id":14546,"date":"2025-12-13T12:54:03","date_gmt":"2025-12-13T11:54:03","guid":{"rendered":"https:\/\/costatropical.com\/?page_id=14546"},"modified":"2025-12-13T13:20:48","modified_gmt":"2025-12-13T12:20:48","slug":"dentistas-costa-tropical","status":"publish","type":"page","link":"https:\/\/costatropical.com\/es\/dentists-on-the-costa-tropical\/","title":{"rendered":"Dentista en la Costa Tropical"},"content":{"rendered":"<div data-elementor-type=\"wp-page\" data-elementor-id=\"14546\" class=\"elementor elementor-14546\" data-elementor-post-type=\"page\">\n\t\t\t\t\t\t<section class=\"elementor-section elementor-top-section elementor-element elementor-element-0b34269 elementor-section-boxed elementor-section-height-default elementor-section-height-default rt-parallax-bg-no\" data-id=\"0b34269\" data-element_type=\"section\" data-e-type=\"section\">\n\t\t\t\t\t\t<div class=\"elementor-container elementor-column-gap-default\">\n\t\t\t\t\t<div class=\"elementor-column elementor-col-100 elementor-top-column elementor-element elementor-element-24b2d51\" data-id=\"24b2d51\" data-element_type=\"column\" data-e-type=\"column\">\n\t\t\t<div class=\"elementor-widget-wrap elementor-element-populated\">\n\t\t\t\t\t\t<div class=\"elementor-element elementor-element-a747c29 elementor-widget elementor-widget-spacer\" data-id=\"a747c29\" data-element_type=\"widget\" data-e-type=\"widget\" data-widget_type=\"spacer.default\">\n\t\t\t\t<div class=\"elementor-widget-container\">\n\t\t\t\t\t\t\t<div class=\"elementor-spacer\">\n\t\t\t<div class=\"elementor-spacer-inner\"><\/div>\n\t\t<\/div>\n\t\t\t\t\t\t<\/div>\n\t\t\t\t<\/div>\n\t\t\t\t\t<\/div>\n\t\t<\/div>\n\t\t\t\t\t<\/div>\n\t\t<\/section>\n\t\t\t\t<section class=\"elementor-section elementor-top-section elementor-element elementor-element-3a32983 elementor-section-boxed elementor-section-height-default elementor-section-height-default rt-parallax-bg-no\" data-id=\"3a32983\" data-element_type=\"section\" data-e-type=\"section\">\n\t\t\t\t\t\t<div class=\"elementor-container elementor-column-gap-default\">\n\t\t\t\t\t<div class=\"elementor-column elementor-col-100 elementor-top-column elementor-element elementor-element-0094017\" data-id=\"0094017\" data-element_type=\"column\" data-e-type=\"column\">\n\t\t\t<div class=\"elementor-widget-wrap elementor-element-populated\">\n\t\t\t\t\t\t<div class=\"elementor-element elementor-element-b6466ca elementor-widget elementor-widget-heading\" data-id=\"b6466ca\" data-element_type=\"widget\" data-e-type=\"widget\" data-widget_type=\"heading.default\">\n\t\t\t\t<div class=\"elementor-widget-container\">\n\t\t\t\t\t<h3 class=\"elementor-heading-title elementor-size-default\">Dentistas en la Costa Tropical (Motril, Salobre\u00f1a, Almu\u00f1\u00e9car y La Herradura)<\/h3>\t\t\t\t<\/div>\n\t\t\t\t<\/div>\n\t\t\t\t\t<\/div>\n\t\t<\/div>\n\t\t\t\t\t<\/div>\n\t\t<\/section>\n\t\t\t\t<section class=\"elementor-section elementor-top-section elementor-element elementor-element-e88f729 elementor-section-boxed elementor-section-height-default elementor-section-height-default rt-parallax-bg-no\" data-id=\"e88f729\" data-element_type=\"section\" data-e-type=\"section\">\n\t\t\t\t\t\t<div class=\"elementor-container elementor-column-gap-default\">\n\t\t\t\t\t<div class=\"elementor-column elementor-col-50 elementor-top-column elementor-element elementor-element-3cdf21c\" data-id=\"3cdf21c\" data-element_type=\"column\" data-e-type=\"column\">\n\t\t\t<div class=\"elementor-widget-wrap elementor-element-populated\">\n\t\t\t\t\t\t<div class=\"elementor-element elementor-element-335330e elementor-widget elementor-widget-text-editor\" data-id=\"335330e\" data-element_type=\"widget\" data-e-type=\"widget\" data-widget_type=\"text-editor.default\">\n\t\t\t\t<div class=\"elementor-widget-container\">\n\t\t\t\t\t\t\t\t\t<p>La Costa Tropical destaca no solo por su clima suave y su entorno natural, sino tambi\u00e9n por disponer de servicios esenciales para residentes y visitantes, entre ellos la atenci\u00f3n dental. Contar con informaci\u00f3n clara sobre dentistas en la Costa Tropical resulta especialmente \u00fatil para quienes viven en la zona, tienen una segunda residencia o se encuentran de paso.<\/p><p>En municipios como Motril, Salobre\u00f1a, Almu\u00f1\u00e9car y La Herradura, las cl\u00ednicas dentales privadas desempe\u00f1an un papel fundamental en la atenci\u00f3n bucodental. Al igual que en el resto de Andaluc\u00eda, la mayor\u00eda de los tratamientos dentales habituales y especializados no est\u00e1n cubiertos por el sistema p\u00fablico de salud, por lo que los dentistas privados son la principal opci\u00f3n para odontolog\u00eda general, prevenci\u00f3n, tratamientos restauradores, ortodoncia, implantes y est\u00e9tica dental.<\/p>\t\t\t\t\t\t\t\t<\/div>\n\t\t\t\t<\/div>\n\t\t\t\t\t<\/div>\n\t\t<\/div>\n\t\t\t\t<div class=\"elementor-column elementor-col-50 elementor-top-column elementor-element elementor-element-921d1a9\" data-id=\"921d1a9\" data-element_type=\"column\" data-e-type=\"column\">\n\t\t\t<div class=\"elementor-widget-wrap elementor-element-populated\">\n\t\t\t\t\t\t<div class=\"elementor-element elementor-element-f17c5d5 elementor-widget elementor-widget-image\" data-id=\"f17c5d5\" data-element_type=\"widget\" data-e-type=\"widget\" data-widget_type=\"image.default\">\n\t\t\t\t<div class=\"elementor-widget-container\">\n\t\t\t\t\t\t\t\t\t\t\t\t\t\t\t<img fetchpriority=\"high\" decoding=\"async\" width=\"1024\" height=\"683\" src=\"https:\/\/costatropical.com\/wp-content\/uploads\/2025\/12\/pexels-shvetsa-3845806-1024x683.jpg\" class=\"attachment-large size-large wp-image-14532\" alt=\"\" srcset=\"https:\/\/costatropical.com\/wp-content\/uploads\/2025\/12\/pexels-shvetsa-3845806-1024x683.jpg 1024w, https:\/\/costatropical.com\/wp-content\/uploads\/2025\/12\/pexels-shvetsa-3845806-350x233.jpg 350w, https:\/\/costatropical.com\/wp-content\/uploads\/2025\/12\/pexels-shvetsa-3845806-1536x1024.jpg 1536w, https:\/\/costatropical.com\/wp-content\/uploads\/2025\/12\/pexels-shvetsa-3845806-2048x1365.jpg 2048w, https:\/\/costatropical.com\/wp-content\/uploads\/2025\/12\/pexels-shvetsa-3845806-18x12.jpg 18w\" sizes=\"(max-width: 1024px) 100vw, 1024px\" title=\"\">\t\t\t\t\t\t\t\t\t\t\t\t\t\t\t<\/div>\n\t\t\t\t<\/div>\n\t\t\t\t\t<\/div>\n\t\t<\/div>\n\t\t\t\t\t<\/div>\n\t\t<\/section>\n\t\t\t\t<section class=\"elementor-section elementor-top-section elementor-element elementor-element-f0d2294 elementor-section-boxed elementor-section-height-default elementor-section-height-default rt-parallax-bg-no\" data-id=\"f0d2294\" data-element_type=\"section\" data-e-type=\"section\">\n\t\t\t\t\t\t<div class=\"elementor-container elementor-column-gap-default\">\n\t\t\t\t\t<div class=\"elementor-column elementor-col-100 elementor-top-column elementor-element elementor-element-81e7bcc\" data-id=\"81e7bcc\" data-element_type=\"column\" data-e-type=\"column\">\n\t\t\t<div class=\"elementor-widget-wrap elementor-element-populated\">\n\t\t\t\t\t\t<div class=\"elementor-element elementor-element-af846e9 elementor-widget elementor-widget-heading\" data-id=\"af846e9\" data-element_type=\"widget\" data-e-type=\"widget\" data-widget_type=\"heading.default\">\n\t\t\t\t<div class=\"elementor-widget-container\">\n\t\t\t\t\t<h2 class=\"elementor-heading-title elementor-size-default\">Atenci\u00f3n dental y sistema p\u00fablico de salud en Andaluc\u00eda<\/h2>\t\t\t\t<\/div>\n\t\t\t\t<\/div>\n\t\t\t\t<div class=\"elementor-element elementor-element-dd0c2ee elementor-widget elementor-widget-text-editor\" data-id=\"dd0c2ee\" data-element_type=\"widget\" data-e-type=\"widget\" data-widget_type=\"text-editor.default\">\n\t\t\t\t<div class=\"elementor-widget-container\">\n\t\t\t\t\t\t\t\t\t<p>En Andaluc\u00eda, el sistema sanitario p\u00fablico (Servicio Andaluz de Salud \u2013 SAS) se centra principalmente en procesos dentales agudos y de urgencia. La cobertura se limita a tratamientos como extracciones dentales, infecciones agudas, abscesos dentales, lesiones en la cavidad oral y urgencias relacionadas con la articulaci\u00f3n mandibular. Los tratamientos conservadores y est\u00e9ticos no est\u00e1n incluidos, lo que explica el amplio uso de cl\u00ednicas dentales privadas en toda la Costa Tropical.<\/p><p>Los ni\u00f1os y ni\u00f1as de entre 6 y 15 a\u00f1os se benefician de atenci\u00f3n bucodental b\u00e1sica gratuita a trav\u00e9s del sistema p\u00fablico, mientras que las personas con discapacidad pueden recibir asistencia dental especializada cuando se requiere sedaci\u00f3n o anestesia.<\/p>\t\t\t\t\t\t\t\t<\/div>\n\t\t\t\t<\/div>\n\t\t\t\t\t<\/div>\n\t\t<\/div>\n\t\t\t\t\t<\/div>\n\t\t<\/section>\n\t\t\t\t<section class=\"elementor-section elementor-top-section elementor-element elementor-element-27445ff elementor-section-boxed elementor-section-height-default elementor-section-height-default rt-parallax-bg-no\" data-id=\"27445ff\" data-element_type=\"section\" data-e-type=\"section\">\n\t\t\t\t\t\t<div class=\"elementor-container elementor-column-gap-default\">\n\t\t\t\t\t<div class=\"elementor-column elementor-col-100 elementor-top-column elementor-element elementor-element-a7ee99e\" data-id=\"a7ee99e\" data-element_type=\"column\" data-e-type=\"column\">\n\t\t\t<div class=\"elementor-widget-wrap elementor-element-populated\">\n\t\t\t\t\t\t<div class=\"elementor-element elementor-element-26ccfd4 elementor-widget elementor-widget-heading\" data-id=\"26ccfd4\" data-element_type=\"widget\" data-e-type=\"widget\" data-widget_type=\"heading.default\">\n\t\t\t\t<div class=\"elementor-widget-container\">\n\t\t\t\t\t<h2 class=\"elementor-heading-title elementor-size-default\">Cl\u00ednicas dentales en la Costa Tropical<\/h2>\t\t\t\t<\/div>\n\t\t\t\t<\/div>\n\t\t\t\t<div class=\"elementor-element elementor-element-7b7c4df elementor-widget elementor-widget-text-editor\" data-id=\"7b7c4df\" data-element_type=\"widget\" data-e-type=\"widget\" data-widget_type=\"text-editor.default\">\n\t\t\t\t<div class=\"elementor-widget-container\">\n\t\t\t\t\t\t\t\t\t<p>Los dentistas privados de la Costa Tropical atienden a una poblaci\u00f3n diversa, que incluye residentes locales, comunidades internacionales y turistas. Muchas cl\u00ednicas est\u00e1n habituadas a tratar pacientes extranjeros y suelen ofrecer atenci\u00f3n en varios idiomas. Las citas suelen ser m\u00e1s flexibles y la oferta de tratamientos m\u00e1s amplia, lo que convierte a las cl\u00ednicas privadas en la opci\u00f3n preferida para la mayor\u00eda de las necesidades dentales.<\/p><p>Tanto en Motril como en Salobre\u00f1a, Almu\u00f1\u00e9car o La Herradura, las cl\u00ednicas dentales suelen estar bien comunicadas y ser de f\u00e1cil acceso, ofreciendo instalaciones modernas y una amplia variedad de tratamientos.<\/p><p>\u00a0<\/p>\t\t\t\t\t\t\t\t<\/div>\n\t\t\t\t<\/div>\n\t\t\t\t\t<\/div>\n\t\t<\/div>\n\t\t\t\t\t<\/div>\n\t\t<\/section>\n\t\t\t\t<section class=\"elementor-section elementor-top-section elementor-element elementor-element-4b7bbad elementor-section-boxed elementor-section-height-default elementor-section-height-default rt-parallax-bg-no\" data-id=\"4b7bbad\" data-element_type=\"section\" data-e-type=\"section\">\n\t\t\t\t\t\t<div class=\"elementor-container elementor-column-gap-default\">\n\t\t\t\t\t<div class=\"elementor-column elementor-col-100 elementor-top-column elementor-element elementor-element-53f0f53\" data-id=\"53f0f53\" data-element_type=\"column\" data-e-type=\"column\">\n\t\t\t<div class=\"elementor-widget-wrap elementor-element-populated\">\n\t\t\t\t\t\t<div class=\"elementor-element elementor-element-5c6b9e8 elementor-widget elementor-widget-heading\" data-id=\"5c6b9e8\" data-element_type=\"widget\" data-e-type=\"widget\" data-widget_type=\"heading.default\">\n\t\t\t\t<div class=\"elementor-widget-container\">\n\t\t\t\t\t<h2 class=\"elementor-heading-title elementor-size-default\">Encontrar dentista en la Costa Tropical<\/h2>\t\t\t\t<\/div>\n\t\t\t\t<\/div>\n\t\t\t\t<div class=\"elementor-element elementor-element-0d0df40 elementor-widget elementor-widget-text-editor\" data-id=\"0d0df40\" data-element_type=\"widget\" data-e-type=\"widget\" data-widget_type=\"text-editor.default\">\n\t\t\t\t<div class=\"elementor-widget-container\">\n\t\t\t\t\t\t\t\t\t<p>A continuaci\u00f3n, puedes consultar una selecci\u00f3n de cl\u00ednicas y profesionales dentales ubicados en la Costa Tropical, que te permitir\u00e1 comparar servicios y encontrar la atenci\u00f3n dental m\u00e1s adecuada durante tu estancia o residencia en la zona.<\/p>\t\t\t\t\t\t\t\t<\/div>\n\t\t\t\t<\/div>\n\t\t\t\t\t<\/div>\n\t\t<\/div>\n\t\t\t\t\t<\/div>\n\t\t<\/section>\n\t\t\t\t<section class=\"elementor-section elementor-top-section elementor-element elementor-element-b333228 elementor-section-boxed elementor-section-height-default elementor-section-height-default rt-parallax-bg-no\" data-id=\"b333228\" data-element_type=\"section\" data-e-type=\"section\">\n\t\t\t\t\t\t<div class=\"elementor-container elementor-column-gap-default\">\n\t\t\t\t\t<div class=\"elementor-column elementor-col-100 elementor-top-column elementor-element elementor-element-b2a01a0\" data-id=\"b2a01a0\" data-element_type=\"column\" data-e-type=\"column\">\n\t\t\t<div class=\"elementor-widget-wrap elementor-element-populated\">\n\t\t\t\t\t\t<div class=\"elementor-element elementor-element-ea9029d title-show-full elementor-widget elementor-widget-rtcl-listing-items\" data-id=\"ea9029d\" data-element_type=\"widget\" data-e-type=\"widget\" data-widget_type=\"rtcl-listing-items.default\">\n\t\t\t\t<div class=\"elementor-widget-container\">\n\t\t\t\t\t\n<div class=\"rtcl rtcl-listings-sc-wrapper rtcl-elementor-widget\">\n\t<div class=\"rtcl-listings-wrapper\">\n\t\t\t\t<div class=\"rtcl-listings rtcl-ajax-listings rtcl-grid-view rtcl-style-1-view columns-3  tab-columns-2 mobile-columns-2\">\n\t\t\t\n\t\t\t\t<div class=\"rtcl-widget-listing-item listing-item have-post-thumb rtcl-listing-item post-14039 status-publish is-popular rtcl_category-dentist rtcl_category-health rtcl_location-motril\">\n\t\t\t\t\t\n\t\t\t\t\t\n\t\t\t\t\t<div class='listing-thumb'><div class='listing-thumb-inner'><a href='https:\/\/costatropical.com\/es\/listing\/grupo-dental-clinics\/' title='Grupo Dental Clinics'><img decoding=\"async\" width=\"300\" height=\"240\" src=\"https:\/\/costatropical.com\/wp-content\/uploads\/classified-listing\/2025\/10\/dental-clinic-motril3-300x240.webp\" class=\"rtcl-thumbnail\" alt=\"dental-clinic-motril3\" title=\"\"><\/a><div class=\"rtcl-meta-buttons-wrap horizontal-layout meta-button-count-2\">\t\t\t\t\t\t<div class=\"rtcl-fav rtcl-el-button\">\n\t\t\t\t\t\t\t<a href=\"\/es\/void(0)\/\" class=\"rtcl-require-login\"><span class=\"rtcl-icon rtcl-icon-heart-empty\"><\/span><span class=\"favourite-label\">Favourite<\/span><\/a>\t\t\t\t\t\t<\/div>\n\t\t\t\t\t\t\t\t\t\t  \t\t\t\t\t\t\t\t\t\t\t\t<div class=\"rtcl-el-button\">\n\t\t\t\t\t\t\t\t\t\t\t\t\t\t\t\t<a class=\"rtcl-compare\" href=\"#\" title=\"Compare\" data-listing_id=\"14039\">\n\t\t\t\t\t\t\t\t\t<i class=\"rtcl-icon rtcl-icon-retweet\"><\/i>\n\t\t\t\t\t\t\t\t<\/a>\n\t\t\t\t\t\t\t<\/div>\n\t\t\t\t\t\t\t\t\t\t\t\t<\/div><\/div><\/div> <div class=\"rtin-content-area\"><div class=\"item-content\"><div class='rtcl-listing-badge-wrap'><\/div>\n <div class=\"category\"><a href=\"https:\/\/costatropical.com\/es\/listing-category\/health\/dentist\/\">Dentista<\/a><span class=\"rtcl-delimiter\">,<\/span><a href=\"https:\/\/costatropical.com\/es\/listing-category\/health\/\">Salud<\/a><\/div> <h3 class=\"listing-title rtcl-listing-title\"><a href=\"https:\/\/costatropical.com\/es\/listing\/grupo-dental-clinics\/\" title=\"Grupo Dental Clinics\">Grupo Dental Clinics<\/a><\/h3>  <ul class=\"rtcl-listing-meta-data\">  <li class=\"date\"><i class=\"rtcl-icon rtcl-icon-clock\" aria-hidden=\"true\"><\/i>5 meses ago<\/li> <li class=\"location\"><i class=\"rtcl-icon rtcl-icon-location\" aria-hidden=\"true\"><\/i><a href=\"https:\/\/costatropical.com\/es\/location\/motril\/\">Motril<\/a><\/li> <li class=\"view\"><i class=\"rtcl-icon rtcl-icon-eye\" aria-hidden=\"true\"><\/i>393 views<\/li><\/ul>  <div class=\"rtin-right\"><div class=\"item-price\"><div class=\"rtcl-price price-type-regular\"><\/div><\/div> <\/div><\/div><\/div>\n\t\t\t\t<\/div>\n\n\t\t\t\n\t\t\t\t<div class=\"rtcl-widget-listing-item listing-item have-post-thumb rtcl-listing-item post-14023 status-publish is-popular rtcl_category-dentist rtcl_category-health rtcl_location-motril\">\n\t\t\t\t\t\n\t\t\t\t\t\n\t\t\t\t\t<div class='listing-thumb'><div class='listing-thumb-inner'><a href='https:\/\/costatropical.com\/es\/listing\/dental-clinic-dr-maria-martin-ruiz\/' title='Cl\u00ednica dental Dr. Mar\u00eda Mart\u00edn Ruiz'><img decoding=\"async\" width=\"300\" height=\"240\" src=\"https:\/\/costatropical.com\/wp-content\/uploads\/classified-listing\/2025\/10\/Clinica-Dental-Dra.-Maria-Martin-Ruiz3-300x240.jpg\" class=\"rtcl-thumbnail\" alt=\"Clinica-Dental-Dra.-Maria-Martin-Ruiz3\" title=\"\"><\/a><div class=\"rtcl-meta-buttons-wrap horizontal-layout meta-button-count-2\">\t\t\t\t\t\t<div class=\"rtcl-fav rtcl-el-button\">\n\t\t\t\t\t\t\t<a href=\"\/es\/void(0)\/\" class=\"rtcl-require-login\"><span class=\"rtcl-icon rtcl-icon-heart-empty\"><\/span><span class=\"favourite-label\">Favourite<\/span><\/a>\t\t\t\t\t\t<\/div>\n\t\t\t\t\t\t\t\t\t\t  \t\t\t\t\t\t\t\t\t\t\t\t<div class=\"rtcl-el-button\">\n\t\t\t\t\t\t\t\t\t\t\t\t\t\t\t\t<a class=\"rtcl-compare\" href=\"#\" title=\"Compare\" data-listing_id=\"14023\">\n\t\t\t\t\t\t\t\t\t<i class=\"rtcl-icon rtcl-icon-retweet\"><\/i>\n\t\t\t\t\t\t\t\t<\/a>\n\t\t\t\t\t\t\t<\/div>\n\t\t\t\t\t\t\t\t\t\t\t\t<\/div><\/div><\/div> <div class=\"rtin-content-area\"><div class=\"item-content\"><div class='rtcl-listing-badge-wrap'><\/div>\n <div class=\"category\"><a href=\"https:\/\/costatropical.com\/es\/listing-category\/health\/dentist\/\">Dentista<\/a><span class=\"rtcl-delimiter\">,<\/span><a href=\"https:\/\/costatropical.com\/es\/listing-category\/health\/\">Salud<\/a><\/div> <h3 class=\"listing-title rtcl-listing-title\"><a href=\"https:\/\/costatropical.com\/es\/listing\/dental-clinic-dr-maria-martin-ruiz\/\" title=\"Cl\u00ednica dental Dr. Mar\u00eda Mart\u00edn Ruiz\">Cl\u00ednica dental Dr. Mar\u00eda Mart\u00edn Ruiz<\/a><\/h3>  <ul class=\"rtcl-listing-meta-data\">  <li class=\"date\"><i class=\"rtcl-icon rtcl-icon-clock\" aria-hidden=\"true\"><\/i>5 meses ago<\/li> <li class=\"location\"><i class=\"rtcl-icon rtcl-icon-location\" aria-hidden=\"true\"><\/i><a href=\"https:\/\/costatropical.com\/es\/location\/motril\/\">Motril<\/a><\/li> <li class=\"view\"><i class=\"rtcl-icon rtcl-icon-eye\" aria-hidden=\"true\"><\/i>208 views<\/li><\/ul>  <div class=\"rtin-right\"><div class=\"item-price\"><div class=\"rtcl-price price-type-regular\"><\/div><\/div> <\/div><\/div><\/div>\n\t\t\t\t<\/div>\n\n\t\t\t\t\t\t\n\t\t<\/div>\n\t\t\t<\/div>\n<\/div>\n\t\t\t\t<\/div>\n\t\t\t\t<\/div>\n\t\t\t\t\t<\/div>\n\t\t<\/div>\n\t\t\t\t\t<\/div>\n\t\t<\/section>\n\t\t\t\t<section class=\"elementor-section elementor-top-section elementor-element elementor-element-df84d64 elementor-section-boxed elementor-section-height-default elementor-section-height-default rt-parallax-bg-no\" data-id=\"df84d64\" data-element_type=\"section\" data-e-type=\"section\">\n\t\t\t\t\t\t<div class=\"elementor-container elementor-column-gap-default\">\n\t\t\t\t\t<div class=\"elementor-column elementor-col-100 elementor-top-column elementor-element elementor-element-25ddd61\" data-id=\"25ddd61\" data-element_type=\"column\" data-e-type=\"column\">\n\t\t\t<div class=\"elementor-widget-wrap elementor-element-populated\">\n\t\t\t\t\t\t<div class=\"elementor-element elementor-element-904f591 elementor-widget elementor-widget-spacer\" data-id=\"904f591\" data-element_type=\"widget\" data-e-type=\"widget\" data-widget_type=\"spacer.default\">\n\t\t\t\t<div class=\"elementor-widget-container\">\n\t\t\t\t\t\t\t<div class=\"elementor-spacer\">\n\t\t\t<div class=\"elementor-spacer-inner\"><\/div>\n\t\t<\/div>\n\t\t\t\t\t\t<\/div>\n\t\t\t\t<\/div>\n\t\t\t\t\t<\/div>\n\t\t<\/div>\n\t\t\t\t\t<\/div>\n\t\t<\/section>\n\t\t\t\t<section class=\"elementor-section elementor-top-section elementor-element elementor-element-07b90a4 elementor-section-boxed elementor-section-height-default elementor-section-height-default rt-parallax-bg-no\" data-id=\"07b90a4\" data-element_type=\"section\" data-e-type=\"section\">\n\t\t\t\t\t\t<div class=\"elementor-container elementor-column-gap-default\">\n\t\t\t\t\t<div class=\"elementor-column elementor-col-100 elementor-top-column elementor-element elementor-element-429e78b\" data-id=\"429e78b\" data-element_type=\"column\" data-e-type=\"column\">\n\t\t\t<div class=\"elementor-widget-wrap elementor-element-populated\">\n\t\t\t\t\t\t<div class=\"elementor-element elementor-element-f91be37 elementor-widget elementor-widget-text-editor\" data-id=\"f91be37\" data-element_type=\"widget\" data-e-type=\"widget\" data-widget_type=\"text-editor.default\">\n\t\t\t\t<div class=\"elementor-widget-container\">\n\t\t\t\t\t\t\t\t\t<h4>Explora este sitio web<\/h4><ul><li><a href=\"https:\/\/costatropical.com\/es\/health-and-emergencies\/\">Sanidad y emergencias<\/a><\/li><li><a href=\"https:\/\/costatropical.com\/es\/mente-cuerpo\/\">Mente y cuerpo<\/a><\/li><li><a href=\"https:\/\/costatropical.com\/es\/datos-costa-tropical-de-granada\/\">\u00bfQu\u00e9 hace tan especial a la Costa Tropical?<\/a><\/li><li><a href=\"https:\/\/costatropical.com\/es\/tradiciones-fiestas-costa-tropical\/\">Tradiciones y fiestas<\/a><\/li><li><a href=\"https:\/\/costatropical.com\/es\/viajar-a-espana\/\">Informaci\u00f3n \u00fatil para su viaje a Espa\u00f1a<\/a><\/li><li><a href=\"https:\/\/costatropical.com\/es\/transporte\/\">Transporte p\u00fablico y privado en Granada y la Costa Tropical<\/a>l<\/li><li class=\"elementor-sitemap-item elementor-sitemap-item-page page_item page-item-10354\"><a href=\"https:\/\/costatropical.com\/es\/conducir-en-espana\/\">Conducir en Espa\u00f1a<\/a><\/li><li><a href=\"https:\/\/costatropical.com\/es\/things-to-see-do\/\">Qu\u00e9 ver y qu\u00e9 hacer<\/a><\/li><\/ul>\t\t\t\t\t\t\t\t<\/div>\n\t\t\t\t<\/div>\n\t\t\t\t\t<\/div>\n\t\t<\/div>\n\t\t\t\t\t<\/div>\n\t\t<\/section>\n\t\t\t\t<section class=\"elementor-section elementor-top-section elementor-element elementor-element-d4c3712 elementor-section-boxed elementor-section-height-default elementor-section-height-default rt-parallax-bg-no\" data-id=\"d4c3712\" data-element_type=\"section\" data-e-type=\"section\">\n\t\t\t\t\t\t<div class=\"elementor-container elementor-column-gap-default\">\n\t\t\t\t\t<div class=\"elementor-column elementor-col-100 elementor-top-column elementor-element elementor-element-b3173f0\" data-id=\"b3173f0\" data-element_type=\"column\" data-e-type=\"column\">\n\t\t\t<div class=\"elementor-widget-wrap elementor-element-populated\">\n\t\t\t\t\t\t<div class=\"elementor-element elementor-element-37b4ec6 elementor-widget elementor-widget-image\" data-id=\"37b4ec6\" data-element_type=\"widget\" data-e-type=\"widget\" data-widget_type=\"image.default\">\n\t\t\t\t<div class=\"elementor-widget-container\">\n\t\t\t\t\t\t\t\t\t\t\t\t\t\t\t\t<a href=\"https:\/\/costatropical.com\/es\/tiempo-costatropical\/\">\n\t\t\t\t\t\t\t<img loading=\"lazy\" decoding=\"async\" width=\"97\" height=\"118\" src=\"https:\/\/costatropical.com\/wp-content\/uploads\/2024\/02\/weather.png\" class=\"attachment-medium size-medium wp-image-11177\" alt=\"\" srcset=\"https:\/\/costatropical.com\/wp-content\/uploads\/2024\/02\/weather.png 97w, https:\/\/costatropical.com\/wp-content\/uploads\/2024\/02\/weather-10x12.png 10w\" sizes=\"(max-width: 97px) 100vw, 97px\" title=\"\">\t\t\t\t\t\t\t\t<\/a>\n\t\t\t\t\t\t\t\t\t\t\t\t\t\t\t<\/div>\n\t\t\t\t<\/div>\n\t\t\t\t\t<\/div>\n\t\t<\/div>\n\t\t\t\t\t<\/div>\n\t\t<\/section>\n\t\t\t\t<\/div>","protected":false},"excerpt":{"rendered":"<p>Dentists on the Costa Tropical (Motril, Salobre\u00f1a, Almu\u00f1\u00e9car and La Herradura) The Costa Tropical is not only known for its<\/p>","protected":false},"author":1,"featured_media":14531,"parent":0,"menu_order":0,"comment_status":"closed","ping_status":"closed","template":"elementor_header_footer","meta":{"_rtcl_gb_attr":"","footnotes":""},"class_list":["post-14546","page","type-page","status-publish","has-post-thumbnail","hentry","have-post-thumb"],"_links":{"self":[{"href":"https:\/\/costatropical.com\/es\/wp-json\/wp\/v2\/pages\/14546","targetHints":{"allow":["GET"]}}],"collection":[{"href":"https:\/\/costatropical.com\/es\/wp-json\/wp\/v2\/pages"}],"about":[{"href":"https:\/\/costatropical.com\/es\/wp-json\/wp\/v2\/types\/page"}],"author":[{"embeddable":true,"href":"https:\/\/costatropical.com\/es\/wp-json\/wp\/v2\/users\/1"}],"replies":[{"embeddable":true,"href":"https:\/\/costatropical.com\/es\/wp-json\/wp\/v2\/comments?post=14546"}],"version-history":[{"count":4,"href":"https:\/\/costatropical.com\/es\/wp-json\/wp\/v2\/pages\/14546\/revisions"}],"predecessor-version":[{"id":14552,"href":"https:\/\/costatropical.com\/es\/wp-json\/wp\/v2\/pages\/14546\/revisions\/14552"}],"wp:featuredmedia":[{"embeddable":true,"href":"https:\/\/costatropical.com\/es\/wp-json\/wp\/v2\/media\/14531"}],"wp:attachment":[{"href":"https:\/\/costatropical.com\/es\/wp-json\/wp\/v2\/media?parent=14546"}],"curies":[{"name":"wp","href":"https:\/\/api.w.org\/{rel}","templated":true}]}}