{"id":14183,"date":"2025-11-17T18:32:39","date_gmt":"2025-11-17T17:32:39","guid":{"rendered":"https:\/\/costatropical.com\/?page_id=14183"},"modified":"2025-11-17T19:12:15","modified_gmt":"2025-11-17T18:12:15","slug":"marbella","status":"publish","type":"page","link":"https:\/\/costatropical.com\/es\/marbella\/","title":{"rendered":"Marbella"},"content":{"rendered":"<div data-elementor-type=\"wp-page\" data-elementor-id=\"14183\" class=\"elementor elementor-14183\" data-elementor-post-type=\"page\">\n\t\t\t\t\t\t<section class=\"elementor-section elementor-top-section elementor-element elementor-element-0b34269 elementor-section-boxed elementor-section-height-default elementor-section-height-default rt-parallax-bg-no\" data-id=\"0b34269\" data-element_type=\"section\" data-e-type=\"section\">\n\t\t\t\t\t\t<div class=\"elementor-container elementor-column-gap-default\">\n\t\t\t\t\t<div class=\"elementor-column elementor-col-100 elementor-top-column elementor-element elementor-element-24b2d51\" data-id=\"24b2d51\" data-element_type=\"column\" data-e-type=\"column\">\n\t\t\t<div class=\"elementor-widget-wrap elementor-element-populated\">\n\t\t\t\t\t\t<div class=\"elementor-element elementor-element-a747c29 elementor-widget elementor-widget-spacer\" data-id=\"a747c29\" data-element_type=\"widget\" data-e-type=\"widget\" data-widget_type=\"spacer.default\">\n\t\t\t\t<div class=\"elementor-widget-container\">\n\t\t\t\t\t\t\t<div class=\"elementor-spacer\">\n\t\t\t<div class=\"elementor-spacer-inner\"><\/div>\n\t\t<\/div>\n\t\t\t\t\t\t<\/div>\n\t\t\t\t<\/div>\n\t\t\t\t\t<\/div>\n\t\t<\/div>\n\t\t\t\t\t<\/div>\n\t\t<\/section>\n\t\t\t\t<section class=\"elementor-section elementor-top-section elementor-element elementor-element-6182790 elementor-section-boxed elementor-section-height-default elementor-section-height-default rt-parallax-bg-no\" data-id=\"6182790\" data-element_type=\"section\" data-e-type=\"section\">\n\t\t\t\t\t\t<div class=\"elementor-container elementor-column-gap-default\">\n\t\t\t\t\t<div class=\"elementor-column elementor-col-100 elementor-top-column elementor-element elementor-element-7c9b291\" data-id=\"7c9b291\" data-element_type=\"column\" data-e-type=\"column\">\n\t\t\t<div class=\"elementor-widget-wrap elementor-element-populated\">\n\t\t\t\t\t\t<div class=\"elementor-element elementor-element-ea4668a elementor-widget elementor-widget-heading\" data-id=\"ea4668a\" data-element_type=\"widget\" data-e-type=\"widget\" data-widget_type=\"heading.default\">\n\t\t\t\t<div class=\"elementor-widget-container\">\n\t\t\t\t\t<h2 class=\"elementor-heading-title elementor-size-default\">Marbella: What to See, How to Get There &amp; Best Tours from the Costa Tropical<\/h2>\t\t\t\t<\/div>\n\t\t\t\t<\/div>\n\t\t\t\t\t<\/div>\n\t\t<\/div>\n\t\t\t\t\t<\/div>\n\t\t<\/section>\n\t\t\t\t<section class=\"elementor-section elementor-top-section elementor-element elementor-element-f0d2294 elementor-section-boxed elementor-section-height-default elementor-section-height-default rt-parallax-bg-no\" data-id=\"f0d2294\" data-element_type=\"section\" data-e-type=\"section\">\n\t\t\t\t\t\t<div class=\"elementor-container elementor-column-gap-default\">\n\t\t\t\t\t<div class=\"elementor-column elementor-col-100 elementor-top-column elementor-element elementor-element-81e7bcc\" data-id=\"81e7bcc\" data-element_type=\"column\" data-e-type=\"column\">\n\t\t\t<div class=\"elementor-widget-wrap elementor-element-populated\">\n\t\t\t\t\t\t<div class=\"elementor-element elementor-element-dd0c2ee elementor-widget elementor-widget-text-editor\" data-id=\"dd0c2ee\" data-element_type=\"widget\" data-e-type=\"widget\" data-widget_type=\"text-editor.default\">\n\t\t\t\t<div class=\"elementor-widget-container\">\n\t\t\t\t\t\t\t\t\t<p>Marbella is one of the most iconic destinations on the Costa del Sol and a popular day trip for travellers staying in the Costa Tropical. Known for its Mediterranean charm, historic old town, luxury marinas and golden beaches, Marbella offers a mix of culture, gastronomy, shopping and coastal experiences that appeal to all types of visitors. Whether you&#8217;re based in Almu\u00f1\u00e9car, Salobre\u00f1a, Motril or the surrounding areas, Marbella makes for a perfect full-day or half-day excursion.<\/p>\t\t\t\t\t\t\t\t<\/div>\n\t\t\t\t<\/div>\n\t\t\t\t\t<\/div>\n\t\t<\/div>\n\t\t\t\t\t<\/div>\n\t\t<\/section>\n\t\t\t\t<section class=\"elementor-section elementor-top-section elementor-element elementor-element-3f578c2 elementor-section-boxed elementor-section-height-default elementor-section-height-default rt-parallax-bg-no\" data-id=\"3f578c2\" data-element_type=\"section\" data-e-type=\"section\">\n\t\t\t\t\t\t<div class=\"elementor-container elementor-column-gap-default\">\n\t\t\t\t\t<div class=\"elementor-column elementor-col-100 elementor-top-column elementor-element elementor-element-04c1e47\" data-id=\"04c1e47\" data-element_type=\"column\" data-e-type=\"column\">\n\t\t\t<div class=\"elementor-widget-wrap elementor-element-populated\">\n\t\t\t\t\t\t<div class=\"elementor-element elementor-element-34f9061 elementor-widget elementor-widget-text-editor\" data-id=\"34f9061\" data-element_type=\"widget\" data-e-type=\"widget\" data-widget_type=\"text-editor.default\">\n\t\t\t\t<div class=\"elementor-widget-container\">\n\t\t\t\t\t\t\t\t\t<h2 data-start=\"704\" data-end=\"734\"><strong data-start=\"707\" data-end=\"734\">What to See in Marbella<\/strong><\/h2><p data-start=\"736\" data-end=\"889\">Marbella combines Andalusian tradition with a cosmopolitan coastal atmosphere. The city is divided into several areas, each offering something different:<\/p><h3 data-start=\"891\" data-end=\"937\"><strong data-start=\"895\" data-end=\"935\">Marbella Old Town (Casco Antiguo)<\/strong><\/h3><p data-start=\"938\" data-end=\"1062\">A picturesque maze of narrow streets, whitewashed houses, flower-filled balconies and lively plazas.<br data-start=\"1038\" data-end=\"1041\" \/>Highlights include:<\/p><ul data-start=\"1063\" data-end=\"1301\"><li data-start=\"1063\" data-end=\"1153\"><p data-start=\"1065\" data-end=\"1153\"><strong data-start=\"1065\" data-end=\"1090\">Plaza de los Naranjos<\/strong>, the heart of Marbella with Renaissance buildings and caf\u00e9s.<\/p><\/li><li data-start=\"1154\" data-end=\"1218\"><p data-start=\"1156\" data-end=\"1218\"><strong data-start=\"1156\" data-end=\"1178\">The old Arab walls<\/strong>, remnants of the city&#8217;s Moorish past.<\/p><\/li><li data-start=\"1219\" data-end=\"1301\"><p data-start=\"1221\" data-end=\"1301\"><strong data-start=\"1221\" data-end=\"1270\">Local boutiques, artisan shops and tapas bars<\/strong>, perfect for a relaxed stroll.<\/p><\/li><\/ul><h3 data-start=\"1303\" data-end=\"1327\"><strong data-start=\"1307\" data-end=\"1325\">Puerto Ban\u00fas<\/strong><\/h3><p data-start=\"1328\" data-end=\"1434\">Just west of Marbella, Puerto Ban\u00fas is one of Europe\u2019s most famous luxury marinas.<br data-start=\"1410\" data-end=\"1413\" \/>Visitors can enjoy:<\/p><ul data-start=\"1435\" data-end=\"1566\"><li data-start=\"1435\" data-end=\"1457\"><p data-start=\"1437\" data-end=\"1457\">Designer boutiques<\/p><\/li><li data-start=\"1458\" data-end=\"1502\"><p data-start=\"1460\" data-end=\"1502\">Waterfront restaurants and cocktail bars<\/p><\/li><li data-start=\"1503\" data-end=\"1531\"><p data-start=\"1505\" data-end=\"1531\">A lively beach promenade<\/p><\/li><li data-start=\"1532\" data-end=\"1566\"><p data-start=\"1534\" data-end=\"1566\">Yacht spotting along the harbour<\/p><\/li><\/ul><h3 data-start=\"1568\" data-end=\"1600\"><strong data-start=\"1572\" data-end=\"1598\">Promenade &amp; Beaches<\/strong><\/h3><p data-start=\"1601\" data-end=\"1780\">Marbella\u2019s coastal promenade stretches for kilometres along sandy beaches. It\u2019s ideal for walking, cycling or stopping at a beachfront chiringuito for fresh Mediterranean cuisine.<\/p><h3 data-start=\"1782\" data-end=\"1819\"><strong data-start=\"1786\" data-end=\"1817\">Museums &amp; Cultural Spots<\/strong><\/h3><p data-start=\"1820\" data-end=\"1858\">For culture lovers, Marbella offers:<\/p><ul data-start=\"1859\" data-end=\"1976\"><li data-start=\"1859\" data-end=\"1884\"><p data-start=\"1861\" data-end=\"1884\">El bono tur\u00edstico <strong data-start=\"1865\" data-end=\"1882\">Bonsai Museum<\/strong><\/p><\/li><li data-start=\"1885\" data-end=\"1934\"><p data-start=\"1887\" data-end=\"1934\">El bono tur\u00edstico <strong data-start=\"1891\" data-end=\"1932\">Contemporary Spanish Engraving Museum<\/strong><\/p><\/li><li data-start=\"1935\" data-end=\"1976\"><p data-start=\"1937\" data-end=\"1976\">Art galleries and local craft markets<\/p><\/li><\/ul>\t\t\t\t\t\t\t\t<\/div>\n\t\t\t\t<\/div>\n\t\t\t\t\t<\/div>\n\t\t<\/div>\n\t\t\t\t\t<\/div>\n\t\t<\/section>\n\t\t\t\t<section class=\"elementor-section elementor-top-section elementor-element elementor-element-f5a6bea elementor-section-boxed elementor-section-height-default elementor-section-height-default rt-parallax-bg-no\" data-id=\"f5a6bea\" data-element_type=\"section\" data-e-type=\"section\">\n\t\t\t\t\t\t<div class=\"elementor-container elementor-column-gap-default\">\n\t\t\t\t\t<div class=\"elementor-column elementor-col-100 elementor-top-column elementor-element elementor-element-9bec7e5\" data-id=\"9bec7e5\" data-element_type=\"column\" data-e-type=\"column\">\n\t\t\t<div class=\"elementor-widget-wrap elementor-element-populated\">\n\t\t\t\t\t\t<div class=\"elementor-element elementor-element-d278797 elementor-widget elementor-widget-text-editor\" data-id=\"d278797\" data-element_type=\"widget\" data-e-type=\"widget\" data-widget_type=\"text-editor.default\">\n\t\t\t\t<div class=\"elementor-widget-container\">\n\t\t\t\t\t\t\t\t\t<h2 data-start=\"1983\" data-end=\"2036\"><strong data-start=\"1986\" data-end=\"2036\">How to Get to Marbella from the Costa Tropical<\/strong><\/h2><p data-start=\"2038\" data-end=\"2143\">Marbella is easily accessible from the Costa Tropical, making it a convenient destination for a day trip.<\/p><h3 data-start=\"2145\" data-end=\"2164\"><strong data-start=\"2149\" data-end=\"2162\">En coche<\/strong><\/h3><p data-start=\"2165\" data-end=\"2204\">The fastest and most flexible option.<\/p><ul data-start=\"2205\" data-end=\"2362\"><li data-start=\"2205\" data-end=\"2255\"><p data-start=\"2207\" data-end=\"2255\"><strong data-start=\"2207\" data-end=\"2217\">Route:<\/strong> A-7 motorway (scenic coastal drive)<\/p><\/li><li data-start=\"2256\" data-end=\"2310\"><p data-start=\"2258\" data-end=\"2310\"><strong data-start=\"2258\" data-end=\"2282\">Time from Almu\u00f1\u00e9car:<\/strong> approx. 1 hour 20 minutes<\/p><\/li><li data-start=\"2311\" data-end=\"2362\"><p data-start=\"2313\" data-end=\"2362\"><strong data-start=\"2313\" data-end=\"2334\">Time from Motril:<\/strong> approx. 1 hour 30 minutes<\/p><\/li><\/ul><p data-start=\"2364\" data-end=\"2438\">The drive is straightforward and offers beautiful sea views along the way.<\/p><h3 data-start=\"2440\" data-end=\"2459\"><strong data-start=\"2444\" data-end=\"2457\">By Bus<\/strong><\/h3><p data-start=\"2460\" data-end=\"2562\">Direct buses between the Costa Tropical and Marbella are limited.<br data-start=\"2525\" data-end=\"2528\" \/>In most cases, you will need to:<\/p><ol data-start=\"2563\" data-end=\"2645\"><li data-start=\"2563\" data-end=\"2588\"><p data-start=\"2566\" data-end=\"2588\">Travel to <strong data-start=\"2576\" data-end=\"2586\">M\u00e1laga<\/strong><\/p><\/li><li data-start=\"2589\" data-end=\"2645\"><p data-start=\"2592\" data-end=\"2645\">Transfer to a bus heading to <strong data-start=\"2621\" data-end=\"2645\">Marbella Bus Station<\/strong><\/p><\/li><\/ol><p data-start=\"2647\" data-end=\"2700\">This option is budget-friendly, but not the quickest.<\/p>\t\t\t\t\t\t\t\t<\/div>\n\t\t\t\t<\/div>\n\t\t\t\t\t<\/div>\n\t\t<\/div>\n\t\t\t\t\t<\/div>\n\t\t<\/section>\n\t\t\t\t<section class=\"elementor-section elementor-top-section elementor-element elementor-element-8c0b644 elementor-section-boxed elementor-section-height-default elementor-section-height-default rt-parallax-bg-no\" data-id=\"8c0b644\" data-element_type=\"section\" data-e-type=\"section\">\n\t\t\t\t\t\t<div class=\"elementor-container elementor-column-gap-default\">\n\t\t\t\t\t<div class=\"elementor-column elementor-col-100 elementor-top-column elementor-element elementor-element-1d39e83\" data-id=\"1d39e83\" data-element_type=\"column\" data-e-type=\"column\">\n\t\t\t<div class=\"elementor-widget-wrap elementor-element-populated\">\n\t\t\t\t\t\t<div class=\"elementor-element elementor-element-080b9f3 elementor-widget elementor-widget-heading\" data-id=\"080b9f3\" data-element_type=\"widget\" data-e-type=\"widget\" data-widget_type=\"heading.default\">\n\t\t\t\t<div class=\"elementor-widget-container\">\n\t\t\t\t\t<h2 class=\"elementor-heading-title elementor-size-default\">Best Guided Tours &amp; Experiences in Marbella<\/h2>\t\t\t\t<\/div>\n\t\t\t\t<\/div>\n\t\t\t\t\t<\/div>\n\t\t<\/div>\n\t\t\t\t\t<\/div>\n\t\t<\/section>\n\t\t\t\t<section class=\"elementor-section elementor-top-section elementor-element elementor-element-e12ed51 elementor-section-boxed elementor-section-height-default elementor-section-height-default rt-parallax-bg-no\" data-id=\"e12ed51\" data-element_type=\"section\" data-e-type=\"section\">\n\t\t\t\t\t\t<div class=\"elementor-container elementor-column-gap-default\">\n\t\t\t\t\t<div class=\"elementor-column elementor-col-100 elementor-top-column elementor-element elementor-element-a621bd7\" data-id=\"a621bd7\" data-element_type=\"column\" data-e-type=\"column\">\n\t\t\t<div class=\"elementor-widget-wrap elementor-element-populated\">\n\t\t\t\t\t\t<div class=\"elementor-element elementor-element-c6962a9 elementor-widget elementor-widget-text-editor\" data-id=\"c6962a9\" data-element_type=\"widget\" data-e-type=\"widget\" data-widget_type=\"text-editor.default\">\n\t\t\t\t<div class=\"elementor-widget-container\">\n\t\t\t\t\t\t\t\t\t<p>Marbella offers a diverse selection of activities for every type of traveller\u2014from relaxed coastal experiences to cultural walks and adventure outings. Visitors can enjoy boat and catamaran trips, explore the charm of Marbella\u2019s Old Town with a guided tour, discover its culinary scene through tapas experiences, or opt for something more adventurous like a buggy tour in the surrounding hills. Below, you\u2019ll find a curated selection of guided tours and activities available to book directly through the widget.<\/p>\t\t\t\t\t\t\t\t<\/div>\n\t\t\t\t<\/div>\n\t\t\t\t\t<\/div>\n\t\t<\/div>\n\t\t\t\t\t<\/div>\n\t\t<\/section>\n\t\t\t\t<section class=\"elementor-section elementor-top-section elementor-element elementor-element-b926e3a elementor-section-boxed elementor-section-height-default elementor-section-height-default rt-parallax-bg-no\" data-id=\"b926e3a\" data-element_type=\"section\" data-e-type=\"section\">\n\t\t\t\t\t\t<div class=\"elementor-container elementor-column-gap-default\">\n\t\t\t\t\t<div class=\"elementor-column elementor-col-100 elementor-top-column elementor-element elementor-element-6c7013b\" data-id=\"6c7013b\" data-element_type=\"column\" data-e-type=\"column\">\n\t\t\t<div class=\"elementor-widget-wrap elementor-element-populated\">\n\t\t\t\t\t\t<div class=\"elementor-element elementor-element-5f4449e elementor-widget elementor-widget-shortcode\" data-id=\"5f4449e\" data-element_type=\"widget\" data-e-type=\"widget\" data-widget_type=\"shortcode.default\">\n\t\t\t\t<div class=\"elementor-widget-container\">\n\t\t\t\t\t\t\t<div class=\"elementor-shortcode\"><div data-vi-partner-id=\"P00141943\" data-vi-widget-ref=\"W-8983ffe0-7dec-45bd-9679-3a5397ba8802\"><\/div>\n<script async src=\"https:\/\/www.viator.com\/orion\/partner\/widget.js\"><\/script><\/div>\n\t\t\t\t\t\t<\/div>\n\t\t\t\t<\/div>\n\t\t\t\t\t<\/div>\n\t\t<\/div>\n\t\t\t\t\t<\/div>\n\t\t<\/section>\n\t\t\t\t<section class=\"elementor-section elementor-top-section elementor-element elementor-element-33b3eb2 elementor-section-boxed elementor-section-height-default elementor-section-height-default rt-parallax-bg-no\" data-id=\"33b3eb2\" data-element_type=\"section\" data-e-type=\"section\">\n\t\t\t\t\t\t<div class=\"elementor-container elementor-column-gap-default\">\n\t\t\t\t\t<div class=\"elementor-column elementor-col-100 elementor-top-column elementor-element elementor-element-0faeac3\" data-id=\"0faeac3\" data-element_type=\"column\" data-e-type=\"column\">\n\t\t\t<div class=\"elementor-widget-wrap elementor-element-populated\">\n\t\t\t\t\t\t<div class=\"elementor-element elementor-element-eceb6da elementor-widget elementor-widget-spacer\" data-id=\"eceb6da\" data-element_type=\"widget\" data-e-type=\"widget\" data-widget_type=\"spacer.default\">\n\t\t\t\t<div class=\"elementor-widget-container\">\n\t\t\t\t\t\t\t<div class=\"elementor-spacer\">\n\t\t\t<div class=\"elementor-spacer-inner\"><\/div>\n\t\t<\/div>\n\t\t\t\t\t\t<\/div>\n\t\t\t\t<\/div>\n\t\t\t\t\t<\/div>\n\t\t<\/div>\n\t\t\t\t\t<\/div>\n\t\t<\/section>\n\t\t\t\t<section class=\"elementor-section elementor-top-section elementor-element elementor-element-07b90a4 elementor-section-boxed elementor-section-height-default elementor-section-height-default rt-parallax-bg-no\" data-id=\"07b90a4\" data-element_type=\"section\" data-e-type=\"section\">\n\t\t\t\t\t\t<div class=\"elementor-container elementor-column-gap-default\">\n\t\t\t\t\t<div class=\"elementor-column elementor-col-100 elementor-top-column elementor-element elementor-element-429e78b\" data-id=\"429e78b\" data-element_type=\"column\" data-e-type=\"column\">\n\t\t\t<div class=\"elementor-widget-wrap elementor-element-populated\">\n\t\t\t\t\t\t<div class=\"elementor-element elementor-element-f91be37 elementor-widget elementor-widget-text-editor\" data-id=\"f91be37\" data-element_type=\"widget\" data-e-type=\"widget\" data-widget_type=\"text-editor.default\">\n\t\t\t\t<div class=\"elementor-widget-container\">\n\t\t\t\t\t\t\t\t\t<h4>Explora este sitio web<\/h4><ul><li><a href=\"https:\/\/costatropical.com\/es\/tours-in-malaga\/\">Tours in M\u00e1laga<\/a><\/li><li class=\"elementor-sitemap-item elementor-sitemap-item-page page_item page-item-14106\"><a href=\"https:\/\/costatropical.com\/es\/excursions-from-almunecar\/\">Excursions from Almu\u00f1\u00e9car<\/a><\/li><li class=\"elementor-sitemap-item elementor-sitemap-item-page page_item page-item-14153\"><a href=\"https:\/\/costatropical.com\/es\/ronda\/\">Ronda<\/a><\/li><li class=\"elementor-sitemap-item elementor-sitemap-item-page page_item page-item-14182\"><a href=\"https:\/\/costatropical.com\/es\/ubeda-baeza\/\">\u00dabeda and Baeza<\/a><\/li><li><a href=\"https:\/\/costatropical.com\/es\/tradiciones-fiestas-costa-tropical\/\">Tradiciones y fiestas<\/a><\/li><li><a href=\"https:\/\/costatropical.com\/es\/viajar-a-espana\/\">Informaci\u00f3n \u00fatil para su viaje a Espa\u00f1a<\/a><\/li><li><a href=\"https:\/\/costatropical.com\/es\/transporte\/\">Transporte p\u00fablico y privado en Granada y la Costa Tropical<\/a>l<\/li><li><a href=\"https:\/\/costatropical.com\/es\/things-to-see-do\/\">Qu\u00e9 ver y qu\u00e9 hacer<\/a><\/li><li><a href=\"https:\/\/costatropical.com\/es\/costa-del-sol-v-costa-tropical-2\/\">El atractivo m\u00e1s exclusivo de la Costa Tropical sobre la Costa del Sol<\/a><\/li><li><a href=\"https:\/\/costatropical.com\/es\/costa-tropical\/\">Todas las p\u00e1ginas de este sitio web<\/a><\/li><\/ul>\t\t\t\t\t\t\t\t<\/div>\n\t\t\t\t<\/div>\n\t\t\t\t\t<\/div>\n\t\t<\/div>\n\t\t\t\t\t<\/div>\n\t\t<\/section>\n\t\t\t\t<section class=\"elementor-section elementor-top-section elementor-element elementor-element-d4c3712 elementor-section-boxed elementor-section-height-default elementor-section-height-default rt-parallax-bg-no\" data-id=\"d4c3712\" data-element_type=\"section\" data-e-type=\"section\">\n\t\t\t\t\t\t<div class=\"elementor-container elementor-column-gap-default\">\n\t\t\t\t\t<div class=\"elementor-column elementor-col-100 elementor-top-column elementor-element elementor-element-b3173f0\" data-id=\"b3173f0\" data-element_type=\"column\" data-e-type=\"column\">\n\t\t\t<div class=\"elementor-widget-wrap elementor-element-populated\">\n\t\t\t\t\t\t<div class=\"elementor-element elementor-element-37b4ec6 elementor-widget elementor-widget-image\" data-id=\"37b4ec6\" data-element_type=\"widget\" data-e-type=\"widget\" data-widget_type=\"image.default\">\n\t\t\t\t<div class=\"elementor-widget-container\">\n\t\t\t\t\t\t\t\t\t\t\t\t\t\t\t\t<a href=\"https:\/\/costatropical.com\/es\/tiempo-costatropical\/\">\n\t\t\t\t\t\t\t<img decoding=\"async\" width=\"97\" height=\"118\" src=\"https:\/\/costatropical.com\/wp-content\/uploads\/2024\/02\/weather.png\" class=\"attachment-medium size-medium wp-image-11177\" alt=\"\" srcset=\"https:\/\/costatropical.com\/wp-content\/uploads\/2024\/02\/weather.png 97w, https:\/\/costatropical.com\/wp-content\/uploads\/2024\/02\/weather-10x12.png 10w\" sizes=\"(max-width: 97px) 100vw, 97px\" title=\"\">\t\t\t\t\t\t\t\t<\/a>\n\t\t\t\t\t\t\t\t\t\t\t\t\t\t\t<\/div>\n\t\t\t\t<\/div>\n\t\t\t\t\t<\/div>\n\t\t<\/div>\n\t\t\t\t\t<\/div>\n\t\t<\/section>\n\t\t\t\t<\/div>","protected":false},"excerpt":{"rendered":"<p>Marbella: What to See, How to Get There &amp; Best Tours from the Costa Tropical Marbella is one of the most iconic destinations on the Costa del Sol and a popular day trip for travellers staying in the Costa Tropical. Known for its Mediterranean charm, historic old town, luxury marinas and golden beaches, Marbella offers<\/p>","protected":false},"author":1,"featured_media":12264,"parent":0,"menu_order":0,"comment_status":"closed","ping_status":"closed","template":"elementor_header_footer","meta":{"_rtcl_gb_attr":"","footnotes":""},"class_list":["post-14183","page","type-page","status-publish","has-post-thumbnail","hentry","have-post-thumb"],"_links":{"self":[{"href":"https:\/\/costatropical.com\/es\/wp-json\/wp\/v2\/pages\/14183","targetHints":{"allow":["GET"]}}],"collection":[{"href":"https:\/\/costatropical.com\/es\/wp-json\/wp\/v2\/pages"}],"about":[{"href":"https:\/\/costatropical.com\/es\/wp-json\/wp\/v2\/types\/page"}],"author":[{"embeddable":true,"href":"https:\/\/costatropical.com\/es\/wp-json\/wp\/v2\/users\/1"}],"replies":[{"embeddable":true,"href":"https:\/\/costatropical.com\/es\/wp-json\/wp\/v2\/comments?post=14183"}],"version-history":[{"count":8,"href":"https:\/\/costatropical.com\/es\/wp-json\/wp\/v2\/pages\/14183\/revisions"}],"predecessor-version":[{"id":14228,"href":"https:\/\/costatropical.com\/es\/wp-json\/wp\/v2\/pages\/14183\/revisions\/14228"}],"wp:featuredmedia":[{"embeddable":true,"href":"https:\/\/costatropical.com\/es\/wp-json\/wp\/v2\/media\/12264"}],"wp:attachment":[{"href":"https:\/\/costatropical.com\/es\/wp-json\/wp\/v2\/media?parent=14183"}],"curies":[{"name":"wp","href":"https:\/\/api.w.org\/{rel}","templated":true}]}}