{"id":14107,"date":"2025-12-16T20:11:03","date_gmt":"2025-12-16T19:11:03","guid":{"rendered":"https:\/\/costatropical.com\/?page_id=14107"},"modified":"2025-12-16T20:23:52","modified_gmt":"2025-12-16T19:23:52","slug":"activities-costa-tropical","status":"publish","type":"page","link":"https:\/\/costatropical.com\/es\/activities-costa-tropical\/","title":{"rendered":"Experiences in Costa Tropical"},"content":{"rendered":"<div data-elementor-type=\"wp-page\" data-elementor-id=\"14107\" class=\"elementor elementor-14107\" data-elementor-post-type=\"page\">\n\t\t\t\t\t\t<section class=\"elementor-section elementor-top-section elementor-element elementor-element-9db5f62 elementor-section-boxed elementor-section-height-default elementor-section-height-default rt-parallax-bg-no\" data-id=\"9db5f62\" data-element_type=\"section\" data-e-type=\"section\">\n\t\t\t\t\t\t<div class=\"elementor-container elementor-column-gap-default\">\n\t\t\t\t\t<div class=\"elementor-column elementor-col-100 elementor-top-column elementor-element elementor-element-e50616f\" data-id=\"e50616f\" data-element_type=\"column\" data-e-type=\"column\">\n\t\t\t<div class=\"elementor-widget-wrap\">\n\t\t\t\t\t\t\t<\/div>\n\t\t<\/div>\n\t\t\t\t\t<\/div>\n\t\t<\/section>\n\t\t\t\t<section class=\"elementor-section elementor-top-section elementor-element elementor-element-440ac7f elementor-section-boxed elementor-section-height-default elementor-section-height-default rt-parallax-bg-no\" data-id=\"440ac7f\" data-element_type=\"section\" data-e-type=\"section\">\n\t\t\t\t\t\t<div class=\"elementor-container elementor-column-gap-default\">\n\t\t\t\t\t<div class=\"elementor-column elementor-col-100 elementor-top-column elementor-element elementor-element-32609ab\" data-id=\"32609ab\" data-element_type=\"column\" data-e-type=\"column\">\n\t\t\t<div class=\"elementor-widget-wrap elementor-element-populated\">\n\t\t\t\t\t\t<div class=\"elementor-element elementor-element-1adb5ba elementor-widget elementor-widget-spacer\" data-id=\"1adb5ba\" data-element_type=\"widget\" data-e-type=\"widget\" data-widget_type=\"spacer.default\">\n\t\t\t\t<div class=\"elementor-widget-container\">\n\t\t\t\t\t\t\t<div class=\"elementor-spacer\">\n\t\t\t<div class=\"elementor-spacer-inner\"><\/div>\n\t\t<\/div>\n\t\t\t\t\t\t<\/div>\n\t\t\t\t<\/div>\n\t\t\t\t\t<\/div>\n\t\t<\/div>\n\t\t\t\t\t<\/div>\n\t\t<\/section>\n\t\t\t\t<section class=\"elementor-section elementor-top-section elementor-element elementor-element-3a32983 elementor-section-boxed elementor-section-height-default elementor-section-height-default rt-parallax-bg-no\" data-id=\"3a32983\" data-element_type=\"section\" data-e-type=\"section\">\n\t\t\t\t\t\t<div class=\"elementor-container elementor-column-gap-default\">\n\t\t\t\t\t<div class=\"elementor-column elementor-col-100 elementor-top-column elementor-element elementor-element-0094017\" data-id=\"0094017\" data-element_type=\"column\" data-e-type=\"column\">\n\t\t\t<div class=\"elementor-widget-wrap elementor-element-populated\">\n\t\t\t\t\t\t<div class=\"elementor-element elementor-element-b6466ca elementor-widget elementor-widget-heading\" data-id=\"b6466ca\" data-element_type=\"widget\" data-e-type=\"widget\" data-widget_type=\"heading.default\">\n\t\t\t\t<div class=\"elementor-widget-container\">\n\t\t\t\t\t<h1 class=\"elementor-heading-title elementor-size-default\">Discover the Best Tours and Activities on the Costa Tropical<\/h1>\t\t\t\t<\/div>\n\t\t\t\t<\/div>\n\t\t\t\t\t<\/div>\n\t\t<\/div>\n\t\t\t\t\t<\/div>\n\t\t<\/section>\n\t\t\t\t<section class=\"elementor-section elementor-top-section elementor-element elementor-element-7b57d16 elementor-section-boxed elementor-section-height-default elementor-section-height-default rt-parallax-bg-no\" data-id=\"7b57d16\" data-element_type=\"section\" data-e-type=\"section\">\n\t\t\t\t\t\t<div class=\"elementor-container elementor-column-gap-default\">\n\t\t\t\t\t<div class=\"elementor-column elementor-col-100 elementor-top-column elementor-element elementor-element-e718bd2\" data-id=\"e718bd2\" data-element_type=\"column\" data-e-type=\"column\">\n\t\t\t<div class=\"elementor-widget-wrap elementor-element-populated\">\n\t\t\t\t\t\t\t<\/div>\n\t\t<\/div>\n\t\t\t\t\t<\/div>\n\t\t<\/section>\n\t\t\t\t<section class=\"elementor-section elementor-top-section elementor-element elementor-element-9864dda elementor-section-boxed elementor-section-height-default elementor-section-height-default rt-parallax-bg-no\" data-id=\"9864dda\" data-element_type=\"section\" data-e-type=\"section\">\n\t\t\t\t\t\t<div class=\"elementor-container elementor-column-gap-default\">\n\t\t\t\t\t<div class=\"elementor-column elementor-col-100 elementor-top-column elementor-element elementor-element-b0856e8\" data-id=\"b0856e8\" data-element_type=\"column\" data-e-type=\"column\">\n\t\t\t<div class=\"elementor-widget-wrap elementor-element-populated\">\n\t\t\t\t\t\t<div class=\"elementor-element elementor-element-9f4992e elementor-widget elementor-widget-text-editor\" data-id=\"9f4992e\" data-element_type=\"widget\" data-e-type=\"widget\" data-widget_type=\"text-editor.default\">\n\t\t\t\t<div class=\"elementor-widget-container\">\n\t\t\t\t\t\t\t\t\t<p>Discover the beauty and excitement of Spain\u2019s Costa Tropical, where adventure, relaxation, and breathtaking scenery come together. From the historic streets of Almu\u00f1\u00e9car and Salobre\u00f1a to the beaches of Playa Granada, Torrenueva, and La Herradura, the Costa Tropical offers something for every traveler.<\/p><p data-start=\"501\" data-end=\"1004\">Make the most of your visit with a variety of outdoor activities and tours. Paddle along the coast on a kayak excursion, dive into the turquoise waters with snorkeling adventures, or set sail on a sailboat trip to see dolphins, available as private or public experiences. For water sports enthusiasts, windsurfing courses provides the perfect introduction to the waves, while a catamaran excursion offers a leisurely way to explore the coastline and enjoy stunning sunsets.<\/p><p data-start=\"1006\" data-end=\"1289\">Thrill-seekers can take on canyoning through the dramatic cliffs and gorges of the region, combining adventure with spectacular natural scenery. Sunset boat trips are ideal for those seeking romance or simply wanting to relax as the sky turns golden over the Mediterranean.<\/p><p data-start=\"1291\" data-end=\"1646\">Whether you\u2019re visiting Almu\u00f1\u00e9car, La Herradura, Salobre\u00f1a, Playa Granada, or Motril, the Costa Tropical is a paradise for outdoor enthusiasts, families, and anyone looking to create unforgettable memories. Book your next adventure and experience the best tours, water activities, and excursions that southern Spain has to offer.<\/p>\t\t\t\t\t\t\t\t<\/div>\n\t\t\t\t<\/div>\n\t\t\t\t\t<\/div>\n\t\t<\/div>\n\t\t\t\t\t<\/div>\n\t\t<\/section>\n\t\t\t\t<section class=\"elementor-section elementor-top-section elementor-element elementor-element-e5c61b9 elementor-section-boxed elementor-section-height-default elementor-section-height-default rt-parallax-bg-no\" data-id=\"e5c61b9\" data-element_type=\"section\" data-e-type=\"section\">\n\t\t\t\t\t\t<div class=\"elementor-container elementor-column-gap-default\">\n\t\t\t\t\t<div class=\"elementor-column elementor-col-100 elementor-top-column elementor-element elementor-element-fae09de\" data-id=\"fae09de\" data-element_type=\"column\" data-e-type=\"column\">\n\t\t\t<div class=\"elementor-widget-wrap elementor-element-populated\">\n\t\t\t\t\t\t<div class=\"elementor-element elementor-element-35e5645 elementor-widget elementor-widget-heading\" data-id=\"35e5645\" data-element_type=\"widget\" data-e-type=\"widget\" data-widget_type=\"heading.default\">\n\t\t\t\t<div class=\"elementor-widget-container\">\n\t\t\t\t\t<h2 class=\"elementor-heading-title elementor-size-default\">Nuestras actividades y experiencias recomendadas en Granada<\/h2>\t\t\t\t<\/div>\n\t\t\t\t<\/div>\n\t\t\t\t\t<\/div>\n\t\t<\/div>\n\t\t\t\t\t<\/div>\n\t\t<\/section>\n\t\t\t\t<section class=\"elementor-section elementor-top-section elementor-element elementor-element-353e7fd elementor-section-boxed elementor-section-height-default elementor-section-height-default rt-parallax-bg-no\" data-id=\"353e7fd\" data-element_type=\"section\" data-e-type=\"section\">\n\t\t\t\t\t\t<div class=\"elementor-container elementor-column-gap-default\">\n\t\t\t\t\t<div class=\"elementor-column elementor-col-100 elementor-top-column elementor-element elementor-element-a23b006\" data-id=\"a23b006\" data-element_type=\"column\" data-e-type=\"column\">\n\t\t\t<div class=\"elementor-widget-wrap elementor-element-populated\">\n\t\t\t\t\t\t<div class=\"elementor-element elementor-element-17cc3a7 elementor-widget elementor-widget-html\" data-id=\"17cc3a7\" data-element_type=\"widget\" data-e-type=\"widget\" data-widget_type=\"html.default\">\n\t\t\t\t<div class=\"elementor-widget-container\">\n\t\t\t\t\t<div data-vi-partner-id=\"P00141943\" data-vi-widget-ref=\"W-578f62ec-55a9-4b76-8c22-c9435f35e023\"><\/div>\r\n<script async src=\"https:\/\/www.viator.com\/orion\/partner\/widget.js\"><\/script>\t\t\t\t<\/div>\n\t\t\t\t<\/div>\n\t\t\t\t\t<\/div>\n\t\t<\/div>\n\t\t\t\t\t<\/div>\n\t\t<\/section>\n\t\t\t\t<section class=\"elementor-section elementor-top-section elementor-element elementor-element-e755d8e elementor-section-boxed elementor-section-height-default elementor-section-height-default rt-parallax-bg-no\" data-id=\"e755d8e\" data-element_type=\"section\" data-e-type=\"section\">\n\t\t\t\t\t\t<div class=\"elementor-container elementor-column-gap-default\">\n\t\t\t\t\t<div class=\"elementor-column elementor-col-100 elementor-top-column elementor-element elementor-element-aadd0fa\" data-id=\"aadd0fa\" data-element_type=\"column\" data-e-type=\"column\">\n\t\t\t<div class=\"elementor-widget-wrap elementor-element-populated\">\n\t\t\t\t\t\t<div class=\"elementor-element elementor-element-9984c43 elementor-widget elementor-widget-spacer\" data-id=\"9984c43\" data-element_type=\"widget\" data-e-type=\"widget\" data-widget_type=\"spacer.default\">\n\t\t\t\t<div class=\"elementor-widget-container\">\n\t\t\t\t\t\t\t<div class=\"elementor-spacer\">\n\t\t\t<div class=\"elementor-spacer-inner\"><\/div>\n\t\t<\/div>\n\t\t\t\t\t\t<\/div>\n\t\t\t\t<\/div>\n\t\t\t\t\t<\/div>\n\t\t<\/div>\n\t\t\t\t\t<\/div>\n\t\t<\/section>\n\t\t\t\t<section class=\"elementor-section elementor-top-section elementor-element elementor-element-947e005 elementor-section-boxed elementor-section-height-default elementor-section-height-default rt-parallax-bg-no\" data-id=\"947e005\" data-element_type=\"section\" data-e-type=\"section\">\n\t\t\t\t\t\t<div class=\"elementor-container elementor-column-gap-default\">\n\t\t\t\t\t<div class=\"elementor-column elementor-col-100 elementor-top-column elementor-element elementor-element-2b5e788\" data-id=\"2b5e788\" data-element_type=\"column\" data-e-type=\"column\">\n\t\t\t<div class=\"elementor-widget-wrap elementor-element-populated\">\n\t\t\t\t\t\t<section class=\"elementor-section elementor-inner-section elementor-element elementor-element-de1ab6e elementor-section-boxed elementor-section-height-default elementor-section-height-default rt-parallax-bg-no\" data-id=\"de1ab6e\" data-element_type=\"section\" data-e-type=\"section\" data-settings=\"{&quot;background_background&quot;:&quot;classic&quot;}\">\n\t\t\t\t\t\t\t<div class=\"elementor-background-overlay\"><\/div>\n\t\t\t\t\t\t\t<div class=\"elementor-container elementor-column-gap-default\">\n\t\t\t\t\t<div class=\"elementor-column elementor-col-50 elementor-inner-column elementor-element elementor-element-2a4235d\" data-id=\"2a4235d\" data-element_type=\"column\" data-e-type=\"column\">\n\t\t\t<div class=\"elementor-widget-wrap elementor-element-populated\">\n\t\t\t\t\t\t<div class=\"elementor-element elementor-element-15ed11c elementor-align-left elementor-align-center elementor-widget elementor-widget-rt-title\" data-id=\"15ed11c\" data-element_type=\"widget\" data-e-type=\"widget\" data-widget_type=\"rt-title.default\">\n\t\t\t\t<div class=\"elementor-widget-container\">\n\t\t\t\t\t<div class=\"section-heading\">\r\n\t<h2 class=\"heading-title\">Visitas guiadas a la Alhambra<\/h2><p>Una visita a Granada no est\u00e1 completa sin ver la Alhambra. Consulte nuestras sugerencias de visitas guiadas haciendo clic aqu\u00ed.<\/p>    <\/div>\t\t\t\t<\/div>\n\t\t\t\t<\/div>\n\t\t\t\t\t<\/div>\n\t\t<\/div>\n\t\t\t\t<div class=\"elementor-column elementor-col-50 elementor-inner-column elementor-element elementor-element-0ee6546\" data-id=\"0ee6546\" data-element_type=\"column\" data-e-type=\"column\">\n\t\t\t<div class=\"elementor-widget-wrap elementor-element-populated\">\n\t\t\t\t\t\t<div class=\"elementor-element elementor-element-089a4c2 elementor-align-right elementor-align-center elementor-widget elementor-widget-rt-button\" data-id=\"089a4c2\" data-element_type=\"widget\" data-e-type=\"widget\" data-widget_type=\"rt-button.default\">\n\t\t\t\t<div class=\"elementor-widget-container\">\n\t\t\t\t\t<div class=\"btn-wrap btn-v2\">\r\n\t<a href=\"https:\/\/costatropical.com\/es\/visitas-guiadas-alhambra\/\" class=\"item-btn\">\r\n\t\t<span class=\"btn__icon\">\r\n\t\t\t<svg width=\"20\" height=\"20\" viewbox=\"0 0 20 20\" fill=\"none\" xmlns=\"http:\/\/www.w3.org\/2000\/svg\"><path fill-rule=\"evenodd\" clip-rule=\"evenodd\" d=\"M1.25 10C1.25 12.3206 2.17187 14.5462 3.81282 16.1872C5.45376 17.8281 7.67936 18.75 10 18.75C12.3206 18.75 14.5462 17.8281 16.1872 16.1872C17.8281 14.5462 18.75 12.3206 18.75 10C18.75 7.67936 17.8281 5.45376 16.1872 3.81282C14.5462 2.17187 12.3206 1.25 10 1.25C7.67936 1.25 5.45376 2.17187 3.81282 3.81282C2.17187 5.45376 1.25 7.67936 1.25 10ZM20 10C20 12.6522 18.9464 15.1957 17.0711 17.0711C15.1957 18.9464 12.6522 20 10 20C7.34784 20 4.8043 18.9464 2.92893 17.0711C1.05357 15.1957 0 12.6522 0 10C0 7.34784 1.05357 4.8043 2.92893 2.92893C4.8043 1.05357 7.34784 0 10 0C12.6522 0 15.1957 1.05357 17.0711 2.92893C18.9464 4.8043 20 7.34784 20 10ZM5.625 9.375C5.45924 9.375 5.30027 9.44085 5.18306 9.55806C5.06585 9.67527 5 9.83424 5 10C5 10.1658 5.06585 10.3247 5.18306 10.4419C5.30027 10.5592 5.45924 10.625 5.625 10.625H12.8663L10.1825 13.3075C10.1244 13.3656 10.0783 13.4346 10.0468 13.5105C10.0154 13.5864 9.99921 13.6678 9.99921 13.75C9.99921 13.8322 10.0154 13.9136 10.0468 13.9895C10.0783 14.0654 10.1244 14.1344 10.1825 14.1925C10.2406 14.2506 10.3096 14.2967 10.3855 14.3282C10.4614 14.3596 10.5428 14.3758 10.625 14.3758C10.7072 14.3758 10.7886 14.3596 10.8645 14.3282C10.9404 14.2967 11.0094 14.2506 11.0675 14.1925L14.8175 10.4425C14.8757 10.3844 14.9219 10.3155 14.9534 10.2395C14.9849 10.1636 15.0011 10.0822 15.0011 10C15.0011 9.91779 14.9849 9.83639 14.9534 9.76046C14.9219 9.68453 14.8757 9.61556 14.8175 9.5575L11.0675 5.8075C11.0094 5.74939 10.9404 5.70329 10.8645 5.67185C10.7886 5.6404 10.7072 5.62421 10.625 5.62421C10.5428 5.62421 10.4614 5.6404 10.3855 5.67185C10.3096 5.70329 10.2406 5.74939 10.1825 5.8075C10.1244 5.86561 10.0783 5.9346 10.0468 6.01052C10.0154 6.08644 9.99921 6.16782 9.99921 6.25C9.99921 6.33218 10.0154 6.41356 10.0468 6.48948C10.0783 6.5654 10.1244 6.63439 10.1825 6.6925L12.8663 9.375H5.625Z\" fill=\"white\"\/><\/svg>\t\t<\/span>\r\n\t\t<span class=\"btn__text\">Haz clic aqu\u00ed<\/span>\r\n\t\t<span class=\"btn__icon\">\r\n\t\t\t<svg width=\"20\" height=\"20\" viewbox=\"0 0 20 20\" fill=\"none\" xmlns=\"http:\/\/www.w3.org\/2000\/svg\"><path fill-rule=\"evenodd\" clip-rule=\"evenodd\" d=\"M1.25 10C1.25 12.3206 2.17187 14.5462 3.81282 16.1872C5.45376 17.8281 7.67936 18.75 10 18.75C12.3206 18.75 14.5462 17.8281 16.1872 16.1872C17.8281 14.5462 18.75 12.3206 18.75 10C18.75 7.67936 17.8281 5.45376 16.1872 3.81282C14.5462 2.17187 12.3206 1.25 10 1.25C7.67936 1.25 5.45376 2.17187 3.81282 3.81282C2.17187 5.45376 1.25 7.67936 1.25 10ZM20 10C20 12.6522 18.9464 15.1957 17.0711 17.0711C15.1957 18.9464 12.6522 20 10 20C7.34784 20 4.8043 18.9464 2.92893 17.0711C1.05357 15.1957 0 12.6522 0 10C0 7.34784 1.05357 4.8043 2.92893 2.92893C4.8043 1.05357 7.34784 0 10 0C12.6522 0 15.1957 1.05357 17.0711 2.92893C18.9464 4.8043 20 7.34784 20 10ZM5.625 9.375C5.45924 9.375 5.30027 9.44085 5.18306 9.55806C5.06585 9.67527 5 9.83424 5 10C5 10.1658 5.06585 10.3247 5.18306 10.4419C5.30027 10.5592 5.45924 10.625 5.625 10.625H12.8663L10.1825 13.3075C10.1244 13.3656 10.0783 13.4346 10.0468 13.5105C10.0154 13.5864 9.99921 13.6678 9.99921 13.75C9.99921 13.8322 10.0154 13.9136 10.0468 13.9895C10.0783 14.0654 10.1244 14.1344 10.1825 14.1925C10.2406 14.2506 10.3096 14.2967 10.3855 14.3282C10.4614 14.3596 10.5428 14.3758 10.625 14.3758C10.7072 14.3758 10.7886 14.3596 10.8645 14.3282C10.9404 14.2967 11.0094 14.2506 11.0675 14.1925L14.8175 10.4425C14.8757 10.3844 14.9219 10.3155 14.9534 10.2395C14.9849 10.1636 15.0011 10.0822 15.0011 10C15.0011 9.91779 14.9849 9.83639 14.9534 9.76046C14.9219 9.68453 14.8757 9.61556 14.8175 9.5575L11.0675 5.8075C11.0094 5.74939 10.9404 5.70329 10.8645 5.67185C10.7886 5.6404 10.7072 5.62421 10.625 5.62421C10.5428 5.62421 10.4614 5.6404 10.3855 5.67185C10.3096 5.70329 10.2406 5.74939 10.1825 5.8075C10.1244 5.86561 10.0783 5.9346 10.0468 6.01052C10.0154 6.08644 9.99921 6.16782 9.99921 6.25C9.99921 6.33218 10.0154 6.41356 10.0468 6.48948C10.0783 6.5654 10.1244 6.63439 10.1825 6.6925L12.8663 9.375H5.625Z\" fill=\"white\"\/><\/svg>\t\t<\/span>\r\n\t<\/a>\r\n<\/div>\r\n\r\n\t\t\t\t<\/div>\n\t\t\t\t<\/div>\n\t\t\t\t\t<\/div>\n\t\t<\/div>\n\t\t\t\t\t<\/div>\n\t\t<\/section>\n\t\t\t\t\t<\/div>\n\t\t<\/div>\n\t\t\t\t\t<\/div>\n\t\t<\/section>\n\t\t\t\t<section class=\"elementor-section elementor-top-section elementor-element elementor-element-3093578 elementor-section-boxed elementor-section-height-default elementor-section-height-default rt-parallax-bg-no\" data-id=\"3093578\" data-element_type=\"section\" data-e-type=\"section\">\n\t\t\t\t\t\t<div class=\"elementor-container elementor-column-gap-default\">\n\t\t\t\t\t<div class=\"elementor-column elementor-col-100 elementor-top-column elementor-element elementor-element-06f9008\" data-id=\"06f9008\" data-element_type=\"column\" data-e-type=\"column\">\n\t\t\t<div class=\"elementor-widget-wrap elementor-element-populated\">\n\t\t\t\t\t\t<div class=\"elementor-element elementor-element-ecc665b elementor-widget elementor-widget-spacer\" data-id=\"ecc665b\" data-element_type=\"widget\" data-e-type=\"widget\" data-widget_type=\"spacer.default\">\n\t\t\t\t<div class=\"elementor-widget-container\">\n\t\t\t\t\t\t\t<div class=\"elementor-spacer\">\n\t\t\t<div class=\"elementor-spacer-inner\"><\/div>\n\t\t<\/div>\n\t\t\t\t\t\t<\/div>\n\t\t\t\t<\/div>\n\t\t\t\t\t<\/div>\n\t\t<\/div>\n\t\t\t\t\t<\/div>\n\t\t<\/section>\n\t\t\t\t<section class=\"elementor-section elementor-top-section elementor-element elementor-element-55f6ff5 elementor-section-boxed elementor-section-height-default elementor-section-height-default rt-parallax-bg-no\" data-id=\"55f6ff5\" data-element_type=\"section\" data-e-type=\"section\">\n\t\t\t\t\t\t<div class=\"elementor-container elementor-column-gap-default\">\n\t\t\t\t\t<div class=\"elementor-column elementor-col-100 elementor-top-column elementor-element elementor-element-ed59837\" data-id=\"ed59837\" data-element_type=\"column\" data-e-type=\"column\">\n\t\t\t<div class=\"elementor-widget-wrap elementor-element-populated\">\n\t\t\t\t\t\t<div class=\"elementor-element elementor-element-7fa7c78 elementor-widget elementor-widget-text-editor\" data-id=\"7fa7c78\" data-element_type=\"widget\" data-e-type=\"widget\" data-widget_type=\"text-editor.default\">\n\t\t\t\t<div class=\"elementor-widget-container\">\n\t\t\t\t\t\t\t\t\t<h4>Tambi\u00e9n puede interesarte...<\/h4><ul><li class=\"elementor-sitemap-item elementor-sitemap-item-page page_item page-item-11771\"><a href=\"https:\/\/costatropical.com\/es\/segway-and-electric-bike-tours\/\">Segway and Electric Bike Tours in Granada<\/a><\/li><li><a href=\"https:\/\/costatropical.com\/es\/sacromonte-2\/\">El Sacromonte<\/a><a href=\"https:\/\/costatropical.com\/es\/alhambra\/\"><br \/><\/a><\/li><li class=\"elementor-sitemap-item elementor-sitemap-item-page page_item page-item-10165\"><a href=\"https:\/\/costatropical.com\/es\/albaicin-2\/\">El Albaic\u00edn<\/a><\/li><li><a href=\"https:\/\/costatropical.com\/es\/alhambra\/\">La Alhambra<\/a><\/li><li><a href=\"https:\/\/costatropical.com\/es\/catedrales-granada\/\">Catedrales<\/a><\/li><li><a href=\"https:\/\/costatropical.com\/es\/flamenco\/\">Flamenco<\/a><\/li><li><a href=\"https:\/\/costatropical.com\/es\/costa-tropical-granada-bares-y-pubs\/\">Bares y pubs<\/a><\/li><li><a href=\"https:\/\/costatropical.com\/es\/carmen-rodriguez-acosta\/\">Carmen de la Fundaci\u00f3n Rodr\u00edguez Acosta<\/a><\/li><li><a href=\"https:\/\/costatropical.com\/es\/arab-baths\/\">Ba\u00f1os \u00e1rabes<\/a><\/li><li><a href=\"https:\/\/costatropical.com\/es\/parque-de-las-ciencias\/\">Parque de las Ciencias de Granada<\/a><\/li><li><a href=\"https:\/\/costatropical.com\/es\/sierra-nevada\/\">Parque Nacional de Sierra Nevada<\/a><\/li><li><a href=\"https:\/\/costatropical.com\/es\/estacion-esqui-sierra-nevada\/\">Sierra Nevada<\/a><\/li><\/ul>\t\t\t\t\t\t\t\t<\/div>\n\t\t\t\t<\/div>\n\t\t\t\t\t<\/div>\n\t\t<\/div>\n\t\t\t\t\t<\/div>\n\t\t<\/section>\n\t\t\t\t<\/div>","protected":false},"excerpt":{"rendered":"<p>Discover the Best Tours and Activities on the Costa Tropical Discover the beauty and excitement of Spain\u2019s Costa Tropical, where adventure, relaxation, and breathtaking scenery come together. From the historic streets of Almu\u00f1\u00e9car and Salobre\u00f1a to the beaches of Playa Granada, Torrenueva, and La Herradura, the Costa Tropical offers something for every traveler. Make the<\/p>","protected":false},"author":1,"featured_media":11375,"parent":0,"menu_order":0,"comment_status":"closed","ping_status":"closed","template":"elementor_header_footer","meta":{"_rtcl_gb_attr":"","footnotes":""},"class_list":["post-14107","page","type-page","status-publish","has-post-thumbnail","hentry","have-post-thumb"],"_links":{"self":[{"href":"https:\/\/costatropical.com\/es\/wp-json\/wp\/v2\/pages\/14107","targetHints":{"allow":["GET"]}}],"collection":[{"href":"https:\/\/costatropical.com\/es\/wp-json\/wp\/v2\/pages"}],"about":[{"href":"https:\/\/costatropical.com\/es\/wp-json\/wp\/v2\/types\/page"}],"author":[{"embeddable":true,"href":"https:\/\/costatropical.com\/es\/wp-json\/wp\/v2\/users\/1"}],"replies":[{"embeddable":true,"href":"https:\/\/costatropical.com\/es\/wp-json\/wp\/v2\/comments?post=14107"}],"version-history":[{"count":8,"href":"https:\/\/costatropical.com\/es\/wp-json\/wp\/v2\/pages\/14107\/revisions"}],"predecessor-version":[{"id":17742,"href":"https:\/\/costatropical.com\/es\/wp-json\/wp\/v2\/pages\/14107\/revisions\/17742"}],"wp:featuredmedia":[{"embeddable":true,"href":"https:\/\/costatropical.com\/es\/wp-json\/wp\/v2\/media\/11375"}],"wp:attachment":[{"href":"https:\/\/costatropical.com\/es\/wp-json\/wp\/v2\/media?parent=14107"}],"curies":[{"name":"wp","href":"https:\/\/api.w.org\/{rel}","templated":true}]}}