{"id":13869,"date":"2025-09-20T17:31:39","date_gmt":"2025-09-20T16:31:39","guid":{"rendered":"https:\/\/costatropical.com\/?page_id=13869"},"modified":"2025-10-09T17:05:19","modified_gmt":"2025-10-09T16:05:19","slug":"creacion-video","status":"publish","type":"page","link":"https:\/\/costatropical.com\/es\/video-creation\/","title":{"rendered":"Creaci\u00f3n de v\u00eddeos"},"content":{"rendered":"<div data-elementor-type=\"wp-page\" data-elementor-id=\"13869\" class=\"elementor elementor-13869\" data-elementor-post-type=\"page\">\n\t\t\t\t\t\t<section class=\"elementor-section elementor-top-section elementor-element elementor-element-9db5f62 elementor-section-boxed elementor-section-height-default elementor-section-height-default rt-parallax-bg-no\" data-id=\"9db5f62\" data-element_type=\"section\" data-e-type=\"section\">\n\t\t\t\t\t\t<div class=\"elementor-container elementor-column-gap-default\">\n\t\t\t\t\t<div class=\"elementor-column elementor-col-100 elementor-top-column elementor-element elementor-element-e50616f\" data-id=\"e50616f\" data-element_type=\"column\" data-e-type=\"column\">\n\t\t\t<div class=\"elementor-widget-wrap\">\n\t\t\t\t\t\t\t<\/div>\n\t\t<\/div>\n\t\t\t\t\t<\/div>\n\t\t<\/section>\n\t\t\t\t<section class=\"elementor-section elementor-top-section elementor-element elementor-element-440ac7f elementor-section-boxed elementor-section-height-default elementor-section-height-default rt-parallax-bg-no\" data-id=\"440ac7f\" data-element_type=\"section\" data-e-type=\"section\">\n\t\t\t\t\t\t<div class=\"elementor-container elementor-column-gap-default\">\n\t\t\t\t\t<div class=\"elementor-column elementor-col-100 elementor-top-column elementor-element elementor-element-32609ab\" data-id=\"32609ab\" data-element_type=\"column\" data-e-type=\"column\">\n\t\t\t<div class=\"elementor-widget-wrap elementor-element-populated\">\n\t\t\t\t\t\t<div class=\"elementor-element elementor-element-1adb5ba elementor-widget elementor-widget-spacer\" data-id=\"1adb5ba\" data-element_type=\"widget\" data-e-type=\"widget\" data-widget_type=\"spacer.default\">\n\t\t\t\t<div class=\"elementor-widget-container\">\n\t\t\t\t\t\t\t<div class=\"elementor-spacer\">\n\t\t\t<div class=\"elementor-spacer-inner\"><\/div>\n\t\t<\/div>\n\t\t\t\t\t\t<\/div>\n\t\t\t\t<\/div>\n\t\t\t\t<div class=\"elementor-element elementor-element-c3baedc elementor-widget elementor-widget-heading\" data-id=\"c3baedc\" data-element_type=\"widget\" data-e-type=\"widget\" data-widget_type=\"heading.default\">\n\t\t\t\t<div class=\"elementor-widget-container\">\n\t\t\t\t\t<h2 class=\"elementor-heading-title elementor-size-default\">Videos profesionales y cinematogr\u00e1ficos que dan vida a tu marca<\/h2>\t\t\t\t<\/div>\n\t\t\t\t<\/div>\n\t\t\t\t\t<\/div>\n\t\t<\/div>\n\t\t\t\t\t<\/div>\n\t\t<\/section>\n\t\t\t\t<section class=\"elementor-section elementor-top-section elementor-element elementor-element-2c86a45 elementor-section-boxed elementor-section-height-default elementor-section-height-default rt-parallax-bg-no\" data-id=\"2c86a45\" data-element_type=\"section\" data-e-type=\"section\">\n\t\t\t\t\t\t<div class=\"elementor-container elementor-column-gap-default\">\n\t\t\t\t\t<div class=\"elementor-column elementor-col-50 elementor-top-column elementor-element elementor-element-19eef23\" data-id=\"19eef23\" data-element_type=\"column\" data-e-type=\"column\">\n\t\t\t<div class=\"elementor-widget-wrap elementor-element-populated\">\n\t\t\t\t\t\t<div class=\"elementor-element elementor-element-69d1b35 elementor-widget elementor-widget-text-editor\" data-id=\"69d1b35\" data-element_type=\"widget\" data-e-type=\"widget\" data-widget_type=\"text-editor.default\">\n\t\t\t\t<div class=\"elementor-widget-container\">\n\t\t\t\t\t\t\t\t\t<p data-start=\"202\" data-end=\"492\">En Costa Tropical Solutions, creemos que el v\u00eddeo es una de las herramientas m\u00e1s poderosas para contar tu historia, conectar con tu audiencia y mostrar tu marca. Desde el concepto hasta la edici\u00f3n final, nos encargamos de cada paso del proceso, entregando v\u00eddeos que destacan por su calidad visual y su eficacia en todas las plataformas.<\/p><p data-start=\"494\" data-end=\"761\">Nuestro equipo utiliza equipo profesional de c\u00e1mara y herramientas de edici\u00f3n avanzadas para dar a tus v\u00eddeos un aspecto cinematogr\u00e1fico que sobresalga. Ya sea para tu sitio web, redes sociales o eventos promocionales, nos aseguramos de que tu marca luzca en su mejor versi\u00f3n en pantalla.<\/p>\t\t\t\t\t\t\t\t<\/div>\n\t\t\t\t<\/div>\n\t\t\t\t\t<\/div>\n\t\t<\/div>\n\t\t\t\t<div class=\"elementor-column elementor-col-50 elementor-top-column elementor-element elementor-element-933c814\" data-id=\"933c814\" data-element_type=\"column\" data-e-type=\"column\">\n\t\t\t<div class=\"elementor-widget-wrap elementor-element-populated\">\n\t\t\t\t\t\t<div class=\"elementor-element elementor-element-c3a09cc elementor-widget elementor-widget-image\" data-id=\"c3a09cc\" data-element_type=\"widget\" data-e-type=\"widget\" data-widget_type=\"image.default\">\n\t\t\t\t<div class=\"elementor-widget-container\">\n\t\t\t\t\t\t\t\t\t\t\t\t\t\t\t<img fetchpriority=\"high\" decoding=\"async\" width=\"1024\" height=\"682\" src=\"https:\/\/costatropical.com\/wp-content\/uploads\/2025\/10\/videocreation-1024x682.jpeg\" class=\"attachment-large size-large wp-image-13984\" alt=\"\" srcset=\"https:\/\/costatropical.com\/wp-content\/uploads\/2025\/10\/videocreation-1024x682.jpeg 1024w, https:\/\/costatropical.com\/wp-content\/uploads\/2025\/10\/videocreation-350x233.jpeg 350w, https:\/\/costatropical.com\/wp-content\/uploads\/2025\/10\/videocreation-18x12.jpeg 18w, https:\/\/costatropical.com\/wp-content\/uploads\/2025\/10\/videocreation.jpeg 1280w\" sizes=\"(max-width: 1024px) 100vw, 1024px\" title=\"\">\t\t\t\t\t\t\t\t\t\t\t\t\t\t\t<\/div>\n\t\t\t\t<\/div>\n\t\t\t\t\t<\/div>\n\t\t<\/div>\n\t\t\t\t\t<\/div>\n\t\t<\/section>\n\t\t\t\t<section class=\"elementor-section elementor-top-section elementor-element elementor-element-8e68865 elementor-section-boxed elementor-section-height-default elementor-section-height-default rt-parallax-bg-no\" data-id=\"8e68865\" data-element_type=\"section\" data-e-type=\"section\">\n\t\t\t\t\t\t<div class=\"elementor-container elementor-column-gap-default\">\n\t\t\t\t\t<div class=\"elementor-column elementor-col-100 elementor-top-column elementor-element elementor-element-21533ac\" data-id=\"21533ac\" data-element_type=\"column\" data-e-type=\"column\">\n\t\t\t<div class=\"elementor-widget-wrap elementor-element-populated\">\n\t\t\t\t\t\t<div class=\"elementor-element elementor-element-85fc53a elementor-widget elementor-widget-text-editor\" data-id=\"85fc53a\" data-element_type=\"widget\" data-e-type=\"widget\" data-widget_type=\"text-editor.default\">\n\t\t\t\t<div class=\"elementor-widget-container\">\n\t\t\t\t\t\t\t\t\t<p data-start=\"763\" data-end=\"801\">Nuestros servicios de creaci\u00f3n de v\u00eddeo incluyen:<\/p><ul data-start=\"803\" data-end=\"1209\"><li data-start=\"803\" data-end=\"874\"><p data-start=\"805\" data-end=\"874\"><strong data-start=\"808\" data-end=\"837\">V\u00eddeos de storytelling de marca:<\/strong> presenta tu empresa con impacto<\/p><\/li><li data-start=\"875\" data-end=\"956\"><p data-start=\"877\" data-end=\"956\"><strong data-start=\"880\" data-end=\"914\">V\u00eddeos de destinos y estilo de vida:<\/strong> muestra el estilo de vida de la Costa Tropical<\/p><\/li><li data-start=\"957\" data-end=\"1049\"><p data-start=\"959\" data-end=\"1049\"><strong data-start=\"962\" data-end=\"993\">Reels y v\u00eddeos cortos para redes sociales:<\/strong> contenido atractivo pensado para compartir y ganar visibilidad<\/p><\/li><li data-start=\"1050\" data-end=\"1126\"><p data-start=\"1052\" data-end=\"1126\"><strong data-start=\"1055\" data-end=\"1086\">Presentaci\u00f3n de productos y servicios:<\/strong> destaca lo que ofreces con estilo<\/p><\/li><li data-start=\"1127\" data-end=\"1209\"><p data-start=\"1129\" data-end=\"1209\"><strong data-start=\"1132\" data-end=\"1161\">Entrevistas y testimonios:<\/strong> da a tu negocio una voz humana y aut\u00e9ntica<\/p><\/li><\/ul>\t\t\t\t\t\t\t\t<\/div>\n\t\t\t\t<\/div>\n\t\t\t\t\t<\/div>\n\t\t<\/div>\n\t\t\t\t\t<\/div>\n\t\t<\/section>\n\t\t\t\t<section class=\"elementor-section elementor-top-section elementor-element elementor-element-3411855 elementor-section-boxed elementor-section-height-default elementor-section-height-default rt-parallax-bg-no\" data-id=\"3411855\" data-element_type=\"section\" data-e-type=\"section\">\n\t\t\t\t\t\t<div class=\"elementor-container elementor-column-gap-default\">\n\t\t\t\t\t<div class=\"elementor-column elementor-col-100 elementor-top-column elementor-element elementor-element-dfbb5e7\" data-id=\"dfbb5e7\" data-element_type=\"column\" data-e-type=\"column\">\n\t\t\t<div class=\"elementor-widget-wrap elementor-element-populated\">\n\t\t\t\t\t\t<div class=\"elementor-element elementor-element-0c82e8e elementor-widget elementor-widget-text-editor\" data-id=\"0c82e8e\" data-element_type=\"widget\" data-e-type=\"widget\" data-widget_type=\"text-editor.default\">\n\t\t\t\t<div class=\"elementor-widget-container\">\n\t\t\t\t\t\t\t\t\t<p data-start=\"1211\" data-end=\"1227\">\u00bfPor qu\u00e9 elegirnos?<\/p><ul data-start=\"1228\" data-end=\"1538\"><li data-start=\"1228\" data-end=\"1302\"><p data-start=\"1230\" data-end=\"1302\"><strong data-start=\"1233\" data-end=\"1265\">Producci\u00f3n de calidad cinematogr\u00e1fica<\/strong> con c\u00e1maras y equipos profesionales<\/p><\/li><li data-start=\"1303\" data-end=\"1370\"><p data-start=\"1305\" data-end=\"1370\"><strong data-start=\"1308\" data-end=\"1334\">Storytelling estrat\u00e9gico<\/strong> alineado con los objetivos de tu marca<\/p><\/li><li data-start=\"1371\" data-end=\"1466\"><p data-start=\"1373\" data-end=\"1466\"><strong data-start=\"1376\" data-end=\"1414\">Contenido adaptado a todas las plataformas:<\/strong> desde webs hasta Instagram, YouTube y m\u00e1s<\/p><\/li><li data-start=\"1467\" data-end=\"1538\"><p data-start=\"1469\" data-end=\"1538\"><strong data-start=\"1472\" data-end=\"1492\">Im\u00e1genes atractivas<\/strong> dise\u00f1adas para captar la atenci\u00f3n y generar acci\u00f3n<\/p><\/li><\/ul><p data-start=\"1540\" data-end=\"1709\">Con Costa Tropical Solutions, no solo obtienes un v\u00eddeo: obtienes una potente herramienta visual para elevar tu marca, cautivar a tu audiencia y potenciar tu negocio.<\/p>\t\t\t\t\t\t\t\t<\/div>\n\t\t\t\t<\/div>\n\t\t\t\t\t<\/div>\n\t\t<\/div>\n\t\t\t\t\t<\/div>\n\t\t<\/section>\n\t\t\t\t<section class=\"elementor-section elementor-top-section elementor-element elementor-element-f4bc6c3 elementor-section-boxed elementor-section-height-default elementor-section-height-default rt-parallax-bg-no\" data-id=\"f4bc6c3\" data-element_type=\"section\" data-e-type=\"section\">\n\t\t\t\t\t\t<div class=\"elementor-container elementor-column-gap-default\">\n\t\t\t\t\t<div class=\"elementor-column elementor-col-100 elementor-top-column elementor-element elementor-element-a8e3c43\" data-id=\"a8e3c43\" data-element_type=\"column\" data-e-type=\"column\">\n\t\t\t<div class=\"elementor-widget-wrap elementor-element-populated\">\n\t\t\t\t\t\t<div class=\"elementor-element elementor-element-61908ed elementor-widget elementor-widget-text-editor\" data-id=\"61908ed\" data-element_type=\"widget\" data-e-type=\"widget\" data-widget_type=\"text-editor.default\">\n\t\t\t\t<div class=\"elementor-widget-container\">\n\t\t\t\t\t\t\t\t\t<p><strong data-start=\"209\" data-end=\"247\">\u00bfListo\/a para poner tu historia en movimiento?<\/strong><br data-start=\"247\" data-end=\"250\" \/>Rellena el formulario de abajo para contarnos tus necesidades espec\u00edficas de v\u00eddeo, y te responderemos lo antes posible para comenzar a planificar tu proyecto.<\/p>\t\t\t\t\t\t\t\t<\/div>\n\t\t\t\t<\/div>\n\t\t\t\t\t<\/div>\n\t\t<\/div>\n\t\t\t\t\t<\/div>\n\t\t<\/section>\n\t\t\t\t<section class=\"elementor-section elementor-top-section elementor-element elementor-element-8798c26 elementor-section-boxed elementor-section-height-default elementor-section-height-default rt-parallax-bg-no\" data-id=\"8798c26\" data-element_type=\"section\" data-e-type=\"section\">\n\t\t\t\t\t\t<div class=\"elementor-container elementor-column-gap-default\">\n\t\t\t\t\t<div class=\"elementor-column elementor-col-100 elementor-top-column elementor-element elementor-element-b72d09a\" data-id=\"b72d09a\" data-element_type=\"column\" data-e-type=\"column\">\n\t\t\t<div class=\"elementor-widget-wrap elementor-element-populated\">\n\t\t\t\t\t\t<div class=\"elementor-element elementor-element-dd9363f fluentform-widget-submit-button-custom elementor-widget elementor-widget-fluent-form-widget\" data-id=\"dd9363f\" data-element_type=\"widget\" data-e-type=\"widget\" data-widget_type=\"fluent-form-widget.default\">\n\t\t\t\t<div class=\"elementor-widget-container\">\n\t\t\t\t\t\n            <div class=\"fluentform-widget-wrapper fluentform-widget-align-default\">\n\n            \n            <div class='fluentform ff-default fluentform_wrapper_1 ffs_default_wrap'><form data-form_id=\"1\" id=\"fluentform_1\" class=\"frm-fluent-form fluent_form_1 ff-el-form-top ff_form_instance_1_1 ff-form-loading ffs_default\" data-form_instance=\"ff_form_instance_1_1\" method=\"POST\" action=\"\" ><fieldset  style=\"border: none!important;margin: 0!important;padding: 0!important;background-color: transparent!important;box-shadow: none!important;outline: none!important; min-inline-size: 100%;\">\n                    <legend class=\"ff_screen_reader_title\" style=\"display: block; margin: 0!important;padding: 0!important;height: 0!important;text-indent: -999999px;width: 0!important;overflow:hidden;\">Contact Form Demo<\/legend>        <div\n                style=\"display: none!important; position: absolute!important; transform: translateX(1000%)!important;\"\n                class=\"ff-el-group ff-hpsf-container\"\n        >\n            <div class=\"ff-el-input--label asterisk-right\">\n                <label for=\"ff_1_item_sf\" aria-label=\"Subscribe\">\n                    Subscribe                <\/label>\n            <\/div>\n            <div class=\"ff-el-input--content\">\n                <input type=\"text\"\n                       name=\"item_1__fluent_sf\"\n                       class=\"ff-el-form-control\"\n                       id=\"ff_1_item_sf\"\n                \/>\n            <\/div>\n        <\/div>\n        <input type='hidden' name='__fluent_form_embded_post_id' value='13869' \/><input type=\"hidden\" id=\"_fluentform_1_fluentformnonce\" name=\"_fluentform_1_fluentformnonce\" value=\"50d4ba71ee\" \/><input type=\"hidden\" name=\"_wp_http_referer\" value=\"\/es\/wp-json\/wp\/v2\/pages\/13869\" \/><div data-name=\"ff_cn_id_1\"  class='ff-t-container ff-column-container ff_columns_total_2'><div class='ff-t-cell ff-t-column-1' style='flex-basis: 50%;'><div class='ff-el-group'><div class='ff-el-input--content'><input type=\"text\" name=\"input_text\" class=\"ff-el-form-control\" placeholder=\"Tu nombre\" data-name=\"input_text\" id=\"ff_1_input_text\"  aria-invalid=\"false\" aria-required=\"false\"><\/div><\/div><\/div><div class='ff-t-cell ff-t-column-2' style='flex-basis: 50%;'><div class='ff-el-group'><div class='ff-el-input--content'><input type=\"email\" name=\"email\" id=\"ff_1_email\" class=\"ff-el-form-control\" placeholder=\"Tu email\" data-name=\"email\"  aria-invalid=\"false\" aria-required=\"true\"><\/div><\/div><\/div><\/div><div class='ff-el-group'><div class=\"ff-el-input--label asterisk-right\"><label for='ff_1_numeric_field' id='label_ff_1_numeric_field' aria-label=\"Tel\u00e9fono\">Tel\u00e9fono<\/label><\/div><div class='ff-el-input--content'><input type=\"number\" name=\"numeric_field\" id=\"ff_1_numeric_field\" class=\"ff-el-form-control\" data-name=\"numeric_field\" inputmode=\"numeric\" step=\"any\"  aria-invalid=\"false\" aria-required=\"false\"><\/div><\/div><div class='ff-el-group'><div class='ff-el-input--content'><textarea aria-required=\"true\" aria-labelledby=\"label_ff_1_message\" name=\"message\" id=\"ff_1_message\" class=\"ff-el-form-control\" placeholder=\"Escribe tu mensaje\" rows=\"4\" cols=\"2\" data-name=\"message\" ><\/textarea><\/div><\/div><div class='ff-el-group ff-text-left btn-wrap btn-v2 ff_submit_btn_wrapper'><button type=\"submit\" class=\"ff-btn ff-btn-submit ff-btn-md item-btn ff_btn_no_style\"  aria-label=\"Enviar\">Enviar<\/button><\/div><\/fieldset><input type=\"hidden\" name=\"trp-form-language\" value=\"es\"\/><\/form><div id='fluentform_1_errors' class='ff-errors-in-stack ff_form_instance_1_1 ff-form-loading_errors ff_form_instance_1_1_errors'><\/div><\/div>            <script type=\"text\/javascript\">\n                window.fluent_form_ff_form_instance_1_1 = {\"id\":\"1\",\"ajaxUrl\":\"https:\\\/\\\/costatropical.com\\\/wp-admin\\\/admin-ajax.php\",\"settings\":{\"layout\":{\"labelPlacement\":\"top\",\"helpMessagePlacement\":\"with_label\",\"errorMessagePlacement\":\"inline\",\"cssClassName\":\"\",\"asteriskPlacement\":\"asterisk-right\"},\"restrictions\":{\"denyEmptySubmission\":{\"enabled\":false}}},\"form_instance\":\"ff_form_instance_1_1\",\"form_id_selector\":\"fluentform_1\",\"rules\":{\"input_text\":{\"required\":{\"value\":false,\"message\":\"This field is required\",\"global\":false,\"global_message\":\"This field is required\"}},\"email\":{\"required\":{\"value\":true,\"message\":\"This field is required\",\"global\":false,\"global_message\":\"This field is required\"},\"email\":{\"value\":true,\"message\":\"This field must contain a valid email\",\"global\":false,\"global_message\":\"This field must contain a valid email\"}},\"numeric_field\":{\"required\":{\"value\":false,\"message\":\"This field is required\",\"global_message\":\"This field is required\",\"global\":true},\"numeric\":{\"value\":true,\"message\":\"This field must contain numeric value\",\"global_message\":\"This field must contain numeric value\",\"global\":true},\"min\":{\"value\":\"\",\"message\":\"Validation fails for minimum value\",\"global_message\":\"Validation fails for minimum value\",\"global\":true},\"max\":{\"value\":\"\",\"message\":\"Validation fails for maximum value\",\"global_message\":\"Validation fails for maximum value\",\"global\":true},\"digits\":{\"value\":\"\",\"message\":\"Validation fails for limited digits\",\"global_message\":\"Validation fails for limited digits\",\"global\":true}},\"message\":{\"required\":{\"value\":true,\"message\":\"This field is required\",\"global\":false,\"global_message\":\"This field is required\"}}},\"debounce_time\":300};\n                            <\/script>\n                        <\/div>\n\n            \t\t\t\t<\/div>\n\t\t\t\t<\/div>\n\t\t\t\t\t<\/div>\n\t\t<\/div>\n\t\t\t\t\t<\/div>\n\t\t<\/section>\n\t\t\t\t<\/div>","protected":false},"excerpt":{"rendered":"<p>Professional, Cinematic Videos That Bring Your Brand to Life At Costa Tropical Solutions, we believe video is one of the most powerful ways to tell your story, connect with your audience, and showcase your brand. From concept to final edit, we handle every step of the process \u2014 delivering videos that look stunning and perform<\/p>","protected":false},"author":1,"featured_media":13942,"parent":0,"menu_order":0,"comment_status":"closed","ping_status":"closed","template":"elementor_header_footer","meta":{"_rtcl_gb_attr":"","footnotes":""},"class_list":["post-13869","page","type-page","status-publish","has-post-thumbnail","hentry","have-post-thumb"],"_links":{"self":[{"href":"https:\/\/costatropical.com\/es\/wp-json\/wp\/v2\/pages\/13869","targetHints":{"allow":["GET"]}}],"collection":[{"href":"https:\/\/costatropical.com\/es\/wp-json\/wp\/v2\/pages"}],"about":[{"href":"https:\/\/costatropical.com\/es\/wp-json\/wp\/v2\/types\/page"}],"author":[{"embeddable":true,"href":"https:\/\/costatropical.com\/es\/wp-json\/wp\/v2\/users\/1"}],"replies":[{"embeddable":true,"href":"https:\/\/costatropical.com\/es\/wp-json\/wp\/v2\/comments?post=13869"}],"version-history":[{"count":0,"href":"https:\/\/costatropical.com\/es\/wp-json\/wp\/v2\/pages\/13869\/revisions"}],"wp:featuredmedia":[{"embeddable":true,"href":"https:\/\/costatropical.com\/es\/wp-json\/wp\/v2\/media\/13942"}],"wp:attachment":[{"href":"https:\/\/costatropical.com\/es\/wp-json\/wp\/v2\/media?parent=13869"}],"curies":[{"name":"wp","href":"https:\/\/api.w.org\/{rel}","templated":true}]}}