{"id":13858,"date":"2025-09-20T10:07:16","date_gmt":"2025-09-20T09:07:16","guid":{"rendered":"https:\/\/costatropical.com\/?page_id=13858"},"modified":"2025-09-20T10:17:37","modified_gmt":"2025-09-20T09:17:37","slug":"arte-urbano-salobrena","status":"publish","type":"page","link":"https:\/\/costatropical.com\/es\/urban-art-in-salobrena\/","title":{"rendered":"Arte urbano en Salobre\u00f1a"},"content":{"rendered":"<div data-elementor-type=\"wp-page\" data-elementor-id=\"13858\" class=\"elementor elementor-13858\" data-elementor-post-type=\"page\">\n\t\t\t\t\t\t<section class=\"elementor-section elementor-top-section elementor-element elementor-element-9db5f62 elementor-section-boxed elementor-section-height-default elementor-section-height-default rt-parallax-bg-no\" data-id=\"9db5f62\" data-element_type=\"section\" data-e-type=\"section\">\n\t\t\t\t\t\t<div class=\"elementor-container elementor-column-gap-default\">\n\t\t\t\t\t<div class=\"elementor-column elementor-col-100 elementor-top-column elementor-element elementor-element-e50616f\" data-id=\"e50616f\" data-element_type=\"column\" data-e-type=\"column\">\n\t\t\t<div class=\"elementor-widget-wrap\">\n\t\t\t\t\t\t\t<\/div>\n\t\t<\/div>\n\t\t\t\t\t<\/div>\n\t\t<\/section>\n\t\t\t\t<section class=\"elementor-section elementor-top-section elementor-element elementor-element-440ac7f elementor-section-boxed elementor-section-height-default elementor-section-height-default rt-parallax-bg-no\" data-id=\"440ac7f\" data-element_type=\"section\" data-e-type=\"section\">\n\t\t\t\t\t\t<div class=\"elementor-container elementor-column-gap-default\">\n\t\t\t\t\t<div class=\"elementor-column elementor-col-100 elementor-top-column elementor-element elementor-element-32609ab\" data-id=\"32609ab\" data-element_type=\"column\" data-e-type=\"column\">\n\t\t\t<div class=\"elementor-widget-wrap elementor-element-populated\">\n\t\t\t\t\t\t<div class=\"elementor-element elementor-element-1adb5ba elementor-widget elementor-widget-spacer\" data-id=\"1adb5ba\" data-element_type=\"widget\" data-e-type=\"widget\" data-widget_type=\"spacer.default\">\n\t\t\t\t<div class=\"elementor-widget-container\">\n\t\t\t\t\t\t\t<div class=\"elementor-spacer\">\n\t\t\t<div class=\"elementor-spacer-inner\"><\/div>\n\t\t<\/div>\n\t\t\t\t\t\t<\/div>\n\t\t\t\t<\/div>\n\t\t\t\t\t<\/div>\n\t\t<\/div>\n\t\t\t\t\t<\/div>\n\t\t<\/section>\n\t\t\t\t<section class=\"elementor-section elementor-top-section elementor-element elementor-element-3a32983 elementor-section-boxed elementor-section-height-default elementor-section-height-default rt-parallax-bg-no\" data-id=\"3a32983\" data-element_type=\"section\" data-e-type=\"section\">\n\t\t\t\t\t\t<div class=\"elementor-container elementor-column-gap-default\">\n\t\t\t\t\t<div class=\"elementor-column elementor-col-100 elementor-top-column elementor-element elementor-element-0094017\" data-id=\"0094017\" data-element_type=\"column\" data-e-type=\"column\">\n\t\t\t<div class=\"elementor-widget-wrap elementor-element-populated\">\n\t\t\t\t\t\t<div class=\"elementor-element elementor-element-b6466ca elementor-widget elementor-widget-heading\" data-id=\"b6466ca\" data-element_type=\"widget\" data-e-type=\"widget\" data-widget_type=\"heading.default\">\n\t\t\t\t<div class=\"elementor-widget-container\">\n\t\t\t\t\t<h1 class=\"elementor-heading-title elementor-size-default\">Arte Urbano en Salobre\u00f1a: Descubre la ruta y el Festival Internacional Artepeazos<\/h1>\t\t\t\t<\/div>\n\t\t\t\t<\/div>\n\t\t\t\t\t<\/div>\n\t\t<\/div>\n\t\t\t\t\t<\/div>\n\t\t<\/section>\n\t\t\t\t<section class=\"elementor-section elementor-top-section elementor-element elementor-element-7b57d16 elementor-section-boxed elementor-section-height-default elementor-section-height-default rt-parallax-bg-no\" data-id=\"7b57d16\" data-element_type=\"section\" data-e-type=\"section\">\n\t\t\t\t\t\t<div class=\"elementor-container elementor-column-gap-default\">\n\t\t\t\t\t<div class=\"elementor-column elementor-col-100 elementor-top-column elementor-element elementor-element-e718bd2\" data-id=\"e718bd2\" data-element_type=\"column\" data-e-type=\"column\">\n\t\t\t<div class=\"elementor-widget-wrap elementor-element-populated\">\n\t\t\t\t\t\t<div class=\"elementor-element elementor-element-6bd409e elementor-widget elementor-widget-text-editor\" data-id=\"6bd409e\" data-element_type=\"widget\" data-e-type=\"widget\" data-widget_type=\"text-editor.default\">\n\t\t\t\t<div class=\"elementor-widget-container\">\n\t\t\t\t\t\t\t\t\t<p>Cada a\u00f1o, Salobre\u00f1a celebra en el mes de mayo el <strong data-start=\"164\" data-end=\"210\">Encuentro Internacional de Arte Urbano Artepeazos<\/strong>, un evento que transforma este pintoresco municipio granadino en un museo al aire libre. Artistas de talla internacional llegan desde distintas partes del mundo para dejar su huella, creando murales, esculturas y composiciones art\u00edsticas que se integran de manera armoniosa en el paisaje urbano.<\/p>\t\t\t\t\t\t\t\t<\/div>\n\t\t\t\t<\/div>\n\t\t\t\t\t<\/div>\n\t\t<\/div>\n\t\t\t\t\t<\/div>\n\t\t<\/section>\n\t\t\t\t<section class=\"elementor-section elementor-top-section elementor-element elementor-element-beb9908 elementor-section-boxed elementor-section-height-default elementor-section-height-default rt-parallax-bg-no\" data-id=\"beb9908\" data-element_type=\"section\" data-e-type=\"section\">\n\t\t\t\t\t\t<div class=\"elementor-container elementor-column-gap-default\">\n\t\t\t\t\t<div class=\"elementor-column elementor-col-50 elementor-top-column elementor-element elementor-element-102d14a\" data-id=\"102d14a\" data-element_type=\"column\" data-e-type=\"column\">\n\t\t\t<div class=\"elementor-widget-wrap elementor-element-populated\">\n\t\t\t\t\t\t<div class=\"elementor-element elementor-element-bfb3fd5 elementor-widget elementor-widget-image\" data-id=\"bfb3fd5\" data-element_type=\"widget\" data-e-type=\"widget\" data-widget_type=\"image.default\">\n\t\t\t\t<div class=\"elementor-widget-container\">\n\t\t\t\t\t\t\t\t\t\t\t\t\t\t\t<img fetchpriority=\"high\" decoding=\"async\" width=\"310\" height=\"420\" src=\"https:\/\/costatropical.com\/wp-content\/uploads\/2025\/09\/salobrena-urban-art-1-310x420.jpg\" class=\"attachment-medium size-medium wp-image-13863\" alt=\"\" srcset=\"https:\/\/costatropical.com\/wp-content\/uploads\/2025\/09\/salobrena-urban-art-1-310x420.jpg 310w, https:\/\/costatropical.com\/wp-content\/uploads\/2025\/09\/salobrena-urban-art-1-9x12.jpg 9w, https:\/\/costatropical.com\/wp-content\/uploads\/2025\/09\/salobrena-urban-art-1-341x462.jpg 341w, https:\/\/costatropical.com\/wp-content\/uploads\/2025\/09\/salobrena-urban-art-1-177x240.jpg 177w, https:\/\/costatropical.com\/wp-content\/uploads\/2025\/09\/salobrena-urban-art-1-78x105.jpg 78w, https:\/\/costatropical.com\/wp-content\/uploads\/2025\/09\/salobrena-urban-art-1.jpg 713w\" sizes=\"(max-width: 310px) 100vw, 310px\" title=\"\">\t\t\t\t\t\t\t\t\t\t\t\t\t\t\t<\/div>\n\t\t\t\t<\/div>\n\t\t\t\t\t<\/div>\n\t\t<\/div>\n\t\t\t\t<div class=\"elementor-column elementor-col-50 elementor-top-column elementor-element elementor-element-ed1e335\" data-id=\"ed1e335\" data-element_type=\"column\" data-e-type=\"column\">\n\t\t\t<div class=\"elementor-widget-wrap elementor-element-populated\">\n\t\t\t\t\t\t<div class=\"elementor-element elementor-element-d155ec2 elementor-widget elementor-widget-text-editor\" data-id=\"d155ec2\" data-element_type=\"widget\" data-e-type=\"widget\" data-widget_type=\"text-editor.default\">\n\t\t\t\t<div class=\"elementor-widget-container\">\n\t\t\t\t\t\t\t\t\t<p>Gracias a este encuentro, se ha consolidado la <strong data-start=\"494\" data-end=\"523\">Ruta de Arte Urbano de Salobre\u00f1a<\/strong> , un recorrido tem\u00e1tico que permite descubrir todas las obras creadas durante cada edici\u00f3n. Los murales, ubicados en fachadas y espacios emblem\u00e1ticos del municipio, pueden contemplarse de forma libre y gratuita. Estas obras no solo sorprenden por su colorido y creatividad, sino que tambi\u00e9n invitan a la reflexi\u00f3n o rinden homenaje a la historia, personajes y tradiciones de Salobre\u00f1a. Los visitantes pueden escanear un c\u00f3digo QR para descargar el mapa de la ruta y comenzar su visita de manera aut\u00f3noma.<\/p>\t\t\t\t\t\t\t\t<\/div>\n\t\t\t\t<\/div>\n\t\t\t\t\t<\/div>\n\t\t<\/div>\n\t\t\t\t\t<\/div>\n\t\t<\/section>\n\t\t\t\t<section class=\"elementor-section elementor-top-section elementor-element elementor-element-b93f0de elementor-section-boxed elementor-section-height-default elementor-section-height-default rt-parallax-bg-no\" data-id=\"b93f0de\" data-element_type=\"section\" data-e-type=\"section\">\n\t\t\t\t\t\t<div class=\"elementor-container elementor-column-gap-default\">\n\t\t\t\t\t<div class=\"elementor-column elementor-col-50 elementor-top-column elementor-element elementor-element-d3627cd\" data-id=\"d3627cd\" data-element_type=\"column\" data-e-type=\"column\">\n\t\t\t<div class=\"elementor-widget-wrap elementor-element-populated\">\n\t\t\t\t\t\t<div class=\"elementor-element elementor-element-45664c5 elementor-widget elementor-widget-image\" data-id=\"45664c5\" data-element_type=\"widget\" data-e-type=\"widget\" data-widget_type=\"image.default\">\n\t\t\t\t<div class=\"elementor-widget-container\">\n\t\t\t\t\t\t\t\t\t\t\t\t\t\t\t<img decoding=\"async\" width=\"350\" height=\"394\" src=\"https:\/\/costatropical.com\/wp-content\/uploads\/2025\/09\/salobrena-urban-art-3-350x394.jpg\" class=\"attachment-medium size-medium wp-image-13861\" alt=\"\" srcset=\"https:\/\/costatropical.com\/wp-content\/uploads\/2025\/09\/salobrena-urban-art-3-350x394.jpg 350w, https:\/\/costatropical.com\/wp-content\/uploads\/2025\/09\/salobrena-urban-art-3-909x1024.jpg 909w, https:\/\/costatropical.com\/wp-content\/uploads\/2025\/09\/salobrena-urban-art-3-1363x1536.jpg 1363w, https:\/\/costatropical.com\/wp-content\/uploads\/2025\/09\/salobrena-urban-art-3-1818x2048.jpg 1818w, https:\/\/costatropical.com\/wp-content\/uploads\/2025\/09\/salobrena-urban-art-3-11x12.jpg 11w, https:\/\/costatropical.com\/wp-content\/uploads\/2025\/09\/salobrena-urban-art-3-410x462.jpg 410w, https:\/\/costatropical.com\/wp-content\/uploads\/2025\/09\/salobrena-urban-art-3-213x240.jpg 213w, https:\/\/costatropical.com\/wp-content\/uploads\/2025\/09\/salobrena-urban-art-3-93x105.jpg 93w, https:\/\/costatropical.com\/wp-content\/uploads\/2025\/09\/salobrena-urban-art-3.jpg 1920w\" sizes=\"(max-width: 350px) 100vw, 350px\" title=\"\">\t\t\t\t\t\t\t\t\t\t\t\t\t\t\t<\/div>\n\t\t\t\t<\/div>\n\t\t\t\t\t<\/div>\n\t\t<\/div>\n\t\t\t\t<div class=\"elementor-column elementor-col-50 elementor-top-column elementor-element elementor-element-d35ff88\" data-id=\"d35ff88\" data-element_type=\"column\" data-e-type=\"column\">\n\t\t\t<div class=\"elementor-widget-wrap elementor-element-populated\">\n\t\t\t\t\t\t<div class=\"elementor-element elementor-element-ce00b4b elementor-widget elementor-widget-text-editor\" data-id=\"ce00b4b\" data-element_type=\"widget\" data-e-type=\"widget\" data-widget_type=\"text-editor.default\">\n\t\t\t\t<div class=\"elementor-widget-container\">\n\t\t\t\t\t\t\t\t\t<p>Durante los d\u00edas que dura Artepeazos, las calles de Salobre\u00f1a, as\u00ed como las de Lobres y La Caleta, se llenan de actividades para todos los p\u00fablicos. Entre ellas destacan <strong data-start=\"1151\" data-end=\"1187\">talleres de pintura y escultura<\/strong>, coloquios con escritores, conciertos al aire libre, rutas gastron\u00f3micas y actividades con centros escolares, brindando la oportunidad de conocer de cerca a los muralistas y acercarse al mundo del arte urbano sin necesidad de conocimientos previos.<\/p>\t\t\t\t\t\t\t\t<\/div>\n\t\t\t\t<\/div>\n\t\t\t\t\t<\/div>\n\t\t<\/div>\n\t\t\t\t\t<\/div>\n\t\t<\/section>\n\t\t\t\t<section class=\"elementor-section elementor-top-section elementor-element elementor-element-a537142 elementor-section-boxed elementor-section-height-default elementor-section-height-default rt-parallax-bg-no\" data-id=\"a537142\" data-element_type=\"section\" data-e-type=\"section\">\n\t\t\t\t\t\t<div class=\"elementor-container elementor-column-gap-default\">\n\t\t\t\t\t<div class=\"elementor-column elementor-col-50 elementor-top-column elementor-element elementor-element-2c43eb4\" data-id=\"2c43eb4\" data-element_type=\"column\" data-e-type=\"column\">\n\t\t\t<div class=\"elementor-widget-wrap elementor-element-populated\">\n\t\t\t\t\t\t<div class=\"elementor-element elementor-element-5842b7a elementor-widget elementor-widget-image\" data-id=\"5842b7a\" data-element_type=\"widget\" data-e-type=\"widget\" data-widget_type=\"image.default\">\n\t\t\t\t<div class=\"elementor-widget-container\">\n\t\t\t\t\t\t\t\t\t\t\t\t\t\t\t<img decoding=\"async\" width=\"350\" height=\"364\" src=\"https:\/\/costatropical.com\/wp-content\/uploads\/2025\/09\/salobrena-urban-art-2-350x364.jpg\" class=\"attachment-medium size-medium wp-image-13862\" alt=\"\" srcset=\"https:\/\/costatropical.com\/wp-content\/uploads\/2025\/09\/salobrena-urban-art-2-350x364.jpg 350w, https:\/\/costatropical.com\/wp-content\/uploads\/2025\/09\/salobrena-urban-art-2-12x12.jpg 12w, https:\/\/costatropical.com\/wp-content\/uploads\/2025\/09\/salobrena-urban-art-2-444x462.jpg 444w, https:\/\/costatropical.com\/wp-content\/uploads\/2025\/09\/salobrena-urban-art-2-231x240.jpg 231w, https:\/\/costatropical.com\/wp-content\/uploads\/2025\/09\/salobrena-urban-art-2-101x105.jpg 101w, https:\/\/costatropical.com\/wp-content\/uploads\/2025\/09\/salobrena-urban-art-2.jpg 720w\" sizes=\"(max-width: 350px) 100vw, 350px\" title=\"\">\t\t\t\t\t\t\t\t\t\t\t\t\t\t\t<\/div>\n\t\t\t\t<\/div>\n\t\t\t\t\t<\/div>\n\t\t<\/div>\n\t\t\t\t<div class=\"elementor-column elementor-col-50 elementor-top-column elementor-element elementor-element-3fbb1a9\" data-id=\"3fbb1a9\" data-element_type=\"column\" data-e-type=\"column\">\n\t\t\t<div class=\"elementor-widget-wrap elementor-element-populated\">\n\t\t\t\t\t\t<div class=\"elementor-element elementor-element-660dfc0 elementor-widget elementor-widget-text-editor\" data-id=\"660dfc0\" data-element_type=\"widget\" data-e-type=\"widget\" data-widget_type=\"text-editor.default\">\n\t\t\t\t<div class=\"elementor-widget-container\">\n\t\t\t\t\t\t\t\t\t<p data-start=\"1367\" data-end=\"1635\">Los visitantes tienen la oportunidad de observar c\u00f3mo se desarrolla un proyecto art\u00edstico en tiempo real y, en algunos casos, incluso charlar con los artistas mientras trabajan en sus creaciones. As\u00ed, Artepeazos no solo ofrece una experiencia est\u00e9tica, sino tambi\u00e9n un acercamiento interactivo a la cultura y la creatividad.<\/p><p data-start=\"1637\" data-end=\"1875\">Con esta iniciativa, Salobre\u00f1a se consolida como un referente del arte urbano internacional, donde la ciudad se transforma en un espacio vibrante de color, talento y emoci\u00f3n. No te pierdas la magia de Artepeazos y vive el arte urbano en su m\u00e1xima expresi\u00f3n.<\/p>\t\t\t\t\t\t\t\t<\/div>\n\t\t\t\t<\/div>\n\t\t\t\t\t<\/div>\n\t\t<\/div>\n\t\t\t\t\t<\/div>\n\t\t<\/section>\n\t\t\t\t<section class=\"elementor-section elementor-top-section elementor-element elementor-element-2705f12 elementor-section-boxed elementor-section-height-default elementor-section-height-default rt-parallax-bg-no\" data-id=\"2705f12\" data-element_type=\"section\" data-e-type=\"section\">\n\t\t\t\t\t\t<div class=\"elementor-container elementor-column-gap-default\">\n\t\t\t\t\t<div class=\"elementor-column elementor-col-100 elementor-top-column elementor-element elementor-element-de27e1d\" data-id=\"de27e1d\" data-element_type=\"column\" data-e-type=\"column\">\n\t\t\t<div class=\"elementor-widget-wrap elementor-element-populated\">\n\t\t\t\t\t\t<div class=\"elementor-element elementor-element-cfa6cfe elementor-widget elementor-widget-heading\" data-id=\"cfa6cfe\" data-element_type=\"widget\" data-e-type=\"widget\" data-widget_type=\"heading.default\">\n\t\t\t\t<div class=\"elementor-widget-container\">\n\t\t\t\t\t<h2 class=\"elementor-heading-title elementor-size-default\">Sigue este mapa para descubrir todos los murales de Salobre\u00f1a<\/h2>\t\t\t\t<\/div>\n\t\t\t\t<\/div>\n\t\t\t\t<div class=\"elementor-element elementor-element-319aef0 elementor-widget elementor-widget-html\" data-id=\"319aef0\" data-element_type=\"widget\" data-e-type=\"widget\" data-widget_type=\"html.default\">\n\t\t\t\t<div class=\"elementor-widget-container\">\n\t\t\t\t\t<iframe src=\"https:\/\/www.google.com\/maps\/d\/embed?mid=17vOAERW7Xl8VfB2CefqMC3h-2N5wWzc&hl=es&ehbc=2E312F\" width=\"640\" height=\"480\"><\/iframe>\t\t\t\t<\/div>\n\t\t\t\t<\/div>\n\t\t\t\t\t<\/div>\n\t\t<\/div>\n\t\t\t\t\t<\/div>\n\t\t<\/section>\n\t\t\t\t<section class=\"elementor-section elementor-top-section elementor-element elementor-element-0094e3a elementor-section-boxed elementor-section-height-default elementor-section-height-default rt-parallax-bg-no\" data-id=\"0094e3a\" data-element_type=\"section\" data-e-type=\"section\">\n\t\t\t\t\t\t<div class=\"elementor-container elementor-column-gap-default\">\n\t\t\t\t\t<div class=\"elementor-column elementor-col-100 elementor-top-column elementor-element elementor-element-0b9f6f8\" data-id=\"0b9f6f8\" data-element_type=\"column\" data-e-type=\"column\">\n\t\t\t<div class=\"elementor-widget-wrap elementor-element-populated\">\n\t\t\t\t\t\t<div class=\"elementor-element elementor-element-01839e1 elementor-widget elementor-widget-text-editor\" data-id=\"01839e1\" data-element_type=\"widget\" data-e-type=\"widget\" data-widget_type=\"text-editor.default\">\n\t\t\t\t<div class=\"elementor-widget-container\">\n\t\t\t\t\t\t\t\t\t<h4>Tambi\u00e9n puede interesarte...<\/h4><ul><li><a href=\"https:\/\/costatropical.com\/es\/villa-romana-de-salar\/\">Villa Romana de Salar<\/a><\/li><li class=\"elementor-sitemap-item elementor-sitemap-item-page page_item page-item-12861\"><a href=\"https:\/\/costatropical.com\/es\/acueducto-romano-de-almunecar\/\">Acueducto romano de Almu\u00f1\u00e9car<\/a><\/li><li class=\"elementor-sitemap-item elementor-sitemap-item-page page_item page-item-11469\"><a href=\"https:\/\/costatropical.com\/es\/alhama-2\/\">Alhama de Granada<\/a><\/li><li><a href=\"https:\/\/costatropical.com\/es\/arab-baths\/\">Ba\u00f1os \u00e1rabes<\/a><\/li><li class=\"elementor-sitemap-item elementor-sitemap-item-page page_item page-item-12883\"><a href=\"https:\/\/costatropical.com\/es\/columbario-de-la-torre-del-monje\/\">Columbario de la Torre del Monje<\/a><\/li><li class=\"elementor-sitemap-item elementor-sitemap-item-page page_item page-item-12858\"><a href=\"https:\/\/costatropical.com\/es\/fabrica-de-salazones-del-majuelo\/\">F\u00e1brica de Salazones del Majuelo<\/a><\/li><li class=\"elementor-sitemap-item elementor-sitemap-item-page page_item page-item-12832\"><a href=\"https:\/\/costatropical.com\/es\/necropolis-fenicia-de-puente-de-noy\/\">Necr\u00f3polis fenicia de Puente de Noy<\/a><\/li><li class=\"elementor-sitemap-item elementor-sitemap-item-page page_item page-item-12759\"><a href=\"https:\/\/costatropical.com\/es\/jardin-nazari\/\">Jard\u00edn Nazar\u00ed de V\u00e9lez de Benaudalla<\/a><\/li><li class=\"elementor-sitemap-item elementor-sitemap-item-page page_item page-item-12750\"><a href=\"https:\/\/costatropical.com\/es\/generalife\/\">Generalife<\/a><\/li><\/ul>\t\t\t\t\t\t\t\t<\/div>\n\t\t\t\t<\/div>\n\t\t\t\t\t<\/div>\n\t\t<\/div>\n\t\t\t\t\t<\/div>\n\t\t<\/section>\n\t\t\t\t<section class=\"elementor-section elementor-top-section elementor-element elementor-element-2ee1ead elementor-section-boxed elementor-section-height-default elementor-section-height-default rt-parallax-bg-no\" data-id=\"2ee1ead\" data-element_type=\"section\" data-e-type=\"section\">\n\t\t\t\t\t\t<div class=\"elementor-container elementor-column-gap-default\">\n\t\t\t\t\t<div class=\"elementor-column elementor-col-100 elementor-top-column elementor-element elementor-element-5b9ac7c\" data-id=\"5b9ac7c\" data-element_type=\"column\" data-e-type=\"column\">\n\t\t\t<div class=\"elementor-widget-wrap\">\n\t\t\t\t\t\t\t<\/div>\n\t\t<\/div>\n\t\t\t\t\t<\/div>\n\t\t<\/section>\n\t\t\t\t<\/div>","protected":false},"excerpt":{"rendered":"<p>Urban Art in Salobre\u00f1a: Discover the Artepeazos Festival and Murals Every year in May, Salobre\u00f1a hosts the Artepeazos International Urban Art Meeting, an event that transforms this picturesque town in Granada into an open-air museum. Renowned artists from around the world come to leave their mark, creating murals, sculptures, and artistic compositions that blend harmoniously<\/p>","protected":false},"author":1,"featured_media":12748,"parent":0,"menu_order":0,"comment_status":"closed","ping_status":"closed","template":"elementor_header_footer","meta":{"_rtcl_gb_attr":"","footnotes":""},"class_list":["post-13858","page","type-page","status-publish","has-post-thumbnail","hentry","have-post-thumb"],"_links":{"self":[{"href":"https:\/\/costatropical.com\/es\/wp-json\/wp\/v2\/pages\/13858","targetHints":{"allow":["GET"]}}],"collection":[{"href":"https:\/\/costatropical.com\/es\/wp-json\/wp\/v2\/pages"}],"about":[{"href":"https:\/\/costatropical.com\/es\/wp-json\/wp\/v2\/types\/page"}],"author":[{"embeddable":true,"href":"https:\/\/costatropical.com\/es\/wp-json\/wp\/v2\/users\/1"}],"replies":[{"embeddable":true,"href":"https:\/\/costatropical.com\/es\/wp-json\/wp\/v2\/comments?post=13858"}],"version-history":[{"count":0,"href":"https:\/\/costatropical.com\/es\/wp-json\/wp\/v2\/pages\/13858\/revisions"}],"wp:featuredmedia":[{"embeddable":true,"href":"https:\/\/costatropical.com\/es\/wp-json\/wp\/v2\/media\/12748"}],"wp:attachment":[{"href":"https:\/\/costatropical.com\/es\/wp-json\/wp\/v2\/media?parent=13858"}],"curies":[{"name":"wp","href":"https:\/\/api.w.org\/{rel}","templated":true}]}}