{"id":13104,"date":"2024-12-13T15:36:25","date_gmt":"2024-12-13T14:36:25","guid":{"rendered":"https:\/\/costatropical.com\/?page_id=13104"},"modified":"2025-12-12T14:19:40","modified_gmt":"2025-12-12T13:19:40","slug":"navidad-en-salobrena","status":"publish","type":"page","link":"https:\/\/costatropical.com\/es\/christmas-in-salobrena\/","title":{"rendered":"Navidad en Salobre\u00f1a"},"content":{"rendered":"<div data-elementor-type=\"wp-page\" data-elementor-id=\"13104\" class=\"elementor elementor-13104\" data-elementor-post-type=\"page\">\n\t\t\t\t\t\t<section class=\"elementor-section elementor-top-section elementor-element elementor-element-339fc08 elementor-section-boxed elementor-section-height-default elementor-section-height-default rt-parallax-bg-no\" data-id=\"339fc08\" data-element_type=\"section\" data-e-type=\"section\">\n\t\t\t\t\t\t<div class=\"elementor-container elementor-column-gap-default\">\n\t\t\t\t\t<div class=\"elementor-column elementor-col-100 elementor-top-column elementor-element elementor-element-8346c6f\" data-id=\"8346c6f\" data-element_type=\"column\" data-e-type=\"column\">\n\t\t\t<div class=\"elementor-widget-wrap elementor-element-populated\">\n\t\t\t\t\t\t<div class=\"elementor-element elementor-element-bbab74c elementor-widget elementor-widget-heading\" data-id=\"bbab74c\" data-element_type=\"widget\" data-e-type=\"widget\" data-widget_type=\"heading.default\">\n\t\t\t\t<div class=\"elementor-widget-container\">\n\t\t\t\t\t<h2 class=\"elementor-heading-title elementor-size-default\">Navidad en Salobre\u00f1a 2025: diversi\u00f3n para toda la familia<\/h2>\t\t\t\t<\/div>\n\t\t\t\t<\/div>\n\t\t\t\t<div class=\"elementor-element elementor-element-08c4529 elementor-widget elementor-widget-text-editor\" data-id=\"08c4529\" data-element_type=\"widget\" data-e-type=\"widget\" data-widget_type=\"text-editor.default\">\n\t\t\t\t<div class=\"elementor-widget-container\">\n\t\t\t\t\t\t\t\t\t<p data-start=\"169\" data-end=\"638\">La Navidad en Salobre\u00f1a 2025 se celebra con un ambiente festivo que se extiende por todo el centro de la localidad y los barrios cercanos, ofreciendo una amplia variedad de actividades para todas las edades. La localidad se convierte en un punto de encuentro animado tanto para los residentes como para los visitantes, ansiosos por disfrutar de las tradiciones navide\u00f1as junto al Mediterr\u00e1neo. En 2025, el programa navide\u00f1o de Salobre\u00f1a incluye eventos culturales, almuerzos populares y celebraciones en espacios p\u00fablicos y actividades gastron\u00f3micas t\u00edpicas en todo el municipio.<\/p><p data-start=\"640\" data-end=\"1077\">Este a\u00f1o, la ceremonia de encendido del alumbrado navide\u00f1o en la Plaza Juan Carlos I da inicio a la temporada con m\u00fasica, efectos de luz y actuaciones locales, creando un ambiente alegre para que todos lo disfruten juntos. Otras actividades programadas incluyen exposiciones navide\u00f1as, espect\u00e1culos de teatro y comedia en el Auditorio Villa de Salobre\u00f1a, comidas populares y la Final del XXVIII Concurso de Villancicos, llenando de esp\u00edritu festivo toda la localidad.<\/p><p data-start=\"1079\" data-end=\"1284\">Adem\u00e1s, talleres y eventos especiales como el taller de cocina navide\u00f1a en el Mercado Municipal, donde los participantes aprenden recetas tradicionales locales, aportan sabor y tradici\u00f3n a las celebraciones.<\/p><p data-start=\"1286\" data-end=\"1647\">El esp\u00edritu navide\u00f1o de Salobre\u00f1a tambi\u00e9n se extiende al aire libre, con visitas guiadas al castillo hist\u00f3rico, el encantador casco antiguo y fincas ecol\u00f3gicas cercanas, as\u00ed como oportunidades para disfrutar de paseos invernales, vistas al mar y la gastronom\u00eda local. Estas experiencias permiten a visitantes y familias combinar cultura, tradici\u00f3n y turismo mientras disfrutan de la temporada navide\u00f1a.<\/p><p data-start=\"1645\" data-end=\"1916\">Las celebraciones no se limitan al centro de la ciudad. Los pueblos cercanos de La Caleta y Lobres tambi\u00e9n participan del ambiente navide\u00f1o, con mercados, talleres y actividades comunitarias que re\u00fanen a vecinos y visitantes en un entorno c\u00e1lido y familiar.<\/p><p data-start=\"1918\" data-end=\"2300\">Uno de los momentos m\u00e1s destacados de la temporada es la Cabalgata de Reyes, que tendr\u00e1 lugar el 5 de enero a las 18:30, comenzando su recorrido desde la Playa del Pe\u00f1\u00f3n. El desfile contar\u00e1 con espectaculares carrozas, animadas actuaciones callejeras y la entusiasta participaci\u00f3n de la comunidad, creando una experiencia m\u00e1gica para ni\u00f1os y adultos mientras los Reyes Magos recorren las calles de Salobre\u00f1a.<\/p><p data-start=\"1649\" data-end=\"1853\">Para conocer todas las actividades previstas para esta Navidad en Salobre\u00f1a, no olvides consultar el listado completo de eventos a continuaci\u00f3n.<\/p>\t\t\t\t\t\t\t\t<\/div>\n\t\t\t\t<\/div>\n\t\t\t\t\t<\/div>\n\t\t<\/div>\n\t\t\t\t\t<\/div>\n\t\t<\/section>\n\t\t\t\t<section class=\"elementor-section elementor-top-section elementor-element elementor-element-45759a4 elementor-section-boxed elementor-section-height-default elementor-section-height-default rt-parallax-bg-no\" data-id=\"45759a4\" data-element_type=\"section\" data-e-type=\"section\">\n\t\t\t\t\t\t<div class=\"elementor-container elementor-column-gap-default\">\n\t\t\t\t\t<div class=\"elementor-column elementor-col-100 elementor-top-column elementor-element elementor-element-65ad520\" data-id=\"65ad520\" data-element_type=\"column\" data-e-type=\"column\">\n\t\t\t<div class=\"elementor-widget-wrap elementor-element-populated\">\n\t\t\t\t\t\t<div class=\"elementor-element elementor-element-ac6b938 elementor-widget elementor-widget-shortcode\" data-id=\"ac6b938\" data-element_type=\"widget\" data-e-type=\"widget\" data-widget_type=\"shortcode.default\">\n\t\t\t\t<div class=\"elementor-widget-container\">\n\t\t\t\t\t\t\t<div class=\"elementor-shortcode\"><div class='etn-row etn-event-wrapper'>\n        <p class=\"etn-not-found-post\">No Post Found<\/p>\n    <\/div>\n\n\n<\/div>\n\t\t\t\t\t\t<\/div>\n\t\t\t\t<\/div>\n\t\t\t\t\t<\/div>\n\t\t<\/div>\n\t\t\t\t\t<\/div>\n\t\t<\/section>\n\t\t\t\t<\/div>","protected":false},"excerpt":{"rendered":"<p>Christmas in Salobre\u00f1a 2025: Fun for the Whole Family Christmas in Salobre\u00f1a 2025 is celebrated with a festive atmosphere that spreads throughout the town centre and nearby districts, offering a wide variety of activities for all ages. The town becomes a lively hub for both locals and visitors eager to enjoy holiday traditions beside the<\/p>","protected":false},"author":19,"featured_media":14423,"parent":0,"menu_order":0,"comment_status":"closed","ping_status":"closed","template":"elementor_header_footer","meta":{"_rtcl_gb_attr":"","footnotes":""},"class_list":["post-13104","page","type-page","status-publish","has-post-thumbnail","hentry","have-post-thumb"],"_links":{"self":[{"href":"https:\/\/costatropical.com\/es\/wp-json\/wp\/v2\/pages\/13104","targetHints":{"allow":["GET"]}}],"collection":[{"href":"https:\/\/costatropical.com\/es\/wp-json\/wp\/v2\/pages"}],"about":[{"href":"https:\/\/costatropical.com\/es\/wp-json\/wp\/v2\/types\/page"}],"author":[{"embeddable":true,"href":"https:\/\/costatropical.com\/es\/wp-json\/wp\/v2\/users\/19"}],"replies":[{"embeddable":true,"href":"https:\/\/costatropical.com\/es\/wp-json\/wp\/v2\/comments?post=13104"}],"version-history":[{"count":15,"href":"https:\/\/costatropical.com\/es\/wp-json\/wp\/v2\/pages\/13104\/revisions"}],"predecessor-version":[{"id":14434,"href":"https:\/\/costatropical.com\/es\/wp-json\/wp\/v2\/pages\/13104\/revisions\/14434"}],"wp:featuredmedia":[{"embeddable":true,"href":"https:\/\/costatropical.com\/es\/wp-json\/wp\/v2\/media\/14423"}],"wp:attachment":[{"href":"https:\/\/costatropical.com\/es\/wp-json\/wp\/v2\/media?parent=13104"}],"curies":[{"name":"wp","href":"https:\/\/api.w.org\/{rel}","templated":true}]}}