{"id":13102,"date":"2024-12-13T15:40:59","date_gmt":"2024-12-13T14:40:59","guid":{"rendered":"https:\/\/costatropical.com\/?page_id=13102"},"modified":"2024-12-13T21:00:18","modified_gmt":"2024-12-13T20:00:18","slug":"christmas-in-la-herradura","status":"publish","type":"page","link":"https:\/\/costatropical.com\/es\/christmas-in-la-herradura\/","title":{"rendered":"Christmas in La Herradura"},"content":{"rendered":"<div data-elementor-type=\"wp-page\" data-elementor-id=\"13102\" class=\"elementor elementor-13102\" data-elementor-post-type=\"page\">\n\t\t\t\t\t\t<section class=\"elementor-section elementor-top-section elementor-element elementor-element-cbe67e4 elementor-section-boxed elementor-section-height-default elementor-section-height-default rt-parallax-bg-no\" data-id=\"cbe67e4\" data-element_type=\"section\" data-e-type=\"section\">\n\t\t\t\t\t\t<div class=\"elementor-container elementor-column-gap-default\">\n\t\t\t\t\t<div class=\"elementor-column elementor-col-100 elementor-top-column elementor-element elementor-element-231e643\" data-id=\"231e643\" data-element_type=\"column\" data-e-type=\"column\">\n\t\t\t<div class=\"elementor-widget-wrap elementor-element-populated\">\n\t\t\t\t\t\t<div class=\"elementor-element elementor-element-b2978f9 elementor-widget elementor-widget-heading\" data-id=\"b2978f9\" data-element_type=\"widget\" data-e-type=\"widget\" data-widget_type=\"heading.default\">\n\t\t\t\t<div class=\"elementor-widget-container\">\n\t\t\t\t\t<h2 class=\"elementor-heading-title elementor-size-default\">Navidad en La Herradura: Diversi\u00f3n Festiva para Todos<\/h2>\t\t\t\t<\/div>\n\t\t\t\t<\/div>\n\t\t\t\t<div class=\"elementor-element elementor-element-e772e00 elementor-widget elementor-widget-text-editor\" data-id=\"e772e00\" data-element_type=\"widget\" data-e-type=\"widget\" data-widget_type=\"text-editor.default\">\n\t\t\t\t<div class=\"elementor-widget-container\">\n\t\t\t\t\t\t\t\t\t<p>La Herradura celebra la Navidad con una amplia variedad de actividades que llenan el pueblo de ambiente festivo. Cada a\u00f1o, el municipio ofrece algo para todos, con especial atenci\u00f3n a los eventos para ni\u00f1os y familias. La temporada navide\u00f1a comienza con el encendido de las luces y decoraciones, marcando el inicio oficial de las fiestas. A partir de ah\u00ed, un completo calendario de actividades mantiene a la comunidad inmersa en el esp\u00edritu navide\u00f1o durante toda la temporada.<\/p><p>Las familias con ni\u00f1os peque\u00f1os encontrar\u00e1n en La Herradura mucha diversi\u00f3n navide\u00f1a. Las actividades incluyen cuentacuentos de Navidad y pel\u00edculas familiares, garantizando el entretenimiento de los m\u00e1s peque\u00f1os. Adem\u00e1s, hay talleres, como uno en el que los ni\u00f1os pueden elaborar sus propios dulces navide\u00f1os, y actuaciones musicales especiales dise\u00f1adas para traer alegr\u00eda a todos. Los ni\u00f1os tambi\u00e9n disfrutan de la visita del Cartero Real en el Castillo de la Herradura, que a\u00f1ade un toque m\u00e1gico a la temporada.<\/p><p>Los eventos tradicionales son un punto destacado de la Navidad en La Herradura. El pueblo acoge animados mercados navide\u00f1os, incluyendo el Mercado Municipal, repleto de productos artesanales y dulces t\u00edpicos de la temporada. La Plaza de la Independencia tambi\u00e9n cuenta con un encantador mercado, ofreciendo un ambiente festivo \u00fanico que captura la magia de la Navidad. La Herradura tambi\u00e9n celebra con eventos flamencos navide\u00f1os en la Plaza de la Independencia, combinando m\u00fasica y tradici\u00f3n para el disfrute de todos.<\/p><p>\u00a0Un momento destacado de la temporada es el concierto de A\u00f1o Nuevo en el Centro C\u00edvico del pueblo, junto con otros conciertos, incluyendo actuaciones del Coral Bah\u00eda de La Herradura.<\/p><p>La temporada termina con la emocionante Cabalgata de los Reyes Magos, donde los Reyes recorren las calles de La Herradura.<\/p><p>Con numerosas actividades, desde los mercados navide\u00f1os hasta la m\u00fasica flamenca, talleres y actuaciones, La Herradura ofrece un ambiente verdaderamente festivo para todas las edades.<\/p>\t\t\t\t\t\t\t\t<\/div>\n\t\t\t\t<\/div>\n\t\t\t\t\t<\/div>\n\t\t<\/div>\n\t\t\t\t\t<\/div>\n\t\t<\/section>\n\t\t\t\t<section class=\"elementor-section elementor-top-section elementor-element elementor-element-45759a4 elementor-section-boxed elementor-section-height-default elementor-section-height-default rt-parallax-bg-no\" data-id=\"45759a4\" data-element_type=\"section\" data-e-type=\"section\">\n\t\t\t\t\t\t<div class=\"elementor-container elementor-column-gap-default\">\n\t\t\t\t\t<div class=\"elementor-column elementor-col-100 elementor-top-column elementor-element elementor-element-65ad520\" data-id=\"65ad520\" data-element_type=\"column\" data-e-type=\"column\">\n\t\t\t<div class=\"elementor-widget-wrap elementor-element-populated\">\n\t\t\t\t\t\t<div class=\"elementor-element elementor-element-ac6b938 elementor-widget elementor-widget-shortcode\" data-id=\"ac6b938\" data-element_type=\"widget\" data-e-type=\"widget\" data-widget_type=\"shortcode.default\">\n\t\t\t\t<div class=\"elementor-widget-container\">\n\t\t\t\t\t\t\t<div class=\"elementor-shortcode\"><div class='etn-row etn-event-wrapper'>\n        <p class=\"etn-not-found-post\">No Post Found<\/p>\n    <\/div>\n\n<\/div>\n\t\t\t\t\t\t<\/div>\n\t\t\t\t<\/div>\n\t\t\t\t\t<\/div>\n\t\t<\/div>\n\t\t\t\t\t<\/div>\n\t\t<\/section>\n\t\t\t\t<\/div>","protected":false},"excerpt":{"rendered":"<p>Christmas in La Herradura: Festive Fun for Everyone La Herradura celebrates Christmas with a wide range of activities that bring festive cheer to the town. Each year, the town offers something for everyone, with a special focus on events for children and families. The Christmas season kicks off with the lighting of the holiday decorations,<\/p>","protected":false},"author":19,"featured_media":0,"parent":0,"menu_order":0,"comment_status":"closed","ping_status":"closed","template":"","meta":{"_rtcl_gb_attr":"","footnotes":""},"class_list":["post-13102","page","type-page","status-publish","hentry"],"_links":{"self":[{"href":"https:\/\/costatropical.com\/es\/wp-json\/wp\/v2\/pages\/13102","targetHints":{"allow":["GET"]}}],"collection":[{"href":"https:\/\/costatropical.com\/es\/wp-json\/wp\/v2\/pages"}],"about":[{"href":"https:\/\/costatropical.com\/es\/wp-json\/wp\/v2\/types\/page"}],"author":[{"embeddable":true,"href":"https:\/\/costatropical.com\/es\/wp-json\/wp\/v2\/users\/19"}],"replies":[{"embeddable":true,"href":"https:\/\/costatropical.com\/es\/wp-json\/wp\/v2\/comments?post=13102"}],"version-history":[{"count":0,"href":"https:\/\/costatropical.com\/es\/wp-json\/wp\/v2\/pages\/13102\/revisions"}],"wp:attachment":[{"href":"https:\/\/costatropical.com\/es\/wp-json\/wp\/v2\/media?parent=13102"}],"curies":[{"name":"wp","href":"https:\/\/api.w.org\/{rel}","templated":true}]}}