{"id":13101,"date":"2024-12-13T15:34:20","date_gmt":"2024-12-13T14:34:20","guid":{"rendered":"https:\/\/costatropical.com\/?page_id=13101"},"modified":"2025-12-12T15:51:50","modified_gmt":"2025-12-12T14:51:50","slug":"navidad-almunecar","status":"publish","type":"page","link":"https:\/\/costatropical.com\/es\/christmas-in-almunecar\/","title":{"rendered":"Navidad en Almu\u00f1\u00e9car"},"content":{"rendered":"<div data-elementor-type=\"wp-page\" data-elementor-id=\"13101\" class=\"elementor elementor-13101\" data-elementor-post-type=\"page\">\n\t\t\t\t\t\t<section class=\"elementor-section elementor-top-section elementor-element elementor-element-da1ef4b elementor-section-boxed elementor-section-height-default elementor-section-height-default rt-parallax-bg-no\" data-id=\"da1ef4b\" data-element_type=\"section\" data-e-type=\"section\">\n\t\t\t\t\t\t<div class=\"elementor-container elementor-column-gap-default\">\n\t\t\t\t\t<div class=\"elementor-column elementor-col-100 elementor-top-column elementor-element elementor-element-f23602d\" data-id=\"f23602d\" data-element_type=\"column\" data-e-type=\"column\">\n\t\t\t<div class=\"elementor-widget-wrap elementor-element-populated\">\n\t\t\t\t\t\t<div class=\"elementor-element elementor-element-4ba8251 elementor-widget elementor-widget-heading\" data-id=\"4ba8251\" data-element_type=\"widget\" data-e-type=\"widget\" data-widget_type=\"heading.default\">\n\t\t\t\t<div class=\"elementor-widget-container\">\n\t\t\t\t\t<h2 class=\"elementor-heading-title elementor-size-default\">Navidad en Almu\u00f1\u00e9car: celebraci\u00f3n para todas las edades<\/h2>\t\t\t\t<\/div>\n\t\t\t\t<\/div>\n\t\t\t\t<div class=\"elementor-element elementor-element-0acf1f6 elementor-widget elementor-widget-text-editor\" data-id=\"0acf1f6\" data-element_type=\"widget\" data-e-type=\"widget\" data-widget_type=\"text-editor.default\">\n\t\t\t\t<div class=\"elementor-widget-container\">\n\t\t\t\t\t\t\t\t\t<p>La Navidad en Almu\u00f1\u00e9car es un momento para reunirse y disfrutar de una amplia variedad de actividades festivas. Cada a\u00f1o, la localidad organiza numerosos eventos para todas las edades, asegurando que el esp\u00edritu navide\u00f1o se sienta durante toda la temporada. Las celebraciones comienzan a principios de diciembre con el encendido oficial del alumbrado navide\u00f1o en la Plaza del Ayuntamiento, marcando el inicio del periodo festivo. A esto le sigue un vibrante calendario de actividades que re\u00fane a toda la comunidad.<\/p><p>Uno de los principales atractivos de la temporada son los mercadillos de Navidad en la Plaza de Marruecos y el Paseo del Altillo, donde artesanos locales ofrecen productos \u00fanicos hechos a mano, como dulces tradicionales y adornos navide\u00f1os. Junto a estos mercadillos, se celebran desfiles que recorren las principales calles de Almu\u00f1\u00e9car, llenando la ciudad de m\u00fasica y alegr\u00eda. Los visitantes tambi\u00e9n pueden disfrutar de una amplia oferta cultural, incluyendo teatro infantil y sesiones especiales de cuentacuentos que acercan la magia de la Navidad a los m\u00e1s peque\u00f1os, as\u00ed como celebraciones navide\u00f1as al estilo flamenco, como las populares zambomb\u00e1s.<\/p><p>Almu\u00f1\u00e9car tambi\u00e9n es un centro de actuaciones musicales durante toda la temporada festiva. La localidad acoge diversos conciertos de Navidad, incluyendo blues, flamenco, coros de villancicos y galas musicales a cargo de agrupaciones locales. El concierto de A\u00f1o Nuevo es otro de los momentos destacados, ofreciendo una velada de m\u00fasica cl\u00e1sica en el Auditorio de la Casa de la Cultura. Las celebraciones contin\u00faan con eventos para todas las edades, como talleres, la cabalgata de Pap\u00e1 Noel e incluso concursos de mejores postales y villancicos navide\u00f1os.<\/p><p>La temporada navide\u00f1a en Almu\u00f1\u00e9car culmina con la tradicional Cabalgata de Reyes, que recorre las calles repartiendo emoci\u00f3n y alegr\u00eda a grandes y peque\u00f1os. Ya sea visitando los belenes, disfrutando de un espect\u00e1culo de teatro familiar o asistiendo a uno de los muchos conciertos, no faltan actividades para hacer que tu Navidad en Almu\u00f1\u00e9car sea realmente especial.<\/p>\t\t\t\t\t\t\t\t<\/div>\n\t\t\t\t<\/div>\n\t\t\t\t\t<\/div>\n\t\t<\/div>\n\t\t\t\t\t<\/div>\n\t\t<\/section>\n\t\t\t\t<section class=\"elementor-section elementor-top-section elementor-element elementor-element-45759a4 elementor-section-boxed elementor-section-height-default elementor-section-height-default rt-parallax-bg-no\" data-id=\"45759a4\" data-element_type=\"section\" data-e-type=\"section\">\n\t\t\t\t\t\t<div class=\"elementor-container elementor-column-gap-default\">\n\t\t\t\t\t<div class=\"elementor-column elementor-col-100 elementor-top-column elementor-element elementor-element-65ad520\" data-id=\"65ad520\" data-element_type=\"column\" data-e-type=\"column\">\n\t\t\t<div class=\"elementor-widget-wrap elementor-element-populated\">\n\t\t\t\t\t\t<div class=\"elementor-element elementor-element-ac6b938 elementor-widget elementor-widget-shortcode\" data-id=\"ac6b938\" data-element_type=\"widget\" data-e-type=\"widget\" data-widget_type=\"shortcode.default\">\n\t\t\t\t<div class=\"elementor-widget-container\">\n\t\t\t\t\t\t\t<div class=\"elementor-shortcode\"><div class='etn-row etn-event-wrapper'>\n        <p class=\"etn-not-found-post\">No Post Found<\/p>\n    <\/div>\n\n<\/div>\n\t\t\t\t\t\t<\/div>\n\t\t\t\t<\/div>\n\t\t\t\t\t<\/div>\n\t\t<\/div>\n\t\t\t\t\t<\/div>\n\t\t<\/section>\n\t\t\t\t<\/div>","protected":false},"excerpt":{"rendered":"<p>Christmas in Almu\u00f1\u00e9car: A Festive Celebration for All Ages Christmas in Almu\u00f1\u00e9car is a time for everyone to come together and enjoy a variety of festive activities. Every year, the town organises a wide range of events for all ages, ensuring that the holiday spirit is felt throughout the season. The celebrations begin in early<\/p>","protected":false},"author":19,"featured_media":0,"parent":0,"menu_order":0,"comment_status":"closed","ping_status":"closed","template":"","meta":{"_rtcl_gb_attr":"","footnotes":""},"class_list":["post-13101","page","type-page","status-publish","hentry"],"_links":{"self":[{"href":"https:\/\/costatropical.com\/es\/wp-json\/wp\/v2\/pages\/13101","targetHints":{"allow":["GET"]}}],"collection":[{"href":"https:\/\/costatropical.com\/es\/wp-json\/wp\/v2\/pages"}],"about":[{"href":"https:\/\/costatropical.com\/es\/wp-json\/wp\/v2\/types\/page"}],"author":[{"embeddable":true,"href":"https:\/\/costatropical.com\/es\/wp-json\/wp\/v2\/users\/19"}],"replies":[{"embeddable":true,"href":"https:\/\/costatropical.com\/es\/wp-json\/wp\/v2\/comments?post=13101"}],"version-history":[{"count":6,"href":"https:\/\/costatropical.com\/es\/wp-json\/wp\/v2\/pages\/13101\/revisions"}],"predecessor-version":[{"id":14507,"href":"https:\/\/costatropical.com\/es\/wp-json\/wp\/v2\/pages\/13101\/revisions\/14507"}],"wp:attachment":[{"href":"https:\/\/costatropical.com\/es\/wp-json\/wp\/v2\/media?parent=13101"}],"curies":[{"name":"wp","href":"https:\/\/api.w.org\/{rel}","templated":true}]}}