{"id":12617,"date":"2024-09-23T20:04:47","date_gmt":"2024-09-23T19:04:47","guid":{"rendered":"https:\/\/costatropical.com\/?page_id=12617"},"modified":"2024-11-20T15:12:02","modified_gmt":"2024-11-20T14:12:02","slug":"john-lennon","status":"publish","type":"page","link":"https:\/\/costatropical.com\/es\/john-lennon\/","title":{"rendered":"John Lennon: Un Beatle en el sur de Espa\u00f1a"},"content":{"rendered":"<div data-elementor-type=\"wp-page\" data-elementor-id=\"12617\" class=\"elementor elementor-12617\" data-elementor-post-type=\"page\">\n\t\t\t\t\t\t<section class=\"elementor-section elementor-top-section elementor-element elementor-element-0b34269 elementor-section-boxed elementor-section-height-default elementor-section-height-default rt-parallax-bg-no\" data-id=\"0b34269\" data-element_type=\"section\" data-e-type=\"section\">\n\t\t\t\t\t\t<div class=\"elementor-container elementor-column-gap-default\">\n\t\t\t\t\t<div class=\"elementor-column elementor-col-100 elementor-top-column elementor-element elementor-element-24b2d51\" data-id=\"24b2d51\" data-element_type=\"column\" data-e-type=\"column\">\n\t\t\t<div class=\"elementor-widget-wrap elementor-element-populated\">\n\t\t\t\t\t\t<div class=\"elementor-element elementor-element-a747c29 elementor-widget elementor-widget-spacer\" data-id=\"a747c29\" data-element_type=\"widget\" data-e-type=\"widget\" data-widget_type=\"spacer.default\">\n\t\t\t\t<div class=\"elementor-widget-container\">\n\t\t\t\t\t\t\t<div class=\"elementor-spacer\">\n\t\t\t<div class=\"elementor-spacer-inner\"><\/div>\n\t\t<\/div>\n\t\t\t\t\t\t<\/div>\n\t\t\t\t<\/div>\n\t\t\t\t\t<\/div>\n\t\t<\/div>\n\t\t\t\t\t<\/div>\n\t\t<\/section>\n\t\t\t\t<section class=\"elementor-section elementor-top-section elementor-element elementor-element-3a32983 elementor-section-boxed elementor-section-height-default elementor-section-height-default rt-parallax-bg-no\" data-id=\"3a32983\" data-element_type=\"section\" data-e-type=\"section\">\n\t\t\t\t\t\t<div class=\"elementor-container elementor-column-gap-default\">\n\t\t\t\t\t<div class=\"elementor-column elementor-col-100 elementor-top-column elementor-element elementor-element-0094017\" data-id=\"0094017\" data-element_type=\"column\" data-e-type=\"column\">\n\t\t\t<div class=\"elementor-widget-wrap elementor-element-populated\">\n\t\t\t\t\t\t<div class=\"elementor-element elementor-element-b6466ca elementor-widget elementor-widget-heading\" data-id=\"b6466ca\" data-element_type=\"widget\" data-e-type=\"widget\" data-widget_type=\"heading.default\">\n\t\t\t\t<div class=\"elementor-widget-container\">\n\t\t\t\t\t<h1 class=\"elementor-heading-title elementor-size-default\">Un Beatle en el sur de Espa\u00f1a: La historia de la inspiraci\u00f3n espa\u00f1ola de John Lennon<\/h1>\t\t\t\t<\/div>\n\t\t\t\t<\/div>\n\t\t\t\t\t<\/div>\n\t\t<\/div>\n\t\t\t\t\t<\/div>\n\t\t<\/section>\n\t\t\t\t<section class=\"elementor-section elementor-top-section elementor-element elementor-element-f0d2294 elementor-section-boxed elementor-section-height-default elementor-section-height-default rt-parallax-bg-no\" data-id=\"f0d2294\" data-element_type=\"section\" data-e-type=\"section\">\n\t\t\t\t\t\t<div class=\"elementor-container elementor-column-gap-default\">\n\t\t\t\t\t<div class=\"elementor-column elementor-col-100 elementor-top-column elementor-element elementor-element-81e7bcc\" data-id=\"81e7bcc\" data-element_type=\"column\" data-e-type=\"column\">\n\t\t\t<div class=\"elementor-widget-wrap elementor-element-populated\">\n\t\t\t\t\t\t<div class=\"elementor-element elementor-element-dd0c2ee elementor-widget elementor-widget-text-editor\" data-id=\"dd0c2ee\" data-element_type=\"widget\" data-e-type=\"widget\" data-widget_type=\"text-editor.default\">\n\t\t\t\t<div class=\"elementor-widget-container\">\n\t\t\t\t\t\t\t\t\t<p>En el verano de 1963, John Lennon viaj\u00f3 a Torremolinos con el m\u00e1nager de los Beatles, Brian Epstein. Los dos pasaron dos relajantes semanas de vacaciones, en parte porque Torremolinos era conocido por ser m\u00e1s tolerante con las personas homosexuales, como Epstein, en comparaci\u00f3n con su ciudad natal de Liverpool. En sus memorias, Lennon record\u00f3 acompa\u00f1ar a Epstein a un caf\u00e9 \u2013 el Bar Central, seg\u00fan los lugare\u00f1os \u2013 donde se sentaban a ver pasar a los j\u00f3venes espa\u00f1oles por la Plaza Costa del Sol.<\/p>\t\t\t\t\t\t\t\t<\/div>\n\t\t\t\t<\/div>\n\t\t\t\t\t<\/div>\n\t\t<\/div>\n\t\t\t\t\t<\/div>\n\t\t<\/section>\n\t\t\t\t<section class=\"elementor-section elementor-top-section elementor-element elementor-element-332ef82 elementor-section-boxed elementor-section-height-default elementor-section-height-default rt-parallax-bg-no\" data-id=\"332ef82\" data-element_type=\"section\" data-e-type=\"section\">\n\t\t\t\t\t\t<div class=\"elementor-container elementor-column-gap-default\">\n\t\t\t\t\t<div class=\"elementor-column elementor-col-50 elementor-top-column elementor-element elementor-element-fc6d2b0\" data-id=\"fc6d2b0\" data-element_type=\"column\" data-e-type=\"column\">\n\t\t\t<div class=\"elementor-widget-wrap elementor-element-populated\">\n\t\t\t\t\t\t<div class=\"elementor-element elementor-element-39075c7 elementor-widget elementor-widget-text-editor\" data-id=\"39075c7\" data-element_type=\"widget\" data-e-type=\"widget\" data-widget_type=\"text-editor.default\">\n\t\t\t\t<div class=\"elementor-widget-container\">\n\t\t\t\t\t\t\t\t\t<h4>Rolls-Royce<\/h4><p>Lennon hab\u00eda tra\u00eddo su Rolls-Royce con ventanas tintadas a Espa\u00f1a, un coche equipado con un micr\u00f3fono y un altavoz. A Lennon le encantaba usar el sistema para sorprender a los transe\u00fantes, a menudo gritando por el micr\u00f3fono: \"\u00a1Al\u00e9jate del coche!\".<br \/>La visita de Lennon a Torremolinos ha sido honrada con una calle que lleva su nombre, la Calle John Lennon, ubicada a pocos minutos del centro de la ciudad.<\/p>\t\t\t\t\t\t\t\t<\/div>\n\t\t\t\t<\/div>\n\t\t\t\t\t<\/div>\n\t\t<\/div>\n\t\t\t\t<div class=\"elementor-column elementor-col-50 elementor-top-column elementor-element elementor-element-41bd004\" data-id=\"41bd004\" data-element_type=\"column\" data-e-type=\"column\">\n\t\t\t<div class=\"elementor-widget-wrap elementor-element-populated\">\n\t\t\t\t\t\t<div class=\"elementor-element elementor-element-30d67d3 elementor-widget elementor-widget-image\" data-id=\"30d67d3\" data-element_type=\"widget\" data-e-type=\"widget\" data-widget_type=\"image.default\">\n\t\t\t\t<div class=\"elementor-widget-container\">\n\t\t\t\t\t\t\t\t\t\t\t\t\t\t\t<img fetchpriority=\"high\" decoding=\"async\" width=\"474\" height=\"274\" src=\"https:\/\/costatropical.com\/wp-content\/uploads\/2024\/09\/jl_beach.jpg\" class=\"attachment-large size-large wp-image-12627\" alt=\"\" srcset=\"https:\/\/costatropical.com\/wp-content\/uploads\/2024\/09\/jl_beach.jpg 474w, https:\/\/costatropical.com\/wp-content\/uploads\/2024\/09\/jl_beach-350x202.jpg 350w, https:\/\/costatropical.com\/wp-content\/uploads\/2024\/09\/jl_beach-18x10.jpg 18w\" sizes=\"(max-width: 474px) 100vw, 474px\" title=\"\">\t\t\t\t\t\t\t\t\t\t\t\t\t\t\t<\/div>\n\t\t\t\t<\/div>\n\t\t\t\t\t<\/div>\n\t\t<\/div>\n\t\t\t\t\t<\/div>\n\t\t<\/section>\n\t\t\t\t<section class=\"elementor-section elementor-top-section elementor-element elementor-element-c83158f elementor-section-boxed elementor-section-height-default elementor-section-height-default rt-parallax-bg-no\" data-id=\"c83158f\" data-element_type=\"section\" data-e-type=\"section\">\n\t\t\t\t\t\t<div class=\"elementor-container elementor-column-gap-default\">\n\t\t\t\t\t<div class=\"elementor-column elementor-col-100 elementor-top-column elementor-element elementor-element-2e86e10\" data-id=\"2e86e10\" data-element_type=\"column\" data-e-type=\"column\">\n\t\t\t<div class=\"elementor-widget-wrap elementor-element-populated\">\n\t\t\t\t\t\t<div class=\"elementor-element elementor-element-e4231c4 elementor-widget elementor-widget-text-editor\" data-id=\"e4231c4\" data-element_type=\"widget\" data-e-type=\"widget\" data-widget_type=\"text-editor.default\">\n\t\t\t\t<div class=\"elementor-widget-container\">\n\t\t\t\t\t\t\t\t\t<h4>Strawberry Fields<\/h4><p>Tres a\u00f1os despu\u00e9s, en septiembre de 1966, Lennon viaj\u00f3 a Almer\u00eda, Espa\u00f1a, para rodar \"C\u00f3mo gan\u00e9 la guerra\", una pel\u00edcula b\u00e9lica sat\u00edrica dirigida por Richard Lester. El viaje marc\u00f3 un momento crucial en la carrera de Lennon, no solo por su trabajo en la pel\u00edcula, sino tambi\u00e9n porque le brind\u00f3 el espacio creativo para comenzar a escribir una de sus canciones m\u00e1s ic\u00f3nicas: \"Strawberry Fields Forever\". El paisaje des\u00e9rtico de Almer\u00eda y los largos periodos de descanso en el set permitieron a Lennon reflexionar, relajarse y concentrarse en la m\u00fasica en medio de la locura de la Beatleman\u00eda.<\/p>\t\t\t\t\t\t\t\t<\/div>\n\t\t\t\t<\/div>\n\t\t\t\t\t<\/div>\n\t\t<\/div>\n\t\t\t\t\t<\/div>\n\t\t<\/section>\n\t\t\t\t<section class=\"elementor-section elementor-top-section elementor-element elementor-element-5fa5c15 elementor-section-boxed elementor-section-height-default elementor-section-height-default rt-parallax-bg-no\" data-id=\"5fa5c15\" data-element_type=\"section\" data-e-type=\"section\">\n\t\t\t\t\t\t<div class=\"elementor-container elementor-column-gap-default\">\n\t\t\t\t\t<div class=\"elementor-column elementor-col-50 elementor-top-column elementor-element elementor-element-36da2f3\" data-id=\"36da2f3\" data-element_type=\"column\" data-e-type=\"column\">\n\t\t\t<div class=\"elementor-widget-wrap elementor-element-populated\">\n\t\t\t\t\t\t<div class=\"elementor-element elementor-element-54f8523 elementor-widget elementor-widget-text-editor\" data-id=\"54f8523\" data-element_type=\"widget\" data-e-type=\"widget\" data-widget_type=\"text-editor.default\">\n\t\t\t\t<div class=\"elementor-widget-container\">\n\t\t\t\t\t\t\t\t\t<h4>Inspiraci\u00f3n<\/h4><p>Lennon describi\u00f3 este tiempo como un punto de inflexi\u00f3n, alej\u00e1ndose del caos y la presi\u00f3n p\u00fablica de la fama de los Beatles. \"La estaba escribiendo todo el tiempo que estaba haciendo la pel\u00edcula\", dijo m\u00e1s tarde, reconociendo c\u00f3mo los momentos tranquilos entre las grabaciones lo inspiraron a explorar nuevas ideas musicales. Durante su estancia de seis semanas, Lennon comenz\u00f3 a dar forma a lo que se convertir\u00eda en una de las canciones m\u00e1s psicod\u00e9licas e introspectivas de los Beatles.<\/p><p>El proceso creativo de Lennon durante este per\u00edodo est\u00e1 capturado en una famosa fotograf\u00eda tomada por Douglas Kirkland. La imagen lo muestra descansando en la cama con una guitarra espa\u00f1ola y una grabadora de casete, mientras los primeros acordes de \"Strawberry Fields Forever\" tomaban vida. Sin embargo, la canci\u00f3n a\u00fan estaba incompleta. Aunque la melod\u00eda y la letra estaban tomando forma, Lennon a\u00fan necesitaba un verso crucial que terminar\u00eda de dar cohesi\u00f3n a la canci\u00f3n.<\/p>\t\t\t\t\t\t\t\t<\/div>\n\t\t\t\t<\/div>\n\t\t\t\t\t<\/div>\n\t\t<\/div>\n\t\t\t\t<div class=\"elementor-column elementor-col-50 elementor-top-column elementor-element elementor-element-e7f2453\" data-id=\"e7f2453\" data-element_type=\"column\" data-e-type=\"column\">\n\t\t\t<div class=\"elementor-widget-wrap elementor-element-populated\">\n\t\t\t\t\t\t<div class=\"elementor-element elementor-element-d480e8f elementor-widget elementor-widget-image\" data-id=\"d480e8f\" data-element_type=\"widget\" data-e-type=\"widget\" data-widget_type=\"image.default\">\n\t\t\t\t<div class=\"elementor-widget-container\">\n\t\t\t\t\t\t\t\t\t\t\t\t\t\t\t<img decoding=\"async\" width=\"932\" height=\"960\" src=\"https:\/\/costatropical.com\/wp-content\/uploads\/2024\/09\/lennon.jpg\" class=\"attachment-large size-large wp-image-12618\" alt=\"John Lennon in Almeria\" srcset=\"https:\/\/costatropical.com\/wp-content\/uploads\/2024\/09\/lennon.jpg 932w, https:\/\/costatropical.com\/wp-content\/uploads\/2024\/09\/lennon-350x361.jpg 350w, https:\/\/costatropical.com\/wp-content\/uploads\/2024\/09\/lennon-12x12.jpg 12w\" sizes=\"(max-width: 932px) 100vw, 932px\" title=\"\">\t\t\t\t\t\t\t\t\t\t\t\t\t\t\t<\/div>\n\t\t\t\t<\/div>\n\t\t\t\t\t<\/div>\n\t\t<\/div>\n\t\t\t\t\t<\/div>\n\t\t<\/section>\n\t\t\t\t<section class=\"elementor-section elementor-top-section elementor-element elementor-element-05ede24 elementor-section-boxed elementor-section-height-default elementor-section-height-default rt-parallax-bg-no\" data-id=\"05ede24\" data-element_type=\"section\" data-e-type=\"section\">\n\t\t\t\t\t\t<div class=\"elementor-container elementor-column-gap-default\">\n\t\t\t\t\t<div class=\"elementor-column elementor-col-50 elementor-top-column elementor-element elementor-element-60ff3b2\" data-id=\"60ff3b2\" data-element_type=\"column\" data-e-type=\"column\">\n\t\t\t<div class=\"elementor-widget-wrap elementor-element-populated\">\n\t\t\t\t\t\t<div class=\"elementor-element elementor-element-b11449a elementor-widget elementor-widget-text-editor\" data-id=\"b11449a\" data-element_type=\"widget\" data-e-type=\"widget\" data-widget_type=\"text-editor.default\">\n\t\t\t\t<div class=\"elementor-widget-container\">\n\t\t\t\t\t\t\t\t\t<h4>Finca Santa Isabel<\/h4><p>El 9 de octubre de 1966, Lennon cumpli\u00f3 26 a\u00f1os mientras a\u00fan estaba en Almer\u00eda. Su esposa Cynthia y su compa\u00f1ero Beatle Ringo Starr se unieron a \u00e9l para celebrarlo. A su llegada, Lennon se mud\u00f3 a una villa m\u00e1s grande, la finca Santa Isabel, que ahora es conocida como la Casa del Cine de Almer\u00eda. Fue en este entorno tranquilo donde finalmente complet\u00f3 la canci\u00f3n. Sin embargo, la versi\u00f3n de \"Strawberry Fields Forever\" que el mundo conoce hoy continu\u00f3 evolucionando en el estudio, incorporando capas de producci\u00f3n psicod\u00e9lica que la convirtieron en una obra maestra.<\/p>\t\t\t\t\t\t\t\t<\/div>\n\t\t\t\t<\/div>\n\t\t\t\t\t<\/div>\n\t\t<\/div>\n\t\t\t\t<div class=\"elementor-column elementor-col-50 elementor-top-column elementor-element elementor-element-6281016\" data-id=\"6281016\" data-element_type=\"column\" data-e-type=\"column\">\n\t\t\t<div class=\"elementor-widget-wrap elementor-element-populated\">\n\t\t\t\t\t\t<div class=\"elementor-element elementor-element-645f7f6 elementor-widget elementor-widget-image\" data-id=\"645f7f6\" data-element_type=\"widget\" data-e-type=\"widget\" data-widget_type=\"image.default\">\n\t\t\t\t<div class=\"elementor-widget-container\">\n\t\t\t\t\t\t\t\t\t\t\t\t\t\t\t<img decoding=\"async\" width=\"1024\" height=\"697\" src=\"https:\/\/costatropical.com\/wp-content\/uploads\/2024\/09\/santa-isabel-1024x697.webp\" class=\"attachment-large size-large wp-image-12629\" alt=\"\" srcset=\"https:\/\/costatropical.com\/wp-content\/uploads\/2024\/09\/santa-isabel-1024x697.webp 1024w, https:\/\/costatropical.com\/wp-content\/uploads\/2024\/09\/santa-isabel-350x238.webp 350w, https:\/\/costatropical.com\/wp-content\/uploads\/2024\/09\/santa-isabel-18x12.webp 18w, https:\/\/costatropical.com\/wp-content\/uploads\/2024\/09\/santa-isabel.webp 1200w\" sizes=\"(max-width: 1024px) 100vw, 1024px\" title=\"\">\t\t\t\t\t\t\t\t\t\t\t\t\t\t\t<\/div>\n\t\t\t\t<\/div>\n\t\t\t\t\t<\/div>\n\t\t<\/div>\n\t\t\t\t\t<\/div>\n\t\t<\/section>\n\t\t\t\t<section class=\"elementor-section elementor-top-section elementor-element elementor-element-414a17f elementor-section-boxed elementor-section-height-default elementor-section-height-default rt-parallax-bg-no\" data-id=\"414a17f\" data-element_type=\"section\" data-e-type=\"section\">\n\t\t\t\t\t\t<div class=\"elementor-container elementor-column-gap-default\">\n\t\t\t\t\t<div class=\"elementor-column elementor-col-50 elementor-top-column elementor-element elementor-element-768663c\" data-id=\"768663c\" data-element_type=\"column\" data-e-type=\"column\">\n\t\t\t<div class=\"elementor-widget-wrap elementor-element-populated\">\n\t\t\t\t\t\t<div class=\"elementor-element elementor-element-65cd3b0 elementor-widget elementor-widget-text-editor\" data-id=\"65cd3b0\" data-element_type=\"widget\" data-e-type=\"widget\" data-widget_type=\"text-editor.default\">\n\t\t\t\t<div class=\"elementor-widget-container\">\n\t\t\t\t\t\t\t\t\t<p>El sur de Espa\u00f1a dej\u00f3 una marca duradera en Lennon, de forma similar a como la India influy\u00f3 m\u00e1s tarde en George Harrison. El tiempo que pas\u00f3 all\u00ed le permiti\u00f3 apartarse de su abrumadora fama, reconectar con su creatividad y comenzar a distanciarse de la identidad de \"John Winston Lennon\", el Beatle. En muchos sentidos, fue en Almer\u00eda donde Lennon comenz\u00f3 a explorar temas m\u00e1s profundos en su m\u00fasica, reflejando su agitaci\u00f3n interna y su perspectiva cambiante sobre la vida.\u00a0<\/p>\t\t\t\t\t\t\t\t<\/div>\n\t\t\t\t<\/div>\n\t\t\t\t\t<\/div>\n\t\t<\/div>\n\t\t\t\t<div class=\"elementor-column elementor-col-50 elementor-top-column elementor-element elementor-element-cf6eafc\" data-id=\"cf6eafc\" data-element_type=\"column\" data-e-type=\"column\">\n\t\t\t<div class=\"elementor-widget-wrap elementor-element-populated\">\n\t\t\t\t\t\t<div class=\"elementor-element elementor-element-448eb3a elementor-widget elementor-widget-image\" data-id=\"448eb3a\" data-element_type=\"widget\" data-e-type=\"widget\" data-widget_type=\"image.default\">\n\t\t\t\t<div class=\"elementor-widget-container\">\n\t\t\t\t\t\t\t\t\t\t\t\t\t\t\t<img loading=\"lazy\" decoding=\"async\" width=\"912\" height=\"684\" src=\"https:\/\/costatropical.com\/wp-content\/uploads\/2024\/09\/lennon2.jpg\" class=\"attachment-large size-large wp-image-12619\" alt=\"\" srcset=\"https:\/\/costatropical.com\/wp-content\/uploads\/2024\/09\/lennon2.jpg 912w, https:\/\/costatropical.com\/wp-content\/uploads\/2024\/09\/lennon2-350x263.jpg 350w, https:\/\/costatropical.com\/wp-content\/uploads\/2024\/09\/lennon2-16x12.jpg 16w, https:\/\/costatropical.com\/wp-content\/uploads\/2024\/09\/lennon2-200x150.jpg 200w\" sizes=\"(max-width: 912px) 100vw, 912px\" title=\"\">\t\t\t\t\t\t\t\t\t\t\t\t\t\t\t<\/div>\n\t\t\t\t<\/div>\n\t\t\t\t\t<\/div>\n\t\t<\/div>\n\t\t\t\t\t<\/div>\n\t\t<\/section>\n\t\t\t\t<section class=\"elementor-section elementor-top-section elementor-element elementor-element-0128480 elementor-section-boxed elementor-section-height-default elementor-section-height-default rt-parallax-bg-no\" data-id=\"0128480\" data-element_type=\"section\" data-e-type=\"section\">\n\t\t\t\t\t\t<div class=\"elementor-container elementor-column-gap-default\">\n\t\t\t\t\t<div class=\"elementor-column elementor-col-50 elementor-top-column elementor-element elementor-element-ffa8913\" data-id=\"ffa8913\" data-element_type=\"column\" data-e-type=\"column\">\n\t\t\t<div class=\"elementor-widget-wrap elementor-element-populated\">\n\t\t\t\t\t\t<div class=\"elementor-element elementor-element-da449b3 elementor-widget elementor-widget-image\" data-id=\"da449b3\" data-element_type=\"widget\" data-e-type=\"widget\" data-widget_type=\"image.default\">\n\t\t\t\t<div class=\"elementor-widget-container\">\n\t\t\t\t\t\t\t\t\t\t\t\t\t\t\t<img loading=\"lazy\" decoding=\"async\" width=\"822\" height=\"614\" src=\"https:\/\/costatropical.com\/wp-content\/uploads\/2024\/09\/lennon3.jpg\" class=\"attachment-large size-large wp-image-12620\" alt=\"\" srcset=\"https:\/\/costatropical.com\/wp-content\/uploads\/2024\/09\/lennon3.jpg 822w, https:\/\/costatropical.com\/wp-content\/uploads\/2024\/09\/lennon3-350x261.jpg 350w, https:\/\/costatropical.com\/wp-content\/uploads\/2024\/09\/lennon3-16x12.jpg 16w, https:\/\/costatropical.com\/wp-content\/uploads\/2024\/09\/lennon3-200x150.jpg 200w\" sizes=\"(max-width: 822px) 100vw, 822px\" title=\"\">\t\t\t\t\t\t\t\t\t\t\t\t\t\t\t<\/div>\n\t\t\t\t<\/div>\n\t\t\t\t\t<\/div>\n\t\t<\/div>\n\t\t\t\t<div class=\"elementor-column elementor-col-50 elementor-top-column elementor-element elementor-element-75c7046\" data-id=\"75c7046\" data-element_type=\"column\" data-e-type=\"column\">\n\t\t\t<div class=\"elementor-widget-wrap elementor-element-populated\">\n\t\t\t\t\t\t<div class=\"elementor-element elementor-element-79b737c elementor-widget elementor-widget-text-editor\" data-id=\"79b737c\" data-element_type=\"widget\" data-e-type=\"widget\" data-widget_type=\"text-editor.default\">\n\t\t\t\t<div class=\"elementor-widget-container\">\n\t\t\t\t\t\t\t\t\t<h4><strong>Estatua a Lennon<\/strong><\/h4><p>Incluso hoy, Almer\u00eda conserva el recuerdo de la visita de Lennon. La ciudad ha conmemorado su estancia dedic\u00e1ndole lugares en su honor, incluida una estatua que se encuentra en la hist\u00f3rica Plaza de las Flores. Estos tributos reflejan la importancia que tuvo esta tranquila ciudad del sur de Espa\u00f1a en el desarrollo art\u00edstico de Lennon.<\/p><p>La finca donde Lennon se aloj\u00f3 es ahora un museo que rinde homenaje a la importancia de la industria cinematogr\u00e1fica en la regi\u00f3n, y uno de los espacios est\u00e1 dedicado a la visita de John Lennon en Almer\u00eda. Se llama la \u2018Sala Fuente de Inspiraci\u00f3n\u2019 y est\u00e1 ambientada con grandes im\u00e1genes y objetos que evocan aquella experiencia. Los lugare\u00f1os recuerdan a Lennon caminando por la playa de Zapillo, guitarra en mano, creando la canci\u00f3n que m\u00e1s tarde capturar\u00eda la imaginaci\u00f3n del mundo. Aunque Lennon pas\u00f3 solo un breve tiempo en Almer\u00eda, la ciudad desempe\u00f1\u00f3 un papel clave en la creaci\u00f3n de una de las canciones m\u00e1s influyentes del siglo XX, vinculando para siempre el legado de los Beatles con este rinc\u00f3n inesperado de Espa\u00f1a.<\/p>\t\t\t\t\t\t\t\t<\/div>\n\t\t\t\t<\/div>\n\t\t\t\t\t<\/div>\n\t\t<\/div>\n\t\t\t\t\t<\/div>\n\t\t<\/section>\n\t\t\t\t<section class=\"elementor-section elementor-top-section elementor-element elementor-element-07b90a4 elementor-section-boxed elementor-section-height-default elementor-section-height-default rt-parallax-bg-no\" data-id=\"07b90a4\" data-element_type=\"section\" data-e-type=\"section\">\n\t\t\t\t\t\t<div class=\"elementor-container elementor-column-gap-default\">\n\t\t\t\t\t<div class=\"elementor-column elementor-col-100 elementor-top-column elementor-element elementor-element-429e78b\" data-id=\"429e78b\" data-element_type=\"column\" data-e-type=\"column\">\n\t\t\t<div class=\"elementor-widget-wrap elementor-element-populated\">\n\t\t\t\t\t\t<div class=\"elementor-element elementor-element-f91be37 elementor-widget elementor-widget-text-editor\" data-id=\"f91be37\" data-element_type=\"widget\" data-e-type=\"widget\" data-widget_type=\"text-editor.default\">\n\t\t\t\t<div class=\"elementor-widget-container\">\n\t\t\t\t\t\t\t\t\t<h4>Explora este sitio web<\/h4><ul><li><a href=\"https:\/\/costatropical.com\/es\/peliculas-rodadas-granada\/\">Pel\u00edculas rodadas en Granada<\/a><\/li><li><a href=\"https:\/\/costatropical.com\/es\/datos-costa-tropical-de-granada\/\">\u00bfQu\u00e9 hace tan especial a la Costa Tropical?<\/a><\/li><li><a href=\"https:\/\/costatropical.com\/es\/tradiciones-fiestas-costa-tropical\/\">Tradiciones y fiestas<\/a><\/li><li><a href=\"https:\/\/costatropical.com\/es\/viajar-a-espana\/\">Informaci\u00f3n \u00fatil para su viaje a Espa\u00f1a<\/a><\/li><li class=\"elementor-sitemap-item elementor-sitemap-item-page page_item page-item-10354\"><a href=\"https:\/\/costatropical.com\/es\/conducir-en-espana\/\">Conducir en Espa\u00f1a<\/a><\/li><li><a href=\"https:\/\/costatropical.com\/es\/things-to-see-do\/\">Qu\u00e9 ver y qu\u00e9 hacer<\/a><\/li><\/ul>\t\t\t\t\t\t\t\t<\/div>\n\t\t\t\t<\/div>\n\t\t\t\t\t<\/div>\n\t\t<\/div>\n\t\t\t\t\t<\/div>\n\t\t<\/section>\n\t\t\t\t<\/div>","protected":false},"excerpt":{"rendered":"<p>A Beatle in the south of Spain: The Story of John Lennon&#8217;s Spanish Inspiration In the summer of 1963, John Lennon took a trip to Torremolinos with The Beatles&#8217; manager, Brian Epstein. The two spent a relaxing two weeks on holiday, partly because Torremolinos was known for being more accepting of gay people, like Epstein,<\/p>","protected":false},"author":1,"featured_media":12624,"parent":0,"menu_order":0,"comment_status":"closed","ping_status":"closed","template":"elementor_header_footer","meta":{"_rtcl_gb_attr":"","footnotes":""},"class_list":["post-12617","page","type-page","status-publish","has-post-thumbnail","hentry","have-post-thumb"],"_links":{"self":[{"href":"https:\/\/costatropical.com\/es\/wp-json\/wp\/v2\/pages\/12617","targetHints":{"allow":["GET"]}}],"collection":[{"href":"https:\/\/costatropical.com\/es\/wp-json\/wp\/v2\/pages"}],"about":[{"href":"https:\/\/costatropical.com\/es\/wp-json\/wp\/v2\/types\/page"}],"author":[{"embeddable":true,"href":"https:\/\/costatropical.com\/es\/wp-json\/wp\/v2\/users\/1"}],"replies":[{"embeddable":true,"href":"https:\/\/costatropical.com\/es\/wp-json\/wp\/v2\/comments?post=12617"}],"version-history":[{"count":0,"href":"https:\/\/costatropical.com\/es\/wp-json\/wp\/v2\/pages\/12617\/revisions"}],"wp:featuredmedia":[{"embeddable":true,"href":"https:\/\/costatropical.com\/es\/wp-json\/wp\/v2\/media\/12624"}],"wp:attachment":[{"href":"https:\/\/costatropical.com\/es\/wp-json\/wp\/v2\/media?parent=12617"}],"curies":[{"name":"wp","href":"https:\/\/api.w.org\/{rel}","templated":true}]}}