{"id":12080,"date":"2024-04-24T13:30:34","date_gmt":"2024-04-24T12:30:34","guid":{"rendered":"https:\/\/costatropical.com\/?page_id=12080"},"modified":"2026-04-06T12:18:57","modified_gmt":"2026-04-06T11:18:57","slug":"eventos-en-la-herradura","status":"publish","type":"page","link":"https:\/\/costatropical.com\/es\/events-in-la-herradura\/","title":{"rendered":"Eventos en La Herradura"},"content":{"rendered":"<div data-elementor-type=\"wp-page\" data-elementor-id=\"12080\" class=\"elementor elementor-12080\" data-elementor-post-type=\"page\">\n\t\t\t\t\t\t<section class=\"elementor-section elementor-top-section elementor-element elementor-element-45759a4 elementor-section-boxed elementor-section-height-default elementor-section-height-default rt-parallax-bg-no\" data-id=\"45759a4\" data-element_type=\"section\" data-e-type=\"section\">\n\t\t\t\t\t\t<div class=\"elementor-container elementor-column-gap-default\">\n\t\t\t\t\t<div class=\"elementor-column elementor-col-100 elementor-top-column elementor-element elementor-element-65ad520\" data-id=\"65ad520\" data-element_type=\"column\" data-e-type=\"column\">\n\t\t\t<div class=\"elementor-widget-wrap elementor-element-populated\">\n\t\t\t\t\t\t<div class=\"elementor-element elementor-element-72a83bb elementor-widget elementor-widget-text-editor\" data-id=\"72a83bb\" data-element_type=\"widget\" data-e-type=\"widget\" data-widget_type=\"text-editor.default\">\n\t\t\t\t<div class=\"elementor-widget-container\">\n\t\t\t\t\t\t\t\t\t<p>Descubre la programaci\u00f3n cultural en La Herradura: conciertos, teatro, eventos y actividades para todos los gustos durante todo el a\u00f1o. Encuentra los mejores planes y disfruta de la agenda cultural de la Costa Tropical.<\/p>\t\t\t\t\t\t\t\t<\/div>\n\t\t\t\t<\/div>\n\t\t\t\t<div class=\"elementor-element elementor-element-ac6b938 elementor-widget elementor-widget-shortcode\" data-id=\"ac6b938\" data-element_type=\"widget\" data-e-type=\"widget\" data-widget_type=\"shortcode.default\">\n\t\t\t\t<div class=\"elementor-widget-container\">\n\t\t\t\t\t\t\t<div class=\"elementor-shortcode\"><div class='etn-row etn-event-wrapper'>\n        <div class=\"etn-col-md-6 etn-col-lg-3\">\n        <div class=\"etn-event-item\">\n            <!-- thumbnail -->\n            <div class=\"etn-event-thumb\">\n                                    <a\n                        href=\"https:\/\/costatropical.com\/es\/etn\/xxiv-romeria-virgen-de-fatima-y-sagrado-corazon-de-jesus-2\/\"\n                        aria-label=\"Eventos en La Herradura\"\n                    >\n                        <img decoding=\"async\" src=\"https:\/\/costatropical.com\/wp-content\/uploads\/2026\/04\/XXIV-Romeria-Virgen-de-Fatima-y-Sagrado-Corazon-de-Jesus.jpeg\" alt=\"Image\" title=\"\">\n                    <\/a>\n                \n                <div class=\"etn-event-category\">\n                    <span>Tradition<\/span>                 <\/div>\n                            <\/div>\n            <!-- thumbnail start-->\n\n            <!-- content start-->\n            <div class=\"etn-event-content\">\n                                                            <div class=\"etn-event-location\">\n                            <i class=\"etn-icon etn-location\"><\/i>\n                            La Herradura                        <\/div>\n                    \n                \n                <h3 class=\"etn-title etn-event-title\"><a href=\"https:\/\/costatropical.com\/es\/etn\/xxiv-romeria-virgen-de-fatima-y-sagrado-corazon-de-jesus-2\/\">\n                    XXIV Romer\u00eda Virgen de F\u00e1tima y Sagrado Coraz\u00f3n de Jes\u00fas<\/a>\n                <\/h3>\n                \n                <div class=\"etn-event-footer\">\n                    <div class=\"etn-event-date\">\n                        \t\t\t<span>\n\t\t\t\t<i class=\"etn-icon etn-calendar\"><\/i>\n\t\t\t\t19\/04\/2026\t\t\t<\/span>\n\t\t                    <\/div>\n                    <div class=\"etn-atend-btn\">\n                                                <a href=\"https:\/\/costatropical.com\/es\/etn\/xxiv-romeria-virgen-de-fatima-y-sagrado-corazon-de-jesus-2\/\" class=\"etn-btn etn-btn-border\"\n                            title=\"XXIV Romer\u00eda Virgen de F\u00e1tima y Sagrado Coraz\u00f3n de Jes\u00fas\">Attend                            <i class=\"etn-icon etm-arrow-right\"><\/i><\/a>\n                                            <\/div>\n                <\/div>\n            <\/div>\n                        <!-- content end-->\n        <\/div>\n        <!-- etn event item end-->\n    <\/div>\n        <div class=\"etn-col-md-6 etn-col-lg-3\">\n        <div class=\"etn-event-item\">\n            <!-- thumbnail -->\n            <div class=\"etn-event-thumb\">\n                                    <a\n                        href=\"https:\/\/costatropical.com\/es\/etn\/cruces-de-mayo-en-la-herradura-2\/\"\n                        aria-label=\"Eventos en La Herradura\"\n                    >\n                        <img decoding=\"async\" src=\"https:\/\/costatropical.com\/wp-content\/uploads\/2026\/03\/Cruces-de-Mayo-en-La-Herradura.jpg\" alt=\"Image\" title=\"\">\n                    <\/a>\n                \n                <div class=\"etn-event-category\">\n                    <span>Tradition<\/span>                 <\/div>\n                            <\/div>\n            <!-- thumbnail start-->\n\n            <!-- content start-->\n            <div class=\"etn-event-content\">\n                                                            <div class=\"etn-event-location\">\n                            <i class=\"etn-icon etn-location\"><\/i>\n                            La Herradura                        <\/div>\n                    \n                \n                <h3 class=\"etn-title etn-event-title\"><a href=\"https:\/\/costatropical.com\/es\/etn\/cruces-de-mayo-en-la-herradura-2\/\">\n                    Cruces de Mayo en La Herradura<\/a>\n                <\/h3>\n                \n                <div class=\"etn-event-footer\">\n                    <div class=\"etn-event-date\">\n                        \t\t\t<span>\n\t\t\t\t<i class=\"etn-icon etn-calendar\"><\/i>\n\t\t\t\t01\/05\/2026\t\t\t<\/span>\n\t\t                    <\/div>\n                    <div class=\"etn-atend-btn\">\n                                                <a href=\"https:\/\/costatropical.com\/es\/etn\/cruces-de-mayo-en-la-herradura-2\/\" class=\"etn-btn etn-btn-border\"\n                            title=\"Cruces de Mayo en La Herradura\">Attend                            <i class=\"etn-icon etm-arrow-right\"><\/i><\/a>\n                                            <\/div>\n                <\/div>\n            <\/div>\n                        <!-- content end-->\n        <\/div>\n        <!-- etn event item end-->\n    <\/div>\n    <\/div>\n\n<\/div>\n\t\t\t\t\t\t<\/div>\n\t\t\t\t<\/div>\n\t\t\t\t\t<\/div>\n\t\t<\/div>\n\t\t\t\t\t<\/div>\n\t\t<\/section>\n\t\t\t\t<section class=\"elementor-section elementor-top-section elementor-element elementor-element-893492d elementor-section-boxed elementor-section-height-default elementor-section-height-default rt-parallax-bg-no\" data-id=\"893492d\" data-element_type=\"section\" data-e-type=\"section\">\n\t\t\t\t\t\t<div class=\"elementor-container elementor-column-gap-default\">\n\t\t\t\t\t<div class=\"elementor-column elementor-col-100 elementor-top-column elementor-element elementor-element-71d97a9\" data-id=\"71d97a9\" data-element_type=\"column\" data-e-type=\"column\">\n\t\t\t<div class=\"elementor-widget-wrap elementor-element-populated\">\n\t\t\t\t\t\t<section class=\"elementor-section elementor-inner-section elementor-element elementor-element-8147c13 elementor-section-boxed elementor-section-height-default elementor-section-height-default rt-parallax-bg-no\" data-id=\"8147c13\" data-element_type=\"section\" data-e-type=\"section\" data-settings=\"{&quot;background_background&quot;:&quot;classic&quot;}\">\n\t\t\t\t\t\t\t<div class=\"elementor-background-overlay\"><\/div>\n\t\t\t\t\t\t\t<div class=\"elementor-container elementor-column-gap-default\">\n\t\t\t\t\t<div class=\"elementor-column elementor-col-50 elementor-inner-column elementor-element elementor-element-94a36d0\" data-id=\"94a36d0\" data-element_type=\"column\" data-e-type=\"column\">\n\t\t\t<div class=\"elementor-widget-wrap elementor-element-populated\">\n\t\t\t\t\t\t<div class=\"elementor-element elementor-element-3947064 elementor-align-left elementor-align-center elementor-widget elementor-widget-rt-title\" data-id=\"3947064\" data-element_type=\"widget\" data-e-type=\"widget\" data-widget_type=\"rt-title.default\">\n\t\t\t\t<div class=\"elementor-widget-container\">\n\t\t\t\t\t<div class=\"section-heading\">\r\n\t<h2 class=\"heading-title\">Download the Costa Tropical App<\/h2><p>Con recomendaciones basadas en tu ubicaci\u00f3n y alertas en tiempo real, es como llevar un gu\u00eda tur\u00edstico en el bolsillo, para que nunca te pierdas nada!<\/p>    <\/div>\t\t\t\t<\/div>\n\t\t\t\t<\/div>\n\t\t\t\t\t<\/div>\n\t\t<\/div>\n\t\t\t\t<div class=\"elementor-column elementor-col-50 elementor-inner-column elementor-element elementor-element-dacaa66\" data-id=\"dacaa66\" data-element_type=\"column\" data-e-type=\"column\">\n\t\t\t<div class=\"elementor-widget-wrap elementor-element-populated\">\n\t\t\t\t\t\t<div class=\"elementor-element elementor-element-f5351ea elementor-widget elementor-widget-image\" data-id=\"f5351ea\" data-element_type=\"widget\" data-e-type=\"widget\" data-no-translation=\"\" data-widget_type=\"image.default\">\n\t\t\t\t<div class=\"elementor-widget-container\">\n\t\t\t\t\t<style>.elementor-element-f5351ea{display:none !important}<\/style>\t\t\t\t<\/div>\n\t\t\t\t<\/div>\n\t\t\t\t<div class=\"elementor-element elementor-element-f8278a4 elementor-widget elementor-widget-image\" data-id=\"f8278a4\" data-element_type=\"widget\" data-e-type=\"widget\" data-no-translation=\"\" data-widget_type=\"image.default\">\n\t\t\t\t<div class=\"elementor-widget-container\">\n\t\t\t\t\t\t\t\t\t\t\t\t\t\t\t\t<a href=\"https:\/\/play.google.com\/store\/apps\/details?id=com.costatropical.app&#038;hl=en\" target=\"_blank\" rel=\"noopener\">\n\t\t\t\t\t\t\t<img decoding=\"async\" src=\"https:\/\/costatropical.com\/wp-content\/uploads\/elementor\/thumbs\/google_play_esp-rk199qudj6j2j6i6mhvrwpsobyjryzc6gdq7h7tsyo.png\" title=\"google_play_esp\" alt=\"google_play_esp\" loading=\"lazy\" \/>\t\t\t\t\t\t\t\t<\/a>\n\t\t\t\t\t\t\t\t\t\t\t\t\t\t\t<\/div>\n\t\t\t\t<\/div>\n\t\t\t\t\t<\/div>\n\t\t<\/div>\n\t\t\t\t\t<\/div>\n\t\t<\/section>\n\t\t\t\t<div class=\"elementor-element elementor-element-9d6924e elementor-widget elementor-widget-text-editor\" data-id=\"9d6924e\" data-element_type=\"widget\" data-e-type=\"widget\" data-widget_type=\"text-editor.default\">\n\t\t\t\t<div class=\"elementor-widget-container\">\n\t\t\t\t\t\t\t\t\t<p>O <a href=\"https:\/\/costatropical.com\/es\/app-costa-tropical\/\">haz clic aqu\u00ed<\/a> para obtener m\u00e1s informaci\u00f3n<\/p>\t\t\t\t\t\t\t\t<\/div>\n\t\t\t\t<\/div>\n\t\t\t\t\t<\/div>\n\t\t<\/div>\n\t\t\t\t\t<\/div>\n\t\t<\/section>\n\t\t\t\t<\/div>","protected":false},"excerpt":{"rendered":"<p>Discover the cultural programme in La Herradura: concerts, theatre, events, and activities for all tastes all year round. Find the best plans and enjoy the cultural agenda of the Costa Tropical. Download the Costa Tropical App With location-based recommendations and real-time alerts, it\u2019s like having a tour guide in your pocket\u2014so you never miss a<\/p>","protected":false},"author":19,"featured_media":0,"parent":0,"menu_order":0,"comment_status":"closed","ping_status":"closed","template":"","meta":{"_rtcl_gb_attr":"","footnotes":""},"class_list":["post-12080","page","type-page","status-publish","hentry"],"_links":{"self":[{"href":"https:\/\/costatropical.com\/es\/wp-json\/wp\/v2\/pages\/12080","targetHints":{"allow":["GET"]}}],"collection":[{"href":"https:\/\/costatropical.com\/es\/wp-json\/wp\/v2\/pages"}],"about":[{"href":"https:\/\/costatropical.com\/es\/wp-json\/wp\/v2\/types\/page"}],"author":[{"embeddable":true,"href":"https:\/\/costatropical.com\/es\/wp-json\/wp\/v2\/users\/19"}],"replies":[{"embeddable":true,"href":"https:\/\/costatropical.com\/es\/wp-json\/wp\/v2\/comments?post=12080"}],"version-history":[{"count":15,"href":"https:\/\/costatropical.com\/es\/wp-json\/wp\/v2\/pages\/12080\/revisions"}],"predecessor-version":[{"id":17769,"href":"https:\/\/costatropical.com\/es\/wp-json\/wp\/v2\/pages\/12080\/revisions\/17769"}],"wp:attachment":[{"href":"https:\/\/costatropical.com\/es\/wp-json\/wp\/v2\/media?parent=12080"}],"curies":[{"name":"wp","href":"https:\/\/api.w.org\/{rel}","templated":true}]}}