{"id":12079,"date":"2024-04-24T13:24:15","date_gmt":"2024-04-24T12:24:15","guid":{"rendered":"https:\/\/costatropical.com\/?page_id=12079"},"modified":"2026-04-06T12:18:08","modified_gmt":"2026-04-06T11:18:08","slug":"events-in-salobrena","status":"publish","type":"page","link":"https:\/\/costatropical.com\/es\/events-in-salobrena\/","title":{"rendered":"Events in Salobre\u00f1a"},"content":{"rendered":"<div data-elementor-type=\"wp-page\" data-elementor-id=\"12079\" class=\"elementor elementor-12079\" data-elementor-post-type=\"page\">\n\t\t\t\t\t\t<section class=\"elementor-section elementor-top-section elementor-element elementor-element-45759a4 elementor-section-boxed elementor-section-height-default elementor-section-height-default rt-parallax-bg-no\" data-id=\"45759a4\" data-element_type=\"section\" data-e-type=\"section\">\n\t\t\t\t\t\t<div class=\"elementor-container elementor-column-gap-default\">\n\t\t\t\t\t<div class=\"elementor-column elementor-col-100 elementor-top-column elementor-element elementor-element-65ad520\" data-id=\"65ad520\" data-element_type=\"column\" data-e-type=\"column\">\n\t\t\t<div class=\"elementor-widget-wrap elementor-element-populated\">\n\t\t\t\t\t\t<div class=\"elementor-element elementor-element-4f261f5 elementor-widget elementor-widget-text-editor\" data-id=\"4f261f5\" data-element_type=\"widget\" data-e-type=\"widget\" data-widget_type=\"text-editor.default\">\n\t\t\t\t<div class=\"elementor-widget-container\">\n\t\t\t\t\t\t\t\t\t<p>Descubre la programaci\u00f3n cultural en Salobre\u00f1a: conciertos, teatro, eventos y actividades para todos los gustos durante todo el a\u00f1o. Encuentra los mejores planes y disfruta de la agenda cultural de la Costa Tropical.<\/p>\t\t\t\t\t\t\t\t<\/div>\n\t\t\t\t<\/div>\n\t\t\t\t<div class=\"elementor-element elementor-element-ac6b938 elementor-widget elementor-widget-shortcode\" data-id=\"ac6b938\" data-element_type=\"widget\" data-e-type=\"widget\" data-widget_type=\"shortcode.default\">\n\t\t\t\t<div class=\"elementor-widget-container\">\n\t\t\t\t\t\t\t<div class=\"elementor-shortcode\"><div class='etn-row etn-event-wrapper'>\n        <div class=\"etn-col-md-6 etn-col-lg-3\">\n        <div class=\"etn-event-item\">\n            <!-- thumbnail -->\n            <div class=\"etn-event-thumb\">\n                                    <a\n                        href=\"https:\/\/costatropical.com\/es\/etn\/lorca-del-flamenco-al-jazz\/\"\n                        aria-label=\"Events in Salobre\u00f1a\"\n                    >\n                        <img decoding=\"async\" src=\"https:\/\/costatropical.com\/wp-content\/uploads\/2026\/03\/Lorca-del-Flamenco-al-Jazz.jpg\" alt=\"Image\" title=\"\">\n                    <\/a>\n                \n                <div class=\"etn-event-category\">\n                    <span>M\u00fasica<\/span> <span>Teatro<\/span>                 <\/div>\n                            <\/div>\n            <!-- thumbnail start-->\n\n            <!-- content start-->\n            <div class=\"etn-event-content\">\n                                                            <div class=\"etn-event-location\">\n                            <i class=\"etn-icon etn-location\"><\/i>\n                            Auditorio Villa de Salobre\u00f1a Mart\u00edn Recuerda                        <\/div>\n                    \n                \n                <h3 class=\"etn-title etn-event-title\"><a href=\"https:\/\/costatropical.com\/es\/etn\/lorca-del-flamenco-al-jazz\/\">\n                    Lorca del Flamenco al Jazz<\/a>\n                <\/h3>\n                \n                <div class=\"etn-event-footer\">\n                    <div class=\"etn-event-date\">\n                        \t\t\t<span>\n\t\t\t\t<i class=\"etn-icon etn-calendar\"><\/i>\n\t\t\t\t30\/05\/2026\t\t\t<\/span>\n\t\t                    <\/div>\n                    <div class=\"etn-atend-btn\">\n                                                <a href=\"https:\/\/costatropical.com\/es\/etn\/lorca-del-flamenco-al-jazz\/\" class=\"etn-btn etn-btn-border\"\n                            title=\"Lorca del Flamenco al Jazz\">Attend                            <i class=\"etn-icon etm-arrow-right\"><\/i><\/a>\n                                            <\/div>\n                <\/div>\n            <\/div>\n                        <!-- content end-->\n        <\/div>\n        <!-- etn event item end-->\n    <\/div>\n        <div class=\"etn-col-md-6 etn-col-lg-3\">\n        <div class=\"etn-event-item\">\n            <!-- thumbnail -->\n            <div class=\"etn-event-thumb\">\n                                    <a\n                        href=\"https:\/\/costatropical.com\/es\/etn\/david-navarro-no-tengo-remedio-2\/\"\n                        aria-label=\"Events in Salobre\u00f1a\"\n                    >\n                        <img decoding=\"async\" src=\"https:\/\/costatropical.com\/wp-content\/uploads\/2026\/03\/David-Navarro-No-tengo-remedio.jpeg\" alt=\"Image\" title=\"\">\n                    <\/a>\n                \n                <div class=\"etn-event-category\">\n                    <span>Comedy<\/span> <span>Teatro<\/span>                 <\/div>\n                            <\/div>\n            <!-- thumbnail start-->\n\n            <!-- content start-->\n            <div class=\"etn-event-content\">\n                                                            <div class=\"etn-event-location\">\n                            <i class=\"etn-icon etn-location\"><\/i>\n                            Auditorio Villa de Salobre\u00f1a Mart\u00edn Recuerda                        <\/div>\n                    \n                \n                <h3 class=\"etn-title etn-event-title\"><a href=\"https:\/\/costatropical.com\/es\/etn\/david-navarro-no-tengo-remedio-2\/\">\n                    David Navarro &#8211; No tengo remedio<\/a>\n                <\/h3>\n                \n                <div class=\"etn-event-footer\">\n                    <div class=\"etn-event-date\">\n                        \t\t\t<span>\n\t\t\t\t<i class=\"etn-icon etn-calendar\"><\/i>\n\t\t\t\t13\/06\/2026\t\t\t<\/span>\n\t\t                    <\/div>\n                    <div class=\"etn-atend-btn\">\n                                                <a href=\"https:\/\/costatropical.com\/es\/etn\/david-navarro-no-tengo-remedio-2\/\" class=\"etn-btn etn-btn-border\"\n                            title=\"David Navarro &#8211; No tengo remedio\">Attend                            <i class=\"etn-icon etm-arrow-right\"><\/i><\/a>\n                                            <\/div>\n                <\/div>\n            <\/div>\n                        <!-- content end-->\n        <\/div>\n        <!-- etn event item end-->\n    <\/div>\n        <div class=\"etn-col-md-6 etn-col-lg-3\">\n        <div class=\"etn-event-item\">\n            <!-- thumbnail -->\n            <div class=\"etn-event-thumb\">\n                                    <a\n                        href=\"https:\/\/costatropical.com\/es\/etn\/salo-orgullo\/\"\n                        aria-label=\"Events in Salobre\u00f1a\"\n                    >\n                        <img decoding=\"async\" src=\"https:\/\/costatropical.com\/wp-content\/uploads\/2026\/03\/Salorgullo.jpg\" alt=\"Image\" title=\"\">\n                    <\/a>\n                \n                <div class=\"etn-event-category\">\n                    <span>Festival<\/span> <span>M\u00fasica<\/span>                 <\/div>\n                            <\/div>\n            <!-- thumbnail start-->\n\n            <!-- content start-->\n            <div class=\"etn-event-content\">\n                                                            <div class=\"etn-event-location\">\n                            <i class=\"etn-icon etn-location\"><\/i>\n                            Polideportivo Municipal Mart\u00edn P\u00e9rez, Salobre\u00f1a                        <\/div>\n                    \n                \n                <h3 class=\"etn-title etn-event-title\"><a href=\"https:\/\/costatropical.com\/es\/etn\/salo-orgullo\/\">\n                    SALO Orgullo<\/a>\n                <\/h3>\n                \n                <div class=\"etn-event-footer\">\n                    <div class=\"etn-event-date\">\n                        \t\t\t<span>\n\t\t\t\t<i class=\"etn-icon etn-calendar\"><\/i>\n\t\t\t\t03\/07\/2026\t\t\t<\/span>\n\t\t\t\t\t<span>\n\t\t\t\t<span>To<\/span>\n\t\t\t\t05\/07\/2026\t\t\t<\/span>\n\t\t\t                    <\/div>\n                    <div class=\"etn-atend-btn\">\n                                                <a href=\"https:\/\/costatropical.com\/es\/etn\/salo-orgullo\/\" class=\"etn-btn etn-btn-border\"\n                            title=\"SALO Orgullo\">Attend                            <i class=\"etn-icon etm-arrow-right\"><\/i><\/a>\n                                            <\/div>\n                <\/div>\n            <\/div>\n                        <!-- content end-->\n        <\/div>\n        <!-- etn event item end-->\n    <\/div>\n        <div class=\"etn-col-md-6 etn-col-lg-3\">\n        <div class=\"etn-event-item\">\n            <!-- thumbnail -->\n            <div class=\"etn-event-thumb\">\n                                    <a\n                        href=\"https:\/\/costatropical.com\/es\/etn\/christian-garcia-10-anos-dando-guerra-2\/\"\n                        aria-label=\"Events in Salobre\u00f1a\"\n                    >\n                        <img decoding=\"async\" src=\"https:\/\/costatropical.com\/wp-content\/uploads\/2026\/03\/Christian-Garcia-10-anos-dando-guerra.jpg\" alt=\"Image\" title=\"\">\n                    <\/a>\n                \n                <div class=\"etn-event-category\">\n                    <span>Comedy<\/span> <span>Teatro<\/span>                 <\/div>\n                            <\/div>\n            <!-- thumbnail start-->\n\n            <!-- content start-->\n            <div class=\"etn-event-content\">\n                                                            <div class=\"etn-event-location\">\n                            <i class=\"etn-icon etn-location\"><\/i>\n                            Auditorio Villa de Salobre\u00f1a                        <\/div>\n                    \n                \n                <h3 class=\"etn-title etn-event-title\"><a href=\"https:\/\/costatropical.com\/es\/etn\/christian-garcia-10-anos-dando-guerra-2\/\">\n                    Christian Garc\u00eda -10 a\u00f1os dando guerra<\/a>\n                <\/h3>\n                \n                <div class=\"etn-event-footer\">\n                    <div class=\"etn-event-date\">\n                        \t\t\t<span>\n\t\t\t\t<i class=\"etn-icon etn-calendar\"><\/i>\n\t\t\t\t13\/11\/2026\t\t\t<\/span>\n\t\t                    <\/div>\n                    <div class=\"etn-atend-btn\">\n                                                <a href=\"https:\/\/costatropical.com\/es\/etn\/christian-garcia-10-anos-dando-guerra-2\/\" class=\"etn-btn etn-btn-border\"\n                            title=\"Christian Garc\u00eda -10 a\u00f1os dando guerra\">Attend                            <i class=\"etn-icon etm-arrow-right\"><\/i><\/a>\n                                            <\/div>\n                <\/div>\n            <\/div>\n                        <!-- content end-->\n        <\/div>\n        <!-- etn event item end-->\n    <\/div>\n    <\/div>\n\n\n<\/div>\n\t\t\t\t\t\t<\/div>\n\t\t\t\t<\/div>\n\t\t\t\t\t<\/div>\n\t\t<\/div>\n\t\t\t\t\t<\/div>\n\t\t<\/section>\n\t\t\t\t<section class=\"elementor-section elementor-top-section elementor-element elementor-element-b556bb8 elementor-section-boxed elementor-section-height-default elementor-section-height-default rt-parallax-bg-no\" data-id=\"b556bb8\" data-element_type=\"section\" data-e-type=\"section\">\n\t\t\t\t\t\t<div class=\"elementor-container elementor-column-gap-default\">\n\t\t\t\t\t<div class=\"elementor-column elementor-col-100 elementor-top-column elementor-element elementor-element-4db838d\" data-id=\"4db838d\" data-element_type=\"column\" data-e-type=\"column\">\n\t\t\t<div class=\"elementor-widget-wrap elementor-element-populated\">\n\t\t\t\t\t\t<section class=\"elementor-section elementor-inner-section elementor-element elementor-element-239f92e elementor-section-boxed elementor-section-height-default elementor-section-height-default rt-parallax-bg-no\" data-id=\"239f92e\" data-element_type=\"section\" data-e-type=\"section\" data-settings=\"{&quot;background_background&quot;:&quot;classic&quot;}\">\n\t\t\t\t\t\t\t<div class=\"elementor-background-overlay\"><\/div>\n\t\t\t\t\t\t\t<div class=\"elementor-container elementor-column-gap-default\">\n\t\t\t\t\t<div class=\"elementor-column elementor-col-50 elementor-inner-column elementor-element elementor-element-dca6b9f\" data-id=\"dca6b9f\" data-element_type=\"column\" data-e-type=\"column\">\n\t\t\t<div class=\"elementor-widget-wrap elementor-element-populated\">\n\t\t\t\t\t\t<div class=\"elementor-element elementor-element-5af013c elementor-align-left elementor-align-center elementor-widget elementor-widget-rt-title\" data-id=\"5af013c\" data-element_type=\"widget\" data-e-type=\"widget\" data-widget_type=\"rt-title.default\">\n\t\t\t\t<div class=\"elementor-widget-container\">\n\t\t\t\t\t<div class=\"section-heading\">\r\n\t<h2 class=\"heading-title\">Descarga la aplicaci\u00f3n Costa Tropical<\/h2><p>Con recomendaciones basadas en tu ubicaci\u00f3n y alertas en tiempo real, es como llevar un gu\u00eda tur\u00edstico en el bolsillo, para que nunca te pierdas nada!<\/p>    <\/div>\t\t\t\t<\/div>\n\t\t\t\t<\/div>\n\t\t\t\t\t<\/div>\n\t\t<\/div>\n\t\t\t\t<div class=\"elementor-column elementor-col-50 elementor-inner-column elementor-element elementor-element-cd5b809\" data-id=\"cd5b809\" data-element_type=\"column\" data-e-type=\"column\">\n\t\t\t<div class=\"elementor-widget-wrap elementor-element-populated\">\n\t\t\t\t\t\t<div class=\"elementor-element elementor-element-b38ffe7 elementor-widget elementor-widget-image\" data-id=\"b38ffe7\" data-element_type=\"widget\" data-e-type=\"widget\" data-no-translation=\"\" data-widget_type=\"image.default\">\n\t\t\t\t<div class=\"elementor-widget-container\">\n\t\t\t\t\t<style>.elementor-element-b38ffe7{display:none !important}<\/style>\t\t\t\t<\/div>\n\t\t\t\t<\/div>\n\t\t\t\t<div class=\"elementor-element elementor-element-089872c elementor-widget elementor-widget-image\" data-id=\"089872c\" data-element_type=\"widget\" data-e-type=\"widget\" data-no-translation=\"\" data-widget_type=\"image.default\">\n\t\t\t\t<div class=\"elementor-widget-container\">\n\t\t\t\t\t\t\t\t\t\t\t\t\t\t\t\t<a href=\"https:\/\/play.google.com\/store\/apps\/details?id=com.costatropical.app&#038;hl=en\" target=\"_blank\" rel=\"noopener\">\n\t\t\t\t\t\t\t<img decoding=\"async\" src=\"https:\/\/costatropical.com\/wp-content\/uploads\/elementor\/thumbs\/google_play_esp-rk199qudj6j2j6i6mhvrwpsobyjryzc6gdq7h7tsyo.png\" title=\"google_play_esp\" alt=\"google_play_esp\" loading=\"lazy\" \/>\t\t\t\t\t\t\t\t<\/a>\n\t\t\t\t\t\t\t\t\t\t\t\t\t\t\t<\/div>\n\t\t\t\t<\/div>\n\t\t\t\t\t<\/div>\n\t\t<\/div>\n\t\t\t\t\t<\/div>\n\t\t<\/section>\n\t\t\t\t<div class=\"elementor-element elementor-element-0ce2ed7 elementor-widget elementor-widget-text-editor\" data-id=\"0ce2ed7\" data-element_type=\"widget\" data-e-type=\"widget\" data-widget_type=\"text-editor.default\">\n\t\t\t\t<div class=\"elementor-widget-container\">\n\t\t\t\t\t\t\t\t\t<p>O <a href=\"https:\/\/costatropical.com\/es\/app-costa-tropical\/\">haz clic aqu\u00ed<\/a> para obtener m\u00e1s informaci\u00f3n<\/p>\t\t\t\t\t\t\t\t<\/div>\n\t\t\t\t<\/div>\n\t\t\t\t\t<\/div>\n\t\t<\/div>\n\t\t\t\t\t<\/div>\n\t\t<\/section>\n\t\t\t\t<\/div>","protected":false},"excerpt":{"rendered":"<p>Discover the cultural programme in Salobre\u00f1a: concerts, theatre, events, and activities for all tastes all year round. Find the best plans and enjoy the cultural agenda of the Costa Tropical. Download the Costa Tropical App With location-based recommendations and real-time alerts, it\u2019s like having a tour guide in your pocket\u2014so you never miss a thing!<\/p>","protected":false},"author":19,"featured_media":0,"parent":0,"menu_order":0,"comment_status":"closed","ping_status":"closed","template":"","meta":{"_rtcl_gb_attr":"","footnotes":""},"class_list":["post-12079","page","type-page","status-publish","hentry"],"_links":{"self":[{"href":"https:\/\/costatropical.com\/es\/wp-json\/wp\/v2\/pages\/12079","targetHints":{"allow":["GET"]}}],"collection":[{"href":"https:\/\/costatropical.com\/es\/wp-json\/wp\/v2\/pages"}],"about":[{"href":"https:\/\/costatropical.com\/es\/wp-json\/wp\/v2\/types\/page"}],"author":[{"embeddable":true,"href":"https:\/\/costatropical.com\/es\/wp-json\/wp\/v2\/users\/19"}],"replies":[{"embeddable":true,"href":"https:\/\/costatropical.com\/es\/wp-json\/wp\/v2\/comments?post=12079"}],"version-history":[{"count":9,"href":"https:\/\/costatropical.com\/es\/wp-json\/wp\/v2\/pages\/12079\/revisions"}],"predecessor-version":[{"id":17766,"href":"https:\/\/costatropical.com\/es\/wp-json\/wp\/v2\/pages\/12079\/revisions\/17766"}],"wp:attachment":[{"href":"https:\/\/costatropical.com\/es\/wp-json\/wp\/v2\/media?parent=12079"}],"curies":[{"name":"wp","href":"https:\/\/api.w.org\/{rel}","templated":true}]}}