{"id":11771,"date":"2024-03-16T11:59:08","date_gmt":"2024-03-16T10:59:08","guid":{"rendered":"https:\/\/costatropical.com\/?page_id=11771"},"modified":"2025-12-16T14:41:25","modified_gmt":"2025-12-16T13:41:25","slug":"segway-and-electric-bike-tours","status":"publish","type":"page","link":"https:\/\/costatropical.com\/es\/segway-and-electric-bike-tours\/","title":{"rendered":"Segway and Electric Bike Tours in Granada"},"content":{"rendered":"<div data-elementor-type=\"wp-page\" data-elementor-id=\"11771\" class=\"elementor elementor-11771\" data-elementor-post-type=\"page\">\n\t\t\t\t\t\t<section class=\"elementor-section elementor-top-section elementor-element elementor-element-9db5f62 elementor-section-boxed elementor-section-height-default elementor-section-height-default rt-parallax-bg-no\" data-id=\"9db5f62\" data-element_type=\"section\" data-e-type=\"section\">\n\t\t\t\t\t\t<div class=\"elementor-container elementor-column-gap-default\">\n\t\t\t\t\t<div class=\"elementor-column elementor-col-100 elementor-top-column elementor-element elementor-element-e50616f\" data-id=\"e50616f\" data-element_type=\"column\" data-e-type=\"column\">\n\t\t\t<div class=\"elementor-widget-wrap\">\n\t\t\t\t\t\t\t<\/div>\n\t\t<\/div>\n\t\t\t\t\t<\/div>\n\t\t<\/section>\n\t\t\t\t<section class=\"elementor-section elementor-top-section elementor-element elementor-element-440ac7f elementor-section-boxed elementor-section-height-default elementor-section-height-default rt-parallax-bg-no\" data-id=\"440ac7f\" data-element_type=\"section\" data-e-type=\"section\">\n\t\t\t\t\t\t<div class=\"elementor-container elementor-column-gap-default\">\n\t\t\t\t\t<div class=\"elementor-column elementor-col-100 elementor-top-column elementor-element elementor-element-32609ab\" data-id=\"32609ab\" data-element_type=\"column\" data-e-type=\"column\">\n\t\t\t<div class=\"elementor-widget-wrap elementor-element-populated\">\n\t\t\t\t\t\t<div class=\"elementor-element elementor-element-1adb5ba elementor-widget elementor-widget-spacer\" data-id=\"1adb5ba\" data-element_type=\"widget\" data-e-type=\"widget\" data-widget_type=\"spacer.default\">\n\t\t\t\t<div class=\"elementor-widget-container\">\n\t\t\t\t\t\t\t<div class=\"elementor-spacer\">\n\t\t\t<div class=\"elementor-spacer-inner\"><\/div>\n\t\t<\/div>\n\t\t\t\t\t\t<\/div>\n\t\t\t\t<\/div>\n\t\t\t\t\t<\/div>\n\t\t<\/div>\n\t\t\t\t\t<\/div>\n\t\t<\/section>\n\t\t\t\t<section class=\"elementor-section elementor-top-section elementor-element elementor-element-3a32983 elementor-section-boxed elementor-section-height-default elementor-section-height-default rt-parallax-bg-no\" data-id=\"3a32983\" data-element_type=\"section\" data-e-type=\"section\">\n\t\t\t\t\t\t<div class=\"elementor-container elementor-column-gap-default\">\n\t\t\t\t\t<div class=\"elementor-column elementor-col-100 elementor-top-column elementor-element elementor-element-0094017\" data-id=\"0094017\" data-element_type=\"column\" data-e-type=\"column\">\n\t\t\t<div class=\"elementor-widget-wrap elementor-element-populated\">\n\t\t\t\t\t\t<div class=\"elementor-element elementor-element-b6466ca elementor-widget elementor-widget-heading\" data-id=\"b6466ca\" data-element_type=\"widget\" data-e-type=\"widget\" data-widget_type=\"heading.default\">\n\t\t\t\t<div class=\"elementor-widget-container\">\n\t\t\t\t\t<h2 class=\"elementor-heading-title elementor-size-default\">Descubra Granada con estilo: Le esperan los tours en segway y bicicleta el\u00e9ctrica<\/h2>\t\t\t\t<\/div>\n\t\t\t\t<\/div>\n\t\t\t\t\t<\/div>\n\t\t<\/div>\n\t\t\t\t\t<\/div>\n\t\t<\/section>\n\t\t\t\t<section class=\"elementor-section elementor-top-section elementor-element elementor-element-7b57d16 elementor-section-boxed elementor-section-height-default elementor-section-height-default rt-parallax-bg-no\" data-id=\"7b57d16\" data-element_type=\"section\" data-e-type=\"section\">\n\t\t\t\t\t\t<div class=\"elementor-container elementor-column-gap-default\">\n\t\t\t\t\t<div class=\"elementor-column elementor-col-100 elementor-top-column elementor-element elementor-element-e718bd2\" data-id=\"e718bd2\" data-element_type=\"column\" data-e-type=\"column\">\n\t\t\t<div class=\"elementor-widget-wrap elementor-element-populated\">\n\t\t\t\t\t\t\t<\/div>\n\t\t<\/div>\n\t\t\t\t\t<\/div>\n\t\t<\/section>\n\t\t\t\t<section class=\"elementor-section elementor-top-section elementor-element elementor-element-beb9908 elementor-section-boxed elementor-section-height-default elementor-section-height-default rt-parallax-bg-no\" data-id=\"beb9908\" data-element_type=\"section\" data-e-type=\"section\">\n\t\t\t\t\t\t<div class=\"elementor-container elementor-column-gap-default\">\n\t\t\t\t\t<div class=\"elementor-column elementor-col-100 elementor-top-column elementor-element elementor-element-ed1e335\" data-id=\"ed1e335\" data-element_type=\"column\" data-e-type=\"column\">\n\t\t\t<div class=\"elementor-widget-wrap elementor-element-populated\">\n\t\t\t\t\t\t<div class=\"elementor-element elementor-element-d155ec2 elementor-widget elementor-widget-text-editor\" data-id=\"d155ec2\" data-element_type=\"widget\" data-e-type=\"widget\" data-settings=\"{&quot;_animation&quot;:&quot;none&quot;}\" data-widget_type=\"text-editor.default\">\n\t\t\t\t<div class=\"elementor-widget-container\">\n\t\t\t\t\t\t\t\t\t<p data-start=\"198\" data-end=\"506\">Los tours en segway y las rutas en bicicleta el\u00e9ctrica son una forma eficiente y agradable de visitar Granada y descubrir sus principales atractivos. Estas experiencias guiadas permiten desplazarse c\u00f3modamente por las calles hist\u00f3ricas, miradores y barrios de la ciudad, mientras se conoce su historia, cultura y vida local.<\/p><p data-start=\"508\" data-end=\"889\">Los paseos en Segway y las rutas en bicicleta el\u00e9ctrica en Granada son ideales para quienes quieren ver m\u00e1s en menos tiempo. Los recorridos suelen incluir zonas clave como el Albaic\u00edn, distintos miradores, \u00e1reas c\u00e9ntricas y los alrededores de la Alhambra, con paradas para explicaciones y fotograf\u00edas. Las visitas est\u00e1n guiadas por profesionales locales que ofrecen informaci\u00f3n clara y contextual durante todo el recorrido.<\/p><p data-start=\"891\" data-end=\"1262\">Elegir un tour en Segway o en bicicleta el\u00e9ctrica es una opci\u00f3n pr\u00e1ctica para quienes planean visitar Granada, especialmente para quienes llegan por primera vez. La asistencia el\u00e9ctrica facilita el recorrido a personas con distintos niveles de condici\u00f3n f\u00edsica, mientras que los Segway ofrecen una forma c\u00f3moda e intuitiva de moverse por la ciudad. Los grupos reducidos garantizan un ritmo tranquilo y una experiencia m\u00e1s personalizada.<\/p><p data-start=\"1264\" data-end=\"1537\">Las actividades pueden reservarse f\u00e1cilmente a trav\u00e9s de Viator, una plataforma de confianza para la contrataci\u00f3n de tours y actividades en todo el mundo. Basta con seleccionar el tour en Segway o la ruta en bicicleta el\u00e9ctrica que mejor se adapte a tu plan para visitar Granada, elegir fecha y hora, y confirmar la reserva online.<\/p><p data-start=\"1539\" data-end=\"1658\" data-is-last-node=\"\" data-is-only-node=\"\">Los tours en Segway y en bicicleta el\u00e9ctrica son una forma c\u00f3moda y sostenible de explorar Granada y aprovechar al m\u00e1ximo la estancia.<\/p>\t\t\t\t\t\t\t\t<\/div>\n\t\t\t\t<\/div>\n\t\t\t\t\t<\/div>\n\t\t<\/div>\n\t\t\t\t\t<\/div>\n\t\t<\/section>\n\t\t\t\t<section class=\"elementor-section elementor-top-section elementor-element elementor-element-a32d034 elementor-section-boxed elementor-section-height-default elementor-section-height-default rt-parallax-bg-no\" data-id=\"a32d034\" data-element_type=\"section\" data-e-type=\"section\">\n\t\t\t\t\t\t<div class=\"elementor-container elementor-column-gap-default\">\n\t\t\t\t\t<div class=\"elementor-column elementor-col-100 elementor-top-column elementor-element elementor-element-43b6620\" data-id=\"43b6620\" data-element_type=\"column\" data-e-type=\"column\">\n\t\t\t<div class=\"elementor-widget-wrap\">\n\t\t\t\t\t\t\t<\/div>\n\t\t<\/div>\n\t\t\t\t\t<\/div>\n\t\t<\/section>\n\t\t\t\t<section class=\"elementor-section elementor-top-section elementor-element elementor-element-980faaf elementor-section-boxed elementor-section-height-default elementor-section-height-default rt-parallax-bg-no\" data-id=\"980faaf\" data-element_type=\"section\" data-e-type=\"section\">\n\t\t\t\t\t\t<div class=\"elementor-container elementor-column-gap-default\">\n\t\t\t\t\t<div class=\"elementor-column elementor-col-100 elementor-top-column elementor-element elementor-element-3938167\" data-id=\"3938167\" data-element_type=\"column\" data-e-type=\"column\">\n\t\t\t<div class=\"elementor-widget-wrap elementor-element-populated\">\n\t\t\t\t\t\t<div class=\"elementor-element elementor-element-2ed5936 elementor-widget elementor-widget-heading\" data-id=\"2ed5936\" data-element_type=\"widget\" data-e-type=\"widget\" data-widget_type=\"heading.default\">\n\t\t\t\t<div class=\"elementor-widget-container\">\n\t\t\t\t\t<h2 class=\"elementor-heading-title elementor-size-default\">Nuestros tours en segway y bicicleta el\u00e9ctrica recomendados en Granada.<\/h2>\t\t\t\t<\/div>\n\t\t\t\t<\/div>\n\t\t\t\t\t<\/div>\n\t\t<\/div>\n\t\t\t\t\t<\/div>\n\t\t<\/section>\n\t\t\t\t<section class=\"elementor-section elementor-top-section elementor-element elementor-element-e920dd7 elementor-section-boxed elementor-section-height-default elementor-section-height-default rt-parallax-bg-no\" data-id=\"e920dd7\" data-element_type=\"section\" data-e-type=\"section\">\n\t\t\t\t\t\t<div class=\"elementor-container elementor-column-gap-default\">\n\t\t\t\t\t<div class=\"elementor-column elementor-col-100 elementor-top-column elementor-element elementor-element-374fd6c\" data-id=\"374fd6c\" data-element_type=\"column\" data-e-type=\"column\">\n\t\t\t<div class=\"elementor-widget-wrap\">\n\t\t\t\t\t\t\t<\/div>\n\t\t<\/div>\n\t\t\t\t\t<\/div>\n\t\t<\/section>\n\t\t\t\t<section class=\"elementor-section elementor-top-section elementor-element elementor-element-0038af0 elementor-section-boxed elementor-section-height-default elementor-section-height-default rt-parallax-bg-no\" data-id=\"0038af0\" data-element_type=\"section\" data-e-type=\"section\">\n\t\t\t\t\t\t<div class=\"elementor-container elementor-column-gap-default\">\n\t\t\t\t\t<div class=\"elementor-column elementor-col-100 elementor-top-column elementor-element elementor-element-fe06e52\" data-id=\"fe06e52\" data-element_type=\"column\" data-e-type=\"column\">\n\t\t\t<div class=\"elementor-widget-wrap elementor-element-populated\">\n\t\t\t\t\t\t<div class=\"elementor-element elementor-element-0313561 elementor-widget elementor-widget-html\" data-id=\"0313561\" data-element_type=\"widget\" data-e-type=\"widget\" data-widget_type=\"html.default\">\n\t\t\t\t<div class=\"elementor-widget-container\">\n\t\t\t\t\t<div data-vi-partner-id=\"P00141943\" data-vi-widget-ref=\"W-4fa5e25d-f39d-4e5d-99d2-2292253070da\"><\/div>\r\n<script async src=\"https:\/\/www.viator.com\/orion\/partner\/widget.js\"><\/script>\t\t\t\t<\/div>\n\t\t\t\t<\/div>\n\t\t\t\t\t<\/div>\n\t\t<\/div>\n\t\t\t\t\t<\/div>\n\t\t<\/section>\n\t\t\t\t<\/div>","protected":false},"excerpt":{"rendered":"<p>Discover Granada in Style: Segway and Electric Bike Tours Await! Segway tours and electric bike tours are an efficient and enjoyable way to visit Granada and explore its main attractions. These guided experiences allow visitors to move easily through the city\u2019s historic streets, viewpoints and neighbourhoods while learning about Granada\u2019s history, culture and local life.<\/p>","protected":false},"author":1,"featured_media":0,"parent":0,"menu_order":0,"comment_status":"closed","ping_status":"closed","template":"elementor_header_footer","meta":{"_rtcl_gb_attr":"","footnotes":""},"class_list":["post-11771","page","type-page","status-publish","hentry"],"_links":{"self":[{"href":"https:\/\/costatropical.com\/es\/wp-json\/wp\/v2\/pages\/11771","targetHints":{"allow":["GET"]}}],"collection":[{"href":"https:\/\/costatropical.com\/es\/wp-json\/wp\/v2\/pages"}],"about":[{"href":"https:\/\/costatropical.com\/es\/wp-json\/wp\/v2\/types\/page"}],"author":[{"embeddable":true,"href":"https:\/\/costatropical.com\/es\/wp-json\/wp\/v2\/users\/1"}],"replies":[{"embeddable":true,"href":"https:\/\/costatropical.com\/es\/wp-json\/wp\/v2\/comments?post=11771"}],"version-history":[{"count":9,"href":"https:\/\/costatropical.com\/es\/wp-json\/wp\/v2\/pages\/11771\/revisions"}],"predecessor-version":[{"id":14783,"href":"https:\/\/costatropical.com\/es\/wp-json\/wp\/v2\/pages\/11771\/revisions\/14783"}],"wp:attachment":[{"href":"https:\/\/costatropical.com\/es\/wp-json\/wp\/v2\/media?parent=11771"}],"curies":[{"name":"wp","href":"https:\/\/api.w.org\/{rel}","templated":true}]}}