{"id":11769,"date":"2024-03-16T11:54:06","date_gmt":"2024-03-16T10:54:06","guid":{"rendered":"https:\/\/costatropical.com\/?page_id=11769"},"modified":"2024-03-19T17:56:25","modified_gmt":"2024-03-19T16:56:25","slug":"tours-desde-motril","status":"publish","type":"page","link":"https:\/\/costatropical.com\/es\/tours-from-motril\/","title":{"rendered":"Tours desde Motril"},"content":{"rendered":"<div data-elementor-type=\"wp-page\" data-elementor-id=\"11769\" class=\"elementor elementor-11769\" data-elementor-post-type=\"page\">\n\t\t\t\t\t\t<section class=\"elementor-section elementor-top-section elementor-element elementor-element-9db5f62 elementor-section-boxed elementor-section-height-default elementor-section-height-default rt-parallax-bg-no\" data-id=\"9db5f62\" data-element_type=\"section\" data-e-type=\"section\">\n\t\t\t\t\t\t<div class=\"elementor-container elementor-column-gap-default\">\n\t\t\t\t\t<div class=\"elementor-column elementor-col-100 elementor-top-column elementor-element elementor-element-e50616f\" data-id=\"e50616f\" data-element_type=\"column\" data-e-type=\"column\">\n\t\t\t<div class=\"elementor-widget-wrap\">\n\t\t\t\t\t\t\t<\/div>\n\t\t<\/div>\n\t\t\t\t\t<\/div>\n\t\t<\/section>\n\t\t\t\t<section class=\"elementor-section elementor-top-section elementor-element elementor-element-440ac7f elementor-section-boxed elementor-section-height-default elementor-section-height-default rt-parallax-bg-no\" data-id=\"440ac7f\" data-element_type=\"section\" data-e-type=\"section\">\n\t\t\t\t\t\t<div class=\"elementor-container elementor-column-gap-default\">\n\t\t\t\t\t<div class=\"elementor-column elementor-col-100 elementor-top-column elementor-element elementor-element-32609ab\" data-id=\"32609ab\" data-element_type=\"column\" data-e-type=\"column\">\n\t\t\t<div class=\"elementor-widget-wrap elementor-element-populated\">\n\t\t\t\t\t\t<div class=\"elementor-element elementor-element-1adb5ba elementor-widget elementor-widget-spacer\" data-id=\"1adb5ba\" data-element_type=\"widget\" data-e-type=\"widget\" data-widget_type=\"spacer.default\">\n\t\t\t\t<div class=\"elementor-widget-container\">\n\t\t\t\t\t\t\t<div class=\"elementor-spacer\">\n\t\t\t<div class=\"elementor-spacer-inner\"><\/div>\n\t\t<\/div>\n\t\t\t\t\t\t<\/div>\n\t\t\t\t<\/div>\n\t\t\t\t\t<\/div>\n\t\t<\/div>\n\t\t\t\t\t<\/div>\n\t\t<\/section>\n\t\t\t\t<section class=\"elementor-section elementor-top-section elementor-element elementor-element-3a32983 elementor-section-boxed elementor-section-height-default elementor-section-height-default rt-parallax-bg-no\" data-id=\"3a32983\" data-element_type=\"section\" data-e-type=\"section\">\n\t\t\t\t\t\t<div class=\"elementor-container elementor-column-gap-default\">\n\t\t\t\t\t<div class=\"elementor-column elementor-col-100 elementor-top-column elementor-element elementor-element-0094017\" data-id=\"0094017\" data-element_type=\"column\" data-e-type=\"column\">\n\t\t\t<div class=\"elementor-widget-wrap elementor-element-populated\">\n\t\t\t\t\t\t<div class=\"elementor-element elementor-element-b6466ca elementor-widget elementor-widget-heading\" data-id=\"b6466ca\" data-element_type=\"widget\" data-e-type=\"widget\" data-widget_type=\"heading.default\">\n\t\t\t\t<div class=\"elementor-widget-container\">\n\t\t\t\t\t<h2 class=\"elementor-heading-title elementor-size-default\">\u00a1Descubre Espa\u00f1a: Emb\u00e1rquese en tours inolvidables con salida de Motril!<\/h2>\t\t\t\t<\/div>\n\t\t\t\t<\/div>\n\t\t\t\t\t<\/div>\n\t\t<\/div>\n\t\t\t\t\t<\/div>\n\t\t<\/section>\n\t\t\t\t<section class=\"elementor-section elementor-top-section elementor-element elementor-element-7b57d16 elementor-section-boxed elementor-section-height-default elementor-section-height-default rt-parallax-bg-no\" data-id=\"7b57d16\" data-element_type=\"section\" data-e-type=\"section\">\n\t\t\t\t\t\t<div class=\"elementor-container elementor-column-gap-default\">\n\t\t\t\t\t<div class=\"elementor-column elementor-col-100 elementor-top-column elementor-element elementor-element-e718bd2\" data-id=\"e718bd2\" data-element_type=\"column\" data-e-type=\"column\">\n\t\t\t<div class=\"elementor-widget-wrap elementor-element-populated\">\n\t\t\t\t\t\t\t<\/div>\n\t\t<\/div>\n\t\t\t\t\t<\/div>\n\t\t<\/section>\n\t\t\t\t<section class=\"elementor-section elementor-top-section elementor-element elementor-element-beb9908 elementor-section-boxed elementor-section-height-default elementor-section-height-default rt-parallax-bg-no\" data-id=\"beb9908\" data-element_type=\"section\" data-e-type=\"section\">\n\t\t\t\t\t\t<div class=\"elementor-container elementor-column-gap-default\">\n\t\t\t\t\t<div class=\"elementor-column elementor-col-100 elementor-top-column elementor-element elementor-element-ed1e335\" data-id=\"ed1e335\" data-element_type=\"column\" data-e-type=\"column\">\n\t\t\t<div class=\"elementor-widget-wrap elementor-element-populated\">\n\t\t\t\t\t\t<div class=\"elementor-element elementor-element-d155ec2 elementor-widget elementor-widget-text-editor\" data-id=\"d155ec2\" data-element_type=\"widget\" data-e-type=\"widget\" data-settings=\"{&quot;_animation&quot;:&quot;none&quot;}\" data-widget_type=\"text-editor.default\">\n\t\t\t\t<div class=\"elementor-widget-container\">\n\t\t\t\t\t\t\t\t\t<p>\u00a1Bienvenido a nuestra cuidada colecci\u00f3n de tours donde podr\u00e1s descubrir la rica historia, cultura y belleza natural de Espa\u00f1a! Nos hemos asociado con Viator, una plataforma de confianza para reservar tours y actividades en todo el mundo, para ofrecerte una experiencia inolvidable en este encantador pa\u00eds.<\/p><p><strong>Patrimonio mundial<\/strong><br \/>Emb\u00e1rquese en un viaje a trav\u00e9s del tiempo con una visita a la impresionante Alhambra en Granada. Explora este sitio de Patrimonio Mundial de la UNESCO, marav\u00edllate con su impresionante arquitectura isl\u00e1mica y sum\u00e9rjase en las historias de sus habitantes reales. Nuestros tours por la Alhambra ofrecen gu\u00edas expertos que desvelar\u00e1n los secretos de esta antigua fortaleza-palacio, brind\u00e1ndote conocimientos sobre su fascinante historia y significado.<\/p><p><strong>Centro hist\u00f3rico de M\u00e1laga<\/strong><br \/>Para aquellos que buscan playas ba\u00f1adas por el sol y una vida urbana vibrante, nuestros tours a M\u00e1laga ofrecen la combinaci\u00f3n perfecta de relajaci\u00f3n y emoci\u00f3n. Descubra el lugar de nacimiento de Pablo Picasso, pasea por las encantadoras calles del casco antiguo y disfruta de deliciosas tapas en tabernas locales. Ya sea que est\u00e9 interesado en el arte, la historia o simplemente en empaparse del ambiente mediterr\u00e1neo, nuestros tours por M\u00e1laga satisfacen todos los gustos.<\/p><p><strong>Arquitectura morisca<\/strong><br \/>Ad\u00e9ntrese en el coraz\u00f3n de Andaluc\u00eda con una excursi\u00f3n de un d\u00eda a C\u00f3rdoba, hogar de uno de los ejemplos m\u00e1s magn\u00edficos de arquitectura morisca en el mundo: la Mezquita-Catedral. Pasee por su bosque de columnas, admire los intrincados dise\u00f1os isl\u00e1micos y recorra las calles sinuosas del Barrio Jud\u00edo. Nuestros tours por C\u00f3rdoba ofrecen una fascinante visi\u00f3n del patrimonio multicultural de esta ciudad hist\u00f3rica.<\/p><p><strong>Paseos en catamar\u00e1n<\/strong><br \/>Para una experiencia verdaderamente inolvidable en el agua, \u00fanete a nosotros en un viaje en catamar\u00e1n a lo largo de la impresionante costa de Espa\u00f1a. Sienta la brisa marina en tu cabello mientras navegas junto a acantilados escarpados, calas escondidas y pintorescos pueblos pesqueros. Con oportunidades para nadar, hacer snorkel y tomar el sol, nuestros tours en catamar\u00e1n prometen un d\u00eda de relajaci\u00f3n y aventura en el Mar Mediterr\u00e1neo.<\/p><p><strong>\u00a1Reserve su pr\u00f3xima aventura aqu\u00ed y que comience a explorar!<\/strong><\/p><p>\u00a0<\/p>\t\t\t\t\t\t\t\t<\/div>\n\t\t\t\t<\/div>\n\t\t\t\t\t<\/div>\n\t\t<\/div>\n\t\t\t\t\t<\/div>\n\t\t<\/section>\n\t\t\t\t<section class=\"elementor-section elementor-top-section elementor-element elementor-element-a32d034 elementor-section-boxed elementor-section-height-default elementor-section-height-default rt-parallax-bg-no\" data-id=\"a32d034\" data-element_type=\"section\" data-e-type=\"section\">\n\t\t\t\t\t\t<div class=\"elementor-container elementor-column-gap-default\">\n\t\t\t\t\t<div class=\"elementor-column elementor-col-100 elementor-top-column elementor-element elementor-element-43b6620\" data-id=\"43b6620\" data-element_type=\"column\" data-e-type=\"column\">\n\t\t\t<div class=\"elementor-widget-wrap elementor-element-populated\">\n\t\t\t\t\t\t<div class=\"elementor-element elementor-element-21fa934 elementor-widget elementor-widget-html\" data-id=\"21fa934\" data-element_type=\"widget\" data-e-type=\"widget\" data-widget_type=\"html.default\">\n\t\t\t\t<div class=\"elementor-widget-container\">\n\t\t\t\t\t<div data-vi-partner-id=\"P00141943\" data-vi-widget-ref=\"W-bc0a2617-d553-48ff-a0ad-5d6bf036751e\" ><\/div>\r\n<script async src=\"https:\/\/www.viator.com\/orion\/partner\/widget.js\"><\/script>\t\t\t\t<\/div>\n\t\t\t\t<\/div>\n\t\t\t\t\t<\/div>\n\t\t<\/div>\n\t\t\t\t\t<\/div>\n\t\t<\/section>\n\t\t\t\t<section class=\"elementor-section elementor-top-section elementor-element elementor-element-adcf5e2 elementor-section-boxed elementor-section-height-default elementor-section-height-default rt-parallax-bg-no\" data-id=\"adcf5e2\" data-element_type=\"section\" data-e-type=\"section\">\n\t\t\t\t\t\t<div class=\"elementor-container elementor-column-gap-default\">\n\t\t\t\t\t<div class=\"elementor-column elementor-col-100 elementor-top-column elementor-element elementor-element-962daa7\" data-id=\"962daa7\" data-element_type=\"column\" data-e-type=\"column\">\n\t\t\t<div class=\"elementor-widget-wrap elementor-element-populated\">\n\t\t\t\t\t\t<div class=\"elementor-element elementor-element-b0a2751 elementor-widget elementor-widget-text-editor\" data-id=\"b0a2751\" data-element_type=\"widget\" data-e-type=\"widget\" data-widget_type=\"text-editor.default\">\n\t\t\t\t<div class=\"elementor-widget-container\">\n\t\t\t\t\t\t\t\t\t<h4>Tambi\u00e9n puede interesarte...<\/h4><ul><li class=\"elementor-sitemap-item elementor-sitemap-item-page page_item page-item-11374\"><a href=\"https:\/\/costatropical.com\/es\/experiencias-granada\/\">Experiencias en Granada<\/a><\/li><li class=\"elementor-sitemap-item elementor-sitemap-item-page page_item page-item-8579\"><a href=\"https:\/\/costatropical.com\/es\/motril\/\">Motril<\/a><\/li><li class=\"elementor-sitemap-item elementor-sitemap-item-page page_item page-item-11280\"><a href=\"https:\/\/costatropical.com\/es\/alquiler-vacacional-motril\/\">Alquileres tur\u00edstico en Motril<\/a><\/li><li class=\"elementor-sitemap-item elementor-sitemap-item-page page_item page-item-10058\"><a href=\"https:\/\/costatropical.com\/es\/mejores-hoteles-motril\/\">Mejores hoteles en Motril<\/a><\/li><li><a href=\"https:\/\/costatropical.com\/es\/sacromonte\/\">El Sacromonte<\/a><a href=\"https:\/\/costatropical.com\/es\/alhambra\/\"><br \/><\/a><\/li><li><a href=\"https:\/\/costatropical.com\/es\/alhambra\/\">La Alhambra<\/a><\/li><li><a href=\"https:\/\/costatropical.com\/es\/catedrales-granada\/\">Catedrales<\/a><\/li><li><a href=\"https:\/\/costatropical.com\/es\/flamenco\/\">Flamenco<\/a><\/li><li><a href=\"https:\/\/costatropical.com\/es\/costa-tropical-granada-bares-y-pubs\/\">Bares y pubs<\/a><\/li><li><a href=\"https:\/\/costatropical.com\/es\/arab-baths\/\">Ba\u00f1os \u00e1rabes<\/a><\/li><\/ul>\t\t\t\t\t\t\t\t<\/div>\n\t\t\t\t<\/div>\n\t\t\t\t\t<\/div>\n\t\t<\/div>\n\t\t\t\t\t<\/div>\n\t\t<\/section>\n\t\t\t\t<\/div>","protected":false},"excerpt":{"rendered":"<p>Discover Spain: Embark on Unforgettable Tours Departing from Motril! Welcome to our curated collection of tours where you can discover the rich history, culture, and natural beauty of Spain! We\u2019ve partnered with Viator, a trusted platform for booking tours and activities around the world, to bring you an unforgettable experience in this enchanting country. World<\/p>","protected":false},"author":1,"featured_media":0,"parent":0,"menu_order":0,"comment_status":"closed","ping_status":"closed","template":"elementor_header_footer","meta":{"_rtcl_gb_attr":"","footnotes":""},"class_list":["post-11769","page","type-page","status-publish","hentry"],"_links":{"self":[{"href":"https:\/\/costatropical.com\/es\/wp-json\/wp\/v2\/pages\/11769","targetHints":{"allow":["GET"]}}],"collection":[{"href":"https:\/\/costatropical.com\/es\/wp-json\/wp\/v2\/pages"}],"about":[{"href":"https:\/\/costatropical.com\/es\/wp-json\/wp\/v2\/types\/page"}],"author":[{"embeddable":true,"href":"https:\/\/costatropical.com\/es\/wp-json\/wp\/v2\/users\/1"}],"replies":[{"embeddable":true,"href":"https:\/\/costatropical.com\/es\/wp-json\/wp\/v2\/comments?post=11769"}],"version-history":[{"count":0,"href":"https:\/\/costatropical.com\/es\/wp-json\/wp\/v2\/pages\/11769\/revisions"}],"wp:attachment":[{"href":"https:\/\/costatropical.com\/es\/wp-json\/wp\/v2\/media?parent=11769"}],"curies":[{"name":"wp","href":"https:\/\/api.w.org\/{rel}","templated":true}]}}