{"id":11644,"date":"2024-03-01T00:30:10","date_gmt":"2024-02-29T23:30:10","guid":{"rendered":"https:\/\/costatropical.com\/?page_id=11644"},"modified":"2024-11-20T18:28:46","modified_gmt":"2024-11-20T17:28:46","slug":"6-reasons-to-invest-in-property-on-the-costa-tropical","status":"publish","type":"page","link":"https:\/\/costatropical.com\/es\/6-reasons-to-invest-in-property-on-the-costa-tropical\/","title":{"rendered":"6 Reasons to Invest in Property on the Costa Tropical"},"content":{"rendered":"<div data-elementor-type=\"wp-page\" data-elementor-id=\"11644\" class=\"elementor elementor-11644\" data-elementor-post-type=\"page\">\n\t\t\t\t\t\t<section class=\"elementor-section elementor-top-section elementor-element elementor-element-0b34269 elementor-section-boxed elementor-section-height-default elementor-section-height-default rt-parallax-bg-no\" data-id=\"0b34269\" data-element_type=\"section\" data-e-type=\"section\">\n\t\t\t\t\t\t<div class=\"elementor-container elementor-column-gap-default\">\n\t\t\t\t\t<div class=\"elementor-column elementor-col-100 elementor-top-column elementor-element elementor-element-24b2d51\" data-id=\"24b2d51\" data-element_type=\"column\" data-e-type=\"column\">\n\t\t\t<div class=\"elementor-widget-wrap elementor-element-populated\">\n\t\t\t\t\t\t<div class=\"elementor-element elementor-element-a747c29 elementor-widget elementor-widget-spacer\" data-id=\"a747c29\" data-element_type=\"widget\" data-e-type=\"widget\" data-widget_type=\"spacer.default\">\n\t\t\t\t<div class=\"elementor-widget-container\">\n\t\t\t\t\t\t\t<div class=\"elementor-spacer\">\n\t\t\t<div class=\"elementor-spacer-inner\"><\/div>\n\t\t<\/div>\n\t\t\t\t\t\t<\/div>\n\t\t\t\t<\/div>\n\t\t\t\t\t<\/div>\n\t\t<\/div>\n\t\t\t\t\t<\/div>\n\t\t<\/section>\n\t\t\t\t<section class=\"elementor-section elementor-top-section elementor-element elementor-element-f0d2294 elementor-section-boxed elementor-section-height-default elementor-section-height-default rt-parallax-bg-no\" data-id=\"f0d2294\" data-element_type=\"section\" data-e-type=\"section\">\n\t\t\t\t\t\t<div class=\"elementor-container elementor-column-gap-default\">\n\t\t\t\t\t<div class=\"elementor-column elementor-col-100 elementor-top-column elementor-element elementor-element-81e7bcc\" data-id=\"81e7bcc\" data-element_type=\"column\" data-e-type=\"column\">\n\t\t\t<div class=\"elementor-widget-wrap elementor-element-populated\">\n\t\t\t\t\t\t<div class=\"elementor-element elementor-element-dd0c2ee elementor-widget elementor-widget-text-editor\" data-id=\"dd0c2ee\" data-element_type=\"widget\" data-e-type=\"widget\" data-widget_type=\"text-editor.default\">\n\t\t\t\t<div class=\"elementor-widget-container\">\n\t\t\t\t\t\t\t\t\t<p>La provincia de Granada ha experimentado un crecimiento consistente en los precios de la propiedad en los \u00faltimos a\u00f1os, lo que la convierte en un lugar atractivo para la inversi\u00f3n inmobiliaria. Desde la animada ciudad de Granada hasta los pintorescos pueblos de Almu\u00f1\u00e9car y Motril a lo largo de la Costa Tropical, los valores de las propiedades han experimentado un aumento anual promedio de aproximadamente el 4 %. (Fuente: Asociaci\u00f3n de Bienes Ra\u00edces de Granada, GREA)<\/p><p>Adem\u00e1s, la provincia de Granada cuenta con un s\u00f3lido mercado de alquiler. Ciudades como Granada y pueblos costeros como Salobre\u00f1a y Almu\u00f1\u00e9car son especialmente favorecidos por turistas y estudiantes, ofreciendo a los inversores rendimientos de alquiler atractivos que rondan el 5,8 % para propiedades residenciales y el 6,5 % para alquileres vacacionales a corto plazo. (Fuente: Informe del Mercado Inmobiliario Espa\u00f1ol, 2023)<\/p><p>A continuaci\u00f3n, enumeramos seis razones convincentes por las cuales invertir en bienes ra\u00edces en esta regi\u00f3n es una decisi\u00f3n sabia.<\/p>\t\t\t\t\t\t\t\t<\/div>\n\t\t\t\t<\/div>\n\t\t\t\t\t<\/div>\n\t\t<\/div>\n\t\t\t\t\t<\/div>\n\t\t<\/section>\n\t\t\t\t<section class=\"elementor-section elementor-top-section elementor-element elementor-element-e12ed51 elementor-section-boxed elementor-section-height-default elementor-section-height-default rt-parallax-bg-no\" data-id=\"e12ed51\" data-element_type=\"section\" data-e-type=\"section\">\n\t\t\t\t\t\t<div class=\"elementor-container elementor-column-gap-default\">\n\t\t\t\t\t<div class=\"elementor-column elementor-col-50 elementor-top-column elementor-element elementor-element-a621bd7\" data-id=\"a621bd7\" data-element_type=\"column\" data-e-type=\"column\">\n\t\t\t<div class=\"elementor-widget-wrap elementor-element-populated\">\n\t\t\t\t\t\t<div class=\"elementor-element elementor-element-c6962a9 elementor-widget elementor-widget-text-editor\" data-id=\"c6962a9\" data-element_type=\"widget\" data-e-type=\"widget\" data-widget_type=\"text-editor.default\">\n\t\t\t\t<div class=\"elementor-widget-container\">\n\t\t\t\t\t\t\t\t\t<p><strong>1. Belleza intacta y tranquilidad<\/strong> <br \/>La Costa Tropical de Granada ofrece un entorno sereno con un desarrollo m\u00ednimo de rascacielos y turismo masivo, lo que la convierte en un destino atractivo para compradores exigentes que buscan un estilo de vida tranquilo. A diferencia de los bulliciosos centros tur\u00edsticos, esta \u00e1rea costera conserva su aut\u00e9ntico encanto espa\u00f1ol, atrayendo a aquellos que aprecian su ambiente pac\u00edfico y autenticidad cultural. Hablar espa\u00f1ol resulta ventajoso, fomentando una conexi\u00f3n m\u00e1s profunda con la comunidad local.<\/p>\t\t\t\t\t\t\t\t<\/div>\n\t\t\t\t<\/div>\n\t\t\t\t\t<\/div>\n\t\t<\/div>\n\t\t\t\t<div class=\"elementor-column elementor-col-50 elementor-top-column elementor-element elementor-element-9244327\" data-id=\"9244327\" data-element_type=\"column\" data-e-type=\"column\">\n\t\t\t<div class=\"elementor-widget-wrap elementor-element-populated\">\n\t\t\t\t\t\t<div class=\"elementor-element elementor-element-b550dc4 elementor-widget elementor-widget-image\" data-id=\"b550dc4\" data-element_type=\"widget\" data-e-type=\"widget\" data-widget_type=\"image.default\">\n\t\t\t\t<div class=\"elementor-widget-container\">\n\t\t\t\t\t\t\t\t\t\t\t\t\t\t\t<img fetchpriority=\"high\" decoding=\"async\" width=\"1024\" height=\"768\" src=\"https:\/\/costatropical.com\/wp-content\/uploads\/2024\/03\/property4-1024x768.jpg\" class=\"attachment-large size-large wp-image-11646\" alt=\"\" srcset=\"https:\/\/costatropical.com\/wp-content\/uploads\/2024\/03\/property4-1024x768.jpg 1024w, https:\/\/costatropical.com\/wp-content\/uploads\/2024\/03\/property4-350x263.jpg 350w, https:\/\/costatropical.com\/wp-content\/uploads\/2024\/03\/property4-16x12.jpg 16w, https:\/\/costatropical.com\/wp-content\/uploads\/2024\/03\/property4-200x150.jpg 200w, https:\/\/costatropical.com\/wp-content\/uploads\/2024\/03\/property4.jpg 1333w\" sizes=\"(max-width: 1024px) 100vw, 1024px\" title=\"\">\t\t\t\t\t\t\t\t\t\t\t\t\t\t\t<\/div>\n\t\t\t\t<\/div>\n\t\t\t\t\t<\/div>\n\t\t<\/div>\n\t\t\t\t\t<\/div>\n\t\t<\/section>\n\t\t\t\t<section class=\"elementor-section elementor-top-section elementor-element elementor-element-a429b69 elementor-section-boxed elementor-section-height-default elementor-section-height-default rt-parallax-bg-no\" data-id=\"a429b69\" data-element_type=\"section\" data-e-type=\"section\">\n\t\t\t\t\t\t<div class=\"elementor-container elementor-column-gap-default\">\n\t\t\t\t\t<div class=\"elementor-column elementor-col-50 elementor-top-column elementor-element elementor-element-14527b0\" data-id=\"14527b0\" data-element_type=\"column\" data-e-type=\"column\">\n\t\t\t<div class=\"elementor-widget-wrap elementor-element-populated\">\n\t\t\t\t\t\t<div class=\"elementor-element elementor-element-98afc92 elementor-widget elementor-widget-image\" data-id=\"98afc92\" data-element_type=\"widget\" data-e-type=\"widget\" data-widget_type=\"image.default\">\n\t\t\t\t<div class=\"elementor-widget-container\">\n\t\t\t\t\t\t\t\t\t\t\t\t\t\t\t<img decoding=\"async\" width=\"1024\" height=\"768\" src=\"https:\/\/costatropical.com\/wp-content\/uploads\/2024\/03\/property3-1024x768.jpg\" class=\"attachment-large size-large wp-image-11647\" alt=\"\" srcset=\"https:\/\/costatropical.com\/wp-content\/uploads\/2024\/03\/property3-1024x768.jpg 1024w, https:\/\/costatropical.com\/wp-content\/uploads\/2024\/03\/property3-350x263.jpg 350w, https:\/\/costatropical.com\/wp-content\/uploads\/2024\/03\/property3-16x12.jpg 16w, https:\/\/costatropical.com\/wp-content\/uploads\/2024\/03\/property3-200x150.jpg 200w, https:\/\/costatropical.com\/wp-content\/uploads\/2024\/03\/property3.jpg 1333w\" sizes=\"(max-width: 1024px) 100vw, 1024px\" title=\"\">\t\t\t\t\t\t\t\t\t\t\t\t\t\t\t<\/div>\n\t\t\t\t<\/div>\n\t\t\t\t\t<\/div>\n\t\t<\/div>\n\t\t\t\t<div class=\"elementor-column elementor-col-50 elementor-top-column elementor-element elementor-element-60cff98\" data-id=\"60cff98\" data-element_type=\"column\" data-e-type=\"column\">\n\t\t\t<div class=\"elementor-widget-wrap elementor-element-populated\">\n\t\t\t\t\t\t<div class=\"elementor-element elementor-element-c27cf62 elementor-widget elementor-widget-text-editor\" data-id=\"c27cf62\" data-element_type=\"widget\" data-e-type=\"widget\" data-widget_type=\"text-editor.default\">\n\t\t\t\t<div class=\"elementor-widget-container\">\n\t\t\t\t\t\t\t\t\t<p>2. <strong>Desarrollo controlado y reflexivo<\/strong> <br \/>A diferencia de algunas ciudades vecinas plagadas de construcci\u00f3n ca\u00f3tica, la Costa Tropical prioriza un desarrollo controlado y con buen gusto. Aprendiendo de errores pasados, las autoridades locales y la Junta de Andaluc\u00eda trabajan activamente para prevenir la construcci\u00f3n excesiva, preservando la belleza natural de la regi\u00f3n y asegurando una trayectoria de crecimiento sostenible. Este compromiso con un desarrollo responsable mejora la deseabilidad y habitabilidad a largo plazo del \u00e1rea.<\/p>\t\t\t\t\t\t\t\t<\/div>\n\t\t\t\t<\/div>\n\t\t\t\t\t<\/div>\n\t\t<\/div>\n\t\t\t\t\t<\/div>\n\t\t<\/section>\n\t\t\t\t<section class=\"elementor-section elementor-top-section elementor-element elementor-element-712a7fb elementor-section-boxed elementor-section-height-default elementor-section-height-default rt-parallax-bg-no\" data-id=\"712a7fb\" data-element_type=\"section\" data-e-type=\"section\">\n\t\t\t\t\t\t<div class=\"elementor-container elementor-column-gap-default\">\n\t\t\t\t\t<div class=\"elementor-column elementor-col-50 elementor-top-column elementor-element elementor-element-de72a44\" data-id=\"de72a44\" data-element_type=\"column\" data-e-type=\"column\">\n\t\t\t<div class=\"elementor-widget-wrap elementor-element-populated\">\n\t\t\t\t\t\t<div class=\"elementor-element elementor-element-cd9c25a elementor-widget elementor-widget-text-editor\" data-id=\"cd9c25a\" data-element_type=\"widget\" data-e-type=\"widget\" data-widget_type=\"text-editor.default\">\n\t\t\t\t<div class=\"elementor-widget-container\">\n\t\t\t\t\t\t\t\t\t<p><strong> 3. Impresionantes vistas al mar<\/strong> <br \/>Una de las caracter\u00edsticas m\u00e1s destacadas de las propiedades en la Costa Tropical son sus vistas inigualables al mar, las monta\u00f1as y los pintorescos atardeceres y amaneceres. Anidadas en comunidades en la ladera de la costa, las villas ofrecen vistas panor\u00e1micas que cautivan a residentes y visitantes por igual. Desde las vistas ininterrumpidas del castillo morisco de Salobre\u00f1a hasta los cielos vibrantes de La Herradura, el paisaje costero sirve como una fuente constante de inspiraci\u00f3n y tranquilidad.<\/p>\t\t\t\t\t\t\t\t<\/div>\n\t\t\t\t<\/div>\n\t\t\t\t\t<\/div>\n\t\t<\/div>\n\t\t\t\t<div class=\"elementor-column elementor-col-50 elementor-top-column elementor-element elementor-element-26e1ba9\" data-id=\"26e1ba9\" data-element_type=\"column\" data-e-type=\"column\">\n\t\t\t<div class=\"elementor-widget-wrap elementor-element-populated\">\n\t\t\t\t\t\t<div class=\"elementor-element elementor-element-4734833 elementor-widget elementor-widget-image\" data-id=\"4734833\" data-element_type=\"widget\" data-e-type=\"widget\" data-widget_type=\"image.default\">\n\t\t\t\t<div class=\"elementor-widget-container\">\n\t\t\t\t\t\t\t\t\t\t\t\t\t\t\t<img decoding=\"async\" width=\"476\" height=\"317\" src=\"https:\/\/costatropical.com\/wp-content\/uploads\/2024\/03\/property2.jpeg\" class=\"attachment-large size-large wp-image-11648\" alt=\"\" srcset=\"https:\/\/costatropical.com\/wp-content\/uploads\/2024\/03\/property2.jpeg 476w, https:\/\/costatropical.com\/wp-content\/uploads\/2024\/03\/property2-350x233.jpeg 350w, https:\/\/costatropical.com\/wp-content\/uploads\/2024\/03\/property2-18x12.jpeg 18w\" sizes=\"(max-width: 476px) 100vw, 476px\" title=\"\">\t\t\t\t\t\t\t\t\t\t\t\t\t\t\t<\/div>\n\t\t\t\t<\/div>\n\t\t\t\t\t<\/div>\n\t\t<\/div>\n\t\t\t\t\t<\/div>\n\t\t<\/section>\n\t\t\t\t<section class=\"elementor-section elementor-top-section elementor-element elementor-element-4000824 elementor-section-boxed elementor-section-height-default elementor-section-height-default rt-parallax-bg-no\" data-id=\"4000824\" data-element_type=\"section\" data-e-type=\"section\">\n\t\t\t\t\t\t<div class=\"elementor-container elementor-column-gap-default\">\n\t\t\t\t\t<div class=\"elementor-column elementor-col-50 elementor-top-column elementor-element elementor-element-f3eccfc\" data-id=\"f3eccfc\" data-element_type=\"column\" data-e-type=\"column\">\n\t\t\t<div class=\"elementor-widget-wrap elementor-element-populated\">\n\t\t\t\t\t\t<div class=\"elementor-element elementor-element-9b3fe86 elementor-widget elementor-widget-image\" data-id=\"9b3fe86\" data-element_type=\"widget\" data-e-type=\"widget\" data-widget_type=\"image.default\">\n\t\t\t\t<div class=\"elementor-widget-container\">\n\t\t\t\t\t\t\t\t\t\t\t\t\t\t\t<img loading=\"lazy\" decoding=\"async\" width=\"960\" height=\"720\" src=\"https:\/\/costatropical.com\/wp-content\/uploads\/2024\/03\/property1.webp\" class=\"attachment-large size-large wp-image-11649\" alt=\"\" srcset=\"https:\/\/costatropical.com\/wp-content\/uploads\/2024\/03\/property1.webp 960w, https:\/\/costatropical.com\/wp-content\/uploads\/2024\/03\/property1-350x263.webp 350w, https:\/\/costatropical.com\/wp-content\/uploads\/2024\/03\/property1-16x12.webp 16w, https:\/\/costatropical.com\/wp-content\/uploads\/2024\/03\/property1-200x150.webp 200w\" sizes=\"(max-width: 960px) 100vw, 960px\" title=\"\">\t\t\t\t\t\t\t\t\t\t\t\t\t\t\t<\/div>\n\t\t\t\t<\/div>\n\t\t\t\t\t<\/div>\n\t\t<\/div>\n\t\t\t\t<div class=\"elementor-column elementor-col-50 elementor-top-column elementor-element elementor-element-80512d8\" data-id=\"80512d8\" data-element_type=\"column\" data-e-type=\"column\">\n\t\t\t<div class=\"elementor-widget-wrap elementor-element-populated\">\n\t\t\t\t\t\t<div class=\"elementor-element elementor-element-b383015 elementor-widget elementor-widget-text-editor\" data-id=\"b383015\" data-element_type=\"widget\" data-e-type=\"widget\" data-widget_type=\"text-editor.default\">\n\t\t\t\t<div class=\"elementor-widget-container\">\n\t\t\t\t\t\t\t\t\t<p><strong>4. Clima subtropical<\/strong> <br \/>La Costa Tropical presume de tener los inviernos m\u00e1s c\u00e1lidos en Europa continental, gracias a su clima subtropical y al refugio proporcionado por las monta\u00f1as circundantes. Con temperaturas medias que oscilan entre los 18 \u00baC en invierno y los 28 \u00baC en verano y m\u00e1s de 325 d\u00edas de sol al a\u00f1o, la regi\u00f3n ofrece un clima id\u00edlico durante todo el a\u00f1o. El invierno se convierte en una temporada favorita, ofreciendo d\u00edas c\u00e1lidos y soleados y cielos despejados, atrayendo a residentes con la oportunidad de esquiar en Sierra Nevada por la ma\u00f1ana y relajarse en la playa por la tarde.<\/p>\t\t\t\t\t\t\t\t<\/div>\n\t\t\t\t<\/div>\n\t\t\t\t\t<\/div>\n\t\t<\/div>\n\t\t\t\t\t<\/div>\n\t\t<\/section>\n\t\t\t\t<section class=\"elementor-section elementor-top-section elementor-element elementor-element-fde2673 elementor-section-boxed elementor-section-height-default elementor-section-height-default rt-parallax-bg-no\" data-id=\"fde2673\" data-element_type=\"section\" data-e-type=\"section\">\n\t\t\t\t\t\t<div class=\"elementor-container elementor-column-gap-default\">\n\t\t\t\t\t<div class=\"elementor-column elementor-col-100 elementor-top-column elementor-element elementor-element-c21683f\" data-id=\"c21683f\" data-element_type=\"column\" data-e-type=\"column\">\n\t\t\t<div class=\"elementor-widget-wrap elementor-element-populated\">\n\t\t\t\t\t\t<div class=\"elementor-element elementor-element-a35224b elementor-widget elementor-widget-text-editor\" data-id=\"a35224b\" data-element_type=\"widget\" data-e-type=\"widget\" data-widget_type=\"text-editor.default\">\n\t\t\t\t<div class=\"elementor-widget-container\">\n\t\t\t\t\t\t\t\t\t<p><strong>5. Ubicaci\u00f3n estrat\u00e9gica y accesibilidad<\/strong> <br \/>Ubicada entre M\u00e1laga, Granada y Almer\u00eda, la Costa Tropical se beneficia de una conectividad estrat\u00e9gica facilitada por la autopista Autov\u00eda del Mediterr\u00e1neo. Los desarrollos completados han reducido significativamente los tiempos de viaje, haciendo factible que los residentes se desplacen a las principales ciudades, aeropuertos y atracciones tur\u00edsticas con facilidad. La mejora en la accesibilidad realza el atractivo de la regi\u00f3n para aquellos que buscan un equilibrio entre la vida costera y la conveniencia urbana.<\/p><p class=\"translation-block\"><strong>6. Potencial de inversi\u00f3n e ingresos de alquiler<\/strong><br>La Costa Tropical presenta una oportunidad de inversi\u00f3n atractiva, ofreciendo una buena relaci\u00f3n calidad-precio en un mercado relativamente no descubierto. Con escasez de propiedades de calidad, especialmente villas dise\u00f1adas individualmente, el \u00e1rea mantiene precios de propiedad estables preparados para apreciarse. Adem\u00e1s, el potencial de alquiler de la regi\u00f3n sigue siendo prometedor, con alquileres vacacionales exitosos que generan retornos significativos que compensan los costos de la hipoteca y los gastos. La provincia de Granada se encuentra entre las principales provincias espa\u00f1olas en ingresos por alquiler, subrayando su rentabilidad como destino de inversi\u00f3n. Adem\u00e1s, los servicios integrales de gesti\u00f3n de alquileres y propiedades proporcionados por agencias como <a href=\"https:\/\/granadaproperties.com\/\" target=\"_blank\" rel=\"noopener\">Granada Properties<\/a> ofrecen comodidad y tranquilidad a los inversores.<\/p>\t\t\t\t\t\t\t\t<\/div>\n\t\t\t\t<\/div>\n\t\t\t\t\t<\/div>\n\t\t<\/div>\n\t\t\t\t\t<\/div>\n\t\t<\/section>\n\t\t\t\t<section class=\"elementor-section elementor-top-section elementor-element elementor-element-df84d64 elementor-section-boxed elementor-section-height-default elementor-section-height-default rt-parallax-bg-no\" data-id=\"df84d64\" data-element_type=\"section\" data-e-type=\"section\">\n\t\t\t\t\t\t<div class=\"elementor-container elementor-column-gap-default\">\n\t\t\t\t\t<div class=\"elementor-column elementor-col-100 elementor-top-column elementor-element elementor-element-25ddd61\" data-id=\"25ddd61\" data-element_type=\"column\" data-e-type=\"column\">\n\t\t\t<div class=\"elementor-widget-wrap elementor-element-populated\">\n\t\t\t\t\t\t<div class=\"elementor-element elementor-element-904f591 elementor-widget elementor-widget-spacer\" data-id=\"904f591\" data-element_type=\"widget\" data-e-type=\"widget\" data-widget_type=\"spacer.default\">\n\t\t\t\t<div class=\"elementor-widget-container\">\n\t\t\t\t\t\t\t<div class=\"elementor-spacer\">\n\t\t\t<div class=\"elementor-spacer-inner\"><\/div>\n\t\t<\/div>\n\t\t\t\t\t\t<\/div>\n\t\t\t\t<\/div>\n\t\t\t\t\t<\/div>\n\t\t<\/div>\n\t\t\t\t\t<\/div>\n\t\t<\/section>\n\t\t\t\t<section class=\"elementor-section elementor-top-section elementor-element elementor-element-07b90a4 elementor-section-boxed elementor-section-height-default elementor-section-height-default rt-parallax-bg-no\" data-id=\"07b90a4\" data-element_type=\"section\" data-e-type=\"section\">\n\t\t\t\t\t\t<div class=\"elementor-container elementor-column-gap-default\">\n\t\t\t\t\t<div class=\"elementor-column elementor-col-100 elementor-top-column elementor-element elementor-element-429e78b\" data-id=\"429e78b\" data-element_type=\"column\" data-e-type=\"column\">\n\t\t\t<div class=\"elementor-widget-wrap elementor-element-populated\">\n\t\t\t\t\t\t<div class=\"elementor-element elementor-element-f91be37 elementor-widget elementor-widget-text-editor\" data-id=\"f91be37\" data-element_type=\"widget\" data-e-type=\"widget\" data-widget_type=\"text-editor.default\">\n\t\t\t\t<div class=\"elementor-widget-container\">\n\t\t\t\t\t\t\t\t\t<h4>Explora este sitio web<\/h4><ul><li><a href=\"https:\/\/costatropical.com\/es\/datos-costa-tropical-de-granada\/\">\u00bfQu\u00e9 hace tan especial a la Costa Tropical?<\/a><\/li><li><a href=\"https:\/\/costatropical.com\/es\/tradiciones-fiestas-costa-tropical\/\">Tradiciones y fiestas<\/a><\/li><li><a href=\"https:\/\/costatropical.com\/es\/viajar-a-espana\/\">Informaci\u00f3n \u00fatil para su viaje a Espa\u00f1a<\/a><\/li><li><a href=\"https:\/\/costatropical.com\/es\/transporte\/\">Transporte p\u00fablico y privado en Granada y la Costa Tropical<\/a>l<\/li><li class=\"elementor-sitemap-item elementor-sitemap-item-page page_item page-item-10559\"><a href=\"https:\/\/costatropical.com\/es\/health-and-emergencies\/\">Sanidad y emergencias<\/a><\/li><li class=\"elementor-sitemap-item elementor-sitemap-item-page page_item page-item-10354\"><a href=\"https:\/\/costatropical.com\/es\/conducir-en-espana\/\">Conducir en Espa\u00f1a<\/a><\/li><li><a href=\"https:\/\/costatropical.com\/es\/things-to-see-do\/\">Qu\u00e9 ver y qu\u00e9 hacer<\/a><\/li><li><a href=\"https:\/\/costatropical.com\/es\/costa-del-sol-v-costa-tropical-2\/\">El atractivo m\u00e1s exclusivo de la Costa Tropical sobre la Costa del Sol<\/a><\/li><li><a href=\"https:\/\/costatropical.com\/es\/costa-tropical\/\">Todas las p\u00e1ginas de este sitio web<\/a><\/li><\/ul>\t\t\t\t\t\t\t\t<\/div>\n\t\t\t\t<\/div>\n\t\t\t\t\t<\/div>\n\t\t<\/div>\n\t\t\t\t\t<\/div>\n\t\t<\/section>\n\t\t\t\t<section class=\"elementor-section elementor-top-section elementor-element elementor-element-d4c3712 elementor-section-boxed elementor-section-height-default elementor-section-height-default rt-parallax-bg-no\" data-id=\"d4c3712\" data-element_type=\"section\" data-e-type=\"section\">\n\t\t\t\t\t\t<div class=\"elementor-container elementor-column-gap-default\">\n\t\t\t\t\t<div class=\"elementor-column elementor-col-100 elementor-top-column elementor-element elementor-element-b3173f0\" data-id=\"b3173f0\" data-element_type=\"column\" data-e-type=\"column\">\n\t\t\t<div class=\"elementor-widget-wrap elementor-element-populated\">\n\t\t\t\t\t\t<div class=\"elementor-element elementor-element-37b4ec6 elementor-widget elementor-widget-image\" data-id=\"37b4ec6\" data-element_type=\"widget\" data-e-type=\"widget\" data-widget_type=\"image.default\">\n\t\t\t\t<div class=\"elementor-widget-container\">\n\t\t\t\t\t\t\t\t\t\t\t\t\t\t\t\t<a href=\"https:\/\/costatropical.com\/es\/tiempo-costatropical\/\">\n\t\t\t\t\t\t\t<img loading=\"lazy\" decoding=\"async\" width=\"97\" height=\"118\" src=\"https:\/\/costatropical.com\/wp-content\/uploads\/2024\/02\/weather.png\" class=\"attachment-medium size-medium wp-image-11177\" alt=\"\" srcset=\"https:\/\/costatropical.com\/wp-content\/uploads\/2024\/02\/weather.png 97w, https:\/\/costatropical.com\/wp-content\/uploads\/2024\/02\/weather-10x12.png 10w\" sizes=\"(max-width: 97px) 100vw, 97px\" title=\"\">\t\t\t\t\t\t\t\t<\/a>\n\t\t\t\t\t\t\t\t\t\t\t\t\t\t\t<\/div>\n\t\t\t\t<\/div>\n\t\t\t\t\t<\/div>\n\t\t<\/div>\n\t\t\t\t\t<\/div>\n\t\t<\/section>\n\t\t\t\t<\/div>","protected":false},"excerpt":{"rendered":"<p>Granada Province has seen consistent growth in property prices in recent years, making it an enticing location for real estate investment. From the lively city of Granada itself to the quaint towns of Almu\u00f1\u00e9car and Motril along the Costa Tropical, property values have seen an average annual rise of about 4%. (Source: Granada Real Estate<\/p>","protected":false},"author":1,"featured_media":11275,"parent":0,"menu_order":0,"comment_status":"closed","ping_status":"closed","template":"elementor_header_footer","meta":{"_rtcl_gb_attr":"","footnotes":""},"class_list":["post-11644","page","type-page","status-publish","has-post-thumbnail","hentry","have-post-thumb"],"_links":{"self":[{"href":"https:\/\/costatropical.com\/es\/wp-json\/wp\/v2\/pages\/11644","targetHints":{"allow":["GET"]}}],"collection":[{"href":"https:\/\/costatropical.com\/es\/wp-json\/wp\/v2\/pages"}],"about":[{"href":"https:\/\/costatropical.com\/es\/wp-json\/wp\/v2\/types\/page"}],"author":[{"embeddable":true,"href":"https:\/\/costatropical.com\/es\/wp-json\/wp\/v2\/users\/1"}],"replies":[{"embeddable":true,"href":"https:\/\/costatropical.com\/es\/wp-json\/wp\/v2\/comments?post=11644"}],"version-history":[{"count":0,"href":"https:\/\/costatropical.com\/es\/wp-json\/wp\/v2\/pages\/11644\/revisions"}],"wp:featuredmedia":[{"embeddable":true,"href":"https:\/\/costatropical.com\/es\/wp-json\/wp\/v2\/media\/11275"}],"wp:attachment":[{"href":"https:\/\/costatropical.com\/es\/wp-json\/wp\/v2\/media?parent=11644"}],"curies":[{"name":"wp","href":"https:\/\/api.w.org\/{rel}","templated":true}]}}