{"id":11643,"date":"2024-03-01T00:12:46","date_gmt":"2024-02-29T23:12:46","guid":{"rendered":"https:\/\/costatropical.com\/?page_id=11643"},"modified":"2024-03-17T14:35:38","modified_gmt":"2024-03-17T13:35:38","slug":"costa-del-sol-v-costa-tropical-2","status":"publish","type":"page","link":"https:\/\/costatropical.com\/es\/costa-del-sol-v-costa-tropical-2\/","title":{"rendered":"El atractivo m\u00e1s exclusivo de la Costa Tropical sobre la Costa del Sol"},"content":{"rendered":"<div data-elementor-type=\"wp-page\" data-elementor-id=\"11643\" class=\"elementor elementor-11643\" data-elementor-post-type=\"page\">\n\t\t\t\t\t\t<section class=\"elementor-section elementor-top-section elementor-element elementor-element-0b34269 elementor-section-boxed elementor-section-height-default elementor-section-height-default rt-parallax-bg-no\" data-id=\"0b34269\" data-element_type=\"section\" data-e-type=\"section\">\n\t\t\t\t\t\t<div class=\"elementor-container elementor-column-gap-default\">\n\t\t\t\t\t<div class=\"elementor-column elementor-col-100 elementor-top-column elementor-element elementor-element-24b2d51\" data-id=\"24b2d51\" data-element_type=\"column\" data-e-type=\"column\">\n\t\t\t<div class=\"elementor-widget-wrap elementor-element-populated\">\n\t\t\t\t\t\t<div class=\"elementor-element elementor-element-a747c29 elementor-widget elementor-widget-spacer\" data-id=\"a747c29\" data-element_type=\"widget\" data-e-type=\"widget\" data-widget_type=\"spacer.default\">\n\t\t\t\t<div class=\"elementor-widget-container\">\n\t\t\t\t\t\t\t<div class=\"elementor-spacer\">\n\t\t\t<div class=\"elementor-spacer-inner\"><\/div>\n\t\t<\/div>\n\t\t\t\t\t\t<\/div>\n\t\t\t\t<\/div>\n\t\t\t\t\t<\/div>\n\t\t<\/div>\n\t\t\t\t\t<\/div>\n\t\t<\/section>\n\t\t\t\t<section class=\"elementor-section elementor-top-section elementor-element elementor-element-3a32983 elementor-section-boxed elementor-section-height-default elementor-section-height-default rt-parallax-bg-no\" data-id=\"3a32983\" data-element_type=\"section\" data-e-type=\"section\">\n\t\t\t\t\t\t<div class=\"elementor-container elementor-column-gap-default\">\n\t\t\t\t\t<div class=\"elementor-column elementor-col-100 elementor-top-column elementor-element elementor-element-0094017\" data-id=\"0094017\" data-element_type=\"column\" data-e-type=\"column\">\n\t\t\t<div class=\"elementor-widget-wrap elementor-element-populated\">\n\t\t\t\t\t\t<div class=\"elementor-element elementor-element-b6466ca elementor-widget elementor-widget-heading\" data-id=\"b6466ca\" data-element_type=\"widget\" data-e-type=\"widget\" data-widget_type=\"heading.default\">\n\t\t\t\t<div class=\"elementor-widget-container\">\n\t\t\t\t\t<h3 class=\"elementor-heading-title elementor-size-default\">La joya oculta de Espa\u00f1a: El atractivo m\u00e1s elegante de la Costa Tropical sobre la Costa del Sol<\/h3>\t\t\t\t<\/div>\n\t\t\t\t<\/div>\n\t\t\t\t\t<\/div>\n\t\t<\/div>\n\t\t\t\t\t<\/div>\n\t\t<\/section>\n\t\t\t\t<section class=\"elementor-section elementor-top-section elementor-element elementor-element-f0d2294 elementor-section-boxed elementor-section-height-default elementor-section-height-default rt-parallax-bg-no\" data-id=\"f0d2294\" data-element_type=\"section\" data-e-type=\"section\">\n\t\t\t\t\t\t<div class=\"elementor-container elementor-column-gap-default\">\n\t\t\t\t\t<div class=\"elementor-column elementor-col-100 elementor-top-column elementor-element elementor-element-81e7bcc\" data-id=\"81e7bcc\" data-element_type=\"column\" data-e-type=\"column\">\n\t\t\t<div class=\"elementor-widget-wrap elementor-element-populated\">\n\t\t\t\t\t\t<div class=\"elementor-element elementor-element-dd0c2ee elementor-widget elementor-widget-text-editor\" data-id=\"dd0c2ee\" data-element_type=\"widget\" data-e-type=\"widget\" data-widget_type=\"text-editor.default\">\n\t\t\t\t<div class=\"elementor-widget-container\">\n\t\t\t\t\t\t\t\t\t<p>Ubicada a lo largo de la costa sur de Espa\u00f1a yace una joya oculta que durante mucho tiempo ha permanecido eclipsada por su vecina m\u00e1s renombrada. La Costa Tropical de Granada, a menudo aclamada como el secreto mejor guardado de Espa\u00f1a, ofrece a viajeros exigentes y compradores de viviendas una mezcla incomparable de sofisticaci\u00f3n, tranquilidad y autenticidad. A diferencia de las multitudes bulliciosas y las urbanizaciones de grandes torres caracter\u00edsticas de la Costa del Sol, este enclave costero irradia un aire de exclusividad y refinamiento, convirti\u00e9ndose en el ep\u00edtome de un destino vacacional y de vivienda m\u00e1s elegante y exclusivo.<\/p><p>A solo una hora en coche del bullicioso Aeropuerto Internacional de M\u00e1laga, la Costa Tropical ha logrado evadir las masas de turistas que inundan sus regiones vecinas. Su atractivo radica en su encanto discreto y sus paisajes pr\u00edstinos, libres de la comercializaci\u00f3n que afecta a otras partes de la costa sur espa\u00f1ola. Aqu\u00ed, los visitantes son recibidos con un ambiente sereno y construcciones de poca altura, proporcionando un respiro del caos del turismo moderno.<\/p><p>Una de las caracter\u00edsticas definitorias de la Costa Tropical es su compromiso con la preservaci\u00f3n de su belleza natural y autenticidad cultural. A diferencia de sus contrapartes plagadas de desarrollo ca\u00f3tico, este refugio costero prioriza un crecimiento controlado y de buen gusto. Las autoridades locales y la Junta de Andaluc\u00eda han implementado medidas estrictas para prevenir la construcci\u00f3n excesiva, asegurando que las pintorescas vistas de la regi\u00f3n permanezcan intactas para las generaciones futuras<\/p><p>El atractivo de la Costa Tropical se extiende m\u00e1s all\u00e1 de su ambiente tranquilo y sus vistas panor\u00e1micas; presume de un clima que envidia a sus contrapartes. Con temperaturas medias que oscilan entre los agradables 18 \u00baC en invierno y los encantadores 28 \u00baC en verano, y m\u00e1s de 325 d\u00edas de sol al a\u00f1o, ofrece un refugio id\u00edlico durante todo el a\u00f1o. El invierno, en particular, tiene un encanto especial, con d\u00edas c\u00e1lidos y soleados que invitan a los residentes a esquiar en la cercana Sierra Nevada por la ma\u00f1ana y a disfrutar de las doradas playas por la tarde.<\/p><p>Adem\u00e1s, las caracter\u00edsticas geogr\u00e1ficas \u00fanicas de la Costa Tropical la distinguen como un destino de distinci\u00f3n. Como la \u00fanica \u00e1rea subtropical en el sur de Espa\u00f1a, tiene un sorprendente parecido con la famosa costa de Francia, gan\u00e1ndose el apodo de la Riviera espa\u00f1ola. Sus playas pr\u00edstinas, aguas cristalinas y exuberante vegetaci\u00f3n aumentan a\u00fan m\u00e1s su atractivo, cautivando los corazones de los viajeros que buscan un sabor del lujo mediterr\u00e1neo.<\/p><p>En conclusi\u00f3n, la Costa Tropical se erige como un testimonio de elegancia refinada y lujo discreto a lo largo de la costa sur de Espa\u00f1a. Con sus paisajes pr\u00edstinos, desarrollo controlado y clima incomparable, ofrece un refugio para aquellos que buscan un destino vacacional o de vivienda m\u00e1s elegante y exclusivo. Para viajeros y compradores de viviendas exigentes, la Costa Tropical representa el ep\u00edtome de la sofisticaci\u00f3n, invit\u00e1ndolos a deleitarse con sus encantos y crear recuerdos duraderos en medio de su belleza atemporal.<\/p>\t\t\t\t\t\t\t\t<\/div>\n\t\t\t\t<\/div>\n\t\t\t\t\t<\/div>\n\t\t<\/div>\n\t\t\t\t\t<\/div>\n\t\t<\/section>\n\t\t\t\t<section class=\"elementor-section elementor-top-section elementor-element elementor-element-df84d64 elementor-section-boxed elementor-section-height-default elementor-section-height-default rt-parallax-bg-no\" data-id=\"df84d64\" data-element_type=\"section\" data-e-type=\"section\">\n\t\t\t\t\t\t<div class=\"elementor-container elementor-column-gap-default\">\n\t\t\t\t\t<div class=\"elementor-column elementor-col-100 elementor-top-column elementor-element elementor-element-25ddd61\" data-id=\"25ddd61\" data-element_type=\"column\" data-e-type=\"column\">\n\t\t\t<div class=\"elementor-widget-wrap elementor-element-populated\">\n\t\t\t\t\t\t<div class=\"elementor-element elementor-element-904f591 elementor-widget elementor-widget-spacer\" data-id=\"904f591\" data-element_type=\"widget\" data-e-type=\"widget\" data-widget_type=\"spacer.default\">\n\t\t\t\t<div class=\"elementor-widget-container\">\n\t\t\t\t\t\t\t<div class=\"elementor-spacer\">\n\t\t\t<div class=\"elementor-spacer-inner\"><\/div>\n\t\t<\/div>\n\t\t\t\t\t\t<\/div>\n\t\t\t\t<\/div>\n\t\t\t\t\t<\/div>\n\t\t<\/div>\n\t\t\t\t\t<\/div>\n\t\t<\/section>\n\t\t\t\t<section class=\"elementor-section elementor-top-section elementor-element elementor-element-07b90a4 elementor-section-boxed elementor-section-height-default elementor-section-height-default rt-parallax-bg-no\" data-id=\"07b90a4\" data-element_type=\"section\" data-e-type=\"section\">\n\t\t\t\t\t\t<div class=\"elementor-container elementor-column-gap-default\">\n\t\t\t\t\t<div class=\"elementor-column elementor-col-100 elementor-top-column elementor-element elementor-element-429e78b\" data-id=\"429e78b\" data-element_type=\"column\" data-e-type=\"column\">\n\t\t\t<div class=\"elementor-widget-wrap elementor-element-populated\">\n\t\t\t\t\t\t<div class=\"elementor-element elementor-element-f91be37 elementor-widget elementor-widget-text-editor\" data-id=\"f91be37\" data-element_type=\"widget\" data-e-type=\"widget\" data-widget_type=\"text-editor.default\">\n\t\t\t\t<div class=\"elementor-widget-container\">\n\t\t\t\t\t\t\t\t\t<h4>Explora este sitio web<\/h4><ul><li><a href=\"https:\/\/costatropical.com\/es\/datos-costa-tropical-de-granada\/\">\u00bfQu\u00e9 hace tan especial a la Costa Tropical?<\/a><\/li><li><a href=\"https:\/\/costatropical.com\/es\/tradiciones-fiestas-costa-tropical\/\">Tradiciones y fiestas<\/a><\/li><li><a href=\"https:\/\/costatropical.com\/es\/viajar-a-espana\/\">Informaci\u00f3n \u00fatil para su viaje a Espa\u00f1a<\/a><\/li><li><a href=\"https:\/\/costatropical.com\/es\/transporte\/\">Transporte p\u00fablico y privado en Granada y la Costa Tropical<\/a>l<\/li><li class=\"elementor-sitemap-item elementor-sitemap-item-page page_item page-item-10559\"><a href=\"https:\/\/costatropical.com\/es\/health-and-emergencies\/\">Sanidad y emergencias<\/a><\/li><li class=\"elementor-sitemap-item elementor-sitemap-item-page page_item page-item-10354\"><a href=\"https:\/\/costatropical.com\/es\/conducir-en-espana\/\">Conducir en Espa\u00f1a<\/a><\/li><li><a href=\"https:\/\/costatropical.com\/es\/things-to-see-do\/\">Qu\u00e9 ver y qu\u00e9 hacer<\/a><\/li><li><a href=\"https:\/\/costatropical.com\/es\/6-reasons-to-invest-in-property-on-the-costa-tropical\/\">6 Reasons to Invest in Property on the Costa Tropical<\/a><\/li><li><a href=\"https:\/\/costatropical.com\/es\/arquitectura-contemporanea\/\">Arquitectura contempor\u00e1nea<\/a><\/li><li><a href=\"https:\/\/costatropical.com\/es\/costa-tropical\/\">Todas las p\u00e1ginas de este sitio web<\/a><\/li><\/ul>\t\t\t\t\t\t\t\t<\/div>\n\t\t\t\t<\/div>\n\t\t\t\t\t<\/div>\n\t\t<\/div>\n\t\t\t\t\t<\/div>\n\t\t<\/section>\n\t\t\t\t<section class=\"elementor-section elementor-top-section elementor-element elementor-element-d4c3712 elementor-section-boxed elementor-section-height-default elementor-section-height-default rt-parallax-bg-no\" data-id=\"d4c3712\" data-element_type=\"section\" data-e-type=\"section\">\n\t\t\t\t\t\t<div class=\"elementor-container elementor-column-gap-default\">\n\t\t\t\t\t<div class=\"elementor-column elementor-col-100 elementor-top-column elementor-element elementor-element-b3173f0\" data-id=\"b3173f0\" data-element_type=\"column\" data-e-type=\"column\">\n\t\t\t<div class=\"elementor-widget-wrap elementor-element-populated\">\n\t\t\t\t\t\t<div class=\"elementor-element elementor-element-37b4ec6 elementor-widget elementor-widget-image\" data-id=\"37b4ec6\" data-element_type=\"widget\" data-e-type=\"widget\" data-widget_type=\"image.default\">\n\t\t\t\t<div class=\"elementor-widget-container\">\n\t\t\t\t\t\t\t\t\t\t\t\t\t\t\t\t<a href=\"https:\/\/costatropical.com\/es\/tiempo-costatropical\/\">\n\t\t\t\t\t\t\t<img decoding=\"async\" width=\"97\" height=\"118\" src=\"https:\/\/costatropical.com\/wp-content\/uploads\/2024\/02\/weather.png\" class=\"attachment-medium size-medium wp-image-11177\" alt=\"\" srcset=\"https:\/\/costatropical.com\/wp-content\/uploads\/2024\/02\/weather.png 97w, https:\/\/costatropical.com\/wp-content\/uploads\/2024\/02\/weather-10x12.png 10w\" sizes=\"(max-width: 97px) 100vw, 97px\" title=\"\">\t\t\t\t\t\t\t\t<\/a>\n\t\t\t\t\t\t\t\t\t\t\t\t\t\t\t<\/div>\n\t\t\t\t<\/div>\n\t\t\t\t\t<\/div>\n\t\t<\/div>\n\t\t\t\t\t<\/div>\n\t\t<\/section>\n\t\t\t\t<\/div>","protected":false},"excerpt":{"rendered":"<p>Discovering Spain&#8217;s Hidden Gem: The Classier Appeal of Costa Tropical Over Costa del Sol Nestled along the southern coast of Spain lies a hidden gem that has long remained overshadowed by its more renowned neighbour. The Costa Tropical of Granada, often hailed as Spain&#8217;s best-kept secret, offers discerning travellers and homebuyers an unparalleled blend of<\/p>","protected":false},"author":1,"featured_media":11512,"parent":0,"menu_order":0,"comment_status":"closed","ping_status":"closed","template":"elementor_header_footer","meta":{"_rtcl_gb_attr":"","footnotes":""},"class_list":["post-11643","page","type-page","status-publish","has-post-thumbnail","hentry","have-post-thumb"],"_links":{"self":[{"href":"https:\/\/costatropical.com\/es\/wp-json\/wp\/v2\/pages\/11643","targetHints":{"allow":["GET"]}}],"collection":[{"href":"https:\/\/costatropical.com\/es\/wp-json\/wp\/v2\/pages"}],"about":[{"href":"https:\/\/costatropical.com\/es\/wp-json\/wp\/v2\/types\/page"}],"author":[{"embeddable":true,"href":"https:\/\/costatropical.com\/es\/wp-json\/wp\/v2\/users\/1"}],"replies":[{"embeddable":true,"href":"https:\/\/costatropical.com\/es\/wp-json\/wp\/v2\/comments?post=11643"}],"version-history":[{"count":0,"href":"https:\/\/costatropical.com\/es\/wp-json\/wp\/v2\/pages\/11643\/revisions"}],"wp:featuredmedia":[{"embeddable":true,"href":"https:\/\/costatropical.com\/es\/wp-json\/wp\/v2\/media\/11512"}],"wp:attachment":[{"href":"https:\/\/costatropical.com\/es\/wp-json\/wp\/v2\/media?parent=11643"}],"curies":[{"name":"wp","href":"https:\/\/api.w.org\/{rel}","templated":true}]}}