{"id":11359,"date":"2024-02-14T12:33:01","date_gmt":"2024-02-14T11:33:01","guid":{"rendered":"https:\/\/costatropical.com\/?page_id=11359"},"modified":"2024-11-20T21:18:44","modified_gmt":"2024-11-20T20:18:44","slug":"visa-nomada-digital","status":"publish","type":"page","link":"https:\/\/costatropical.com\/es\/digital-nomad-visa\/","title":{"rendered":"Gu\u00eda de la visa de n\u00f3mada digital en Espa\u00f1a"},"content":{"rendered":"<div data-elementor-type=\"wp-page\" data-elementor-id=\"11359\" class=\"elementor elementor-11359\" data-elementor-post-type=\"page\">\n\t\t\t\t\t\t<section class=\"elementor-section elementor-top-section elementor-element elementor-element-0b34269 elementor-section-boxed elementor-section-height-default elementor-section-height-default rt-parallax-bg-no\" data-id=\"0b34269\" data-element_type=\"section\" data-e-type=\"section\">\n\t\t\t\t\t\t<div class=\"elementor-container elementor-column-gap-default\">\n\t\t\t\t\t<div class=\"elementor-column elementor-col-100 elementor-top-column elementor-element elementor-element-24b2d51\" data-id=\"24b2d51\" data-element_type=\"column\" data-e-type=\"column\">\n\t\t\t<div class=\"elementor-widget-wrap elementor-element-populated\">\n\t\t\t\t\t\t<div class=\"elementor-element elementor-element-a747c29 elementor-widget elementor-widget-spacer\" data-id=\"a747c29\" data-element_type=\"widget\" data-e-type=\"widget\" data-widget_type=\"spacer.default\">\n\t\t\t\t<div class=\"elementor-widget-container\">\n\t\t\t\t\t\t\t<div class=\"elementor-spacer\">\n\t\t\t<div class=\"elementor-spacer-inner\"><\/div>\n\t\t<\/div>\n\t\t\t\t\t\t<\/div>\n\t\t\t\t<\/div>\n\t\t\t\t\t<\/div>\n\t\t<\/div>\n\t\t\t\t\t<\/div>\n\t\t<\/section>\n\t\t\t\t<section class=\"elementor-section elementor-top-section elementor-element elementor-element-3a32983 elementor-section-boxed elementor-section-height-default elementor-section-height-default rt-parallax-bg-no\" data-id=\"3a32983\" data-element_type=\"section\" data-e-type=\"section\">\n\t\t\t\t\t\t<div class=\"elementor-container elementor-column-gap-default\">\n\t\t\t\t\t<div class=\"elementor-column elementor-col-100 elementor-top-column elementor-element elementor-element-0094017\" data-id=\"0094017\" data-element_type=\"column\" data-e-type=\"column\">\n\t\t\t<div class=\"elementor-widget-wrap elementor-element-populated\">\n\t\t\t\t\t\t<div class=\"elementor-element elementor-element-b6466ca elementor-widget elementor-widget-heading\" data-id=\"b6466ca\" data-element_type=\"widget\" data-e-type=\"widget\" data-widget_type=\"heading.default\">\n\t\t\t\t<div class=\"elementor-widget-container\">\n\t\t\t\t\t<h1 class=\"elementor-heading-title elementor-size-default\">\nGu\u00eda completa sobre la visa de n\u00f3mada digital en Espa\u00f1a<\/h1>\t\t\t\t<\/div>\n\t\t\t\t<\/div>\n\t\t\t\t\t<\/div>\n\t\t<\/div>\n\t\t\t\t\t<\/div>\n\t\t<\/section>\n\t\t\t\t<section class=\"elementor-section elementor-top-section elementor-element elementor-element-f0d2294 elementor-section-boxed elementor-section-height-default elementor-section-height-default rt-parallax-bg-no\" data-id=\"f0d2294\" data-element_type=\"section\" data-e-type=\"section\">\n\t\t\t\t\t\t<div class=\"elementor-container elementor-column-gap-default\">\n\t\t\t\t\t<div class=\"elementor-column elementor-col-100 elementor-top-column elementor-element elementor-element-81e7bcc\" data-id=\"81e7bcc\" data-element_type=\"column\" data-e-type=\"column\">\n\t\t\t<div class=\"elementor-widget-wrap elementor-element-populated\">\n\t\t\t\t\t\t<div class=\"elementor-element elementor-element-dd0c2ee elementor-widget elementor-widget-text-editor\" data-id=\"dd0c2ee\" data-element_type=\"widget\" data-e-type=\"widget\" data-widget_type=\"text-editor.default\">\n\t\t\t\t<div class=\"elementor-widget-container\">\n\t\t\t\t\t\t\t\t\t<p>Hace apenas una d\u00e9cada, si alguien mencionaba ser un n\u00f3mada digital, podr\u00eda haber recibido una mirada at\u00f3nita. Sin embargo, en el mundo interconectado de hoy, el trabajo remoto se ha vuelto cada vez m\u00e1s com\u00fan. Se estima que aproximadamente 50 millones de personas en todo el mundo ahora trabajan de forma remota. Reconociendo esta tendencia, Espa\u00f1a introdujo su Visa de N\u00f3mada Digital en enero de 2023 como parte de la nueva Ley de Startups. Esta visa permite a trabajadores y freelancers remotos no pertenecientes a la UE\/EEE residir y trabajar en Espa\u00f1a durante un m\u00e1ximo de 12 meses inicialmente, con la posibilidad de renovaci\u00f3n por hasta cinco a\u00f1os.<\/p><p><br \/>Para muchos n\u00f3madas digitales, el momento tan esperado ha llegado. La introducci\u00f3n de la nueva visa de n\u00f3mada digital en Espa\u00f1a ha sido anunciada oficialmente y ahora est\u00e1 abierta para solicitudes. Esta visa ofrece a los extranjeros la oportunidad de trabajar de forma remota desde Espa\u00f1a, convirti\u00e9ndola en una opci\u00f3n atractiva para aquellos que buscan un cambio de escenario sin las limitaciones de una visa de turista.<\/p><p>En esta gu\u00eda, delinearemos los requisitos para obtener esta nueva residencia, destacaremos los beneficios fiscales que ofrece y proporcionaremos conocimientos legales esenciales a considerar antes de comenzar el proceso de solicitud.<\/p>\t\t\t\t\t\t\t\t<\/div>\n\t\t\t\t<\/div>\n\t\t\t\t\t<\/div>\n\t\t<\/div>\n\t\t\t\t\t<\/div>\n\t\t<\/section>\n\t\t\t\t<section class=\"elementor-section elementor-top-section elementor-element elementor-element-df84d64 elementor-section-boxed elementor-section-height-default elementor-section-height-default rt-parallax-bg-no\" data-id=\"df84d64\" data-element_type=\"section\" data-e-type=\"section\">\n\t\t\t\t\t\t<div class=\"elementor-container elementor-column-gap-default\">\n\t\t\t\t\t<div class=\"elementor-column elementor-col-100 elementor-top-column elementor-element elementor-element-25ddd61\" data-id=\"25ddd61\" data-element_type=\"column\" data-e-type=\"column\">\n\t\t\t<div class=\"elementor-widget-wrap elementor-element-populated\">\n\t\t\t\t\t\t<div class=\"elementor-element elementor-element-904f591 elementor-widget elementor-widget-spacer\" data-id=\"904f591\" data-element_type=\"widget\" data-e-type=\"widget\" data-widget_type=\"spacer.default\">\n\t\t\t\t<div class=\"elementor-widget-container\">\n\t\t\t\t\t\t\t<div class=\"elementor-spacer\">\n\t\t\t<div class=\"elementor-spacer-inner\"><\/div>\n\t\t<\/div>\n\t\t\t\t\t\t<\/div>\n\t\t\t\t<\/div>\n\t\t\t\t\t<\/div>\n\t\t<\/div>\n\t\t\t\t\t<\/div>\n\t\t<\/section>\n\t\t\t\t<section class=\"elementor-section elementor-top-section elementor-element elementor-element-beb9908 elementor-section-boxed elementor-section-height-default elementor-section-height-default rt-parallax-bg-no\" data-id=\"beb9908\" data-element_type=\"section\" data-e-type=\"section\">\n\t\t\t\t\t\t<div class=\"elementor-container elementor-column-gap-default\">\n\t\t\t\t\t<div class=\"elementor-column elementor-col-100 elementor-top-column elementor-element elementor-element-ed1e335\" data-id=\"ed1e335\" data-element_type=\"column\" data-e-type=\"column\">\n\t\t\t<div class=\"elementor-widget-wrap elementor-element-populated\">\n\t\t\t\t\t\t<div class=\"elementor-element elementor-element-d155ec2 elementor-widget elementor-widget-text-editor\" data-id=\"d155ec2\" data-element_type=\"widget\" data-e-type=\"widget\" data-settings=\"{&quot;_animation&quot;:&quot;none&quot;}\" data-widget_type=\"text-editor.default\">\n\t\t\t\t<div class=\"elementor-widget-container\">\n\t\t\t\t\t\t\t\t\t<h4>Marco legal que rige la visa de trabajo remoto<\/h4><p>En 2013, el gobierno espa\u00f1ol promulg\u00f3 la Ley de apoyo a los emprendedores con el objetivo de atraer talento e inversi\u00f3n extranjeros. Si bien esta legislaci\u00f3n introdujo varias opciones de residencia, no logr\u00f3 satisfacer las demandas actuales del mercado.<\/p><p>En respuesta, el gobierno ha aprobado ahora la Ley de Startups, un enfoque m\u00e1s adaptado centrado en startups, talento e innovaci\u00f3n. Esta ley tiene como objetivo posicionar a Espa\u00f1a como un destino l\u00edder para emprendedores, inversores y trabajadores cualificados, ofreciendo un entorno ideal para el trabajo remoto y el nomadismo digital.<\/p>\t\t\t\t\t\t\t\t<\/div>\n\t\t\t\t<\/div>\n\t\t\t\t\t<\/div>\n\t\t<\/div>\n\t\t\t\t\t<\/div>\n\t\t<\/section>\n\t\t\t\t<section class=\"elementor-section elementor-top-section elementor-element elementor-element-079153b elementor-section-boxed elementor-section-height-default elementor-section-height-default rt-parallax-bg-no\" data-id=\"079153b\" data-element_type=\"section\" data-e-type=\"section\">\n\t\t\t\t\t\t<div class=\"elementor-container elementor-column-gap-default\">\n\t\t\t\t\t<div class=\"elementor-column elementor-col-50 elementor-top-column elementor-element elementor-element-84ffe67\" data-id=\"84ffe67\" data-element_type=\"column\" data-e-type=\"column\">\n\t\t\t<div class=\"elementor-widget-wrap elementor-element-populated\">\n\t\t\t\t\t\t<div class=\"elementor-element elementor-element-1e30b1e elementor-widget elementor-widget-text-editor\" data-id=\"1e30b1e\" data-element_type=\"widget\" data-e-type=\"widget\" data-widget_type=\"text-editor.default\">\n\t\t\t\t<div class=\"elementor-widget-container\">\n\t\t\t\t\t\t\t\t\t<h4>La visa de n\u00f3mada digital: Lo que necesita saber<\/h4><p>La visa de n\u00f3mada digital es un permiso de residencia que permite a ciudadanos no pertenecientes a la UE vivir y trabajar de forma remota desde Espa\u00f1a durante hasta cinco a\u00f1os. Esta visa est\u00e1 dise\u00f1ada para individuos que trabajan para empresas extranjeras o tienen clientes en todo el mundo, lo que les permite operar legalmente como n\u00f3madas digitales en Espa\u00f1a.<\/p>\t\t\t\t\t\t\t\t<\/div>\n\t\t\t\t<\/div>\n\t\t\t\t\t<\/div>\n\t\t<\/div>\n\t\t\t\t<div class=\"elementor-column elementor-col-50 elementor-top-column elementor-element elementor-element-5fcfe79\" data-id=\"5fcfe79\" data-element_type=\"column\" data-e-type=\"column\">\n\t\t\t<div class=\"elementor-widget-wrap elementor-element-populated\">\n\t\t\t\t\t\t<div class=\"elementor-element elementor-element-cceb8a9 elementor-widget elementor-widget-image\" data-id=\"cceb8a9\" data-element_type=\"widget\" data-e-type=\"widget\" data-widget_type=\"image.default\">\n\t\t\t\t<div class=\"elementor-widget-container\">\n\t\t\t\t\t\t\t\t\t\t\t\t\t\t\t<img fetchpriority=\"high\" decoding=\"async\" width=\"350\" height=\"350\" src=\"https:\/\/costatropical.com\/wp-content\/uploads\/2024\/02\/digital-nomad-visa2-350x350.jpg\" class=\"attachment-medium size-medium wp-image-11360\" alt=\"digital nomad visa\" srcset=\"https:\/\/costatropical.com\/wp-content\/uploads\/2024\/02\/digital-nomad-visa2-350x350.jpg 350w, https:\/\/costatropical.com\/wp-content\/uploads\/2024\/02\/digital-nomad-visa2-150x150.jpg 150w, https:\/\/costatropical.com\/wp-content\/uploads\/2024\/02\/digital-nomad-visa2-12x12.jpg 12w, https:\/\/costatropical.com\/wp-content\/uploads\/2024\/02\/digital-nomad-visa2.jpg 800w\" sizes=\"(max-width: 350px) 100vw, 350px\" title=\"\">\t\t\t\t\t\t\t\t\t\t\t\t\t\t\t<\/div>\n\t\t\t\t<\/div>\n\t\t\t\t\t<\/div>\n\t\t<\/div>\n\t\t\t\t\t<\/div>\n\t\t<\/section>\n\t\t\t\t<section class=\"elementor-section elementor-top-section elementor-element elementor-element-0e28d8b elementor-section-boxed elementor-section-height-default elementor-section-height-default rt-parallax-bg-no\" data-id=\"0e28d8b\" data-element_type=\"section\" data-e-type=\"section\">\n\t\t\t\t\t\t<div class=\"elementor-container elementor-column-gap-default\">\n\t\t\t\t\t<div class=\"elementor-column elementor-col-100 elementor-top-column elementor-element elementor-element-cf1f4ea\" data-id=\"cf1f4ea\" data-element_type=\"column\" data-e-type=\"column\">\n\t\t\t<div class=\"elementor-widget-wrap elementor-element-populated\">\n\t\t\t\t\t\t<div class=\"elementor-element elementor-element-921d98a elementor-widget elementor-widget-text-editor\" data-id=\"921d98a\" data-element_type=\"widget\" data-e-type=\"widget\" data-settings=\"{&quot;_animation&quot;:&quot;none&quot;}\" data-widget_type=\"text-editor.default\">\n\t\t\t\t<div class=\"elementor-widget-container\">\n\t\t\t\t\t\t\t\t\t<h4>Principales ventajas de la visa de n\u00f3mada digital:<\/h4><ul><li><strong>Opci\u00f3n de doble solicitud:<\/strong> Los solicitantes pueden optar por solicitar desde Espa\u00f1a con una visa de turista para obtener una tarjeta de tres a\u00f1os o obtener una visa de un a\u00f1o desde su pa\u00eds de origen y luego modificarla a una tarjeta de tres a\u00f1os al llegar a Espa\u00f1a.<\/li><li><strong>Elegibilidad para la nacionalidad:<\/strong> Los a\u00f1os pasados con la tarjeta de tres a\u00f1os cuentan tanto para la nacionalidad espa\u00f1ola como para la residencia permanente.<br \/>Inclusi\u00f3n de miembros de la familia: La visa permite a los solicitantes incluir a su c\u00f3nyuge e hijos en la misma solicitud.<\/li><li><strong>Procesamiento acelerado:<\/strong> Las solicitudes se benefician de una resoluci\u00f3n r\u00e1pida en un plazo de 20 d\u00edas, con silencio administrativo positivo si no hay respuesta dentro del per\u00edodo especificado.<\/li><li><strong>Movilidad dentro de la UE:<\/strong> La visa permite viajar dentro del \u00e1rea Schengen durante hasta 90 d\u00edas dentro de un per\u00edodo de 180 d\u00edas.<\/li><li>Los titulares de visa pueden quedarse en Espa\u00f1a hasta por un a\u00f1o con la posibilidad de renovaci\u00f3n.<\/li><li>Los n\u00f3madas digitales pueden trabajar de forma remota para clientes o empleadores fuera de Espa\u00f1a.<\/li><li>Acceso al sistema de sanidad de Espa\u00f1a y beneficios de seguridad social, similares a los ciudadanos espa\u00f1oles.<\/li><li>Oportunidades para inscribirse en universidades, colegios y escuelas en Espa\u00f1a.<\/li><li>Posibilidad de establecer un negocio y acceder al sistema bancario del pa\u00eds.<\/li><li>Disfrute del bajo costo de vida de Espa\u00f1a mientras se sumerge en su hermoso campo y cultura.<\/li><li>Acceso a generosos subsidios e incentivos para n\u00f3madas digitales.<\/li><li>Experimentar vivir y trabajar en algunas de las ciudades m\u00e1s incre\u00edbles de Europa.<\/li><\/ul>\t\t\t\t\t\t\t\t<\/div>\n\t\t\t\t<\/div>\n\t\t\t\t\t<\/div>\n\t\t<\/div>\n\t\t\t\t\t<\/div>\n\t\t<\/section>\n\t\t\t\t<section class=\"elementor-section elementor-top-section elementor-element elementor-element-9428890 elementor-section-boxed elementor-section-height-default elementor-section-height-default rt-parallax-bg-no\" data-id=\"9428890\" data-element_type=\"section\" data-e-type=\"section\">\n\t\t\t\t\t\t<div class=\"elementor-container elementor-column-gap-default\">\n\t\t\t\t\t<div class=\"elementor-column elementor-col-100 elementor-top-column elementor-element elementor-element-5bc8eae\" data-id=\"5bc8eae\" data-element_type=\"column\" data-e-type=\"column\">\n\t\t\t<div class=\"elementor-widget-wrap elementor-element-populated\">\n\t\t\t\t\t\t<div class=\"elementor-element elementor-element-c1a4901 elementor-widget elementor-widget-text-editor\" data-id=\"c1a4901\" data-element_type=\"widget\" data-e-type=\"widget\" data-settings=\"{&quot;_animation&quot;:&quot;none&quot;}\" data-widget_type=\"text-editor.default\">\n\t\t\t\t<div class=\"elementor-widget-container\">\n\t\t\t\t\t\t\t\t\t<h4>Requisitos para obtener la visa de n\u00f3mada digital<\/h4><p>Hay dos perfiles principales de solicitantes: trabajadores empleados y trabajadores aut\u00f3nomos. Si bien los requisitos var\u00edan ligeramente entre los dos, algunos criterios comunes incluyen:<\/p><p>Relaci\u00f3n laboral o freelance con una empresa extranjera.<br \/>Ingresos demostrados de fuentes fuera de Espa\u00f1a.<br \/>Umbral de ingresos m\u00ednimo de 31,752\u20ac por a\u00f1o.<br \/>Prueba de experiencia laboral relevante o calificaciones educativas.<br \/>Antecedentes penales limpios.<br \/>Cobertura de seguro de salud privado.<br \/>Confirmaci\u00f3n del acuerdo de trabajo remoto por parte del empleador o cliente.<\/p><h4>Beneficios fiscales de la visa de n\u00f3mada digital<\/h4><p>Uno de los aspectos m\u00e1s atractivos de esta visa es su r\u00e9gimen fiscal favorable. Los titulares de la visa de n\u00f3mada digital pueden beneficiarse de una tributaci\u00f3n reducida a trav\u00e9s del R\u00e9gimen Fiscal de No Residentes. Esto permite una tasa impositiva plana del 24% sobre los ingresos obtenidos fuera de Espa\u00f1a, con exenciones del impuesto sobre el patrimonio y otras obligaciones.<\/p><p>\u00a0<\/p><h4>Trabajar en Espa\u00f1a con la visa de n\u00f3mada digital<\/h4><p>Si bien la visa permite principalmente el trabajo remoto desde Espa\u00f1a, los titulares tambi\u00e9n pueden trabajar para empresas o clientes espa\u00f1oles bajo ciertas condiciones. Sin embargo, los ingresos generados de fuentes espa\u00f1olas no deben exceder el 20 % del total de ingresos.<\/p><h4>Proceso de solicitud<\/h4><p>El proceso de solicitud puede iniciarse desde el pa\u00eds de origen del solicitante o directamente desde Espa\u00f1a como turista. Despu\u00e9s de una revisi\u00f3n r\u00e1pida, los solicitantes aptos recibir\u00e1n una respuesta favorable dentro de los 20 d\u00edas. Los pasos posteriores incluyen registrar las huellas dactilares y obtener la tarjeta de residencia f\u00edsica.<\/p>\t\t\t\t\t\t\t\t<\/div>\n\t\t\t\t<\/div>\n\t\t\t\t\t<\/div>\n\t\t<\/div>\n\t\t\t\t\t<\/div>\n\t\t<\/section>\n\t\t\t\t<section class=\"elementor-section elementor-top-section elementor-element elementor-element-6be2bc1 elementor-section-boxed elementor-section-height-default elementor-section-height-default rt-parallax-bg-no\" data-id=\"6be2bc1\" data-element_type=\"section\" data-e-type=\"section\">\n\t\t\t\t\t\t<div class=\"elementor-container elementor-column-gap-default\">\n\t\t\t\t\t<div class=\"elementor-column elementor-col-100 elementor-top-column elementor-element elementor-element-4237cb1\" data-id=\"4237cb1\" data-element_type=\"column\" data-e-type=\"column\">\n\t\t\t<div class=\"elementor-widget-wrap elementor-element-populated\">\n\t\t\t\t\t\t<div class=\"elementor-element elementor-element-cdf42bc elementor-widget elementor-widget-text-editor\" data-id=\"cdf42bc\" data-element_type=\"widget\" data-e-type=\"widget\" data-settings=\"{&quot;_animation&quot;:&quot;none&quot;}\" data-widget_type=\"text-editor.default\">\n\t\t\t\t<div class=\"elementor-widget-container\">\n\t\t\t\t\t\t\t\t\t<p><br \/>La introducci\u00f3n de la visa de n\u00f3mada digital en Espa\u00f1a ofrece una emocionante oportunidad para que los trabajadores remotos disfruten del estilo de vida del pa\u00eds mientras mantienen sus actividades profesionales. Con su proceso de solicitud simplificado y atractivos beneficios fiscales, es una opci\u00f3n prometedora para aquellos que buscan flexibilidad y aventura en sus condiciones laborales.<\/p><p><strong>Nota:<\/strong><br \/>Los trabajadores estadounidenses no pueden solicitar esta visa, ya que el acuerdo de Seguridad Social con Espa\u00f1a no se aplica. La \u00fanica excepci\u00f3n para los empleados estadounidenses es si la empresa est\u00e1 registrada en Espa\u00f1a. Sin embargo, los individuos aut\u00f3nomos estadounidenses que tienen una empresa que tiene m\u00e1s de 12 meses y tienen clientes que tambi\u00e9n tienen entidades establecidas (no individuos como clientes) son elegibles para la Visa de N\u00f3mada Digital. Tenga en cuenta que las entidades establecidas tambi\u00e9n deben tener m\u00e1s de 12 meses.<\/p>\t\t\t\t\t\t\t\t<\/div>\n\t\t\t\t<\/div>\n\t\t\t\t\t<\/div>\n\t\t<\/div>\n\t\t\t\t\t<\/div>\n\t\t<\/section>\n\t\t\t\t<section class=\"elementor-section elementor-top-section elementor-element elementor-element-07b90a4 elementor-section-boxed elementor-section-height-default elementor-section-height-default rt-parallax-bg-no\" data-id=\"07b90a4\" data-element_type=\"section\" data-e-type=\"section\">\n\t\t\t\t\t\t<div class=\"elementor-container elementor-column-gap-default\">\n\t\t\t\t\t<div class=\"elementor-column elementor-col-100 elementor-top-column elementor-element elementor-element-429e78b\" data-id=\"429e78b\" data-element_type=\"column\" data-e-type=\"column\">\n\t\t\t<div class=\"elementor-widget-wrap elementor-element-populated\">\n\t\t\t\t\t\t<div class=\"elementor-element elementor-element-f91be37 elementor-widget elementor-widget-text-editor\" data-id=\"f91be37\" data-element_type=\"widget\" data-e-type=\"widget\" data-widget_type=\"text-editor.default\">\n\t\t\t\t<div class=\"elementor-widget-container\">\n\t\t\t\t\t\t\t\t\t<h4>Explora este sitio web<\/h4><ul><li><a href=\"https:\/\/costatropical.com\/es\/datos-costa-tropical-de-granada\/\">\u00bfQu\u00e9 hace tan especial a la Costa Tropical?<\/a><\/li><li><a href=\"https:\/\/costatropical.com\/es\/tradiciones-fiestas-costa-tropical\/\">Tradiciones y fiestas<\/a><\/li><li><a href=\"https:\/\/costatropical.com\/es\/viajar-a-espana\/\">Informaci\u00f3n \u00fatil para su viaje a Espa\u00f1a<\/a><\/li><li><a href=\"https:\/\/costatropical.com\/es\/transporte\/\">Transporte p\u00fablico y privado en Granada y la Costa Tropical<\/a>l<\/li><li><a href=\"https:\/\/costatropical.com\/es\/things-to-see-do\/\">Qu\u00e9 ver y qu\u00e9 hacer<\/a><\/li><li><a href=\"https:\/\/costatropical.com\/es\/12-razones-para-jubilarse-en-la-costa-tropical\/\">12 razones para jubilarse en la Costa Tropical<\/a><\/li><li><a href=\"https:\/\/costatropical.com\/es\/conducir-en-espana\/\">Conducir en Espa\u00f1a<\/a><\/li><li><a href=\"https:\/\/costatropical.com\/es\/costa-tropical-lgbtq\/\">Costa Tropical LGTBQ+<\/a><\/li><li><a href=\"https:\/\/costatropical.com\/es\/health-and-emergencies\/\">Sanidad y emergencias<\/a><\/li><li><a href=\"https:\/\/costatropical.com\/es\/tiempo-costatropical\/\">El tiempo<\/a><\/li><li><a href=\"https:\/\/costatropical.com\/es\/festivales-granada\/\">Festivales y eventos culturales<\/a><\/li><\/ul>\t\t\t\t\t\t\t\t<\/div>\n\t\t\t\t<\/div>\n\t\t\t\t\t<\/div>\n\t\t<\/div>\n\t\t\t\t\t<\/div>\n\t\t<\/section>\n\t\t\t\t<section class=\"elementor-section elementor-top-section elementor-element elementor-element-d4c3712 elementor-section-boxed elementor-section-height-default elementor-section-height-default rt-parallax-bg-no\" data-id=\"d4c3712\" data-element_type=\"section\" data-e-type=\"section\">\n\t\t\t\t\t\t<div class=\"elementor-container elementor-column-gap-default\">\n\t\t\t\t\t<div class=\"elementor-column elementor-col-100 elementor-top-column elementor-element elementor-element-b3173f0\" data-id=\"b3173f0\" data-element_type=\"column\" data-e-type=\"column\">\n\t\t\t<div class=\"elementor-widget-wrap elementor-element-populated\">\n\t\t\t\t\t\t<div class=\"elementor-element elementor-element-37b4ec6 elementor-widget elementor-widget-image\" data-id=\"37b4ec6\" data-element_type=\"widget\" data-e-type=\"widget\" data-widget_type=\"image.default\">\n\t\t\t\t<div class=\"elementor-widget-container\">\n\t\t\t\t\t\t\t\t\t\t\t\t\t\t\t\t<a href=\"https:\/\/costatropical.com\/es\/tiempo-costatropical\/\">\n\t\t\t\t\t\t\t<img decoding=\"async\" width=\"97\" height=\"118\" src=\"https:\/\/costatropical.com\/wp-content\/uploads\/2024\/02\/weather.png\" class=\"attachment-medium size-medium wp-image-11177\" alt=\"\" srcset=\"https:\/\/costatropical.com\/wp-content\/uploads\/2024\/02\/weather.png 97w, https:\/\/costatropical.com\/wp-content\/uploads\/2024\/02\/weather-10x12.png 10w\" sizes=\"(max-width: 97px) 100vw, 97px\" title=\"\">\t\t\t\t\t\t\t\t<\/a>\n\t\t\t\t\t\t\t\t\t\t\t\t\t\t\t<\/div>\n\t\t\t\t<\/div>\n\t\t\t\t\t<\/div>\n\t\t<\/div>\n\t\t\t\t\t<\/div>\n\t\t<\/section>\n\t\t\t\t<\/div>","protected":false},"excerpt":{"rendered":"<p>Comprehensive Guide to the Digital Nomad Visa in Spain Just a decade ago, if someone mentioned being a digital nomad, they might have been met with a blank look. However, in today&#8217;s interconnected world, remote work has become increasingly common. It&#8217;s estimated that approximately 50 million people worldwide now work remotely. Recognizing this trend, Spain<\/p>","protected":false},"author":1,"featured_media":11360,"parent":0,"menu_order":0,"comment_status":"closed","ping_status":"closed","template":"elementor_header_footer","meta":{"_rtcl_gb_attr":"","footnotes":""},"class_list":["post-11359","page","type-page","status-publish","has-post-thumbnail","hentry","have-post-thumb"],"_links":{"self":[{"href":"https:\/\/costatropical.com\/es\/wp-json\/wp\/v2\/pages\/11359","targetHints":{"allow":["GET"]}}],"collection":[{"href":"https:\/\/costatropical.com\/es\/wp-json\/wp\/v2\/pages"}],"about":[{"href":"https:\/\/costatropical.com\/es\/wp-json\/wp\/v2\/types\/page"}],"author":[{"embeddable":true,"href":"https:\/\/costatropical.com\/es\/wp-json\/wp\/v2\/users\/1"}],"replies":[{"embeddable":true,"href":"https:\/\/costatropical.com\/es\/wp-json\/wp\/v2\/comments?post=11359"}],"version-history":[{"count":0,"href":"https:\/\/costatropical.com\/es\/wp-json\/wp\/v2\/pages\/11359\/revisions"}],"wp:featuredmedia":[{"embeddable":true,"href":"https:\/\/costatropical.com\/es\/wp-json\/wp\/v2\/media\/11360"}],"wp:attachment":[{"href":"https:\/\/costatropical.com\/es\/wp-json\/wp\/v2\/media?parent=11359"}],"curies":[{"name":"wp","href":"https:\/\/api.w.org\/{rel}","templated":true}]}}