{"id":11030,"date":"2024-01-26T18:41:41","date_gmt":"2024-01-26T17:41:41","guid":{"rendered":"https:\/\/costatropical.com\/?page_id=11030"},"modified":"2024-01-27T20:20:01","modified_gmt":"2024-01-27T19:20:01","slug":"tales-of-the-alhambra","status":"publish","type":"page","link":"https:\/\/costatropical.com\/es\/tales-of-the-alhambra\/","title":{"rendered":"Cuentos de la Alhambra"},"content":{"rendered":"<div data-elementor-type=\"wp-page\" data-elementor-id=\"11030\" class=\"elementor elementor-11030\" data-elementor-post-type=\"page\">\n\t\t\t\t\t\t<section class=\"elementor-section elementor-top-section elementor-element elementor-element-9db5f62 elementor-section-boxed elementor-section-height-default elementor-section-height-default rt-parallax-bg-no\" data-id=\"9db5f62\" data-element_type=\"section\" data-e-type=\"section\">\n\t\t\t\t\t\t<div class=\"elementor-container elementor-column-gap-default\">\n\t\t\t\t\t<div class=\"elementor-column elementor-col-100 elementor-top-column elementor-element elementor-element-e50616f\" data-id=\"e50616f\" data-element_type=\"column\" data-e-type=\"column\">\n\t\t\t<div class=\"elementor-widget-wrap\">\n\t\t\t\t\t\t\t<\/div>\n\t\t<\/div>\n\t\t\t\t\t<\/div>\n\t\t<\/section>\n\t\t\t\t<section class=\"elementor-section elementor-top-section elementor-element elementor-element-440ac7f elementor-section-boxed elementor-section-height-default elementor-section-height-default rt-parallax-bg-no\" data-id=\"440ac7f\" data-element_type=\"section\" data-e-type=\"section\">\n\t\t\t\t\t\t<div class=\"elementor-container elementor-column-gap-default\">\n\t\t\t\t\t<div class=\"elementor-column elementor-col-100 elementor-top-column elementor-element elementor-element-32609ab\" data-id=\"32609ab\" data-element_type=\"column\" data-e-type=\"column\">\n\t\t\t<div class=\"elementor-widget-wrap elementor-element-populated\">\n\t\t\t\t\t\t<div class=\"elementor-element elementor-element-1adb5ba elementor-widget elementor-widget-spacer\" data-id=\"1adb5ba\" data-element_type=\"widget\" data-e-type=\"widget\" data-widget_type=\"spacer.default\">\n\t\t\t\t<div class=\"elementor-widget-container\">\n\t\t\t\t\t\t\t<div class=\"elementor-spacer\">\n\t\t\t<div class=\"elementor-spacer-inner\"><\/div>\n\t\t<\/div>\n\t\t\t\t\t\t<\/div>\n\t\t\t\t<\/div>\n\t\t\t\t\t<\/div>\n\t\t<\/div>\n\t\t\t\t\t<\/div>\n\t\t<\/section>\n\t\t\t\t<section class=\"elementor-section elementor-top-section elementor-element elementor-element-3a32983 elementor-section-boxed elementor-section-height-default elementor-section-height-default rt-parallax-bg-no\" data-id=\"3a32983\" data-element_type=\"section\" data-e-type=\"section\">\n\t\t\t\t\t\t<div class=\"elementor-container elementor-column-gap-default\">\n\t\t\t\t\t<div class=\"elementor-column elementor-col-100 elementor-top-column elementor-element elementor-element-0094017\" data-id=\"0094017\" data-element_type=\"column\" data-e-type=\"column\">\n\t\t\t<div class=\"elementor-widget-wrap elementor-element-populated\">\n\t\t\t\t\t\t<div class=\"elementor-element elementor-element-b6466ca elementor-widget elementor-widget-heading\" data-id=\"b6466ca\" data-element_type=\"widget\" data-e-type=\"widget\" data-widget_type=\"heading.default\">\n\t\t\t\t<div class=\"elementor-widget-container\">\n\t\t\t\t\t<h2 class=\"elementor-heading-title elementor-size-default\">Descarga gratuita del ebook Cuentos de la Alhambra<\/h2>\t\t\t\t<\/div>\n\t\t\t\t<\/div>\n\t\t\t\t\t<\/div>\n\t\t<\/div>\n\t\t\t\t\t<\/div>\n\t\t<\/section>\n\t\t\t\t<section class=\"elementor-section elementor-top-section elementor-element elementor-element-012b268 elementor-section-boxed elementor-section-height-default elementor-section-height-default rt-parallax-bg-no\" data-id=\"012b268\" data-element_type=\"section\" data-e-type=\"section\">\n\t\t\t\t\t\t<div class=\"elementor-container elementor-column-gap-default\">\n\t\t\t\t\t<div class=\"elementor-column elementor-col-50 elementor-top-column elementor-element elementor-element-89a3543\" data-id=\"89a3543\" data-element_type=\"column\" data-e-type=\"column\">\n\t\t\t<div class=\"elementor-widget-wrap elementor-element-populated\">\n\t\t\t\t\t\t<div class=\"elementor-element elementor-element-ce64761 elementor-widget__width-initial elementor-widget elementor-widget-text-editor\" data-id=\"ce64761\" data-element_type=\"widget\" data-e-type=\"widget\" data-widget_type=\"text-editor.default\">\n\t\t\t\t<div class=\"elementor-widget-container\">\n\t\t\t\t\t\t\t\t\t<p>Nuestro regalo para ti. \"Cuentos de la Alhambra\" es una colecci\u00f3n de historias del autor estadounidense Washington Irving, inspirada en su visita a la Alhambra en 1828 y parcialmente escrita durante su estancia en la famosa fortaleza. Irving fue hu\u00e9sped en la antigua fortaleza, donde se encontr\u00f3 con varios residentes pintorescos. Durante su estancia, Irving se fue enamorando cada vez m\u00e1s del gran palacio y de su rica historia y folklore. El resultado es esta cautivadora colecci\u00f3n de ensayos, relatos y an\u00e9cdotas. \"Cuentos de la Alhambra\" es una lectura imprescindible para los visitantes modernos de la Alhambra. Haz clic en el enlace a continuaci\u00f3n para descargar en formato Epub o PDF.<\/p><p><strong><a href=\"https:\/\/costatropical.com\/wp-content\/uploads\/2024\/01\/tales-of-the-alhambra.pdf\">Haz clic aqu\u00ed para descargar en formato PDF<\/a><\/strong><\/p><p><strong><a href=\"https:\/\/tinyurl.com\/preview\/nhbm8877\/fbclid=IwAR3O0hVnK2Q8H1T-MGCn_X3x3XymyjUPNaM4h2HV7zLaYivNHkWvXMR0h-U\" target=\"_blank\" rel=\"noopener\">Haz clic aqu\u00ed para descargar en formato Epub<\/a><\/strong><\/p>\t\t\t\t\t\t\t\t<\/div>\n\t\t\t\t<\/div>\n\t\t\t\t\t<\/div>\n\t\t<\/div>\n\t\t\t\t<div class=\"elementor-column elementor-col-50 elementor-top-column elementor-element elementor-element-e6bac9c\" data-id=\"e6bac9c\" data-element_type=\"column\" data-e-type=\"column\">\n\t\t\t<div class=\"elementor-widget-wrap elementor-element-populated\">\n\t\t\t\t\t\t<div class=\"elementor-element elementor-element-088beea elementor-widget__width-initial elementor-widget elementor-widget-image\" data-id=\"088beea\" data-element_type=\"widget\" data-e-type=\"widget\" data-widget_type=\"image.default\">\n\t\t\t\t<div class=\"elementor-widget-container\">\n\t\t\t\t\t\t\t\t\t\t\t\t\t\t\t<img fetchpriority=\"high\" decoding=\"async\" width=\"350\" height=\"405\" src=\"https:\/\/costatropical.com\/wp-content\/uploads\/2024\/01\/tales-of-the-alhambra-350x405.png\" class=\"attachment-medium size-medium wp-image-11048\" alt=\"\" srcset=\"https:\/\/costatropical.com\/wp-content\/uploads\/2024\/01\/tales-of-the-alhambra-350x405.png 350w, https:\/\/costatropical.com\/wp-content\/uploads\/2024\/01\/tales-of-the-alhambra-10x12.png 10w, https:\/\/costatropical.com\/wp-content\/uploads\/2024\/01\/elementor\/thumbs\/tales-of-the-alhambra-r42e4qzhp7cqdl7axkreh5vhd4qe5eek7liapb4d0m.png 325w, https:\/\/costatropical.com\/wp-content\/uploads\/2024\/01\/tales-of-the-alhambra.png 828w\" sizes=\"(max-width: 350px) 100vw, 350px\" title=\"\">\t\t\t\t\t\t\t\t\t\t\t\t\t\t\t<\/div>\n\t\t\t\t<\/div>\n\t\t\t\t\t<\/div>\n\t\t<\/div>\n\t\t\t\t\t<\/div>\n\t\t<\/section>\n\t\t\t\t<\/div>","protected":false},"excerpt":{"rendered":"<p>Tales of the Alhambra FREE ebook download Our gift to you. &#8220;Tales of the Alhambra&#8221; is a collection of stories by the American author Washington Irving, inspired by, and partly written during his visit to the Alhambra in 1828. Irving was a guest at the ancient fortress, where he found himself in the company of<\/p>","protected":false},"author":1,"featured_media":11043,"parent":0,"menu_order":0,"comment_status":"closed","ping_status":"closed","template":"elementor_header_footer","meta":{"_rtcl_gb_attr":"","footnotes":""},"class_list":["post-11030","page","type-page","status-publish","has-post-thumbnail","hentry","have-post-thumb"],"_links":{"self":[{"href":"https:\/\/costatropical.com\/es\/wp-json\/wp\/v2\/pages\/11030","targetHints":{"allow":["GET"]}}],"collection":[{"href":"https:\/\/costatropical.com\/es\/wp-json\/wp\/v2\/pages"}],"about":[{"href":"https:\/\/costatropical.com\/es\/wp-json\/wp\/v2\/types\/page"}],"author":[{"embeddable":true,"href":"https:\/\/costatropical.com\/es\/wp-json\/wp\/v2\/users\/1"}],"replies":[{"embeddable":true,"href":"https:\/\/costatropical.com\/es\/wp-json\/wp\/v2\/comments?post=11030"}],"version-history":[{"count":0,"href":"https:\/\/costatropical.com\/es\/wp-json\/wp\/v2\/pages\/11030\/revisions"}],"wp:featuredmedia":[{"embeddable":true,"href":"https:\/\/costatropical.com\/es\/wp-json\/wp\/v2\/media\/11043"}],"wp:attachment":[{"href":"https:\/\/costatropical.com\/es\/wp-json\/wp\/v2\/media?parent=11030"}],"curies":[{"name":"wp","href":"https:\/\/api.w.org\/{rel}","templated":true}]}}