{"id":10559,"date":"2023-11-20T21:55:27","date_gmt":"2023-11-20T20:55:27","guid":{"rendered":"https:\/\/costatropical.com\/?page_id=10559"},"modified":"2024-11-20T21:15:41","modified_gmt":"2024-11-20T20:15:41","slug":"health-and-emergencies","status":"publish","type":"page","link":"https:\/\/costatropical.com\/es\/health-and-emergencies\/","title":{"rendered":"Sanidad y emergencias"},"content":{"rendered":"<div data-elementor-type=\"wp-page\" data-elementor-id=\"10559\" class=\"elementor elementor-10559\" data-elementor-post-type=\"page\">\n\t\t\t\t\t\t<section class=\"elementor-section elementor-top-section elementor-element elementor-element-440ac7f elementor-section-boxed elementor-section-height-default elementor-section-height-default rt-parallax-bg-no\" data-id=\"440ac7f\" data-element_type=\"section\" data-e-type=\"section\">\n\t\t\t\t\t\t<div class=\"elementor-container elementor-column-gap-default\">\n\t\t\t\t\t<div class=\"elementor-column elementor-col-100 elementor-top-column elementor-element elementor-element-32609ab\" data-id=\"32609ab\" data-element_type=\"column\" data-e-type=\"column\">\n\t\t\t<div class=\"elementor-widget-wrap elementor-element-populated\">\n\t\t\t\t\t\t<div class=\"elementor-element elementor-element-1adb5ba elementor-widget elementor-widget-spacer\" data-id=\"1adb5ba\" data-element_type=\"widget\" data-e-type=\"widget\" data-widget_type=\"spacer.default\">\n\t\t\t\t<div class=\"elementor-widget-container\">\n\t\t\t\t\t\t\t<div class=\"elementor-spacer\">\n\t\t\t<div class=\"elementor-spacer-inner\"><\/div>\n\t\t<\/div>\n\t\t\t\t\t\t<\/div>\n\t\t\t\t<\/div>\n\t\t\t\t\t<\/div>\n\t\t<\/div>\n\t\t\t\t\t<\/div>\n\t\t<\/section>\n\t\t\t\t<section class=\"elementor-section elementor-top-section elementor-element elementor-element-7b57d16 elementor-section-boxed elementor-section-height-default elementor-section-height-default rt-parallax-bg-no\" data-id=\"7b57d16\" data-element_type=\"section\" data-e-type=\"section\">\n\t\t\t\t\t\t<div class=\"elementor-container elementor-column-gap-default\">\n\t\t\t\t\t<div class=\"elementor-column elementor-col-100 elementor-top-column elementor-element elementor-element-e718bd2\" data-id=\"e718bd2\" data-element_type=\"column\" data-e-type=\"column\">\n\t\t\t<div class=\"elementor-widget-wrap elementor-element-populated\">\n\t\t\t\t\t\t\t<\/div>\n\t\t<\/div>\n\t\t\t\t\t<\/div>\n\t\t<\/section>\n\t\t\t\t<section class=\"elementor-section elementor-top-section elementor-element elementor-element-beb9908 elementor-section-boxed elementor-section-height-default elementor-section-height-default rt-parallax-bg-no\" data-id=\"beb9908\" data-element_type=\"section\" data-e-type=\"section\">\n\t\t\t\t\t\t<div class=\"elementor-container elementor-column-gap-default\">\n\t\t\t\t\t<div class=\"elementor-column elementor-col-100 elementor-top-column elementor-element elementor-element-ed1e335\" data-id=\"ed1e335\" data-element_type=\"column\" data-e-type=\"column\">\n\t\t\t<div class=\"elementor-widget-wrap elementor-element-populated\">\n\t\t\t\t\t\t<div class=\"elementor-element elementor-element-d155ec2 elementor-widget elementor-widget-text-editor\" data-id=\"d155ec2\" data-element_type=\"widget\" data-e-type=\"widget\" data-settings=\"{&quot;_animation&quot;:&quot;none&quot;}\" data-widget_type=\"text-editor.default\">\n\t\t\t\t<div class=\"elementor-widget-container\">\n\t\t\t\t\t\t\t\t\t<p>The Costa Tropical boasts a robust healthcare system, ensuring residents and visitors receive quality medical attention. Hospitals, clinics, and emergency services are strategically located, offering comprehensive care. Almu\u00f1\u00e9car and Motril are home to prominent medical facilities, equipped with modern technology and proficient staff. Additionally, local clinics provide routine healthcare, while pharmacies are readily available. In case of emergencies, dial 112 for prompt assistance. The Spanish healthcare system is ranked among the best in the world. It offers (almost) universal healthcare throughout Spain and is mostly paid for by taxpayers through social security. Expatriates and tourists can access healthcare through private insurance or the public system, ensuring a safe and secure stay on the picturesque Costa Tropical.\u00a0 If you are an EU citizen or from a country within the EEA (European Economic Area) then, as a short-stay visitor in Spain, you are entitled to access the public medical centres or hospitals in Spain for medically necessary treatment \u2013 that is healthcare that cannot reasonably wait until you return to your home country. Third-country citizens will need to have travel and healthcare insuranceas part of their visa application.<\/p>\t\t\t\t\t\t\t\t<\/div>\n\t\t\t\t<\/div>\n\t\t\t\t\t<\/div>\n\t\t<\/div>\n\t\t\t\t\t<\/div>\n\t\t<\/section>\n\t\t\t\t<section class=\"elementor-section elementor-top-section elementor-element elementor-element-a32d034 elementor-section-boxed elementor-section-height-default elementor-section-height-default rt-parallax-bg-no\" data-id=\"a32d034\" data-element_type=\"section\" data-e-type=\"section\">\n\t\t\t\t\t\t<div class=\"elementor-container elementor-column-gap-default\">\n\t\t\t\t\t<div class=\"elementor-column elementor-col-100 elementor-top-column elementor-element elementor-element-43b6620\" data-id=\"43b6620\" data-element_type=\"column\" data-e-type=\"column\">\n\t\t\t<div class=\"elementor-widget-wrap\">\n\t\t\t\t\t\t\t<\/div>\n\t\t<\/div>\n\t\t\t\t\t<\/div>\n\t\t<\/section>\n\t\t\t\t<section class=\"elementor-section elementor-top-section elementor-element elementor-element-e5ee575 elementor-section-boxed elementor-section-height-default elementor-section-height-default rt-parallax-bg-no\" data-id=\"e5ee575\" data-element_type=\"section\" data-e-type=\"section\">\n\t\t\t\t\t\t<div class=\"elementor-container elementor-column-gap-default\">\n\t\t\t\t\t<div class=\"elementor-column elementor-col-100 elementor-top-column elementor-element elementor-element-4418629\" data-id=\"4418629\" data-element_type=\"column\" data-e-type=\"column\">\n\t\t\t<div class=\"elementor-widget-wrap elementor-element-populated\">\n\t\t\t\t\t\t<div class=\"elementor-element elementor-element-874b20f elementor-widget elementor-widget-text-editor\" data-id=\"874b20f\" data-element_type=\"widget\" data-e-type=\"widget\" data-widget_type=\"text-editor.default\">\n\t\t\t\t<div class=\"elementor-widget-container\">\n\t\t\t\t\t\t\t\t\t<h3>Public Hospitals<\/h3>\t\t\t\t\t\t\t\t<\/div>\n\t\t\t\t<\/div>\n\t\t\t\t\t<\/div>\n\t\t<\/div>\n\t\t\t\t\t<\/div>\n\t\t<\/section>\n\t\t\t\t<section class=\"elementor-section elementor-top-section elementor-element elementor-element-39f4261 elementor-section-boxed elementor-section-height-default elementor-section-height-default rt-parallax-bg-no\" data-id=\"39f4261\" data-element_type=\"section\" data-e-type=\"section\">\n\t\t\t\t\t\t<div class=\"elementor-container elementor-column-gap-default\">\n\t\t\t\t\t<div class=\"elementor-column elementor-col-100 elementor-top-column elementor-element elementor-element-52d74b8\" data-id=\"52d74b8\" data-element_type=\"column\" data-e-type=\"column\">\n\t\t\t<div class=\"elementor-widget-wrap elementor-element-populated\">\n\t\t\t\t\t\t<div class=\"elementor-element elementor-element-5c246a6 elementor-widget elementor-widget-text-editor\" data-id=\"5c246a6\" data-element_type=\"widget\" data-e-type=\"widget\" data-widget_type=\"text-editor.default\">\n\t\t\t\t<div class=\"elementor-widget-container\">\n\t\t\t\t\t\t\t\t\t<p><strong>Motril:<\/strong><\/p><ul><li><strong>Hospital Comarcal Santa Ana de Motril<\/strong><ul><li>24-hour Emergency Service<\/li><li>Address: Av. Enrique Mart\u00edn Cuevas, s\/n, 18600 Motril, Granada.<\/li><li>Phone: 958 03 82 00<\/li><\/ul><\/li><\/ul><p><strong>Granada:<\/strong><\/p><ul><li><p><strong>Hospital Universitario Cl\u00ednico San Cecilio<\/strong><\/p><ul><li>24-hour Emergency Service<\/li><li>Address: Av. del Conocimiento, s\/n, 18016 Granada.<\/li><li>Phone: 958 02 30 00.<\/li><\/ul><\/li><li><p><strong>Hospital Universitario Virgen de las Nieves<\/strong><\/p><ul><li>Address: Av. de las Fuerzas Armadas, 2, 18014, Granada.<\/li><li>Phone: 958 02 00 00.<\/li><\/ul><\/li><li><p><strong>Hospital de NeuroTraumatolog\u00eda y Rehabilitaci\u00f3n<\/strong><\/p><ul><li>Address: Av. de Juan Pablo II, s\/n, 18013, Granada.<\/li><li>Phone: 958 02 00 00.<\/li><\/ul><\/li><\/ul>\t\t\t\t\t\t\t\t<\/div>\n\t\t\t\t<\/div>\n\t\t\t\t\t<\/div>\n\t\t<\/div>\n\t\t\t\t\t<\/div>\n\t\t<\/section>\n\t\t\t\t<section class=\"elementor-section elementor-top-section elementor-element elementor-element-b1d01cf elementor-section-boxed elementor-section-height-default elementor-section-height-default rt-parallax-bg-no\" data-id=\"b1d01cf\" data-element_type=\"section\" data-e-type=\"section\">\n\t\t\t\t\t\t<div class=\"elementor-container elementor-column-gap-default\">\n\t\t\t\t\t<div class=\"elementor-column elementor-col-100 elementor-top-column elementor-element elementor-element-838f574\" data-id=\"838f574\" data-element_type=\"column\" data-e-type=\"column\">\n\t\t\t<div class=\"elementor-widget-wrap elementor-element-populated\">\n\t\t\t\t\t\t<div class=\"elementor-element elementor-element-3fbae41 elementor-widget elementor-widget-text-editor\" data-id=\"3fbae41\" data-element_type=\"widget\" data-e-type=\"widget\" data-widget_type=\"text-editor.default\">\n\t\t\t\t<div class=\"elementor-widget-container\">\n\t\t\t\t\t\t\t\t\t<p><strong>Health Centers on the Costa Tropical:<\/strong><\/p><ul><li><p><strong>Centro de Salud de Almu\u00f1\u00e9car<\/strong><\/p><ul><li>Address: Calle Chinguetti, 2, 18690 Almu\u00f1\u00e9car, Granada.<\/li><li>Phone: 958 02 74 22, 958 02 74 24, 958 02 74 23. Emergencies: 958 02 88 27.<\/li><li>Open: Monday to Friday 8:00-15:00<\/li><\/ul><\/li><li><p><strong>Urgencias Centro de Salud, <\/strong>Poligono Plan Parcial P4, 13E, 18690, Almu\u00f1\u00e9car, Granada<\/p><\/li><li><p><strong>Centro De Salud Salobre\u00f1a<\/strong><\/p><ul><li>Address: Pl. Juan Carlos I, 0, 18680 Salobre\u00f1a, Granada.<\/li><li>Phone: 958027873, 958027874, 958027875. Emergencies: 958028827.<\/li><li>Monday to Friday 8:00 &#8211; 20:00. Saturdays and Sundays 24 hours.<\/li><\/ul><\/li><li><p><strong>Consultorio La Herradura<\/strong><\/p><ul><li>Address: Calle Gonazlo Barbero 18, 18697, La Herradura.<\/li><li>Phone: 671 53 76 85. Emergencies: 958 02 88 27.<\/li><li>Schedule: Monday to Friday 8:00-15:00.<\/li><\/ul><\/li><li><p><strong>Centro de Salud Motril Centro<\/strong><\/p><ul><li>Avenida de Salobre\u00f1a s\/n, Motril.<\/li><li>Phone: 958022538, 958022540, 958022542. Emergencies: 958028827.<\/li><li>Open: Monday to Friday 8:00 &#8211; 15:00.<\/li><li>.<\/li><\/ul><\/li><li><p><strong>Centro de Salud Motril Este<\/strong><\/p><ul><li>Avenida Pio XII s\/n, Motril.<\/li><li>Phone: 95802535, 958025536, 958025537. Emergencies: 958028827.<\/li><li>Open: Monday to Friday 8:00 &#8211; 20:00.<\/li><\/ul><\/li><li><p><strong>Centro de Salud Motril-San Antonio<\/strong><\/p><ul><li>Camino de San Antonio, s\/n 18600, Motril.<\/li><li>Phone: 958 02 80 89, 958 02 80 90, 958 02 80 91, Emergencies: 958 02 88 27.<\/li><li>Open: Monday to Fridat 8:00-15:00.<\/li><\/ul><\/li><li><p><strong>Consultorio Jete<\/strong><\/p><ul><li>D CT Del Suspiro, s\/n 18699 Jete.<\/li><li>Phone: 600 14 92 83. Emergencies: 958 02 88 27.<\/li><li>Open: Monday and Wednesday 12:00-15:00, Tuesday 8:00-15:00, Friday 8:00-11:30.<\/li><\/ul><\/li><li><p><strong>Consultorio auxiliar Ot\u00edvar<\/strong><\/p><ul><li>D CT Del Suspiro, s\/n 18699 Jete.<\/li><li>Phone: 600 14 92 83. Emergencies: 958 02 88 27.<\/li><li>Open: Monday and Wednesday 8:00-15:00, Tuesday 12:00-15:00, Thursday 12:00-15:00, Friday 8:00-11:00.<\/li><\/ul><\/li><li><p><strong>Consultorio La R\u00e1bita<\/strong><\/p><ul><li>CL Castillo, s\/n 18760, La R\u00e1bita, Albu\u00f1ol.<\/li><li>Phone: 600 14 11 19. Emergencies: 958 02 88 27.<\/li><li>Open: Monday to Friday 8:00-15:00<\/li><\/ul><\/li><li><p><strong>Centro de Salud Castell de Ferro<\/strong><\/p><ul><li>Address: Camino del Transformador s\/n. 18740, Castel de Ferro, Los Gualchos.<\/li><li>Phone: 600 14 84 03, 600 14 84 08. Emergencies: 958 02 88 27.<\/li><li>Open: Monday to Friday 8:00-15:00.<\/li><\/ul><\/li><li><p><strong>Consultorio V\u00e9lez-Benaudalla<\/strong><\/p><ul><li>Address: Calle Mercado 3, V\u00e9lez de Benaudalla.<\/li><li>Phone: 600 14 17 47. Emergencies: 958 02 88 27.<\/li><\/ul><\/li><li><p><strong>Consultorio Rubite<\/strong><\/p><ul><li>Address: Carretera sn\/, Rubite.<\/li><li>Phone: 600 14 05 08. Emergencies: 958 02 88 27.<\/li><li>Open: Monday, Wednesday, and Friday 11:20-15:00.<\/li><\/ul><\/li><li><p><strong>Consultorio auxiliar Polopos<\/strong><\/p><ul><li>Address: Plaza de Polopos.<\/li><li>Phone: 600 14 12 90. Emergencies: 958 02 88 27.<\/li><li>Open: Monday, Wednesday, and Friday 8:00-11:30.<\/li><\/ul><\/li><li><p><strong>Consultorio Itrabo<\/strong><\/p><ul><li>Address: Avenida Salobre\u00f1a, s\/n 18612 ITRABO \u00cdtrabo Granada.<\/li><li>Phone: 958 02 78 74, 958 02 78 75. Emergencies: 958 02 88 27.<\/li><li>Open: Monday to Friday 8:00-15:00.<\/li><\/ul><\/li><li><p><strong>Consultorio Lentej\u00ed<\/strong><\/p><ul><li>Address: Plaza Granada, s\/n 18699 LENTEJI Lenteg\u00ed Granada.<\/li><li>Phone: 600 14 92 83. Emergencies: 958 02 88 27.<\/li><li>Open: Tuesday, Thursday, and Friday 8:00-11:30.<\/li><\/ul><\/li><li><p><strong>Consultorio Molv\u00edzar<\/strong><\/p><ul><li>Address: CL Pe\u00f1uelas Bajas, s\/n 18611 Molv\u00edzar Granada.<\/li><li>Phone: 958 02 78 74, 958 02 78 75. Emergencies: 958 02 88 27.<\/li><li>Open: Monday to Friday 8:00-15:00.<\/li><\/ul><\/li><li><p><strong>Consultorio auxiliar L\u00fajar<\/strong><\/p><ul><li>Address: Mantillo, s\/n 18614 L\u00fajar Granada.<\/li><li>Phone: 600 14 84 03. Emergencies: 958 02 88 27.<\/li><li>Open: Monday to Friday 8:00-15:00.<\/li><\/ul><\/li><li><p><strong>Consultorio Sorvil\u00e1n<\/strong><\/p><ul><li>Address: Nueva Andalucia, s\/n 18713 Sorvil\u00e1n.<\/li><li>Phone: 600 14 12 90. Emergencies: 958 02 88 27.<\/li><li>Open: Monday 12:00-15:00, Tuesday to Friday 8:00-15:00.<\/li><\/ul><\/li><\/ul>\t\t\t\t\t\t\t\t<\/div>\n\t\t\t\t<\/div>\n\t\t\t\t\t<\/div>\n\t\t<\/div>\n\t\t\t\t\t<\/div>\n\t\t<\/section>\n\t\t\t\t<section class=\"elementor-section elementor-top-section elementor-element elementor-element-90f2803 elementor-section-boxed elementor-section-height-default elementor-section-height-default rt-parallax-bg-no\" data-id=\"90f2803\" data-element_type=\"section\" data-e-type=\"section\">\n\t\t\t\t\t\t<div class=\"elementor-container elementor-column-gap-default\">\n\t\t\t\t\t<div class=\"elementor-column elementor-col-100 elementor-top-column elementor-element elementor-element-e803601\" data-id=\"e803601\" data-element_type=\"column\" data-e-type=\"column\">\n\t\t\t<div class=\"elementor-widget-wrap elementor-element-populated\">\n\t\t\t\t\t\t<div class=\"elementor-element elementor-element-9c9c1bc elementor-widget elementor-widget-text-editor\" data-id=\"9c9c1bc\" data-element_type=\"widget\" data-e-type=\"widget\" data-widget_type=\"text-editor.default\">\n\t\t\t\t<div class=\"elementor-widget-container\">\n\t\t\t\t\t\t\t\t\t<p><strong>Private Hospitals and Clinics:<\/strong><\/p><ul><li><p><strong>HLA Hospital Universitario Inmaculada<\/strong><\/p><ul><li>24-hour Emergency Service<\/li><li>Address: Calle Dr. Alejandro Otero, 8, 18004, Granada.<\/li><li>Phone: 958 25 38 00.<\/li><li>Urgencies 24 hours.<\/li><li><a href=\"https:\/\/www.grupohla.com\/hospitales-clinicas\/hospital-inmaculada\" target=\"_new\" rel=\"noopener\">HLA Hospital Universitario Inmaculada Website<\/a><\/li><\/ul><\/li><li><p><strong>Hospital Vithas Granada<\/strong><\/p><ul><li>Address: Av. Santa Mar\u00eda de la Alhambra, 6.<\/li><li>Phone: 958 80 88 80.<\/li><li>Urgencies 24 hours.<\/li><li><a href=\"https:\/\/vithas.es\/centro\/vithas-hospital-granada\/\" target=\"_new\" rel=\"noopener\">Vithas Granada Hospital Website<\/a><\/li><\/ul><\/li><li><p><strong>Hospital Universitario San Rafael<\/strong><\/p><ul><li>Address: Calle San Juan de Dios 19, Granada.<\/li><li>Toll-Free Phone: 900 927 772.<\/li><li><a href=\"https:\/\/www.sjdgranada.es\/usuarios-y-pacientes\" target=\"_new\" rel=\"noopener\">Hospital Universitario San Rafael Website<\/a><\/li><\/ul><\/li><li><p><strong>Almu\u00f1\u00e9car International Clinic La Cl\u00ednica<\/strong><\/p><ul><li>Address: P.\u00ba del Altillo, 4, Almu\u00f1\u00e9car.<\/li><li><a href=\"https:\/\/doctor-almunecar.com\/es\/servicios\/\" target=\"_new\" rel=\"noopener\">La Cl\u00ednica Website<\/a><\/li><\/ul><\/li><li><p><strong>Cl\u00ednica Motril<\/strong><\/p><ul><li>Address: Calle C\u00e1ndida Jim\u00e9nez Cazorla 6, Bajo B junto, C. Cuevas.<\/li><li>Phone: 958 60 77 43.<\/li><\/ul><\/li><li><p><strong>Cl\u00ednica Syntagma<\/strong><\/p><ul><li>Address: Bajo, C\/ Candida Jimenez Cazorla, 10, 18600 Motril.<\/li><li>Phone: 958 83 46 20.<\/li><li><a href=\"https:\/\/clinicasyntagma.es\/\" target=\"_new\" rel=\"noopener\">Cl\u00ednica Syntagma Website<\/a><\/li><\/ul><\/li><li><p><strong>Intermedical ISS Almu\u00f1ecar &#8211; Urgencias Medicas 24HR<\/strong><\/p><ul><li>Address: Av. del Mediterr\u00e1neo, 51Bajo, 18690 Almu\u00f1\u00e9car, Granada.<\/li><li>Open 24 hours.<\/li><li>Phone: 951 94 00 49.<\/li><li><a href=\"https:\/\/www.intermedicalss.com\/en\/\" target=\"_new\" rel=\"noopener\">Intermedical ISS Website<\/a><\/li><\/ul><\/li><li><p><strong>Cl\u00ednicas Almusalud<\/strong><\/p><ul><li>Address: Calle Torres Quevedo 3, 18690 Almu\u00f1\u00e9car, Granada.<\/li><li>Phone: (+34) 958 88 00 80.<\/li><li><a href=\"https:\/\/xn--almusaludalmuecar-rxb.com\/\" target=\"_new\" rel=\"noopener\">Cl\u00ednicas Almusalud Website<\/a><\/li><\/ul><\/li><li><p><strong>Cl\u00ednica Doctor Cano<\/strong><\/p><ul><li>Address: C. F\u00e1brica Nueva, 39, a, 18680 Salobre\u00f1a, Granada.<\/li><li>Phone: 958 61 05 71.<\/li><li><a href=\"https:\/\/clinicadoctorcano.com\/\" target=\"_new\" rel=\"noopener\">Cl\u00ednica Doctor Cano Website<\/a><\/li><\/ul><\/li><\/ul>\t\t\t\t\t\t\t\t<\/div>\n\t\t\t\t<\/div>\n\t\t\t\t\t<\/div>\n\t\t<\/div>\n\t\t\t\t\t<\/div>\n\t\t<\/section>\n\t\t\t\t<section class=\"elementor-section elementor-top-section elementor-element elementor-element-8e4ad3b elementor-section-boxed elementor-section-height-default elementor-section-height-default rt-parallax-bg-no\" data-id=\"8e4ad3b\" data-element_type=\"section\" data-e-type=\"section\">\n\t\t\t\t\t\t<div class=\"elementor-container elementor-column-gap-default\">\n\t\t\t\t\t<div class=\"elementor-column elementor-col-100 elementor-top-column elementor-element elementor-element-1c0906c\" data-id=\"1c0906c\" data-element_type=\"column\" data-e-type=\"column\">\n\t\t\t<div class=\"elementor-widget-wrap elementor-element-populated\">\n\t\t\t\t\t\t<div class=\"elementor-element elementor-element-b8a3f45 elementor-widget elementor-widget-text-editor\" data-id=\"b8a3f45\" data-element_type=\"widget\" data-e-type=\"widget\" data-widget_type=\"text-editor.default\">\n\t\t\t\t<div class=\"elementor-widget-container\">\n\t\t\t\t\t\t\t\t\t<p><strong>Specialized Centers:<\/strong><\/p><ul><li><p><strong>Audiocl\u00ednica. Dr. Jos\u00e9 Mar\u00eda Gonz\u00e1lez P\u00e9rez<\/strong><\/p><ul><li>Otorhinolaryngology Clinic in Motril.<\/li><li>Address: Frente a, C\/ Narciso Gonz\u00e1lez Cervera, 1 (Edif. Costa Tropical, Paseo de Las Explanadas, 1\u00ba, Oficina 16, 18600 Motril, Granada.<\/li><li>Phone: (+34) 958 37 33 00.<\/li><li><a href=\"https:\/\/audioclinica.es\/\" target=\"_new\" rel=\"noopener\">Audiocl\u00ednica Website<\/a><\/li><\/ul><\/li><li><p><strong>Cl\u00ednica Sanabria<\/strong><\/p><ul><li>Gynecological Clinic in Granada.<\/li><li>Address: Av. de la Constituci\u00f3n, 4, 18012 Granada.<\/li><li>Phone: 958 20 42 52<\/li><\/ul><\/li><li><p><strong>Clinica Avance Fisioterapia y Podolog\u00eda<\/strong><\/p><ul><li>Address: C. Muralla, 7, Bajo comercial, 18600 Motril, Granada.<\/li><li>Phone: 722 41 26 24.<\/li><\/ul><\/li><li><p><strong>Cl\u00ednica Fleming<\/strong><\/p><ul><li>Physiotherapy.<\/li><li>Address: Av. Andaluc\u00eda, 18, 18690 Almu\u00f1\u00e9car, Granada.<\/li><li>Phone: 958 88 11 70<\/li><\/ul><\/li><\/ul><p><strong>Esthetic:<\/strong><\/p><ul><li><p><strong>Clinica Barbero<\/strong><\/p><ul><li>Facial and body treatments, laser hair removal, plastic surgery, psychology, physiotherapy, nutrition, obesity, speech therapy, yoga.<\/li><li>Address: Plaza Escultor Domingo S\u00e1nchez Mesa n\u00ba 5 1\u00aa planta Of.9 Residencial Ronda Sur 2,, Motril, Granada.<\/li><\/ul><\/li><li><p><strong>Centro Europeo de Cirug\u00eda Est\u00e9tica. Dr. Abraham Mois\u00e9s Barbero<\/strong><\/p><ul><li>Specialist in Plastic, Aesthetic, and Reconstructive Surgery.<\/li><li>Address: C\/ Neptuno, 6, 1\u00ba D, C.P. 18004, Granada.<\/li><li>Phone: 958 52 24 23.<\/li><\/ul><\/li><\/ul>\t\t\t\t\t\t\t\t<\/div>\n\t\t\t\t<\/div>\n\t\t\t\t\t<\/div>\n\t\t<\/div>\n\t\t\t\t\t<\/div>\n\t\t<\/section>\n\t\t\t\t<\/div>","protected":false},"excerpt":{"rendered":"<p>The Costa Tropical boasts a robust healthcare system, ensuring residents and visitors receive quality medical attention. Hospitals, clinics, and emergency services are strategically located, offering comprehensive care. Almu\u00f1\u00e9car and Motril are home to prominent medical facilities, equipped with modern technology and proficient staff. Additionally, local clinics provide routine healthcare, while pharmacies are readily available. In<\/p>","protected":false},"author":1,"featured_media":0,"parent":0,"menu_order":0,"comment_status":"closed","ping_status":"closed","template":"elementor_header_footer","meta":{"_rtcl_gb_attr":"","footnotes":""},"class_list":["post-10559","page","type-page","status-publish","hentry"],"_links":{"self":[{"href":"https:\/\/costatropical.com\/es\/wp-json\/wp\/v2\/pages\/10559","targetHints":{"allow":["GET"]}}],"collection":[{"href":"https:\/\/costatropical.com\/es\/wp-json\/wp\/v2\/pages"}],"about":[{"href":"https:\/\/costatropical.com\/es\/wp-json\/wp\/v2\/types\/page"}],"author":[{"embeddable":true,"href":"https:\/\/costatropical.com\/es\/wp-json\/wp\/v2\/users\/1"}],"replies":[{"embeddable":true,"href":"https:\/\/costatropical.com\/es\/wp-json\/wp\/v2\/comments?post=10559"}],"version-history":[{"count":0,"href":"https:\/\/costatropical.com\/es\/wp-json\/wp\/v2\/pages\/10559\/revisions"}],"wp:attachment":[{"href":"https:\/\/costatropical.com\/es\/wp-json\/wp\/v2\/media?parent=10559"}],"curies":[{"name":"wp","href":"https:\/\/api.w.org\/{rel}","templated":true}]}}