{"id":10172,"date":"2023-10-17T18:02:09","date_gmt":"2023-10-17T17:02:09","guid":{"rendered":"https:\/\/costatropical.com\/?page_id=10172"},"modified":"2024-06-09T10:59:25","modified_gmt":"2024-06-09T09:59:25","slug":"sacromonte-2","status":"publish","type":"page","link":"https:\/\/costatropical.com\/es\/sacromonte-2\/","title":{"rendered":"Sacromonte"},"content":{"rendered":"<div data-elementor-type=\"wp-page\" data-elementor-id=\"10172\" class=\"elementor elementor-10172\" data-elementor-post-type=\"page\">\n\t\t\t\t\t\t<section class=\"elementor-section elementor-top-section elementor-element elementor-element-9db5f62 elementor-section-boxed elementor-section-height-default elementor-section-height-default rt-parallax-bg-no\" data-id=\"9db5f62\" data-element_type=\"section\" data-e-type=\"section\">\n\t\t\t\t\t\t<div class=\"elementor-container elementor-column-gap-default\">\n\t\t\t\t\t<div class=\"elementor-column elementor-col-100 elementor-top-column elementor-element elementor-element-e50616f\" data-id=\"e50616f\" data-element_type=\"column\" data-e-type=\"column\">\n\t\t\t<div class=\"elementor-widget-wrap\">\n\t\t\t\t\t\t\t<\/div>\n\t\t<\/div>\n\t\t\t\t\t<\/div>\n\t\t<\/section>\n\t\t\t\t<section class=\"elementor-section elementor-top-section elementor-element elementor-element-440ac7f elementor-section-boxed elementor-section-height-default elementor-section-height-default rt-parallax-bg-no\" data-id=\"440ac7f\" data-element_type=\"section\" data-e-type=\"section\">\n\t\t\t\t\t\t<div class=\"elementor-container elementor-column-gap-default\">\n\t\t\t\t\t<div class=\"elementor-column elementor-col-100 elementor-top-column elementor-element elementor-element-32609ab\" data-id=\"32609ab\" data-element_type=\"column\" data-e-type=\"column\">\n\t\t\t<div class=\"elementor-widget-wrap elementor-element-populated\">\n\t\t\t\t\t\t<div class=\"elementor-element elementor-element-1adb5ba elementor-widget elementor-widget-spacer\" data-id=\"1adb5ba\" data-element_type=\"widget\" data-e-type=\"widget\" data-widget_type=\"spacer.default\">\n\t\t\t\t<div class=\"elementor-widget-container\">\n\t\t\t\t\t\t\t<div class=\"elementor-spacer\">\n\t\t\t<div class=\"elementor-spacer-inner\"><\/div>\n\t\t<\/div>\n\t\t\t\t\t\t<\/div>\n\t\t\t\t<\/div>\n\t\t\t\t\t<\/div>\n\t\t<\/div>\n\t\t\t\t\t<\/div>\n\t\t<\/section>\n\t\t\t\t<section class=\"elementor-section elementor-top-section elementor-element elementor-element-3a32983 elementor-section-boxed elementor-section-height-default elementor-section-height-default rt-parallax-bg-no\" data-id=\"3a32983\" data-element_type=\"section\" data-e-type=\"section\">\n\t\t\t\t\t\t<div class=\"elementor-container elementor-column-gap-default\">\n\t\t\t\t\t<div class=\"elementor-column elementor-col-100 elementor-top-column elementor-element elementor-element-0094017\" data-id=\"0094017\" data-element_type=\"column\" data-e-type=\"column\">\n\t\t\t<div class=\"elementor-widget-wrap elementor-element-populated\">\n\t\t\t\t\t\t<div class=\"elementor-element elementor-element-b6466ca elementor-widget elementor-widget-heading\" data-id=\"b6466ca\" data-element_type=\"widget\" data-e-type=\"widget\" data-widget_type=\"heading.default\">\n\t\t\t\t<div class=\"elementor-widget-container\">\n\t\t\t\t\t<h2 class=\"elementor-heading-title elementor-size-default\">Sacromonte, Granada: el alma del barrio gitano del flamenco<\/h2>\t\t\t\t<\/div>\n\t\t\t\t<\/div>\n\t\t\t\t\t<\/div>\n\t\t<\/div>\n\t\t\t\t\t<\/div>\n\t\t<\/section>\n\t\t\t\t<section class=\"elementor-section elementor-top-section elementor-element elementor-element-7b57d16 elementor-section-boxed elementor-section-height-default elementor-section-height-default rt-parallax-bg-no\" data-id=\"7b57d16\" data-element_type=\"section\" data-e-type=\"section\">\n\t\t\t\t\t\t<div class=\"elementor-container elementor-column-gap-default\">\n\t\t\t\t\t<div class=\"elementor-column elementor-col-100 elementor-top-column elementor-element elementor-element-e718bd2\" data-id=\"e718bd2\" data-element_type=\"column\" data-e-type=\"column\">\n\t\t\t<div class=\"elementor-widget-wrap elementor-element-populated\">\n\t\t\t\t\t\t\t<\/div>\n\t\t<\/div>\n\t\t\t\t\t<\/div>\n\t\t<\/section>\n\t\t\t\t<section class=\"elementor-section elementor-top-section elementor-element elementor-element-beb9908 elementor-section-boxed elementor-section-height-default elementor-section-height-default rt-parallax-bg-no\" data-id=\"beb9908\" data-element_type=\"section\" data-e-type=\"section\">\n\t\t\t\t\t\t<div class=\"elementor-container elementor-column-gap-default\">\n\t\t\t\t\t<div class=\"elementor-column elementor-col-50 elementor-top-column elementor-element elementor-element-102d14a\" data-id=\"102d14a\" data-element_type=\"column\" data-e-type=\"column\">\n\t\t\t<div class=\"elementor-widget-wrap elementor-element-populated\">\n\t\t\t\t\t\t<div class=\"elementor-element elementor-element-bfb3fd5 elementor-widget elementor-widget-image\" data-id=\"bfb3fd5\" data-element_type=\"widget\" data-e-type=\"widget\" data-widget_type=\"image.default\">\n\t\t\t\t<div class=\"elementor-widget-container\">\n\t\t\t\t\t\t\t\t\t\t\t\t\t\t\t<img fetchpriority=\"high\" decoding=\"async\" width=\"630\" height=\"420\" src=\"https:\/\/costatropical.com\/wp-content\/uploads\/2023\/08\/sacromonte.jpg\" class=\"attachment-large size-large wp-image-8943\" alt=\"Sacromonte\" srcset=\"https:\/\/costatropical.com\/wp-content\/uploads\/2023\/08\/sacromonte.jpg 630w, https:\/\/costatropical.com\/wp-content\/uploads\/2023\/08\/sacromonte-350x233.jpg 350w, https:\/\/costatropical.com\/wp-content\/uploads\/2023\/08\/sacromonte-600x400.jpg 600w\" sizes=\"(max-width: 630px) 100vw, 630px\" title=\"\">\t\t\t\t\t\t\t\t\t\t\t\t\t\t\t<\/div>\n\t\t\t\t<\/div>\n\t\t\t\t\t<\/div>\n\t\t<\/div>\n\t\t\t\t<div class=\"elementor-column elementor-col-50 elementor-top-column elementor-element elementor-element-ed1e335\" data-id=\"ed1e335\" data-element_type=\"column\" data-e-type=\"column\">\n\t\t\t<div class=\"elementor-widget-wrap elementor-element-populated\">\n\t\t\t\t\t\t<div class=\"elementor-element elementor-element-d155ec2 elementor-widget elementor-widget-text-editor\" data-id=\"d155ec2\" data-element_type=\"widget\" data-e-type=\"widget\" data-widget_type=\"text-editor.default\">\n\t\t\t\t<div class=\"elementor-widget-container\">\n\t\t\t\t\t\t\t\t\t<p>Este es el barrio gitano, o el barrio del Sacromonte, y es el hogar del flamenco en esta provincia. Aqu\u00ed se encuentran varios Tablaos flamencos famosos (lugares donde se presenta el flamenco). La zona tambi\u00e9n es famosa por sus cuevas habitadas. Muchas de estas cuevas son como el Tardis, ya que desde el exterior parecen peque\u00f1as, hasta que entra en ellas y descubre que tienen numerosas habitaciones, penetrando profundamente en el interior de la colina. Las cuevas habitadas son muy demandadas porque mantienen una temperatura confortable durante todo el a\u00f1o: se mantienen frescas en verano y c\u00e1lidas en invierno, y bloquean eficazmente los ruidos externos, como el tr\u00e1fico y los aviones que pasan por encima.<br \/>Aunque muchas de las cuevas han sido ocupadas por extranjeros, principalmente por artistas, escritores, m\u00fasicos y otros tipos creativos atra\u00eddos por el car\u00e1cter bohemio de la zona, algunas a\u00fan son propiedad de familias gitanas que han vivido aqu\u00ed durante generaciones. Al igual que en el cercano Albaic\u00edn, los precios de la propiedad en el Sacromonte han subido considerablemente en los \u00faltimos a\u00f1os.<br \/>El paseo m\u00e1s popular en el Sacromonte sigue un sendero empedrado llamado Vereda de Enmedio, que ofrece magn\u00edficas vistas de la Alhambra y el Albaic\u00edn, a la sombra de la muralla de la ciudad del siglo XIV de Granada.<\/p>\t\t\t\t\t\t\t\t<\/div>\n\t\t\t\t<\/div>\n\t\t\t\t\t<\/div>\n\t\t<\/div>\n\t\t\t\t\t<\/div>\n\t\t<\/section>\n\t\t\t\t<section class=\"elementor-section elementor-top-section elementor-element elementor-element-3733127 elementor-section-boxed elementor-section-height-default elementor-section-height-default rt-parallax-bg-no\" data-id=\"3733127\" data-element_type=\"section\" data-e-type=\"section\">\n\t\t\t\t\t\t<div class=\"elementor-container elementor-column-gap-default\">\n\t\t\t\t\t<div class=\"elementor-column elementor-col-100 elementor-top-column elementor-element elementor-element-2d6b4bc\" data-id=\"2d6b4bc\" data-element_type=\"column\" data-e-type=\"column\">\n\t\t\t<div class=\"elementor-widget-wrap elementor-element-populated\">\n\t\t\t\t\t\t<div class=\"elementor-element elementor-element-cf7df7a elementor-widget elementor-widget-heading\" data-id=\"cf7df7a\" data-element_type=\"widget\" data-e-type=\"widget\" data-widget_type=\"heading.default\">\n\t\t\t\t<div class=\"elementor-widget-container\">\n\t\t\t\t\t<h2 class=\"elementor-heading-title elementor-size-default\">Tours guiados del Sacromonte<\/h2>\t\t\t\t<\/div>\n\t\t\t\t<\/div>\n\t\t\t\t\t<\/div>\n\t\t<\/div>\n\t\t\t\t\t<\/div>\n\t\t<\/section>\n\t\t\t\t<section class=\"elementor-section elementor-top-section elementor-element elementor-element-7f4d2a4 elementor-section-boxed elementor-section-height-default elementor-section-height-default rt-parallax-bg-no\" data-id=\"7f4d2a4\" data-element_type=\"section\" data-e-type=\"section\">\n\t\t\t\t\t\t<div class=\"elementor-container elementor-column-gap-default\">\n\t\t\t\t\t<div class=\"elementor-column elementor-col-100 elementor-top-column elementor-element elementor-element-1a52d3e\" data-id=\"1a52d3e\" data-element_type=\"column\" data-e-type=\"column\">\n\t\t\t<div class=\"elementor-widget-wrap elementor-element-populated\">\n\t\t\t\t\t\t<div class=\"elementor-element elementor-element-9d8c65f elementor-widget elementor-widget-text-editor\" data-id=\"9d8c65f\" data-element_type=\"widget\" data-e-type=\"widget\" data-widget_type=\"text-editor.default\">\n\t\t\t\t<div class=\"elementor-widget-container\">\n\t\t\t\t\t\t\t\t\t<p>Si desea seguir explorando el barrio del Sacromonte, no dude en reservar uno de nuestros tours guiados por el Sacromonte, que le llevar\u00e1n a los sitios m\u00e1s importantes para visitar.<\/p>\t\t\t\t\t\t\t\t<\/div>\n\t\t\t\t<\/div>\n\t\t\t\t\t<\/div>\n\t\t<\/div>\n\t\t\t\t\t<\/div>\n\t\t<\/section>\n\t\t\t\t<section class=\"elementor-section elementor-top-section elementor-element elementor-element-dcfd49f elementor-section-boxed elementor-section-height-default elementor-section-height-default rt-parallax-bg-no\" data-id=\"dcfd49f\" data-element_type=\"section\" data-e-type=\"section\">\n\t\t\t\t\t\t<div class=\"elementor-container elementor-column-gap-default\">\n\t\t\t\t\t<div class=\"elementor-column elementor-col-100 elementor-top-column elementor-element elementor-element-20623c5\" data-id=\"20623c5\" data-element_type=\"column\" data-e-type=\"column\">\n\t\t\t<div class=\"elementor-widget-wrap elementor-element-populated\">\n\t\t\t\t\t\t<div class=\"elementor-element elementor-element-ef4b407 elementor-widget elementor-widget-html\" data-id=\"ef4b407\" data-element_type=\"widget\" data-e-type=\"widget\" data-widget_type=\"html.default\">\n\t\t\t\t<div class=\"elementor-widget-container\">\n\t\t\t\t\t<div data-vi-partner-id=\"P00141943\" data-vi-widget-ref=\"W-d7d49b01-a408-4494-a881-d0c2759435ea\" ><\/div>\r\n<script async src=\"https:\/\/www.viator.com\/orion\/partner\/widget.js\"><\/script>\t\t\t\t<\/div>\n\t\t\t\t<\/div>\n\t\t\t\t\t<\/div>\n\t\t<\/div>\n\t\t\t\t\t<\/div>\n\t\t<\/section>\n\t\t\t\t<section class=\"elementor-section elementor-top-section elementor-element elementor-element-a32d034 elementor-section-boxed elementor-section-height-default elementor-section-height-default rt-parallax-bg-no\" data-id=\"a32d034\" data-element_type=\"section\" data-e-type=\"section\">\n\t\t\t\t\t\t<div class=\"elementor-container elementor-column-gap-default\">\n\t\t\t\t\t<div class=\"elementor-column elementor-col-100 elementor-top-column elementor-element elementor-element-43b6620\" data-id=\"43b6620\" data-element_type=\"column\" data-e-type=\"column\">\n\t\t\t<div class=\"elementor-widget-wrap\">\n\t\t\t\t\t\t\t<\/div>\n\t\t<\/div>\n\t\t\t\t\t<\/div>\n\t\t<\/section>\n\t\t\t\t<section class=\"elementor-section elementor-top-section elementor-element elementor-element-56ed9b7 elementor-section-boxed elementor-section-height-default elementor-section-height-default rt-parallax-bg-no\" data-id=\"56ed9b7\" data-element_type=\"section\" data-e-type=\"section\">\n\t\t\t\t\t\t<div class=\"elementor-container elementor-column-gap-default\">\n\t\t\t\t\t<div class=\"elementor-column elementor-col-100 elementor-top-column elementor-element elementor-element-78a81d1\" data-id=\"78a81d1\" data-element_type=\"column\" data-e-type=\"column\">\n\t\t\t<div class=\"elementor-widget-wrap elementor-element-populated\">\n\t\t\t\t\t\t<div class=\"elementor-element elementor-element-150d5e7 elementor-widget elementor-widget-text-editor\" data-id=\"150d5e7\" data-element_type=\"widget\" data-e-type=\"widget\" data-widget_type=\"text-editor.default\">\n\t\t\t\t<div class=\"elementor-widget-container\">\n\t\t\t\t\t\t\t\t\t<h4>Tambi\u00e9n puede interesarte...<\/h4><ul><li class=\"elementor-sitemap-item elementor-sitemap-item-page page_item page-item-11686\"><a href=\"https:\/\/costatropical.com\/es\/museo-cuevas-sacromonte\/\">Museo de las Cuevas del Sacromonte<\/a><\/li><li><a href=\"https:\/\/costatropical.com\/es\/albaicin-2\/\">El Albaic\u00edn<\/a><a href=\"https:\/\/costatropical.com\/es\/alhambra\/\"><br \/><\/a><\/li><li><a href=\"https:\/\/costatropical.com\/es\/alhambra\/\">La Alhambra<\/a><\/li><li><a href=\"https:\/\/costatropical.com\/es\/catedrales-granada\/\">Catedrales<\/a><\/li><li><a href=\"https:\/\/costatropical.com\/es\/flamenco\/\">Flamenco<\/a><\/li><li class=\"elementor-sitemap-item elementor-sitemap-item-page page_item page-item-11374\"><a href=\"https:\/\/costatropical.com\/es\/experiencias-granada\/\">Experiencias en Granada<\/a><\/li><li class=\"elementor-sitemap-item elementor-sitemap-item-page page_item page-item-11771\"><a href=\"https:\/\/costatropical.com\/es\/segway-and-electric-bike-tours\/\">Segway and Electric Bike Tours in Granada<\/a><\/li><li class=\"elementor-sitemap-item elementor-sitemap-item-page page_item page-item-11467\"><a href=\"https:\/\/costatropical.com\/es\/museos-granada-2\/\">Museos de Granada<\/a><\/li><\/ul>\t\t\t\t\t\t\t\t<\/div>\n\t\t\t\t<\/div>\n\t\t\t\t\t<\/div>\n\t\t<\/div>\n\t\t\t\t\t<\/div>\n\t\t<\/section>\n\t\t\t\t<\/div>","protected":false},"excerpt":{"rendered":"<p>Sacromonte, Granada: The Gypsy Quarter&#8217;s Flamenco Soul This is the gitano, or Gypsy quarter of Granada, and the home of flamenco in this province. There are a number of famous flamenco Tablaos here (places where flamenco is performed). The area is also famous for its cave dwellings. Many of these are Tardis-like in that they<\/p>","protected":false},"author":1,"featured_media":8943,"parent":0,"menu_order":0,"comment_status":"closed","ping_status":"closed","template":"elementor_header_footer","meta":{"_rtcl_gb_attr":"","footnotes":""},"class_list":["post-10172","page","type-page","status-publish","has-post-thumbnail","hentry","have-post-thumb"],"_links":{"self":[{"href":"https:\/\/costatropical.com\/es\/wp-json\/wp\/v2\/pages\/10172","targetHints":{"allow":["GET"]}}],"collection":[{"href":"https:\/\/costatropical.com\/es\/wp-json\/wp\/v2\/pages"}],"about":[{"href":"https:\/\/costatropical.com\/es\/wp-json\/wp\/v2\/types\/page"}],"author":[{"embeddable":true,"href":"https:\/\/costatropical.com\/es\/wp-json\/wp\/v2\/users\/1"}],"replies":[{"embeddable":true,"href":"https:\/\/costatropical.com\/es\/wp-json\/wp\/v2\/comments?post=10172"}],"version-history":[{"count":0,"href":"https:\/\/costatropical.com\/es\/wp-json\/wp\/v2\/pages\/10172\/revisions"}],"wp:featuredmedia":[{"embeddable":true,"href":"https:\/\/costatropical.com\/es\/wp-json\/wp\/v2\/media\/8943"}],"wp:attachment":[{"href":"https:\/\/costatropical.com\/es\/wp-json\/wp\/v2\/media?parent=10172"}],"curies":[{"name":"wp","href":"https:\/\/api.w.org\/{rel}","templated":true}]}}