{"id":10165,"date":"2023-10-17T18:14:45","date_gmt":"2023-10-17T17:14:45","guid":{"rendered":"https:\/\/costatropical.com\/?page_id=10165"},"modified":"2024-06-09T10:58:07","modified_gmt":"2024-06-09T09:58:07","slug":"albaicin-2","status":"publish","type":"page","link":"https:\/\/costatropical.com\/es\/albaicin-2\/","title":{"rendered":"El Albaic\u00edn"},"content":{"rendered":"<div data-elementor-type=\"wp-page\" data-elementor-id=\"10165\" class=\"elementor elementor-10165\" data-elementor-post-type=\"page\">\n\t\t\t\t\t\t<section class=\"elementor-section elementor-top-section elementor-element elementor-element-9db5f62 elementor-section-boxed elementor-section-height-default elementor-section-height-default rt-parallax-bg-no\" data-id=\"9db5f62\" data-element_type=\"section\" data-e-type=\"section\">\n\t\t\t\t\t\t<div class=\"elementor-container elementor-column-gap-default\">\n\t\t\t\t\t<div class=\"elementor-column elementor-col-100 elementor-top-column elementor-element elementor-element-e50616f\" data-id=\"e50616f\" data-element_type=\"column\" data-e-type=\"column\">\n\t\t\t<div class=\"elementor-widget-wrap\">\n\t\t\t\t\t\t\t<\/div>\n\t\t<\/div>\n\t\t\t\t\t<\/div>\n\t\t<\/section>\n\t\t\t\t<section class=\"elementor-section elementor-top-section elementor-element elementor-element-440ac7f elementor-section-boxed elementor-section-height-default elementor-section-height-default rt-parallax-bg-no\" data-id=\"440ac7f\" data-element_type=\"section\" data-e-type=\"section\">\n\t\t\t\t\t\t<div class=\"elementor-container elementor-column-gap-default\">\n\t\t\t\t\t<div class=\"elementor-column elementor-col-100 elementor-top-column elementor-element elementor-element-32609ab\" data-id=\"32609ab\" data-element_type=\"column\" data-e-type=\"column\">\n\t\t\t<div class=\"elementor-widget-wrap elementor-element-populated\">\n\t\t\t\t\t\t<div class=\"elementor-element elementor-element-1adb5ba elementor-widget elementor-widget-spacer\" data-id=\"1adb5ba\" data-element_type=\"widget\" data-e-type=\"widget\" data-widget_type=\"spacer.default\">\n\t\t\t\t<div class=\"elementor-widget-container\">\n\t\t\t\t\t\t\t<div class=\"elementor-spacer\">\n\t\t\t<div class=\"elementor-spacer-inner\"><\/div>\n\t\t<\/div>\n\t\t\t\t\t\t<\/div>\n\t\t\t\t<\/div>\n\t\t\t\t\t<\/div>\n\t\t<\/div>\n\t\t\t\t\t<\/div>\n\t\t<\/section>\n\t\t\t\t<section class=\"elementor-section elementor-top-section elementor-element elementor-element-3a32983 elementor-section-boxed elementor-section-height-default elementor-section-height-default rt-parallax-bg-no\" data-id=\"3a32983\" data-element_type=\"section\" data-e-type=\"section\">\n\t\t\t\t\t\t<div class=\"elementor-container elementor-column-gap-default\">\n\t\t\t\t\t<div class=\"elementor-column elementor-col-100 elementor-top-column elementor-element elementor-element-0094017\" data-id=\"0094017\" data-element_type=\"column\" data-e-type=\"column\">\n\t\t\t<div class=\"elementor-widget-wrap elementor-element-populated\">\n\t\t\t\t\t\t<div class=\"elementor-element elementor-element-b6466ca elementor-widget elementor-widget-heading\" data-id=\"b6466ca\" data-element_type=\"widget\" data-e-type=\"widget\" data-widget_type=\"heading.default\">\n\t\t\t\t<div class=\"elementor-widget-container\">\n\t\t\t\t\t<h2 class=\"elementor-heading-title elementor-size-default\">Atardecer sobre la Alhambra: La belleza intemporal del Albaic\u00edn en Granada<\/h2>\t\t\t\t<\/div>\n\t\t\t\t<\/div>\n\t\t\t\t\t<\/div>\n\t\t<\/div>\n\t\t\t\t\t<\/div>\n\t\t<\/section>\n\t\t\t\t<section class=\"elementor-section elementor-top-section elementor-element elementor-element-7b57d16 elementor-section-boxed elementor-section-height-default elementor-section-height-default rt-parallax-bg-no\" data-id=\"7b57d16\" data-element_type=\"section\" data-e-type=\"section\">\n\t\t\t\t\t\t<div class=\"elementor-container elementor-column-gap-default\">\n\t\t\t\t\t<div class=\"elementor-column elementor-col-100 elementor-top-column elementor-element elementor-element-e718bd2\" data-id=\"e718bd2\" data-element_type=\"column\" data-e-type=\"column\">\n\t\t\t<div class=\"elementor-widget-wrap elementor-element-populated\">\n\t\t\t\t\t\t\t<\/div>\n\t\t<\/div>\n\t\t\t\t\t<\/div>\n\t\t<\/section>\n\t\t\t\t<section class=\"elementor-section elementor-top-section elementor-element elementor-element-beb9908 elementor-section-boxed elementor-section-height-default elementor-section-height-default rt-parallax-bg-no\" data-id=\"beb9908\" data-element_type=\"section\" data-e-type=\"section\">\n\t\t\t\t\t\t<div class=\"elementor-container elementor-column-gap-default\">\n\t\t\t\t\t<div class=\"elementor-column elementor-col-50 elementor-top-column elementor-element elementor-element-102d14a\" data-id=\"102d14a\" data-element_type=\"column\" data-e-type=\"column\">\n\t\t\t<div class=\"elementor-widget-wrap elementor-element-populated\">\n\t\t\t\t\t\t<div class=\"elementor-element elementor-element-bfb3fd5 elementor-widget elementor-widget-image\" data-id=\"bfb3fd5\" data-element_type=\"widget\" data-e-type=\"widget\" data-widget_type=\"image.default\">\n\t\t\t\t<div class=\"elementor-widget-container\">\n\t\t\t\t\t\t\t\t\t\t\t\t\t\t\t<img fetchpriority=\"high\" decoding=\"async\" width=\"630\" height=\"420\" src=\"https:\/\/costatropical.com\/wp-content\/uploads\/2023\/08\/albaicin.jpg\" class=\"attachment-large size-large wp-image-8952\" alt=\"Albaic\u00edn, Granada.\" srcset=\"https:\/\/costatropical.com\/wp-content\/uploads\/2023\/08\/albaicin.jpg 630w, https:\/\/costatropical.com\/wp-content\/uploads\/2023\/08\/albaicin-350x233.jpg 350w, https:\/\/costatropical.com\/wp-content\/uploads\/2023\/08\/albaicin-600x400.jpg 600w\" sizes=\"(max-width: 630px) 100vw, 630px\" title=\"\">\t\t\t\t\t\t\t\t\t\t\t\t\t\t\t<\/div>\n\t\t\t\t<\/div>\n\t\t\t\t\t<\/div>\n\t\t<\/div>\n\t\t\t\t<div class=\"elementor-column elementor-col-50 elementor-top-column elementor-element elementor-element-ed1e335\" data-id=\"ed1e335\" data-element_type=\"column\" data-e-type=\"column\">\n\t\t\t<div class=\"elementor-widget-wrap elementor-element-populated\">\n\t\t\t\t\t\t<div class=\"elementor-element elementor-element-d155ec2 elementor-widget elementor-widget-text-editor\" data-id=\"d155ec2\" data-element_type=\"widget\" data-e-type=\"widget\" data-widget_type=\"text-editor.default\">\n\t\t\t\t<div class=\"elementor-widget-container\">\n\t\t\t\t\t\t\t\t\t<p class=\"translation-block\">Ocupando una colina frente a la Alhambra, este antiguo barrio morisco es una mezcla de casas blancas deterioradas e inmaculados c\u00e1rmenes (villas privadas con jardines cercadas por altos muros). Fue fundado en 1228 por moriscos que huyeron de Baeza despu\u00e9s de la captura de la ciudad por parte de Fernando III. Un tramo de la muralla original de la ciudad de los moros corre junto a la Cuesta de la Alhacaba. Pavimentado con callejuelas intrincadamente empedradas y embellecidas con mosaicos, lleno de rincones secretos que esconden restaurantes y galer\u00edas de arte, el Albaic\u00edn se ha convertido en el lugar de moda y m\u00e1s deseable para vivir en Granada en los \u00faltimos a\u00f1os, hasta el punto de que los precios de las propiedades en el barrio han alcanzado niveles astron\u00f3micos y ahora se equiparan con los de las \u00e1reas m\u00e1s exclusivas de Londres y Dubl\u00edn. Solo los residentes tienen permitido el acceso en coche a la zona, por lo que la mejor manera de llegar al Albaic\u00edn es en autob\u00fas (desde la Plaza Nueva; si vienes a Granada en coche, d\u00e9jalo en el aparcamiento del Generalife) o puedes caminar o andar en bicicleta por la Carrera del Darro, si te sientes lo suficientemente en forma como para enfrentar las empinadas cuestas. Uno de los puntos m\u00e1s altos del barrio, el Mirador de San Nicol\u00e1s, ofrece una de las vistas m\u00e1s impresionantes de toda Granada.<\/p>\t\t\t\t\t\t\t\t<\/div>\n\t\t\t\t<\/div>\n\t\t\t\t\t<\/div>\n\t\t<\/div>\n\t\t\t\t\t<\/div>\n\t\t<\/section>\n\t\t\t\t<section class=\"elementor-section elementor-top-section elementor-element elementor-element-a32d034 elementor-section-boxed elementor-section-height-default elementor-section-height-default rt-parallax-bg-no\" data-id=\"a32d034\" data-element_type=\"section\" data-e-type=\"section\">\n\t\t\t\t\t\t<div class=\"elementor-container elementor-column-gap-default\">\n\t\t\t\t\t<div class=\"elementor-column elementor-col-100 elementor-top-column elementor-element elementor-element-43b6620\" data-id=\"43b6620\" data-element_type=\"column\" data-e-type=\"column\">\n\t\t\t<div class=\"elementor-widget-wrap\">\n\t\t\t\t\t\t\t<\/div>\n\t\t<\/div>\n\t\t\t\t\t<\/div>\n\t\t<\/section>\n\t\t\t\t<section class=\"elementor-section elementor-top-section elementor-element elementor-element-f5a3e90 elementor-section-boxed elementor-section-height-default elementor-section-height-default rt-parallax-bg-no\" data-id=\"f5a3e90\" data-element_type=\"section\" data-e-type=\"section\">\n\t\t\t\t\t\t<div class=\"elementor-container elementor-column-gap-default\">\n\t\t\t\t\t<div class=\"elementor-column elementor-col-100 elementor-top-column elementor-element elementor-element-3064c43\" data-id=\"3064c43\" data-element_type=\"column\" data-e-type=\"column\">\n\t\t\t<div class=\"elementor-widget-wrap elementor-element-populated\">\n\t\t\t\t\t\t<div class=\"elementor-element elementor-element-927218a elementor-widget elementor-widget-text-editor\" data-id=\"927218a\" data-element_type=\"widget\" data-e-type=\"widget\" data-widget_type=\"text-editor.default\">\n\t\t\t\t<div class=\"elementor-widget-container\">\n\t\t\t\t\t\t\t\t\t<h4>Tambi\u00e9n puede interesarte...<\/h4><ul><li><a href=\"https:\/\/costatropical.com\/es\/sacromonte-2\/\">El Sacromonte<\/a><a href=\"https:\/\/costatropical.com\/es\/alhambra\/\"><br \/><\/a><\/li><li><a href=\"https:\/\/costatropical.com\/es\/alhambra\/\">La Alhambra<\/a><\/li><li><a href=\"https:\/\/costatropical.com\/es\/catedrales-granada\/\">Catedrales<\/a><\/li><li><a href=\"https:\/\/costatropical.com\/es\/flamenco\/\">Flamenco<\/a><\/li><li><a href=\"https:\/\/costatropical.com\/es\/costa-tropical-granada-bares-y-pubs\/\">Bares y pubs<\/a><\/li><li class=\"elementor-sitemap-item elementor-sitemap-item-page page_item page-item-11374\"><a href=\"https:\/\/costatropical.com\/es\/experiencias-granada\/\">Experiencias en Granada<\/a><\/li><li class=\"elementor-sitemap-item elementor-sitemap-item-page page_item page-item-11771\"><a href=\"https:\/\/costatropical.com\/es\/segway-and-electric-bike-tours\/\">Segway and Electric Bike Tours in Granada<\/a><\/li><li><a href=\"https:\/\/costatropical.com\/es\/carmen-rodriguez-acosta\/\">Carmen de la Fundaci\u00f3n Rodr\u00edguez Acosta<\/a><\/li><li><a href=\"https:\/\/costatropical.com\/es\/parque-de-las-ciencias\/\">Parque de las Ciencias de Granada<\/a><\/li><li class=\"elementor-sitemap-item elementor-sitemap-item-page page_item page-item-11683\"><a href=\"https:\/\/costatropical.com\/es\/casa-museo-de-max-moreau\/\">Casa Museo de Max Moreau<\/a><\/li><li class=\"elementor-sitemap-item elementor-sitemap-item-page page_item page-item-11675\"><a href=\"https:\/\/costatropical.com\/es\/casa-de-zafra\/\">Casa de Zafra<\/a><\/li><li class=\"elementor-sitemap-item elementor-sitemap-item-page page_item page-item-11467\"><a href=\"https:\/\/costatropical.com\/es\/museos-granada-2\/\">Museos de Granada<\/a><\/li><\/ul>\t\t\t\t\t\t\t\t<\/div>\n\t\t\t\t<\/div>\n\t\t\t\t\t<\/div>\n\t\t<\/div>\n\t\t\t\t\t<\/div>\n\t\t<\/section>\n\t\t\t\t<section class=\"elementor-section elementor-top-section elementor-element elementor-element-9ad44cb elementor-section-boxed elementor-section-height-default elementor-section-height-default rt-parallax-bg-no\" data-id=\"9ad44cb\" data-element_type=\"section\" data-e-type=\"section\">\n\t\t\t\t\t\t<div class=\"elementor-container elementor-column-gap-default\">\n\t\t\t\t\t<div class=\"elementor-column elementor-col-100 elementor-top-column elementor-element elementor-element-03c859a\" data-id=\"03c859a\" data-element_type=\"column\" data-e-type=\"column\">\n\t\t\t<div class=\"elementor-widget-wrap\">\n\t\t\t\t\t\t\t<\/div>\n\t\t<\/div>\n\t\t\t\t\t<\/div>\n\t\t<\/section>\n\t\t\t\t<section class=\"elementor-section elementor-top-section elementor-element elementor-element-fb61219 elementor-section-boxed elementor-section-height-default elementor-section-height-default rt-parallax-bg-no\" data-id=\"fb61219\" data-element_type=\"section\" data-e-type=\"section\">\n\t\t\t\t\t\t<div class=\"elementor-container elementor-column-gap-default\">\n\t\t\t\t\t<div class=\"elementor-column elementor-col-100 elementor-top-column elementor-element elementor-element-1282631\" data-id=\"1282631\" data-element_type=\"column\" data-e-type=\"column\">\n\t\t\t<div class=\"elementor-widget-wrap elementor-element-populated\">\n\t\t\t\t\t\t<div class=\"elementor-element elementor-element-0cc35bc elementor-widget elementor-widget-heading\" data-id=\"0cc35bc\" data-element_type=\"widget\" data-e-type=\"widget\" data-widget_type=\"heading.default\">\n\t\t\t\t<div class=\"elementor-widget-container\">\n\t\t\t\t\t<h2 class=\"elementor-heading-title elementor-size-default\">Visitas guiadas del Albaic\u00edn<\/h2>\t\t\t\t<\/div>\n\t\t\t\t<\/div>\n\t\t\t\t\t<\/div>\n\t\t<\/div>\n\t\t\t\t\t<\/div>\n\t\t<\/section>\n\t\t\t\t<section class=\"elementor-section elementor-top-section elementor-element elementor-element-e17e84e elementor-section-boxed elementor-section-height-default elementor-section-height-default rt-parallax-bg-no\" data-id=\"e17e84e\" data-element_type=\"section\" data-e-type=\"section\">\n\t\t\t\t\t\t<div class=\"elementor-container elementor-column-gap-default\">\n\t\t\t\t\t<div class=\"elementor-column elementor-col-100 elementor-top-column elementor-element elementor-element-550355e\" data-id=\"550355e\" data-element_type=\"column\" data-e-type=\"column\">\n\t\t\t<div class=\"elementor-widget-wrap elementor-element-populated\">\n\t\t\t\t\t\t<div class=\"elementor-element elementor-element-4b2f03f elementor-widget elementor-widget-text-editor\" data-id=\"4b2f03f\" data-element_type=\"widget\" data-e-type=\"widget\" data-widget_type=\"text-editor.default\">\n\t\t\t\t<div class=\"elementor-widget-container\">\n\t\t\t\t\t\t\t\t\t<p>Si desea seguir explorando el barrio del Albaic\u00edn, no dude en reservar uno de nuestros tours guiados por el Albaic\u00edn, que le llevar\u00e1n a los sitios m\u00e1s importantes para visitar.<\/p>\t\t\t\t\t\t\t\t<\/div>\n\t\t\t\t<\/div>\n\t\t\t\t\t<\/div>\n\t\t<\/div>\n\t\t\t\t\t<\/div>\n\t\t<\/section>\n\t\t\t\t<section class=\"elementor-section elementor-top-section elementor-element elementor-element-fe1c293 elementor-section-boxed elementor-section-height-default elementor-section-height-default rt-parallax-bg-no\" data-id=\"fe1c293\" data-element_type=\"section\" data-e-type=\"section\">\n\t\t\t\t\t\t<div class=\"elementor-container elementor-column-gap-default\">\n\t\t\t\t\t<div class=\"elementor-column elementor-col-100 elementor-top-column elementor-element elementor-element-f7c5084\" data-id=\"f7c5084\" data-element_type=\"column\" data-e-type=\"column\">\n\t\t\t<div class=\"elementor-widget-wrap elementor-element-populated\">\n\t\t\t\t\t\t<div class=\"elementor-element elementor-element-576faee elementor-widget elementor-widget-html\" data-id=\"576faee\" data-element_type=\"widget\" data-e-type=\"widget\" data-widget_type=\"html.default\">\n\t\t\t\t<div class=\"elementor-widget-container\">\n\t\t\t\t\t<div data-vi-partner-id=\"P00141943\" data-vi-widget-ref=\"W-0b8f27fa-622d-4e96-b33f-dca8447b8bdc\" ><\/div>\r\n<script async src=\"https:\/\/www.viator.com\/orion\/partner\/widget.js\"><\/script>\t\t\t\t<\/div>\n\t\t\t\t<\/div>\n\t\t\t\t\t<\/div>\n\t\t<\/div>\n\t\t\t\t\t<\/div>\n\t\t<\/section>\n\t\t\t\t<section class=\"elementor-section elementor-top-section elementor-element elementor-element-b2cf1a0 elementor-section-boxed elementor-section-height-default elementor-section-height-default rt-parallax-bg-no\" data-id=\"b2cf1a0\" data-element_type=\"section\" data-e-type=\"section\">\n\t\t\t\t\t\t<div class=\"elementor-container elementor-column-gap-default\">\n\t\t\t\t\t<div class=\"elementor-column elementor-col-100 elementor-top-column elementor-element elementor-element-89daa62\" data-id=\"89daa62\" data-element_type=\"column\" data-e-type=\"column\">\n\t\t\t<div class=\"elementor-widget-wrap elementor-element-populated\">\n\t\t\t\t\t\t<div class=\"elementor-element elementor-element-7c31ba4 elementor-widget elementor-widget-spacer\" data-id=\"7c31ba4\" data-element_type=\"widget\" data-e-type=\"widget\" data-widget_type=\"spacer.default\">\n\t\t\t\t<div class=\"elementor-widget-container\">\n\t\t\t\t\t\t\t<div class=\"elementor-spacer\">\n\t\t\t<div class=\"elementor-spacer-inner\"><\/div>\n\t\t<\/div>\n\t\t\t\t\t\t<\/div>\n\t\t\t\t<\/div>\n\t\t\t\t\t<\/div>\n\t\t<\/div>\n\t\t\t\t\t<\/div>\n\t\t<\/section>\n\t\t\t\t<section class=\"elementor-section elementor-top-section elementor-element elementor-element-01c47a8 elementor-section-boxed elementor-section-height-default elementor-section-height-default rt-parallax-bg-no\" data-id=\"01c47a8\" data-element_type=\"section\" data-e-type=\"section\">\n\t\t\t\t\t\t<div class=\"elementor-container elementor-column-gap-default\">\n\t\t\t\t\t<div class=\"elementor-column elementor-col-100 elementor-top-column elementor-element elementor-element-85df51c\" data-id=\"85df51c\" data-element_type=\"column\" data-e-type=\"column\">\n\t\t\t<div class=\"elementor-widget-wrap elementor-element-populated\">\n\t\t\t\t\t\t<section class=\"elementor-section elementor-inner-section elementor-element elementor-element-306ff8a elementor-section-boxed elementor-section-height-default elementor-section-height-default rt-parallax-bg-no\" data-id=\"306ff8a\" data-element_type=\"section\" data-e-type=\"section\" data-settings=\"{&quot;background_background&quot;:&quot;classic&quot;}\">\n\t\t\t\t\t\t\t<div class=\"elementor-background-overlay\"><\/div>\n\t\t\t\t\t\t\t<div class=\"elementor-container elementor-column-gap-default\">\n\t\t\t\t\t<div class=\"elementor-column elementor-col-50 elementor-inner-column elementor-element elementor-element-f84ca62\" data-id=\"f84ca62\" data-element_type=\"column\" data-e-type=\"column\">\n\t\t\t<div class=\"elementor-widget-wrap elementor-element-populated\">\n\t\t\t\t\t\t<div class=\"elementor-element elementor-element-7359e77 elementor-align-left elementor-align-center elementor-widget elementor-widget-rt-title\" data-id=\"7359e77\" data-element_type=\"widget\" data-e-type=\"widget\" data-widget_type=\"rt-title.default\">\n\t\t\t\t<div class=\"elementor-widget-container\">\n\t\t\t\t\t<div class=\"section-heading\">\r\n\t<h2 class=\"heading-title\">Visitas guiadas a la Alhambra<\/h2><p>Una visita a Granada no est\u00e1 completa sin ver la Alhambra. Consulte nuestras sugerencias de visitas guiadas haciendo clic aqu\u00ed.<\/p>    <\/div>\t\t\t\t<\/div>\n\t\t\t\t<\/div>\n\t\t\t\t\t<\/div>\n\t\t<\/div>\n\t\t\t\t<div class=\"elementor-column elementor-col-50 elementor-inner-column elementor-element elementor-element-1c10892\" data-id=\"1c10892\" data-element_type=\"column\" data-e-type=\"column\">\n\t\t\t<div class=\"elementor-widget-wrap elementor-element-populated\">\n\t\t\t\t\t\t<div class=\"elementor-element elementor-element-769f263 elementor-align-right elementor-align-center elementor-widget elementor-widget-rt-button\" data-id=\"769f263\" data-element_type=\"widget\" data-e-type=\"widget\" data-widget_type=\"rt-button.default\">\n\t\t\t\t<div class=\"elementor-widget-container\">\n\t\t\t\t\t<div class=\"btn-wrap btn-v2\">\r\n\t<a href=\"https:\/\/alhambraguidedtours.com\/\" class=\"item-btn\" target=\"_blank\" rel=\"noopener\">\r\n\t\t<span class=\"btn__icon\">\r\n\t\t\t<svg width=\"20\" height=\"20\" viewbox=\"0 0 20 20\" fill=\"none\" xmlns=\"http:\/\/www.w3.org\/2000\/svg\"><path fill-rule=\"evenodd\" clip-rule=\"evenodd\" d=\"M1.25 10C1.25 12.3206 2.17187 14.5462 3.81282 16.1872C5.45376 17.8281 7.67936 18.75 10 18.75C12.3206 18.75 14.5462 17.8281 16.1872 16.1872C17.8281 14.5462 18.75 12.3206 18.75 10C18.75 7.67936 17.8281 5.45376 16.1872 3.81282C14.5462 2.17187 12.3206 1.25 10 1.25C7.67936 1.25 5.45376 2.17187 3.81282 3.81282C2.17187 5.45376 1.25 7.67936 1.25 10ZM20 10C20 12.6522 18.9464 15.1957 17.0711 17.0711C15.1957 18.9464 12.6522 20 10 20C7.34784 20 4.8043 18.9464 2.92893 17.0711C1.05357 15.1957 0 12.6522 0 10C0 7.34784 1.05357 4.8043 2.92893 2.92893C4.8043 1.05357 7.34784 0 10 0C12.6522 0 15.1957 1.05357 17.0711 2.92893C18.9464 4.8043 20 7.34784 20 10ZM5.625 9.375C5.45924 9.375 5.30027 9.44085 5.18306 9.55806C5.06585 9.67527 5 9.83424 5 10C5 10.1658 5.06585 10.3247 5.18306 10.4419C5.30027 10.5592 5.45924 10.625 5.625 10.625H12.8663L10.1825 13.3075C10.1244 13.3656 10.0783 13.4346 10.0468 13.5105C10.0154 13.5864 9.99921 13.6678 9.99921 13.75C9.99921 13.8322 10.0154 13.9136 10.0468 13.9895C10.0783 14.0654 10.1244 14.1344 10.1825 14.1925C10.2406 14.2506 10.3096 14.2967 10.3855 14.3282C10.4614 14.3596 10.5428 14.3758 10.625 14.3758C10.7072 14.3758 10.7886 14.3596 10.8645 14.3282C10.9404 14.2967 11.0094 14.2506 11.0675 14.1925L14.8175 10.4425C14.8757 10.3844 14.9219 10.3155 14.9534 10.2395C14.9849 10.1636 15.0011 10.0822 15.0011 10C15.0011 9.91779 14.9849 9.83639 14.9534 9.76046C14.9219 9.68453 14.8757 9.61556 14.8175 9.5575L11.0675 5.8075C11.0094 5.74939 10.9404 5.70329 10.8645 5.67185C10.7886 5.6404 10.7072 5.62421 10.625 5.62421C10.5428 5.62421 10.4614 5.6404 10.3855 5.67185C10.3096 5.70329 10.2406 5.74939 10.1825 5.8075C10.1244 5.86561 10.0783 5.9346 10.0468 6.01052C10.0154 6.08644 9.99921 6.16782 9.99921 6.25C9.99921 6.33218 10.0154 6.41356 10.0468 6.48948C10.0783 6.5654 10.1244 6.63439 10.1825 6.6925L12.8663 9.375H5.625Z\" fill=\"white\"\/><\/svg>\t\t<\/span>\r\n\t\t<span class=\"btn__text\">Haz clic aqu\u00ed<\/span>\r\n\t\t<span class=\"btn__icon\">\r\n\t\t\t<svg width=\"20\" height=\"20\" viewbox=\"0 0 20 20\" fill=\"none\" xmlns=\"http:\/\/www.w3.org\/2000\/svg\"><path fill-rule=\"evenodd\" clip-rule=\"evenodd\" d=\"M1.25 10C1.25 12.3206 2.17187 14.5462 3.81282 16.1872C5.45376 17.8281 7.67936 18.75 10 18.75C12.3206 18.75 14.5462 17.8281 16.1872 16.1872C17.8281 14.5462 18.75 12.3206 18.75 10C18.75 7.67936 17.8281 5.45376 16.1872 3.81282C14.5462 2.17187 12.3206 1.25 10 1.25C7.67936 1.25 5.45376 2.17187 3.81282 3.81282C2.17187 5.45376 1.25 7.67936 1.25 10ZM20 10C20 12.6522 18.9464 15.1957 17.0711 17.0711C15.1957 18.9464 12.6522 20 10 20C7.34784 20 4.8043 18.9464 2.92893 17.0711C1.05357 15.1957 0 12.6522 0 10C0 7.34784 1.05357 4.8043 2.92893 2.92893C4.8043 1.05357 7.34784 0 10 0C12.6522 0 15.1957 1.05357 17.0711 2.92893C18.9464 4.8043 20 7.34784 20 10ZM5.625 9.375C5.45924 9.375 5.30027 9.44085 5.18306 9.55806C5.06585 9.67527 5 9.83424 5 10C5 10.1658 5.06585 10.3247 5.18306 10.4419C5.30027 10.5592 5.45924 10.625 5.625 10.625H12.8663L10.1825 13.3075C10.1244 13.3656 10.0783 13.4346 10.0468 13.5105C10.0154 13.5864 9.99921 13.6678 9.99921 13.75C9.99921 13.8322 10.0154 13.9136 10.0468 13.9895C10.0783 14.0654 10.1244 14.1344 10.1825 14.1925C10.2406 14.2506 10.3096 14.2967 10.3855 14.3282C10.4614 14.3596 10.5428 14.3758 10.625 14.3758C10.7072 14.3758 10.7886 14.3596 10.8645 14.3282C10.9404 14.2967 11.0094 14.2506 11.0675 14.1925L14.8175 10.4425C14.8757 10.3844 14.9219 10.3155 14.9534 10.2395C14.9849 10.1636 15.0011 10.0822 15.0011 10C15.0011 9.91779 14.9849 9.83639 14.9534 9.76046C14.9219 9.68453 14.8757 9.61556 14.8175 9.5575L11.0675 5.8075C11.0094 5.74939 10.9404 5.70329 10.8645 5.67185C10.7886 5.6404 10.7072 5.62421 10.625 5.62421C10.5428 5.62421 10.4614 5.6404 10.3855 5.67185C10.3096 5.70329 10.2406 5.74939 10.1825 5.8075C10.1244 5.86561 10.0783 5.9346 10.0468 6.01052C10.0154 6.08644 9.99921 6.16782 9.99921 6.25C9.99921 6.33218 10.0154 6.41356 10.0468 6.48948C10.0783 6.5654 10.1244 6.63439 10.1825 6.6925L12.8663 9.375H5.625Z\" fill=\"white\"\/><\/svg>\t\t<\/span>\r\n\t<\/a>\r\n<\/div>\r\n\r\n\t\t\t\t<\/div>\n\t\t\t\t<\/div>\n\t\t\t\t\t<\/div>\n\t\t<\/div>\n\t\t\t\t\t<\/div>\n\t\t<\/section>\n\t\t\t\t\t<\/div>\n\t\t<\/div>\n\t\t\t\t\t<\/div>\n\t\t<\/section>\n\t\t\t\t<\/div>","protected":false},"excerpt":{"rendered":"<p>Sunset over the Alhambra: The Timeless Beauty of Albaic\u00edn in Granada Occupying a hill opposite the Alhambra, this ancient Moorish neighborhood is a mix of dilapidated white houses and immaculate\u00a0carmenes\u00a0(private villas in their own grounds, enclosed by high walls). It was founded in 1228 by Moors who fled Baeza after Ferdinand III captured the city.<\/p>","protected":false},"author":1,"featured_media":10403,"parent":0,"menu_order":0,"comment_status":"closed","ping_status":"closed","template":"elementor_header_footer","meta":{"_rtcl_gb_attr":"","footnotes":""},"class_list":["post-10165","page","type-page","status-publish","has-post-thumbnail","hentry","have-post-thumb"],"_links":{"self":[{"href":"https:\/\/costatropical.com\/es\/wp-json\/wp\/v2\/pages\/10165","targetHints":{"allow":["GET"]}}],"collection":[{"href":"https:\/\/costatropical.com\/es\/wp-json\/wp\/v2\/pages"}],"about":[{"href":"https:\/\/costatropical.com\/es\/wp-json\/wp\/v2\/types\/page"}],"author":[{"embeddable":true,"href":"https:\/\/costatropical.com\/es\/wp-json\/wp\/v2\/users\/1"}],"replies":[{"embeddable":true,"href":"https:\/\/costatropical.com\/es\/wp-json\/wp\/v2\/comments?post=10165"}],"version-history":[{"count":0,"href":"https:\/\/costatropical.com\/es\/wp-json\/wp\/v2\/pages\/10165\/revisions"}],"wp:featuredmedia":[{"embeddable":true,"href":"https:\/\/costatropical.com\/es\/wp-json\/wp\/v2\/media\/10403"}],"wp:attachment":[{"href":"https:\/\/costatropical.com\/es\/wp-json\/wp\/v2\/media?parent=10165"}],"curies":[{"name":"wp","href":"https:\/\/api.w.org\/{rel}","templated":true}]}}