{"id":10162,"date":"2023-10-17T17:53:15","date_gmt":"2023-10-17T16:53:15","guid":{"rendered":"https:\/\/costatropical.com\/?page_id=10162"},"modified":"2024-12-08T21:52:21","modified_gmt":"2024-12-08T20:52:21","slug":"arab-baths","status":"publish","type":"page","link":"https:\/\/costatropical.com\/es\/arab-baths\/","title":{"rendered":"El Ba\u00f1uelo"},"content":{"rendered":"<div data-elementor-type=\"wp-page\" data-elementor-id=\"10162\" class=\"elementor elementor-10162\" data-elementor-post-type=\"page\">\n\t\t\t\t\t\t<section class=\"elementor-section elementor-top-section elementor-element elementor-element-9db5f62 elementor-section-boxed elementor-section-height-default elementor-section-height-default rt-parallax-bg-no\" data-id=\"9db5f62\" data-element_type=\"section\" data-e-type=\"section\">\n\t\t\t\t\t\t<div class=\"elementor-container elementor-column-gap-default\">\n\t\t\t\t\t<div class=\"elementor-column elementor-col-100 elementor-top-column elementor-element elementor-element-e50616f\" data-id=\"e50616f\" data-element_type=\"column\" data-e-type=\"column\">\n\t\t\t<div class=\"elementor-widget-wrap\">\n\t\t\t\t\t\t\t<\/div>\n\t\t<\/div>\n\t\t\t\t\t<\/div>\n\t\t<\/section>\n\t\t\t\t<section class=\"elementor-section elementor-top-section elementor-element elementor-element-440ac7f elementor-section-boxed elementor-section-height-default elementor-section-height-default rt-parallax-bg-no\" data-id=\"440ac7f\" data-element_type=\"section\" data-e-type=\"section\">\n\t\t\t\t\t\t<div class=\"elementor-container elementor-column-gap-default\">\n\t\t\t\t\t<div class=\"elementor-column elementor-col-100 elementor-top-column elementor-element elementor-element-32609ab\" data-id=\"32609ab\" data-element_type=\"column\" data-e-type=\"column\">\n\t\t\t<div class=\"elementor-widget-wrap elementor-element-populated\">\n\t\t\t\t\t\t<div class=\"elementor-element elementor-element-1adb5ba elementor-widget elementor-widget-spacer\" data-id=\"1adb5ba\" data-element_type=\"widget\" data-e-type=\"widget\" data-widget_type=\"spacer.default\">\n\t\t\t\t<div class=\"elementor-widget-container\">\n\t\t\t\t\t\t\t<div class=\"elementor-spacer\">\n\t\t\t<div class=\"elementor-spacer-inner\"><\/div>\n\t\t<\/div>\n\t\t\t\t\t\t<\/div>\n\t\t\t\t<\/div>\n\t\t\t\t\t<\/div>\n\t\t<\/div>\n\t\t\t\t\t<\/div>\n\t\t<\/section>\n\t\t\t\t<section class=\"elementor-section elementor-top-section elementor-element elementor-element-3a32983 elementor-section-boxed elementor-section-height-default elementor-section-height-default rt-parallax-bg-no\" data-id=\"3a32983\" data-element_type=\"section\" data-e-type=\"section\">\n\t\t\t\t\t\t<div class=\"elementor-container elementor-column-gap-default\">\n\t\t\t\t\t<div class=\"elementor-column elementor-col-100 elementor-top-column elementor-element elementor-element-0094017\" data-id=\"0094017\" data-element_type=\"column\" data-e-type=\"column\">\n\t\t\t<div class=\"elementor-widget-wrap elementor-element-populated\">\n\t\t\t\t\t\t<div class=\"elementor-element elementor-element-b6466ca elementor-widget elementor-widget-heading\" data-id=\"b6466ca\" data-element_type=\"widget\" data-e-type=\"widget\" data-widget_type=\"heading.default\">\n\t\t\t\t<div class=\"elementor-widget-container\">\n\t\t\t\t\t<h2 class=\"elementor-heading-title elementor-size-default\">Ba\u00f1uelo de Granada: desvelando siglos de Historia en las termas \u00e1rabes<\/h2>\t\t\t\t<\/div>\n\t\t\t\t<\/div>\n\t\t\t\t\t<\/div>\n\t\t<\/div>\n\t\t\t\t\t<\/div>\n\t\t<\/section>\n\t\t\t\t<section class=\"elementor-section elementor-top-section elementor-element elementor-element-7b57d16 elementor-section-boxed elementor-section-height-default elementor-section-height-default rt-parallax-bg-no\" data-id=\"7b57d16\" data-element_type=\"section\" data-e-type=\"section\">\n\t\t\t\t\t\t<div class=\"elementor-container elementor-column-gap-default\">\n\t\t\t\t\t<div class=\"elementor-column elementor-col-100 elementor-top-column elementor-element elementor-element-e718bd2\" data-id=\"e718bd2\" data-element_type=\"column\" data-e-type=\"column\">\n\t\t\t<div class=\"elementor-widget-wrap elementor-element-populated\">\n\t\t\t\t\t\t\t<\/div>\n\t\t<\/div>\n\t\t\t\t\t<\/div>\n\t\t<\/section>\n\t\t\t\t<section class=\"elementor-section elementor-top-section elementor-element elementor-element-beb9908 elementor-section-boxed elementor-section-height-default elementor-section-height-default rt-parallax-bg-no\" data-id=\"beb9908\" data-element_type=\"section\" data-e-type=\"section\">\n\t\t\t\t\t\t<div class=\"elementor-container elementor-column-gap-default\">\n\t\t\t\t\t<div class=\"elementor-column elementor-col-50 elementor-top-column elementor-element elementor-element-102d14a\" data-id=\"102d14a\" data-element_type=\"column\" data-e-type=\"column\">\n\t\t\t<div class=\"elementor-widget-wrap elementor-element-populated\">\n\t\t\t\t\t\t<div class=\"elementor-element elementor-element-bfb3fd5 elementor-widget elementor-widget-image\" data-id=\"bfb3fd5\" data-element_type=\"widget\" data-e-type=\"widget\" data-widget_type=\"image.default\">\n\t\t\t\t<div class=\"elementor-widget-container\">\n\t\t\t\t\t\t\t\t\t\t\t\t\t\t\t<img fetchpriority=\"high\" decoding=\"async\" width=\"427\" height=\"640\" src=\"https:\/\/costatropical.com\/wp-content\/uploads\/2023\/10\/banuelo1.jpg\" class=\"attachment-large size-large wp-image-10302\" alt=\"\" srcset=\"https:\/\/costatropical.com\/wp-content\/uploads\/2023\/10\/banuelo1.jpg 427w, https:\/\/costatropical.com\/wp-content\/uploads\/2023\/10\/banuelo1-280x420.jpg 280w, https:\/\/costatropical.com\/wp-content\/uploads\/2023\/10\/banuelo1-8x12.jpg 8w\" sizes=\"(max-width: 427px) 100vw, 427px\" title=\"\">\t\t\t\t\t\t\t\t\t\t\t\t\t\t\t<\/div>\n\t\t\t\t<\/div>\n\t\t\t\t\t<\/div>\n\t\t<\/div>\n\t\t\t\t<div class=\"elementor-column elementor-col-50 elementor-top-column elementor-element elementor-element-ed1e335\" data-id=\"ed1e335\" data-element_type=\"column\" data-e-type=\"column\">\n\t\t\t<div class=\"elementor-widget-wrap elementor-element-populated\">\n\t\t\t\t\t\t<div class=\"elementor-element elementor-element-d155ec2 elementor-widget elementor-widget-text-editor\" data-id=\"d155ec2\" data-element_type=\"widget\" data-e-type=\"widget\" data-widget_type=\"text-editor.default\">\n\t\t\t\t<div class=\"elementor-widget-container\">\n\t\t\t\t\t\t\t\t\t<h4>El Ba\u00f1uelo<\/h4><p>Estos ba\u00f1os \u00e1rabes, conocidos como El Ba\u00f1uelo, son m\u00e1s antiguos que la Alhambra. Los ba\u00f1os fueron construidos en el siglo XI junto al Puente de Cadi, en la pintoresca Carrera del Darro. El ba\u00f1o contiene un vest\u00edbulo, una sala de refrigerios y relajaci\u00f3n, salas c\u00e1lidas y calientes, y un \u00e1rea de calefacci\u00f3n. Los suelos son de m\u00e1rmol y sobre las columnas hay una c\u00fapula perforada por peque\u00f1as estrellas. Los ba\u00f1os se acceden a trav\u00e9s de un patio con numerosas macetas rodeando una peque\u00f1a piscina.\u00a0<\/p>\t\t\t\t\t\t\t\t<\/div>\n\t\t\t\t<\/div>\n\t\t\t\t\t<\/div>\n\t\t<\/div>\n\t\t\t\t\t<\/div>\n\t\t<\/section>\n\t\t\t\t<section class=\"elementor-section elementor-top-section elementor-element elementor-element-a32d034 elementor-section-boxed elementor-section-height-default elementor-section-height-default rt-parallax-bg-no\" data-id=\"a32d034\" data-element_type=\"section\" data-e-type=\"section\">\n\t\t\t\t\t\t<div class=\"elementor-container elementor-column-gap-default\">\n\t\t\t\t\t<div class=\"elementor-column elementor-col-100 elementor-top-column elementor-element elementor-element-43b6620\" data-id=\"43b6620\" data-element_type=\"column\" data-e-type=\"column\">\n\t\t\t<div class=\"elementor-widget-wrap\">\n\t\t\t\t\t\t\t<\/div>\n\t\t<\/div>\n\t\t\t\t\t<\/div>\n\t\t<\/section>\n\t\t\t\t<section class=\"elementor-section elementor-top-section elementor-element elementor-element-e5ee575 elementor-section-boxed elementor-section-height-default elementor-section-height-default rt-parallax-bg-no\" data-id=\"e5ee575\" data-element_type=\"section\" data-e-type=\"section\">\n\t\t\t\t\t\t<div class=\"elementor-container elementor-column-gap-default\">\n\t\t\t\t\t<div class=\"elementor-column elementor-col-50 elementor-top-column elementor-element elementor-element-4418629\" data-id=\"4418629\" data-element_type=\"column\" data-e-type=\"column\">\n\t\t\t<div class=\"elementor-widget-wrap elementor-element-populated\">\n\t\t\t\t\t\t<div class=\"elementor-element elementor-element-874b20f elementor-widget elementor-widget-text-editor\" data-id=\"874b20f\" data-element_type=\"widget\" data-e-type=\"widget\" data-widget_type=\"text-editor.default\">\n\t\t\t\t<div class=\"elementor-widget-container\">\n\t\t\t\t\t\t\t\t\t<p>Los ba\u00f1os est\u00e1n abiertos de martes a s\u00e1bado de 9:00 a 14:30 h \/ 17:00 a 20:30 h en verano (del 15 de septiembre al 30 de abril) y de 10:00 a 17:00 h en invierno (del 1 de mayo al 14 de septiembre). Tel\u00e9fono: +34 (0)95 802 7800.<\/p><p>Puedes acceder al Ba\u00f1uelo con la entrada de Monumentos Andalus\u00edes o el billete de la Dobla de Oro, que incluye: el Palacio de Dar al-Horra, el Corral del Carb\u00f3n, Al Ba\u00f1uelo y la Casa Horno de Oro.<\/p>\t\t\t\t\t\t\t\t<\/div>\n\t\t\t\t<\/div>\n\t\t\t\t\t<\/div>\n\t\t<\/div>\n\t\t\t\t<div class=\"elementor-column elementor-col-50 elementor-top-column elementor-element elementor-element-f12048c\" data-id=\"f12048c\" data-element_type=\"column\" data-e-type=\"column\">\n\t\t\t<div class=\"elementor-widget-wrap elementor-element-populated\">\n\t\t\t\t\t\t<div class=\"elementor-element elementor-element-9e4393a elementor-widget elementor-widget-google_maps\" data-id=\"9e4393a\" data-element_type=\"widget\" data-e-type=\"widget\" data-widget_type=\"google_maps.default\">\n\t\t\t\t<div class=\"elementor-widget-container\">\n\t\t\t\t\t\t\t<div class=\"elementor-custom-embed\">\n\t\t\t<iframe loading=\"lazy\"\n\t\t\t\t\tsrc=\"https:\/\/maps.google.com\/maps?q=ba%C3%B1uelo&#038;t=m&#038;z=10&#038;output=embed&#038;iwloc=near\"\n\t\t\t\t\ttitle=\"ba\u00f1uelo\"\n\t\t\t\t\taria-label=\"ba\u00f1uelo\"\n\t\t\t><\/iframe>\n\t\t<\/div>\n\t\t\t\t\t\t<\/div>\n\t\t\t\t<\/div>\n\t\t\t\t\t<\/div>\n\t\t<\/div>\n\t\t\t\t\t<\/div>\n\t\t<\/section>\n\t\t\t\t<section class=\"elementor-section elementor-top-section elementor-element elementor-element-1f8db27 elementor-section-boxed elementor-section-height-default elementor-section-height-default rt-parallax-bg-no\" data-id=\"1f8db27\" data-element_type=\"section\" data-e-type=\"section\">\n\t\t\t\t\t\t<div class=\"elementor-container elementor-column-gap-default\">\n\t\t\t\t\t<div class=\"elementor-column elementor-col-100 elementor-top-column elementor-element elementor-element-653ee7e\" data-id=\"653ee7e\" data-element_type=\"column\" data-e-type=\"column\">\n\t\t\t<div class=\"elementor-widget-wrap elementor-element-populated\">\n\t\t\t\t\t\t<div class=\"elementor-element elementor-element-67a2483 elementor-widget elementor-widget-text-editor\" data-id=\"67a2483\" data-element_type=\"widget\" data-e-type=\"widget\" data-widget_type=\"text-editor.default\">\n\t\t\t\t<div class=\"elementor-widget-container\">\n\t\t\t\t\t\t\t\t\t<h4>Tambi\u00e9n puede interesarte...<\/h4><ul><li><a href=\"https:\/\/costatropical.com\/es\/sacromonte-2\/\">El Sacromonte<\/a><a href=\"https:\/\/costatropical.com\/es\/alhambra\/\"><br \/><\/a><\/li><li class=\"elementor-sitemap-item elementor-sitemap-item-page page_item page-item-10165\"><a href=\"https:\/\/costatropical.com\/es\/albaicin-2\/\">El Albaic\u00edn<\/a><\/li><li><a href=\"https:\/\/costatropical.com\/es\/alhambra\/\">La Alhambra<\/a><\/li><li><a href=\"https:\/\/costatropical.com\/es\/catedrales-granada\/\">Catedrales<\/a><\/li><li><a href=\"https:\/\/costatropical.com\/es\/flamenco\/\">Flamenco<\/a><\/li><li class=\"elementor-sitemap-item elementor-sitemap-item-page page_item page-item-11374\"><a href=\"https:\/\/costatropical.com\/es\/experiencias-granada\/\">Experiencias en Granada<\/a><\/li><li class=\"elementor-sitemap-item elementor-sitemap-item-page page_item page-item-12883\"><a href=\"https:\/\/costatropical.com\/es\/columbario-de-la-torre-del-monje\/\">Columbario de la Torre del Monje<\/a><\/li><li class=\"elementor-sitemap-item elementor-sitemap-item-page page_item page-item-12861\"><a href=\"https:\/\/costatropical.com\/es\/acueducto-romano-de-almunecar\/\">Acueducto romano de Almu\u00f1\u00e9car<\/a><\/li><li><a href=\"https:\/\/costatropical.com\/es\/carmen-rodriguez-acosta\/\">Carmen de la Fundaci\u00f3n Rodr\u00edguez Acosta<\/a><\/li><li><a href=\"https:\/\/costatropical.com\/es\/parque-de-las-ciencias\/\">Parque de las Ciencias de Granada<\/a><\/li><li><a href=\"https:\/\/costatropical.com\/es\/sierra-nevada\/\">Parque Nacional de Sierra Nevada<\/a><\/li><li><a href=\"https:\/\/costatropical.com\/es\/estacion-esqui-sierra-nevada\/\">Sierra Nevada<\/a><\/li><li><a href=\"https:\/\/costatropical.com\/es\/villa-romana-de-salar\/\">Villa Romana de Salar<\/a><\/li><\/ul>\t\t\t\t\t\t\t\t<\/div>\n\t\t\t\t<\/div>\n\t\t\t\t\t<\/div>\n\t\t<\/div>\n\t\t\t\t\t<\/div>\n\t\t<\/section>\n\t\t\t\t<section class=\"elementor-section elementor-top-section elementor-element elementor-element-6501252 elementor-section-boxed elementor-section-height-default elementor-section-height-default rt-parallax-bg-no\" data-id=\"6501252\" data-element_type=\"section\" data-e-type=\"section\">\n\t\t\t\t\t\t<div class=\"elementor-container elementor-column-gap-default\">\n\t\t\t\t\t<div class=\"elementor-column elementor-col-100 elementor-top-column elementor-element elementor-element-c897579\" data-id=\"c897579\" data-element_type=\"column\" data-e-type=\"column\">\n\t\t\t<div class=\"elementor-widget-wrap elementor-element-populated\">\n\t\t\t\t\t\t<div class=\"elementor-element elementor-element-4de2f04 elementor-widget elementor-widget-spacer\" data-id=\"4de2f04\" data-element_type=\"widget\" data-e-type=\"widget\" data-widget_type=\"spacer.default\">\n\t\t\t\t<div class=\"elementor-widget-container\">\n\t\t\t\t\t\t\t<div class=\"elementor-spacer\">\n\t\t\t<div class=\"elementor-spacer-inner\"><\/div>\n\t\t<\/div>\n\t\t\t\t\t\t<\/div>\n\t\t\t\t<\/div>\n\t\t\t\t\t<\/div>\n\t\t<\/div>\n\t\t\t\t\t<\/div>\n\t\t<\/section>\n\t\t\t\t<section class=\"elementor-section elementor-top-section elementor-element elementor-element-05788c0 elementor-section-boxed elementor-section-height-default elementor-section-height-default rt-parallax-bg-no\" data-id=\"05788c0\" data-element_type=\"section\" data-e-type=\"section\">\n\t\t\t\t\t\t<div class=\"elementor-container elementor-column-gap-default\">\n\t\t\t\t\t<div class=\"elementor-column elementor-col-100 elementor-top-column elementor-element elementor-element-8dc2be5\" data-id=\"8dc2be5\" data-element_type=\"column\" data-e-type=\"column\">\n\t\t\t<div class=\"elementor-widget-wrap elementor-element-populated\">\n\t\t\t\t\t\t<section class=\"elementor-section elementor-inner-section elementor-element elementor-element-439e96f elementor-section-boxed elementor-section-height-default elementor-section-height-default rt-parallax-bg-no\" data-id=\"439e96f\" data-element_type=\"section\" data-e-type=\"section\" data-settings=\"{&quot;background_background&quot;:&quot;classic&quot;}\">\n\t\t\t\t\t\t\t<div class=\"elementor-background-overlay\"><\/div>\n\t\t\t\t\t\t\t<div class=\"elementor-container elementor-column-gap-default\">\n\t\t\t\t\t<div class=\"elementor-column elementor-col-50 elementor-inner-column elementor-element elementor-element-603a7b3\" data-id=\"603a7b3\" data-element_type=\"column\" data-e-type=\"column\">\n\t\t\t<div class=\"elementor-widget-wrap elementor-element-populated\">\n\t\t\t\t\t\t<div class=\"elementor-element elementor-element-bd9ecd3 elementor-align-left elementor-align-center elementor-widget elementor-widget-rt-title\" data-id=\"bd9ecd3\" data-element_type=\"widget\" data-e-type=\"widget\" data-widget_type=\"rt-title.default\">\n\t\t\t\t<div class=\"elementor-widget-container\">\n\t\t\t\t\t<div class=\"section-heading\">\r\n\t<h2 class=\"heading-title\">Visitas guiadas a la Alhambra<\/h2><p>Una visita a Granada no est\u00e1 completa sin ver la Alhambra. Consulte nuestras sugerencias de visitas guiadas haciendo clic aqu\u00ed.<\/p>    <\/div>\t\t\t\t<\/div>\n\t\t\t\t<\/div>\n\t\t\t\t\t<\/div>\n\t\t<\/div>\n\t\t\t\t<div class=\"elementor-column elementor-col-50 elementor-inner-column elementor-element elementor-element-9753dc9\" data-id=\"9753dc9\" data-element_type=\"column\" data-e-type=\"column\">\n\t\t\t<div class=\"elementor-widget-wrap elementor-element-populated\">\n\t\t\t\t\t\t<div class=\"elementor-element elementor-element-6346309 elementor-align-right elementor-align-center elementor-widget elementor-widget-rt-button\" data-id=\"6346309\" data-element_type=\"widget\" data-e-type=\"widget\" data-widget_type=\"rt-button.default\">\n\t\t\t\t<div class=\"elementor-widget-container\">\n\t\t\t\t\t<div class=\"btn-wrap btn-v2\">\r\n\t<a href=\"https:\/\/alhambraguidedtours.com\/\" class=\"item-btn\" target=\"_blank\" rel=\"noopener\">\r\n\t\t<span class=\"btn__icon\">\r\n\t\t\t<svg width=\"20\" height=\"20\" viewbox=\"0 0 20 20\" fill=\"none\" xmlns=\"http:\/\/www.w3.org\/2000\/svg\"><path fill-rule=\"evenodd\" clip-rule=\"evenodd\" d=\"M1.25 10C1.25 12.3206 2.17187 14.5462 3.81282 16.1872C5.45376 17.8281 7.67936 18.75 10 18.75C12.3206 18.75 14.5462 17.8281 16.1872 16.1872C17.8281 14.5462 18.75 12.3206 18.75 10C18.75 7.67936 17.8281 5.45376 16.1872 3.81282C14.5462 2.17187 12.3206 1.25 10 1.25C7.67936 1.25 5.45376 2.17187 3.81282 3.81282C2.17187 5.45376 1.25 7.67936 1.25 10ZM20 10C20 12.6522 18.9464 15.1957 17.0711 17.0711C15.1957 18.9464 12.6522 20 10 20C7.34784 20 4.8043 18.9464 2.92893 17.0711C1.05357 15.1957 0 12.6522 0 10C0 7.34784 1.05357 4.8043 2.92893 2.92893C4.8043 1.05357 7.34784 0 10 0C12.6522 0 15.1957 1.05357 17.0711 2.92893C18.9464 4.8043 20 7.34784 20 10ZM5.625 9.375C5.45924 9.375 5.30027 9.44085 5.18306 9.55806C5.06585 9.67527 5 9.83424 5 10C5 10.1658 5.06585 10.3247 5.18306 10.4419C5.30027 10.5592 5.45924 10.625 5.625 10.625H12.8663L10.1825 13.3075C10.1244 13.3656 10.0783 13.4346 10.0468 13.5105C10.0154 13.5864 9.99921 13.6678 9.99921 13.75C9.99921 13.8322 10.0154 13.9136 10.0468 13.9895C10.0783 14.0654 10.1244 14.1344 10.1825 14.1925C10.2406 14.2506 10.3096 14.2967 10.3855 14.3282C10.4614 14.3596 10.5428 14.3758 10.625 14.3758C10.7072 14.3758 10.7886 14.3596 10.8645 14.3282C10.9404 14.2967 11.0094 14.2506 11.0675 14.1925L14.8175 10.4425C14.8757 10.3844 14.9219 10.3155 14.9534 10.2395C14.9849 10.1636 15.0011 10.0822 15.0011 10C15.0011 9.91779 14.9849 9.83639 14.9534 9.76046C14.9219 9.68453 14.8757 9.61556 14.8175 9.5575L11.0675 5.8075C11.0094 5.74939 10.9404 5.70329 10.8645 5.67185C10.7886 5.6404 10.7072 5.62421 10.625 5.62421C10.5428 5.62421 10.4614 5.6404 10.3855 5.67185C10.3096 5.70329 10.2406 5.74939 10.1825 5.8075C10.1244 5.86561 10.0783 5.9346 10.0468 6.01052C10.0154 6.08644 9.99921 6.16782 9.99921 6.25C9.99921 6.33218 10.0154 6.41356 10.0468 6.48948C10.0783 6.5654 10.1244 6.63439 10.1825 6.6925L12.8663 9.375H5.625Z\" fill=\"white\"\/><\/svg>\t\t<\/span>\r\n\t\t<span class=\"btn__text\">Haz clic aqu\u00ed<\/span>\r\n\t\t<span class=\"btn__icon\">\r\n\t\t\t<svg width=\"20\" height=\"20\" viewbox=\"0 0 20 20\" fill=\"none\" xmlns=\"http:\/\/www.w3.org\/2000\/svg\"><path fill-rule=\"evenodd\" clip-rule=\"evenodd\" d=\"M1.25 10C1.25 12.3206 2.17187 14.5462 3.81282 16.1872C5.45376 17.8281 7.67936 18.75 10 18.75C12.3206 18.75 14.5462 17.8281 16.1872 16.1872C17.8281 14.5462 18.75 12.3206 18.75 10C18.75 7.67936 17.8281 5.45376 16.1872 3.81282C14.5462 2.17187 12.3206 1.25 10 1.25C7.67936 1.25 5.45376 2.17187 3.81282 3.81282C2.17187 5.45376 1.25 7.67936 1.25 10ZM20 10C20 12.6522 18.9464 15.1957 17.0711 17.0711C15.1957 18.9464 12.6522 20 10 20C7.34784 20 4.8043 18.9464 2.92893 17.0711C1.05357 15.1957 0 12.6522 0 10C0 7.34784 1.05357 4.8043 2.92893 2.92893C4.8043 1.05357 7.34784 0 10 0C12.6522 0 15.1957 1.05357 17.0711 2.92893C18.9464 4.8043 20 7.34784 20 10ZM5.625 9.375C5.45924 9.375 5.30027 9.44085 5.18306 9.55806C5.06585 9.67527 5 9.83424 5 10C5 10.1658 5.06585 10.3247 5.18306 10.4419C5.30027 10.5592 5.45924 10.625 5.625 10.625H12.8663L10.1825 13.3075C10.1244 13.3656 10.0783 13.4346 10.0468 13.5105C10.0154 13.5864 9.99921 13.6678 9.99921 13.75C9.99921 13.8322 10.0154 13.9136 10.0468 13.9895C10.0783 14.0654 10.1244 14.1344 10.1825 14.1925C10.2406 14.2506 10.3096 14.2967 10.3855 14.3282C10.4614 14.3596 10.5428 14.3758 10.625 14.3758C10.7072 14.3758 10.7886 14.3596 10.8645 14.3282C10.9404 14.2967 11.0094 14.2506 11.0675 14.1925L14.8175 10.4425C14.8757 10.3844 14.9219 10.3155 14.9534 10.2395C14.9849 10.1636 15.0011 10.0822 15.0011 10C15.0011 9.91779 14.9849 9.83639 14.9534 9.76046C14.9219 9.68453 14.8757 9.61556 14.8175 9.5575L11.0675 5.8075C11.0094 5.74939 10.9404 5.70329 10.8645 5.67185C10.7886 5.6404 10.7072 5.62421 10.625 5.62421C10.5428 5.62421 10.4614 5.6404 10.3855 5.67185C10.3096 5.70329 10.2406 5.74939 10.1825 5.8075C10.1244 5.86561 10.0783 5.9346 10.0468 6.01052C10.0154 6.08644 9.99921 6.16782 9.99921 6.25C9.99921 6.33218 10.0154 6.41356 10.0468 6.48948C10.0783 6.5654 10.1244 6.63439 10.1825 6.6925L12.8663 9.375H5.625Z\" fill=\"white\"\/><\/svg>\t\t<\/span>\r\n\t<\/a>\r\n<\/div>\r\n\r\n\t\t\t\t<\/div>\n\t\t\t\t<\/div>\n\t\t\t\t\t<\/div>\n\t\t<\/div>\n\t\t\t\t\t<\/div>\n\t\t<\/section>\n\t\t\t\t\t<\/div>\n\t\t<\/div>\n\t\t\t\t\t<\/div>\n\t\t<\/section>\n\t\t\t\t<\/div>","protected":false},"excerpt":{"rendered":"<p>Ba\u00f1uelo of Granada: Moorish Baths Unveiling Centuries of History The Arab Baths This Arab bathhouse, known as El Banuelo, is older than the Alhambra. The baths were built in the 11th century beside the Bridge of Cadi, on the picturesque Carrera del Darro. The bathhouse contains a vestibule, refreshment and relaxation room, warm and hot<\/p>","protected":false},"author":1,"featured_media":8709,"parent":0,"menu_order":0,"comment_status":"closed","ping_status":"closed","template":"elementor_header_footer","meta":{"_rtcl_gb_attr":"","footnotes":""},"class_list":["post-10162","page","type-page","status-publish","has-post-thumbnail","hentry","have-post-thumb"],"_links":{"self":[{"href":"https:\/\/costatropical.com\/es\/wp-json\/wp\/v2\/pages\/10162","targetHints":{"allow":["GET"]}}],"collection":[{"href":"https:\/\/costatropical.com\/es\/wp-json\/wp\/v2\/pages"}],"about":[{"href":"https:\/\/costatropical.com\/es\/wp-json\/wp\/v2\/types\/page"}],"author":[{"embeddable":true,"href":"https:\/\/costatropical.com\/es\/wp-json\/wp\/v2\/users\/1"}],"replies":[{"embeddable":true,"href":"https:\/\/costatropical.com\/es\/wp-json\/wp\/v2\/comments?post=10162"}],"version-history":[{"count":0,"href":"https:\/\/costatropical.com\/es\/wp-json\/wp\/v2\/pages\/10162\/revisions"}],"wp:featuredmedia":[{"embeddable":true,"href":"https:\/\/costatropical.com\/es\/wp-json\/wp\/v2\/media\/8709"}],"wp:attachment":[{"href":"https:\/\/costatropical.com\/es\/wp-json\/wp\/v2\/media?parent=10162"}],"curies":[{"name":"wp","href":"https:\/\/api.w.org\/{rel}","templated":true}]}}