{"id":10160,"date":"2023-10-17T17:44:23","date_gmt":"2023-10-17T16:44:23","guid":{"rendered":"https:\/\/costatropical.com\/?page_id=10160"},"modified":"2024-03-25T22:36:59","modified_gmt":"2024-03-25T21:36:59","slug":"parque-de-las-ciencias","status":"publish","type":"page","link":"https:\/\/costatropical.com\/es\/parque-de-las-ciencias\/","title":{"rendered":"Parque de las Ciencias"},"content":{"rendered":"<div data-elementor-type=\"wp-page\" data-elementor-id=\"10160\" class=\"elementor elementor-10160\" data-elementor-post-type=\"page\">\n\t\t\t\t\t\t<section class=\"elementor-section elementor-top-section elementor-element elementor-element-9db5f62 elementor-section-boxed elementor-section-height-default elementor-section-height-default rt-parallax-bg-no\" data-id=\"9db5f62\" data-element_type=\"section\" data-e-type=\"section\">\n\t\t\t\t\t\t<div class=\"elementor-container elementor-column-gap-default\">\n\t\t\t\t\t<div class=\"elementor-column elementor-col-100 elementor-top-column elementor-element elementor-element-e50616f\" data-id=\"e50616f\" data-element_type=\"column\" data-e-type=\"column\">\n\t\t\t<div class=\"elementor-widget-wrap\">\n\t\t\t\t\t\t\t<\/div>\n\t\t<\/div>\n\t\t\t\t\t<\/div>\n\t\t<\/section>\n\t\t\t\t<section class=\"elementor-section elementor-top-section elementor-element elementor-element-440ac7f elementor-section-boxed elementor-section-height-default elementor-section-height-default rt-parallax-bg-no\" data-id=\"440ac7f\" data-element_type=\"section\" data-e-type=\"section\">\n\t\t\t\t\t\t<div class=\"elementor-container elementor-column-gap-default\">\n\t\t\t\t\t<div class=\"elementor-column elementor-col-100 elementor-top-column elementor-element elementor-element-32609ab\" data-id=\"32609ab\" data-element_type=\"column\" data-e-type=\"column\">\n\t\t\t<div class=\"elementor-widget-wrap elementor-element-populated\">\n\t\t\t\t\t\t<div class=\"elementor-element elementor-element-1adb5ba elementor-widget elementor-widget-spacer\" data-id=\"1adb5ba\" data-element_type=\"widget\" data-e-type=\"widget\" data-widget_type=\"spacer.default\">\n\t\t\t\t<div class=\"elementor-widget-container\">\n\t\t\t\t\t\t\t<div class=\"elementor-spacer\">\n\t\t\t<div class=\"elementor-spacer-inner\"><\/div>\n\t\t<\/div>\n\t\t\t\t\t\t<\/div>\n\t\t\t\t<\/div>\n\t\t\t\t\t<\/div>\n\t\t<\/div>\n\t\t\t\t\t<\/div>\n\t\t<\/section>\n\t\t\t\t<section class=\"elementor-section elementor-top-section elementor-element elementor-element-3a32983 elementor-section-boxed elementor-section-height-default elementor-section-height-default rt-parallax-bg-no\" data-id=\"3a32983\" data-element_type=\"section\" data-e-type=\"section\">\n\t\t\t\t\t\t<div class=\"elementor-container elementor-column-gap-default\">\n\t\t\t\t\t<div class=\"elementor-column elementor-col-100 elementor-top-column elementor-element elementor-element-0094017\" data-id=\"0094017\" data-element_type=\"column\" data-e-type=\"column\">\n\t\t\t<div class=\"elementor-widget-wrap elementor-element-populated\">\n\t\t\t\t\t\t<div class=\"elementor-element elementor-element-b6466ca elementor-widget elementor-widget-heading\" data-id=\"b6466ca\" data-element_type=\"widget\" data-e-type=\"widget\" data-widget_type=\"heading.default\">\n\t\t\t\t<div class=\"elementor-widget-container\">\n\t\t\t\t\t<h2 class=\"elementor-heading-title elementor-size-default\">Parque de las Ciencias de Granada: descubriendo las maravillas de la ciencia<\/h2>\t\t\t\t<\/div>\n\t\t\t\t<\/div>\n\t\t\t\t\t<\/div>\n\t\t<\/div>\n\t\t\t\t\t<\/div>\n\t\t<\/section>\n\t\t\t\t<section class=\"elementor-section elementor-top-section elementor-element elementor-element-a32d034 elementor-section-boxed elementor-section-height-default elementor-section-height-default rt-parallax-bg-no\" data-id=\"a32d034\" data-element_type=\"section\" data-e-type=\"section\">\n\t\t\t\t\t\t<div class=\"elementor-container elementor-column-gap-default\">\n\t\t\t\t\t<div class=\"elementor-column elementor-col-100 elementor-top-column elementor-element elementor-element-43b6620\" data-id=\"43b6620\" data-element_type=\"column\" data-e-type=\"column\">\n\t\t\t<div class=\"elementor-widget-wrap\">\n\t\t\t\t\t\t\t<\/div>\n\t\t<\/div>\n\t\t\t\t\t<\/div>\n\t\t<\/section>\n\t\t\t\t<section class=\"elementor-section elementor-top-section elementor-element elementor-element-df6dfdd elementor-section-boxed elementor-section-height-default elementor-section-height-default rt-parallax-bg-no\" data-id=\"df6dfdd\" data-element_type=\"section\" data-e-type=\"section\">\n\t\t\t\t\t\t<div class=\"elementor-container elementor-column-gap-default\">\n\t\t\t\t\t<div class=\"elementor-column elementor-col-50 elementor-top-column elementor-element elementor-element-cdb8a70\" data-id=\"cdb8a70\" data-element_type=\"column\" data-e-type=\"column\">\n\t\t\t<div class=\"elementor-widget-wrap elementor-element-populated\">\n\t\t\t\t\t\t<div class=\"elementor-element elementor-element-19fe701 elementor-widget elementor-widget-image\" data-id=\"19fe701\" data-element_type=\"widget\" data-e-type=\"widget\" data-widget_type=\"image.default\">\n\t\t\t\t<div class=\"elementor-widget-container\">\n\t\t\t\t\t\t\t\t\t\t\t\t\t\t\t<img fetchpriority=\"high\" decoding=\"async\" width=\"630\" height=\"420\" src=\"https:\/\/costatropical.com\/wp-content\/uploads\/2023\/08\/science_park.jpg\" class=\"attachment-large size-large wp-image-8934\" alt=\"Parque de las Ciencias de Granada\" srcset=\"https:\/\/costatropical.com\/wp-content\/uploads\/2023\/08\/science_park.jpg 630w, https:\/\/costatropical.com\/wp-content\/uploads\/2023\/08\/science_park-350x233.jpg 350w, https:\/\/costatropical.com\/wp-content\/uploads\/2023\/08\/science_park-600x400.jpg 600w\" sizes=\"(max-width: 630px) 100vw, 630px\" title=\"\">\t\t\t\t\t\t\t\t\t\t\t\t\t\t\t<\/div>\n\t\t\t\t<\/div>\n\t\t\t\t\t<\/div>\n\t\t<\/div>\n\t\t\t\t<div class=\"elementor-column elementor-col-50 elementor-top-column elementor-element elementor-element-a66f54e\" data-id=\"a66f54e\" data-element_type=\"column\" data-e-type=\"column\">\n\t\t\t<div class=\"elementor-widget-wrap elementor-element-populated\">\n\t\t\t\t\t\t<div class=\"elementor-element elementor-element-3df31f0 elementor-widget elementor-widget-text-editor\" data-id=\"3df31f0\" data-element_type=\"widget\" data-e-type=\"widget\" data-widget_type=\"text-editor.default\">\n\t\t\t\t<div class=\"elementor-widget-container\">\n\t\t\t\t\t\t\t\t\t<h3 class=\"heading-title\">Parque de las Ciencias de Granada<\/h3><p>Aunque no tenga inter\u00e9s en la ciencia, disfrutar\u00e1s completamente de una visita al Parque de la Ciencias de Granada. De hecho, es m\u00e1s una feria tecnol\u00f3gica que un museo, con exhibiciones interactivas y experimentos que abarcan electricidad, luz, sonido, gravedad, astronom\u00eda, meteorolog\u00eda y varios otros fen\u00f3menos naturales, presentados de manera entretenida y educativa. Hay 270 caracter\u00edsticas interactivas, incluida una torre de observaci\u00f3n de 50 metros (con vistas a la ciudad de Granada), un planetario, una mariposario tropical, un laberinto, jardines acu\u00e1ticos, un jard\u00edn astron\u00f3mico, una casa distorsionada, un tablero de ajedrez gigante y un p\u00e9ndulo de Foucault de 12 metros. Hay una Sala de Exploraci\u00f3n separada para ni\u00f1os de 3 a 7 a\u00f1os.\u00a0<\/p>\t\t\t\t\t\t\t\t<\/div>\n\t\t\t\t<\/div>\n\t\t\t\t\t<\/div>\n\t\t<\/div>\n\t\t\t\t\t<\/div>\n\t\t<\/section>\n\t\t\t\t<section class=\"elementor-section elementor-top-section elementor-element elementor-element-af9094c elementor-section-boxed elementor-section-height-default elementor-section-height-default rt-parallax-bg-no\" data-id=\"af9094c\" data-element_type=\"section\" data-e-type=\"section\">\n\t\t\t\t\t\t<div class=\"elementor-container elementor-column-gap-default\">\n\t\t\t\t\t<div class=\"elementor-column elementor-col-50 elementor-top-column elementor-element elementor-element-3c43d33\" data-id=\"3c43d33\" data-element_type=\"column\" data-e-type=\"column\">\n\t\t\t<div class=\"elementor-widget-wrap elementor-element-populated\">\n\t\t\t\t\t\t<div class=\"elementor-element elementor-element-98dd701 elementor-widget elementor-widget-text-editor\" data-id=\"98dd701\" data-element_type=\"widget\" data-e-type=\"widget\" data-widget_type=\"text-editor.default\">\n\t\t\t\t<div class=\"elementor-widget-container\">\n\t\t\t\t\t\t\t\t\t<p>Horario: martes a s\u00e1bado de 10:00 a 19:00. Domingos de 10:00 a 15:00. Hay un estacionamiento gratuito.<\/p><p>Tarifa de entrada: 5 euros (descuentos para ni\u00f1os y adultos mayores de 65 a\u00f1os).<\/p><p>Tel: +34 958 131 900<\/p><p>Email: web@parqueciencias.com<\/p>\t\t\t\t\t\t\t\t<\/div>\n\t\t\t\t<\/div>\n\t\t\t\t\t<\/div>\n\t\t<\/div>\n\t\t\t\t<div class=\"elementor-column elementor-col-50 elementor-top-column elementor-element elementor-element-2a7f991\" data-id=\"2a7f991\" data-element_type=\"column\" data-e-type=\"column\">\n\t\t\t<div class=\"elementor-widget-wrap elementor-element-populated\">\n\t\t\t\t\t\t<div class=\"elementor-element elementor-element-23d5812 elementor-widget elementor-widget-google_maps\" data-id=\"23d5812\" data-element_type=\"widget\" data-e-type=\"widget\" data-widget_type=\"google_maps.default\">\n\t\t\t\t<div class=\"elementor-widget-container\">\n\t\t\t\t\t\t\t<div class=\"elementor-custom-embed\">\n\t\t\t<iframe loading=\"lazy\"\n\t\t\t\t\tsrc=\"https:\/\/maps.google.com\/maps?q=parque%20de%20las%20ciencias&#038;t=m&#038;z=10&#038;output=embed&#038;iwloc=near\"\n\t\t\t\t\ttitle=\"parque de las ciencias\"\n\t\t\t\t\taria-label=\"parque de las ciencias\"\n\t\t\t><\/iframe>\n\t\t<\/div>\n\t\t\t\t\t\t<\/div>\n\t\t\t\t<\/div>\n\t\t\t\t\t<\/div>\n\t\t<\/div>\n\t\t\t\t\t<\/div>\n\t\t<\/section>\n\t\t\t\t<section class=\"elementor-section elementor-top-section elementor-element elementor-element-ec51d73 elementor-section-boxed elementor-section-height-default elementor-section-height-default rt-parallax-bg-no\" data-id=\"ec51d73\" data-element_type=\"section\" data-e-type=\"section\">\n\t\t\t\t\t\t<div class=\"elementor-container elementor-column-gap-default\">\n\t\t\t\t\t<div class=\"elementor-column elementor-col-100 elementor-top-column elementor-element elementor-element-f8b26c0\" data-id=\"f8b26c0\" data-element_type=\"column\" data-e-type=\"column\">\n\t\t\t<div class=\"elementor-widget-wrap elementor-element-populated\">\n\t\t\t\t\t\t<div class=\"elementor-element elementor-element-64fe3ee elementor-widget elementor-widget-text-editor\" data-id=\"64fe3ee\" data-element_type=\"widget\" data-e-type=\"widget\" data-widget_type=\"text-editor.default\">\n\t\t\t\t<div class=\"elementor-widget-container\">\n\t\t\t\t\t\t\t\t\t<h4>Tambi\u00e9n puede interesarte...<\/h4><ul><li><a href=\"https:\/\/costatropical.com\/es\/sacromonte-2\/\">El Sacromonte<\/a><a href=\"https:\/\/costatropical.com\/es\/alhambra\/\"><br \/><\/a><\/li><li class=\"elementor-sitemap-item elementor-sitemap-item-page page_item page-item-10165\"><a href=\"https:\/\/costatropical.com\/es\/albaicin-2\/\">El Albaic\u00edn<\/a><\/li><li><a href=\"https:\/\/costatropical.com\/es\/alhambra\/\">La Alhambra<\/a><\/li><li><a href=\"https:\/\/costatropical.com\/es\/catedrales-granada\/\">Catedrales<\/a><\/li><li class=\"elementor-sitemap-item elementor-sitemap-item-page page_item page-item-11465\"><a href=\"https:\/\/costatropical.com\/es\/museums_in_costa-tropical\/\">Museos de la Costa Tropical<\/a><\/li><li class=\"elementor-sitemap-item elementor-sitemap-item-page page_item page-item-11683\"><a href=\"https:\/\/costatropical.com\/es\/casa-museo-de-max-moreau\/\">Casa Museo de Max Moreau<\/a><\/li><li class=\"elementor-sitemap-item elementor-sitemap-item-page page_item page-item-11675\"><a href=\"https:\/\/costatropical.com\/es\/casa-de-zafra\/\">Casa de Zafra<\/a><\/li><li><a href=\"https:\/\/costatropical.com\/es\/flamenco\/\">Flamenco<\/a><\/li><li><a href=\"https:\/\/costatropical.com\/es\/costa-tropical-granada-bares-y-pubs\/\">Bares y pubs<\/a><\/li><li class=\"elementor-sitemap-item elementor-sitemap-item-page page_item page-item-11374\"><a href=\"https:\/\/costatropical.com\/es\/experiencias-granada\/\">Experiencias en Granada<\/a><\/li><li><a href=\"https:\/\/costatropical.com\/es\/carmen-rodriguez-acosta\/\">Carmen de la Fundaci\u00f3n Rodr\u00edguez Acosta<\/a><\/li><li><a href=\"https:\/\/costatropical.com\/es\/parque-de-las-ciencias\/\">Parque de las Ciencias de Granada<\/a><\/li><li><a href=\"https:\/\/costatropical.com\/es\/arquitectura-contemporanea\/\">Arquitectura contempor\u00e1nea<\/a><\/li><li><a href=\"https:\/\/costatropical.com\/es\/estacion-esqui-sierra-nevada\/\">Sierra Nevada<\/a><\/li><\/ul>\t\t\t\t\t\t\t\t<\/div>\n\t\t\t\t<\/div>\n\t\t\t\t\t<\/div>\n\t\t<\/div>\n\t\t\t\t\t<\/div>\n\t\t<\/section>\n\t\t\t\t<\/div>","protected":false},"excerpt":{"rendered":"<p>Parque de las Ciencias de Granada: Unravelling the Wonders of Science Granada Science Park Even if you have no interest in science, you\u2019ll thoroughly enjoy a visit to the Granada Science Museum. In fact it is more of a technological funfair than a museum, with interactive exhibits and experiments involving electricity, light, sound, gravity. astronomy,<\/p>","protected":false},"author":1,"featured_media":10193,"parent":0,"menu_order":0,"comment_status":"closed","ping_status":"closed","template":"elementor_header_footer","meta":{"_rtcl_gb_attr":"","footnotes":""},"class_list":["post-10160","page","type-page","status-publish","has-post-thumbnail","hentry","have-post-thumb"],"_links":{"self":[{"href":"https:\/\/costatropical.com\/es\/wp-json\/wp\/v2\/pages\/10160","targetHints":{"allow":["GET"]}}],"collection":[{"href":"https:\/\/costatropical.com\/es\/wp-json\/wp\/v2\/pages"}],"about":[{"href":"https:\/\/costatropical.com\/es\/wp-json\/wp\/v2\/types\/page"}],"author":[{"embeddable":true,"href":"https:\/\/costatropical.com\/es\/wp-json\/wp\/v2\/users\/1"}],"replies":[{"embeddable":true,"href":"https:\/\/costatropical.com\/es\/wp-json\/wp\/v2\/comments?post=10160"}],"version-history":[{"count":0,"href":"https:\/\/costatropical.com\/es\/wp-json\/wp\/v2\/pages\/10160\/revisions"}],"wp:featuredmedia":[{"embeddable":true,"href":"https:\/\/costatropical.com\/es\/wp-json\/wp\/v2\/media\/10193"}],"wp:attachment":[{"href":"https:\/\/costatropical.com\/es\/wp-json\/wp\/v2\/media?parent=10160"}],"curies":[{"name":"wp","href":"https:\/\/api.w.org\/{rel}","templated":true}]}}