{"id":10152,"date":"2023-10-17T17:11:57","date_gmt":"2023-10-17T16:11:57","guid":{"rendered":"https:\/\/costatropical.com\/?page_id=10152"},"modified":"2024-01-25T15:57:03","modified_gmt":"2024-01-25T14:57:03","slug":"aquatropic","status":"publish","type":"page","link":"https:\/\/costatropical.com\/es\/aquatropic\/","title":{"rendered":"Aquatropic"},"content":{"rendered":"<div data-elementor-type=\"wp-page\" data-elementor-id=\"10152\" class=\"elementor elementor-10152\" data-elementor-post-type=\"page\">\n\t\t\t\t\t\t<section class=\"elementor-section elementor-top-section elementor-element elementor-element-9db5f62 elementor-section-boxed elementor-section-height-default elementor-section-height-default rt-parallax-bg-no\" data-id=\"9db5f62\" data-element_type=\"section\" data-e-type=\"section\">\n\t\t\t\t\t\t<div class=\"elementor-container elementor-column-gap-default\">\n\t\t\t\t\t<div class=\"elementor-column elementor-col-100 elementor-top-column elementor-element elementor-element-e50616f\" data-id=\"e50616f\" data-element_type=\"column\" data-e-type=\"column\">\n\t\t\t<div class=\"elementor-widget-wrap\">\n\t\t\t\t\t\t\t<\/div>\n\t\t<\/div>\n\t\t\t\t\t<\/div>\n\t\t<\/section>\n\t\t\t\t<section class=\"elementor-section elementor-top-section elementor-element elementor-element-440ac7f elementor-section-boxed elementor-section-height-default elementor-section-height-default rt-parallax-bg-no\" data-id=\"440ac7f\" data-element_type=\"section\" data-e-type=\"section\">\n\t\t\t\t\t\t<div class=\"elementor-container elementor-column-gap-default\">\n\t\t\t\t\t<div class=\"elementor-column elementor-col-100 elementor-top-column elementor-element elementor-element-32609ab\" data-id=\"32609ab\" data-element_type=\"column\" data-e-type=\"column\">\n\t\t\t<div class=\"elementor-widget-wrap elementor-element-populated\">\n\t\t\t\t\t\t<div class=\"elementor-element elementor-element-1adb5ba elementor-widget elementor-widget-spacer\" data-id=\"1adb5ba\" data-element_type=\"widget\" data-e-type=\"widget\" data-widget_type=\"spacer.default\">\n\t\t\t\t<div class=\"elementor-widget-container\">\n\t\t\t\t\t\t\t<div class=\"elementor-spacer\">\n\t\t\t<div class=\"elementor-spacer-inner\"><\/div>\n\t\t<\/div>\n\t\t\t\t\t\t<\/div>\n\t\t\t\t<\/div>\n\t\t\t\t\t<\/div>\n\t\t<\/div>\n\t\t\t\t\t<\/div>\n\t\t<\/section>\n\t\t\t\t<section class=\"elementor-section elementor-top-section elementor-element elementor-element-3a32983 elementor-section-boxed elementor-section-height-default elementor-section-height-default rt-parallax-bg-no\" data-id=\"3a32983\" data-element_type=\"section\" data-e-type=\"section\">\n\t\t\t\t\t\t<div class=\"elementor-container elementor-column-gap-default\">\n\t\t\t\t\t<div class=\"elementor-column elementor-col-100 elementor-top-column elementor-element elementor-element-0094017\" data-id=\"0094017\" data-element_type=\"column\" data-e-type=\"column\">\n\t\t\t<div class=\"elementor-widget-wrap elementor-element-populated\">\n\t\t\t\t\t\t<div class=\"elementor-element elementor-element-b6466ca elementor-widget elementor-widget-heading\" data-id=\"b6466ca\" data-element_type=\"widget\" data-e-type=\"widget\" data-widget_type=\"heading.default\">\n\t\t\t\t<div class=\"elementor-widget-container\">\n\t\t\t\t\t<h2 class=\"elementor-heading-title elementor-size-default\">Aventuras en Aquatropic: diversi\u00f3n acu\u00e1tica para todas las edades en la Costa Tropical<\/h2>\t\t\t\t<\/div>\n\t\t\t\t<\/div>\n\t\t\t\t\t<\/div>\n\t\t<\/div>\n\t\t\t\t\t<\/div>\n\t\t<\/section>\n\t\t\t\t<section class=\"elementor-section elementor-top-section elementor-element elementor-element-7b57d16 elementor-section-boxed elementor-section-height-default elementor-section-height-default rt-parallax-bg-no\" data-id=\"7b57d16\" data-element_type=\"section\" data-e-type=\"section\">\n\t\t\t\t\t\t<div class=\"elementor-container elementor-column-gap-default\">\n\t\t\t\t\t<div class=\"elementor-column elementor-col-100 elementor-top-column elementor-element elementor-element-e718bd2\" data-id=\"e718bd2\" data-element_type=\"column\" data-e-type=\"column\">\n\t\t\t<div class=\"elementor-widget-wrap elementor-element-populated\">\n\t\t\t\t\t\t\t<\/div>\n\t\t<\/div>\n\t\t\t\t\t<\/div>\n\t\t<\/section>\n\t\t\t\t<section class=\"elementor-section elementor-top-section elementor-element elementor-element-beb9908 elementor-section-boxed elementor-section-height-default elementor-section-height-default rt-parallax-bg-no\" data-id=\"beb9908\" data-element_type=\"section\" data-e-type=\"section\">\n\t\t\t\t\t\t<div class=\"elementor-container elementor-column-gap-default\">\n\t\t\t\t\t<div class=\"elementor-column elementor-col-50 elementor-top-column elementor-element elementor-element-102d14a\" data-id=\"102d14a\" data-element_type=\"column\" data-e-type=\"column\">\n\t\t\t<div class=\"elementor-widget-wrap elementor-element-populated\">\n\t\t\t\t\t\t<div class=\"elementor-element elementor-element-bfb3fd5 elementor-invisible elementor-widget elementor-widget-image\" data-id=\"bfb3fd5\" data-element_type=\"widget\" data-e-type=\"widget\" data-settings=\"{&quot;_animation&quot;:&quot;fadeInLeft&quot;}\" data-widget_type=\"image.default\">\n\t\t\t\t<div class=\"elementor-widget-container\">\n\t\t\t\t\t\t\t\t\t\t\t\t\t\t\t<img fetchpriority=\"high\" decoding=\"async\" width=\"630\" height=\"420\" src=\"https:\/\/costatropical.com\/wp-content\/uploads\/2023\/08\/aquatropic.jpg\" class=\"attachment-large size-large wp-image-8949\" alt=\"Aquatropic Water Park\" srcset=\"https:\/\/costatropical.com\/wp-content\/uploads\/2023\/08\/aquatropic.jpg 630w, https:\/\/costatropical.com\/wp-content\/uploads\/2023\/08\/aquatropic-350x233.jpg 350w, https:\/\/costatropical.com\/wp-content\/uploads\/2023\/08\/aquatropic-600x400.jpg 600w\" sizes=\"(max-width: 630px) 100vw, 630px\" title=\"\">\t\t\t\t\t\t\t\t\t\t\t\t\t\t\t<\/div>\n\t\t\t\t<\/div>\n\t\t\t\t\t<\/div>\n\t\t<\/div>\n\t\t\t\t<div class=\"elementor-column elementor-col-50 elementor-top-column elementor-element elementor-element-ed1e335\" data-id=\"ed1e335\" data-element_type=\"column\" data-e-type=\"column\">\n\t\t\t<div class=\"elementor-widget-wrap elementor-element-populated\">\n\t\t\t\t\t\t<div class=\"elementor-element elementor-element-d155ec2 elementor-widget elementor-widget-text-editor\" data-id=\"d155ec2\" data-element_type=\"widget\" data-e-type=\"widget\" data-settings=\"{&quot;_animation&quot;:&quot;none&quot;}\" data-widget_type=\"text-editor.default\">\n\t\t\t\t<div class=\"elementor-widget-container\">\n\t\t\t\t\t\t\t\t\t<p>Aquatropic se encuentra justo en la Playa Velilla, a pocos pasos del centro de Almu\u00f1ecar, en la Costa Tropical. El parque es bastante grande (18 000 metros cuadrados) y ofrece una variedad de atracciones acu\u00e1ticas, incluyendo toboganes (\"ring-rapids\" y, para los m\u00e1s aventureros, \"kamikaze\"). Tambi\u00e9n hay varias piscinas para personas de todas las edades. Cuenta con una m\u00e1quina de olas, una cascada, corriente giratoria y un \"agujero negro\". Aquatropic tambi\u00e9n ofrece otros eventos y actividades, como v\u00f3ley-playa, masajes y, por las noches, una discoteca. Hay zonas verdes en todo el parque donde los visitantes pueden relajarse a la sombra de las palmeras. El parque tiene su propio bar y restaurante, adem\u00e1s de varios puestos que sirven pizzas, hamburguesas, aperitivos, bebidas fr\u00edas y, por supuesto, helados. Se ha habilitado un \u00e1rea de picnic para aquellos que prefieran traer su propia comida.\u00a0<\/p>\t\t\t\t\t\t\t\t<\/div>\n\t\t\t\t<\/div>\n\t\t\t\t\t<\/div>\n\t\t<\/div>\n\t\t\t\t\t<\/div>\n\t\t<\/section>\n\t\t\t\t<section class=\"elementor-section elementor-top-section elementor-element elementor-element-a32d034 elementor-section-boxed elementor-section-height-default elementor-section-height-default rt-parallax-bg-no\" data-id=\"a32d034\" data-element_type=\"section\" data-e-type=\"section\">\n\t\t\t\t\t\t<div class=\"elementor-container elementor-column-gap-default\">\n\t\t\t\t\t<div class=\"elementor-column elementor-col-100 elementor-top-column elementor-element elementor-element-43b6620\" data-id=\"43b6620\" data-element_type=\"column\" data-e-type=\"column\">\n\t\t\t<div class=\"elementor-widget-wrap\">\n\t\t\t\t\t\t\t<\/div>\n\t\t<\/div>\n\t\t\t\t\t<\/div>\n\t\t<\/section>\n\t\t\t\t<section class=\"elementor-section elementor-top-section elementor-element elementor-element-e5ee575 elementor-section-boxed elementor-section-height-default elementor-section-height-default rt-parallax-bg-no\" data-id=\"e5ee575\" data-element_type=\"section\" data-e-type=\"section\">\n\t\t\t\t\t\t<div class=\"elementor-container elementor-column-gap-default\">\n\t\t\t\t\t<div class=\"elementor-column elementor-col-50 elementor-top-column elementor-element elementor-element-4418629\" data-id=\"4418629\" data-element_type=\"column\" data-e-type=\"column\">\n\t\t\t<div class=\"elementor-widget-wrap elementor-element-populated\">\n\t\t\t\t\t\t<div class=\"elementor-element elementor-element-874b20f elementor-widget elementor-widget-text-editor\" data-id=\"874b20f\" data-element_type=\"widget\" data-e-type=\"widget\" data-widget_type=\"text-editor.default\">\n\t\t\t\t<div class=\"elementor-widget-container\">\n\t\t\t\t\t\t\t\t\t<p>Aquapark est\u00e1 abierto desde mediados de julio a mediados de septiembre.<br \/>Horario de aperura: 11:00 - 19:00<br \/>Puede obtener m\u00e1s informaci\u00f3n en el tel\u00e9fono 958 633316.<br \/><a href=\"https:\/\/www.aqua-tropic.com\/\" target=\"_blank\" rel=\"noopener\">Visitar sitio web<\/a><\/p>\t\t\t\t\t\t\t\t<\/div>\n\t\t\t\t<\/div>\n\t\t\t\t\t<\/div>\n\t\t<\/div>\n\t\t\t\t<div class=\"elementor-column elementor-col-50 elementor-top-column elementor-element elementor-element-f12048c\" data-id=\"f12048c\" data-element_type=\"column\" data-e-type=\"column\">\n\t\t\t<div class=\"elementor-widget-wrap elementor-element-populated\">\n\t\t\t\t\t\t<div class=\"elementor-element elementor-element-9e4393a elementor-widget elementor-widget-google_maps\" data-id=\"9e4393a\" data-element_type=\"widget\" data-e-type=\"widget\" data-widget_type=\"google_maps.default\">\n\t\t\t\t<div class=\"elementor-widget-container\">\n\t\t\t\t\t\t\t<div class=\"elementor-custom-embed\">\n\t\t\t<iframe loading=\"lazy\"\n\t\t\t\t\tsrc=\"https:\/\/maps.google.com\/maps?q=aquatropic&#038;t=m&#038;z=10&#038;output=embed&#038;iwloc=near\"\n\t\t\t\t\ttitle=\"aquatropic\"\n\t\t\t\t\taria-label=\"aquatropic\"\n\t\t\t><\/iframe>\n\t\t<\/div>\n\t\t\t\t\t\t<\/div>\n\t\t\t\t<\/div>\n\t\t\t\t\t<\/div>\n\t\t<\/div>\n\t\t\t\t\t<\/div>\n\t\t<\/section>\n\t\t\t\t<\/div>","protected":false},"excerpt":{"rendered":"<p>Aquatropic Adventures: Water Fun for All Ages on the Costa Tropical Aquatropic is situated right on Velilla Beach, just a short stroll from Almu\u00f1ecar town centre, on the Costa Tropical. The park is quite large (18,000 square metres) and offers a range of water features, including slides (\u201cring-rapids\u201d and, for the more adventurous, \u201ckamikaze\u201d). There<\/p>","protected":false},"author":1,"featured_media":10190,"parent":0,"menu_order":0,"comment_status":"closed","ping_status":"closed","template":"elementor_header_footer","meta":{"_rtcl_gb_attr":"","footnotes":""},"class_list":["post-10152","page","type-page","status-publish","has-post-thumbnail","hentry","have-post-thumb"],"_links":{"self":[{"href":"https:\/\/costatropical.com\/es\/wp-json\/wp\/v2\/pages\/10152","targetHints":{"allow":["GET"]}}],"collection":[{"href":"https:\/\/costatropical.com\/es\/wp-json\/wp\/v2\/pages"}],"about":[{"href":"https:\/\/costatropical.com\/es\/wp-json\/wp\/v2\/types\/page"}],"author":[{"embeddable":true,"href":"https:\/\/costatropical.com\/es\/wp-json\/wp\/v2\/users\/1"}],"replies":[{"embeddable":true,"href":"https:\/\/costatropical.com\/es\/wp-json\/wp\/v2\/comments?post=10152"}],"version-history":[{"count":0,"href":"https:\/\/costatropical.com\/es\/wp-json\/wp\/v2\/pages\/10152\/revisions"}],"wp:featuredmedia":[{"embeddable":true,"href":"https:\/\/costatropical.com\/es\/wp-json\/wp\/v2\/media\/10190"}],"wp:attachment":[{"href":"https:\/\/costatropical.com\/es\/wp-json\/wp\/v2\/media?parent=10152"}],"curies":[{"name":"wp","href":"https:\/\/api.w.org\/{rel}","templated":true}]}}