{"id":10066,"date":"2023-10-16T14:03:01","date_gmt":"2023-10-16T13:03:01","guid":{"rendered":"https:\/\/costatropical.com\/?page_id=10066"},"modified":"2025-10-08T19:00:32","modified_gmt":"2025-10-08T18:00:32","slug":"mejores-bares-en-la-herradura","status":"publish","type":"page","link":"https:\/\/costatropical.com\/es\/best-bars-in-la-herradura\/","title":{"rendered":"Mejores bares de La Herradura"},"content":{"rendered":"<div data-elementor-type=\"wp-page\" data-elementor-id=\"10066\" class=\"elementor elementor-10066\" data-elementor-post-type=\"page\">\n\t\t\t\t\t\t<section class=\"elementor-section elementor-top-section elementor-element elementor-element-e13e2e5 elementor-section-boxed elementor-section-height-default elementor-section-height-default rt-parallax-bg-no\" data-id=\"e13e2e5\" data-element_type=\"section\" data-e-type=\"section\">\n\t\t\t\t\t\t<div class=\"elementor-container elementor-column-gap-default\">\n\t\t\t\t\t<div class=\"elementor-column elementor-col-100 elementor-top-column elementor-element elementor-element-42680cb\" data-id=\"42680cb\" data-element_type=\"column\" data-e-type=\"column\">\n\t\t\t<div class=\"elementor-widget-wrap elementor-element-populated\">\n\t\t\t\t\t\t<div class=\"elementor-element elementor-element-e325a6e elementor-widget elementor-widget-spacer\" data-id=\"e325a6e\" data-element_type=\"widget\" data-e-type=\"widget\" data-widget_type=\"spacer.default\">\n\t\t\t\t<div class=\"elementor-widget-container\">\n\t\t\t\t\t\t\t<div class=\"elementor-spacer\">\n\t\t\t<div class=\"elementor-spacer-inner\"><\/div>\n\t\t<\/div>\n\t\t\t\t\t\t<\/div>\n\t\t\t\t<\/div>\n\t\t\t\t<div class=\"elementor-element elementor-element-729032f elementor-widget elementor-widget-heading\" data-id=\"729032f\" data-element_type=\"widget\" data-e-type=\"widget\" data-widget_type=\"heading.default\">\n\t\t\t\t<div class=\"elementor-widget-container\">\n\t\t\t\t\t<h2 class=\"elementor-heading-title elementor-size-default\">Mejores bares de La Herradura<\/h2>\t\t\t\t<\/div>\n\t\t\t\t<\/div>\n\t\t\t\t\t<\/div>\n\t\t<\/div>\n\t\t\t\t\t<\/div>\n\t\t<\/section>\n\t\t\t\t<section class=\"elementor-section elementor-top-section elementor-element elementor-element-35635e3 elementor-section-boxed elementor-section-height-default elementor-section-height-default rt-parallax-bg-no\" data-id=\"35635e3\" data-element_type=\"section\" data-e-type=\"section\">\n\t\t\t\t\t\t<div class=\"elementor-container elementor-column-gap-default\">\n\t\t\t\t\t<div class=\"elementor-column elementor-col-100 elementor-top-column elementor-element elementor-element-9924242\" data-id=\"9924242\" data-element_type=\"column\" data-e-type=\"column\">\n\t\t\t<div class=\"elementor-widget-wrap elementor-element-populated\">\n\t\t\t\t\t\t<div class=\"elementor-element elementor-element-bcc5beb elementor-widget elementor-widget-text-editor\" data-id=\"bcc5beb\" data-element_type=\"widget\" data-e-type=\"widget\" data-widget_type=\"text-editor.default\">\n\t\t\t\t<div class=\"elementor-widget-container\">\n\t\t\t\t\t\t\t\t\t<p>Conocida por su animada vida nocturna y su aut\u00e9ntica gastronom\u00eda espa\u00f1ola, La Herradura ofrece un ambiente vibrante tanto para los lugare\u00f1os como para los visitantes. Explore nuestro directorio de los mejores bares de la ciudad, donde podr\u00e1 disfrutar de deliciosas bebidas, m\u00fasica en vivo y sabrosas tapas mientras contemplas las impresionantes vistas costeras. No olvides visitar Marina del Este en La Herradura, donde podr\u00e1s disfrutar de la belleza esc\u00e9nica del Mar Mediterr\u00e1neo mientras saboreas tus bebidas y aperitivos favoritos. Ya sea que est\u00e9 buscando un lugar acogedor para relajarse despu\u00e9s de un d\u00eda en la playa o un animado local para una noche de diversi\u00f3n con amigos, los bares de La Herradura tienen algo para todos. \u00danase a nosotros mientras descubrimos las joyas ocultas de este para\u00edso costero y nos deleitamos con los sabores de la hospitalidad espa\u00f1ola.<\/p>\t\t\t\t\t\t\t\t<\/div>\n\t\t\t\t<\/div>\n\t\t\t\t\t<\/div>\n\t\t<\/div>\n\t\t\t\t\t<\/div>\n\t\t<\/section>\n\t\t\t\t<section class=\"elementor-section elementor-top-section elementor-element elementor-element-9db5f62 elementor-section-boxed elementor-section-height-default elementor-section-height-default rt-parallax-bg-no\" data-id=\"9db5f62\" data-element_type=\"section\" data-e-type=\"section\">\n\t\t\t\t\t\t<div class=\"elementor-container elementor-column-gap-default\">\n\t\t\t\t\t<div class=\"elementor-column elementor-col-100 elementor-top-column elementor-element elementor-element-e50616f\" data-id=\"e50616f\" data-element_type=\"column\" data-e-type=\"column\">\n\t\t\t<div class=\"elementor-widget-wrap\">\n\t\t\t\t\t\t\t<\/div>\n\t\t<\/div>\n\t\t\t\t\t<\/div>\n\t\t<\/section>\n\t\t\t\t<section class=\"elementor-section elementor-top-section elementor-element elementor-element-dae3baf elementor-section-boxed elementor-section-height-default elementor-section-height-default rt-parallax-bg-no\" data-id=\"dae3baf\" data-element_type=\"section\" data-e-type=\"section\">\n\t\t\t\t\t\t<div class=\"elementor-container elementor-column-gap-default\">\n\t\t\t\t\t<div class=\"elementor-column elementor-col-100 elementor-top-column elementor-element elementor-element-fa53887\" data-id=\"fa53887\" data-element_type=\"column\" data-e-type=\"column\">\n\t\t\t<div class=\"elementor-widget-wrap elementor-element-populated\">\n\t\t\t\t\t\t<div class=\"elementor-element elementor-element-50c49fe title-show-full elementor-widget elementor-widget-rtcl-listing-items\" data-id=\"50c49fe\" data-element_type=\"widget\" data-e-type=\"widget\" data-widget_type=\"rtcl-listing-items.default\">\n\t\t\t\t<div class=\"elementor-widget-container\">\n\t\t\t\t\t\n<div class=\"rtcl rtcl-listings-sc-wrapper rtcl-elementor-widget\">\n\t<div class=\"rtcl-listings-wrapper\">\n\t\t\t\t<div class=\"rtcl-listings rtcl-ajax-listings rtcl-grid-view rtcl-style-1-view columns-3  tab-columns-2 mobile-columns-2\">\n\t\t\t\n\t\t\t\t<div class=\"rtcl-widget-listing-item listing-item rtcl-listing-item post-10021 status-publish is-top is-popular rtcl_category-bars rtcl_location-la-herradura\">\n\t\t\t\t\t\n\t\t\t\t\t\n\t\t\t\t\t<div class='listing-thumb'><div class='listing-thumb-inner'><a href='https:\/\/costatropical.com\/es\/listing\/bambu-club-herradura\/' title='Bamb\u00fa Club Herradura'><img fetchpriority=\"high\" decoding=\"async\" width=\"300\" height=\"195\" src=\"https:\/\/costatropical.com\/wp-content\/uploads\/classified-listing\/2023\/10\/Bambu-Club-Herradura-370x240.png\" class=\"rtcl-thumbnail\" alt=\"Bambu-Club-Herradura\" title=\"\"><\/a><div class=\"rtcl-meta-buttons-wrap horizontal-layout meta-button-count-2\">\t\t\t\t\t\t<div class=\"rtcl-fav rtcl-el-button\">\n\t\t\t\t\t\t\t<a href=\"\/es\/void(0)\/\" class=\"rtcl-require-login\"><span class=\"rtcl-icon rtcl-icon-heart-empty\"><\/span><span class=\"favourite-label\">Favourite<\/span><\/a>\t\t\t\t\t\t<\/div>\n\t\t\t\t\t\t\t\t\t\t  \t\t\t\t\t\t\t\t\t\t\t\t<div class=\"rtcl-el-button\">\n\t\t\t\t\t\t\t\t\t\t\t\t\t\t\t\t<a class=\"rtcl-compare\" href=\"#\" title=\"Compare\" data-listing_id=\"10021\">\n\t\t\t\t\t\t\t\t\t<i class=\"rtcl-icon rtcl-icon-retweet\"><\/i>\n\t\t\t\t\t\t\t\t<\/a>\n\t\t\t\t\t\t\t<\/div>\n\t\t\t\t\t\t\t\t\t\t\t\t<\/div><\/div><\/div> <div class=\"rtin-content-area\"><div class=\"item-content\"><div class='rtcl-listing-badge-wrap'><\/div>\n <div class=\"category\"><a href=\"https:\/\/costatropical.com\/es\/listing-category\/bars\/\">Bares<\/a><\/div> <h3 class=\"listing-title rtcl-listing-title\"><a href=\"https:\/\/costatropical.com\/es\/listing\/bambu-club-herradura\/\" title=\"Bamb\u00fa Club Herradura\">Bamb\u00fa Club Herradura<\/a><\/h3>  <ul class=\"rtcl-listing-meta-data\">  <li class=\"date\"><i class=\"rtcl-icon rtcl-icon-clock\" aria-hidden=\"true\"><\/i>3 a\u00f1os ago<\/li> <li class=\"location\"><i class=\"rtcl-icon rtcl-icon-location\" aria-hidden=\"true\"><\/i><a href=\"https:\/\/costatropical.com\/es\/location\/la-herradura\/\">La Herradura<\/a><\/li> <li class=\"view\"><i class=\"rtcl-icon rtcl-icon-eye\" aria-hidden=\"true\"><\/i>1.086 views<\/li><\/ul>  <div class=\"rtin-right\"><div class=\"item-price\"><div class=\"rtcl-price price-type-fixed\"><\/div><\/div> <\/div><\/div><\/div>\n\t\t\t\t<\/div>\n\n\t\t\t\t\t\t\n\t\t<\/div>\n\t\t\t<\/div>\n<\/div>\n\t\t\t\t<\/div>\n\t\t\t\t<\/div>\n\t\t\t\t\t<\/div>\n\t\t<\/div>\n\t\t\t\t\t<\/div>\n\t\t<\/section>\n\t\t\t\t<section class=\"elementor-section elementor-top-section elementor-element elementor-element-941eb1f elementor-section-boxed elementor-section-height-default elementor-section-height-default rt-parallax-bg-no\" data-id=\"941eb1f\" data-element_type=\"section\" data-e-type=\"section\">\n\t\t\t\t\t\t<div class=\"elementor-container elementor-column-gap-default\">\n\t\t\t\t\t<div class=\"elementor-column elementor-col-100 elementor-top-column elementor-element elementor-element-8cd80d3\" data-id=\"8cd80d3\" data-element_type=\"column\" data-e-type=\"column\">\n\t\t\t<div class=\"elementor-widget-wrap\">\n\t\t\t\t\t\t\t<\/div>\n\t\t<\/div>\n\t\t\t\t\t<\/div>\n\t\t<\/section>\n\t\t\t\t<section class=\"elementor-section elementor-top-section elementor-element elementor-element-3bc86c2 elementor-section-boxed elementor-section-height-default elementor-section-height-default rt-parallax-bg-no\" data-id=\"3bc86c2\" data-element_type=\"section\" data-e-type=\"section\">\n\t\t\t\t\t\t<div class=\"elementor-container elementor-column-gap-default\">\n\t\t\t\t\t<div class=\"elementor-column elementor-col-100 elementor-top-column elementor-element elementor-element-4fe0128\" data-id=\"4fe0128\" data-element_type=\"column\" data-e-type=\"column\">\n\t\t\t<div class=\"elementor-widget-wrap elementor-element-populated\">\n\t\t\t\t\t\t<div class=\"elementor-element elementor-element-0221dce elementor-widget elementor-widget-text-editor\" data-id=\"0221dce\" data-element_type=\"widget\" data-e-type=\"widget\" data-widget_type=\"text-editor.default\">\n\t\t\t\t<div class=\"elementor-widget-container\">\n\t\t\t\t\t\t\t\t\t<h4>Explora este sitio web<\/h4><ul><li class=\"elementor-sitemap-item elementor-sitemap-item-page page_item page-item-8728\"><a href=\"https:\/\/costatropical.com\/es\/laherradura\/\">La Herradura<\/a><\/li><li class=\"elementor-sitemap-item elementor-sitemap-item-page page_item page-item-8634\"><a href=\"https:\/\/costatropical.com\/es\/hoteles\/\">Hoteles<\/a><\/li><li class=\"elementor-sitemap-item elementor-sitemap-item-page page_item page-item-11278\"><a href=\"https:\/\/costatropical.com\/es\/alquiler-turistico-la-herradura\/\">Alquileres tur\u00edsticos en La Herradura<\/a><\/li><li class=\"elementor-sitemap-item elementor-sitemap-item-page page_item page-item-8443\"><a href=\"https:\/\/costatropical.com\/es\/things-to-see-do\/\">Qu\u00e9 ver y qu\u00e9 hacer<\/a><\/li><li class=\"elementor-sitemap-item elementor-sitemap-item-page page_item page-item-9948\"><a href=\"https:\/\/costatropical.com\/es\/costa-tropical-restaurants\/\">Restaurantes<\/a><\/li><li><a href=\"https:\/\/costatropical.com\/es\/datos-costa-tropical-de-granada\/\">\u00bfQu\u00e9 hace tan especial a la Costa Tropical?<\/a><\/li><li class=\"elementor-sitemap-item elementor-sitemap-item-page page_item page-item-8525\"><a href=\"https:\/\/costatropical.com\/es\/costa_tropical_sailing\/\">Navegar en la Costa Tropical de Granada<\/a><\/li><\/ul>\t\t\t\t\t\t\t\t<\/div>\n\t\t\t\t<\/div>\n\t\t\t\t\t<\/div>\n\t\t<\/div>\n\t\t\t\t\t<\/div>\n\t\t<\/section>\n\t\t\t\t<section class=\"elementor-section elementor-top-section elementor-element elementor-element-7350e0e elementor-section-boxed elementor-section-height-default elementor-section-height-default rt-parallax-bg-no\" data-id=\"7350e0e\" data-element_type=\"section\" data-e-type=\"section\">\n\t\t\t\t\t\t<div class=\"elementor-container elementor-column-gap-default\">\n\t\t\t\t\t<div class=\"elementor-column elementor-col-100 elementor-top-column elementor-element elementor-element-c9ece74\" data-id=\"c9ece74\" data-element_type=\"column\" data-e-type=\"column\">\n\t\t\t<div class=\"elementor-widget-wrap elementor-element-populated\">\n\t\t\t\t\t\t<div class=\"elementor-element elementor-element-523a9dd elementor-widget__width-initial elementor-widget elementor-widget-text-editor\" data-id=\"523a9dd\" data-element_type=\"widget\" data-e-type=\"widget\" data-widget_type=\"text-editor.default\">\n\t\t\t\t<div class=\"elementor-widget-container\">\n\t\t\t\t\t\t\t\t\t<p><strong>\u00bfTIENES UN NEGOCIO?<\/strong><\/p>\t\t\t\t\t\t\t\t<\/div>\n\t\t\t\t<\/div>\n\t\t\t\t<div class=\"elementor-element elementor-element-66dd9df elementor-widget elementor-widget-heading\" data-id=\"66dd9df\" data-element_type=\"widget\" data-e-type=\"widget\" data-widget_type=\"heading.default\">\n\t\t\t\t<div class=\"elementor-widget-container\">\n\t\t\t\t\t<h2 class=\"elementor-heading-title elementor-size-default\">Haz que tu negocio sea visible en<strong> <\/strong><strong style=\"color: #4a90e2\">CostaTropical.com<\/strong><br> \n<\/h2>\t\t\t\t<\/div>\n\t\t\t\t<\/div>\n\t\t\t\t<div class=\"elementor-element elementor-element-2985143 elementor-widget elementor-widget-heading\" data-id=\"2985143\" data-element_type=\"widget\" data-e-type=\"widget\" data-widget_type=\"heading.default\">\n\t\t\t\t<div class=\"elementor-widget-container\">\n\t\t\t\t\t<h2 class=\"elementor-heading-title elementor-size-default\">La gu\u00eda de referencia para vecinos, residente y turistas en la Costa Tropical. Pon tu negocio frente a miles de personas cada mes y aparece en los primeros resultados de Google.<\/h2>\t\t\t\t<\/div>\n\t\t\t\t<\/div>\n\t\t\t\t<div class=\"elementor-element elementor-element-9543b1b elementor-hidden-tablet elementor-widget elementor-widget-heading\" data-id=\"9543b1b\" data-element_type=\"widget\" data-e-type=\"widget\" data-widget_type=\"heading.default\">\n\t\t\t\t<div class=\"elementor-widget-container\">\n\t\t\t\t\t<h2 class=\"elementor-heading-title elementor-size-default\">Aparece donde se preparan los planes para la Costa Tropical.\n<\/h2>\t\t\t\t<\/div>\n\t\t\t\t<\/div>\n\t\t\t\t<div class=\"elementor-element elementor-element-8c94ae6 elementor-widget__width-initial elementor-widget elementor-widget-text-editor\" data-id=\"8c94ae6\" data-element_type=\"widget\" data-e-type=\"widget\" data-widget_type=\"text-editor.default\">\n\t\t\t\t<div class=\"elementor-widget-container\">\n\t\t\t\t\t\t\t\t\t<p><a href=\"https:\/\/costatropical.com\/es\/publicidad\/\"><span style=\"text-decoration: underline;\">Haz clic aqu\u00ed<\/span> para obtener m\u00e1s informaci\u00f3n<\/a><\/p>\t\t\t\t\t\t\t\t<\/div>\n\t\t\t\t<\/div>\n\t\t\t\t\t<\/div>\n\t\t<\/div>\n\t\t\t\t\t<\/div>\n\t\t<\/section>\n\t\t\t\t<\/div>","protected":false},"excerpt":{"rendered":"<p>Best bars in La Herradura Known for its lively nightlife and authentic Spanish food, La Herradura offers a vibrant atmosphere<\/p>","protected":false},"author":1,"featured_media":0,"parent":0,"menu_order":0,"comment_status":"closed","ping_status":"closed","template":"templates\/blank.php","meta":{"_rtcl_gb_attr":"","footnotes":""},"class_list":["post-10066","page","type-page","status-publish","hentry"],"_links":{"self":[{"href":"https:\/\/costatropical.com\/es\/wp-json\/wp\/v2\/pages\/10066","targetHints":{"allow":["GET"]}}],"collection":[{"href":"https:\/\/costatropical.com\/es\/wp-json\/wp\/v2\/pages"}],"about":[{"href":"https:\/\/costatropical.com\/es\/wp-json\/wp\/v2\/types\/page"}],"author":[{"embeddable":true,"href":"https:\/\/costatropical.com\/es\/wp-json\/wp\/v2\/users\/1"}],"replies":[{"embeddable":true,"href":"https:\/\/costatropical.com\/es\/wp-json\/wp\/v2\/comments?post=10066"}],"version-history":[{"count":0,"href":"https:\/\/costatropical.com\/es\/wp-json\/wp\/v2\/pages\/10066\/revisions"}],"wp:attachment":[{"href":"https:\/\/costatropical.com\/es\/wp-json\/wp\/v2\/media?parent=10066"}],"curies":[{"name":"wp","href":"https:\/\/api.w.org\/{rel}","templated":true}]}}