{"id":10062,"date":"2023-10-15T13:21:52","date_gmt":"2023-10-15T12:21:52","guid":{"rendered":"https:\/\/costatropical.com\/?page_id=10062"},"modified":"2025-10-08T18:59:22","modified_gmt":"2025-10-08T17:59:22","slug":"best-restaurants-in-motril","status":"publish","type":"page","link":"https:\/\/costatropical.com\/es\/best-restaurants-in-motril\/","title":{"rendered":"Mejores restaurantes de Motril"},"content":{"rendered":"<div data-elementor-type=\"wp-page\" data-elementor-id=\"10062\" class=\"elementor elementor-10062\" data-elementor-post-type=\"page\">\n\t\t\t\t\t\t<section class=\"elementor-section elementor-top-section elementor-element elementor-element-e13e2e5 elementor-section-boxed elementor-section-height-default elementor-section-height-default rt-parallax-bg-no\" data-id=\"e13e2e5\" data-element_type=\"section\" data-e-type=\"section\">\n\t\t\t\t\t\t<div class=\"elementor-container elementor-column-gap-default\">\n\t\t\t\t\t<div class=\"elementor-column elementor-col-100 elementor-top-column elementor-element elementor-element-42680cb\" data-id=\"42680cb\" data-element_type=\"column\" data-e-type=\"column\">\n\t\t\t<div class=\"elementor-widget-wrap elementor-element-populated\">\n\t\t\t\t\t\t<div class=\"elementor-element elementor-element-e325a6e elementor-widget elementor-widget-spacer\" data-id=\"e325a6e\" data-element_type=\"widget\" data-e-type=\"widget\" data-widget_type=\"spacer.default\">\n\t\t\t\t<div class=\"elementor-widget-container\">\n\t\t\t\t\t\t\t<div class=\"elementor-spacer\">\n\t\t\t<div class=\"elementor-spacer-inner\"><\/div>\n\t\t<\/div>\n\t\t\t\t\t\t<\/div>\n\t\t\t\t<\/div>\n\t\t\t\t<div class=\"elementor-element elementor-element-729032f elementor-widget elementor-widget-heading\" data-id=\"729032f\" data-element_type=\"widget\" data-e-type=\"widget\" data-widget_type=\"heading.default\">\n\t\t\t\t<div class=\"elementor-widget-container\">\n\t\t\t\t\t<h2 class=\"elementor-heading-title elementor-size-default\">Mejores restaurantes de Motril<\/h2>\t\t\t\t<\/div>\n\t\t\t\t<\/div>\n\t\t\t\t\t<\/div>\n\t\t<\/div>\n\t\t\t\t\t<\/div>\n\t\t<\/section>\n\t\t\t\t<section class=\"elementor-section elementor-top-section elementor-element elementor-element-9db5f62 elementor-section-boxed elementor-section-height-default elementor-section-height-default rt-parallax-bg-no\" data-id=\"9db5f62\" data-element_type=\"section\" data-e-type=\"section\">\n\t\t\t\t\t\t<div class=\"elementor-container elementor-column-gap-default\">\n\t\t\t\t\t<div class=\"elementor-column elementor-col-100 elementor-top-column elementor-element elementor-element-e50616f\" data-id=\"e50616f\" data-element_type=\"column\" data-e-type=\"column\">\n\t\t\t<div class=\"elementor-widget-wrap\">\n\t\t\t\t\t\t\t<\/div>\n\t\t<\/div>\n\t\t\t\t\t<\/div>\n\t\t<\/section>\n\t\t\t\t<section class=\"elementor-section elementor-top-section elementor-element elementor-element-6eab736 elementor-section-boxed elementor-section-height-default elementor-section-height-default rt-parallax-bg-no\" data-id=\"6eab736\" data-element_type=\"section\" data-e-type=\"section\">\n\t\t\t\t\t\t<div class=\"elementor-container elementor-column-gap-default\">\n\t\t\t\t\t<div class=\"elementor-column elementor-col-100 elementor-top-column elementor-element elementor-element-ae3792e\" data-id=\"ae3792e\" data-element_type=\"column\" data-e-type=\"column\">\n\t\t\t<div class=\"elementor-widget-wrap elementor-element-populated\">\n\t\t\t\t\t\t<div class=\"elementor-element elementor-element-3e3c17f elementor-widget elementor-widget-text-editor\" data-id=\"3e3c17f\" data-element_type=\"widget\" data-e-type=\"widget\" data-widget_type=\"text-editor.default\">\n\t\t\t\t<div class=\"elementor-widget-container\">\n\t\t\t\t\t\t\t\t\t<p>Bienvenido a nuestro pr\u00e1ctico directorio que destaca los mejores restaurantes en Motril. Esta lista cuidadosamente seleccionada resalta los lugares de comida m\u00e1s destacados de la ciudad, cada uno ofreciendo una combinaci\u00f3n \u00fanica de sabores y ambiente. Ya sea que desees probar especialidades locales o est\u00e9s ansioso por explorar innovadoras creaciones culinarias, la escena gastron\u00f3mica de Motril satisface todos los gustos. Utilice esta gu\u00eda para encontrar las mejores experiencias gastron\u00f3micas en Motril, asegurando una comida memorable tanto para residentes como para visitantes. Explore nuestras listas f\u00e1ciles de usar para descubrir los mejores restaurantes en Motril.<\/p>\t\t\t\t\t\t\t\t<\/div>\n\t\t\t\t<\/div>\n\t\t\t\t\t<\/div>\n\t\t<\/div>\n\t\t\t\t\t<\/div>\n\t\t<\/section>\n\t\t\t\t<section class=\"elementor-section elementor-top-section elementor-element elementor-element-dae3baf elementor-section-boxed elementor-section-height-default elementor-section-height-default rt-parallax-bg-no\" data-id=\"dae3baf\" data-element_type=\"section\" data-e-type=\"section\">\n\t\t\t\t\t\t<div class=\"elementor-container elementor-column-gap-default\">\n\t\t\t\t\t<div class=\"elementor-column elementor-col-100 elementor-top-column elementor-element elementor-element-fa53887\" data-id=\"fa53887\" data-element_type=\"column\" data-e-type=\"column\">\n\t\t\t<div class=\"elementor-widget-wrap elementor-element-populated\">\n\t\t\t\t\t\t<div class=\"elementor-element elementor-element-50c49fe title-show-full elementor-widget elementor-widget-rtcl-listing-items\" data-id=\"50c49fe\" data-element_type=\"widget\" data-e-type=\"widget\" data-widget_type=\"rtcl-listing-items.default\">\n\t\t\t\t<div class=\"elementor-widget-container\">\n\t\t\t\t\t\n<div class=\"rtcl rtcl-listings-sc-wrapper rtcl-elementor-widget\">\n\t<div class=\"rtcl-listings-wrapper\">\n\t\t\t\t<div class=\"rtcl-listings rtcl-ajax-listings rtcl-grid-view rtcl-style-1-view columns-4  tab-columns-2 mobile-columns-2\">\n\t\t\t\n\t\t\t\t<div class=\"rtcl-widget-listing-item listing-item rtcl-listing-item post-11718 status-publish is-top is-popular rtcl_category-restaurant rtcl_category-spanish rtcl_location-motril\">\n\t\t\t\t\t\n\t\t\t\t\t\n\t\t\t\t\t<div class='listing-thumb'><div class='listing-thumb-inner'><a href='https:\/\/costatropical.com\/es\/listing\/el-capricho-de-eiffel\/' title='El Capricho de Eiffel'><img fetchpriority=\"high\" decoding=\"async\" width=\"300\" height=\"195\" src=\"https:\/\/costatropical.com\/wp-content\/uploads\/classified-listing\/2024\/03\/Capricho_Eiffel-370x240.jpg\" class=\"rtcl-thumbnail\" alt=\"Capricho_Eiffel\" title=\"\"><\/a><div class=\"rtcl-meta-buttons-wrap horizontal-layout meta-button-count-2\">\t\t\t\t\t\t<div class=\"rtcl-fav rtcl-el-button\">\n\t\t\t\t\t\t\t<a href=\"\/es\/void(0)\/\" class=\"rtcl-require-login\"><span class=\"rtcl-icon rtcl-icon-heart-empty\"><\/span><span class=\"favourite-label\">Favourite<\/span><\/a>\t\t\t\t\t\t<\/div>\n\t\t\t\t\t\t\t\t\t\t  \t\t\t\t\t\t\t\t\t\t\t\t<div class=\"rtcl-el-button\">\n\t\t\t\t\t\t\t\t\t\t\t\t\t\t\t\t<a class=\"rtcl-compare\" href=\"#\" title=\"Compare\" data-listing_id=\"11718\">\n\t\t\t\t\t\t\t\t\t<i class=\"rtcl-icon rtcl-icon-retweet\"><\/i>\n\t\t\t\t\t\t\t\t<\/a>\n\t\t\t\t\t\t\t<\/div>\n\t\t\t\t\t\t\t\t\t\t\t\t<\/div><\/div><\/div> <div class=\"rtin-content-area\"><div class=\"item-content\"><div class='rtcl-listing-badge-wrap'><\/div>\n <div class=\"category\"><a href=\"https:\/\/costatropical.com\/es\/listing-category\/restaurant\/\">Restaurantes<\/a><span class=\"rtcl-delimiter\">,<\/span><a href=\"https:\/\/costatropical.com\/es\/listing-category\/restaurant\/spanish\/\">Espa\u00f1ola<\/a><\/div> <h3 class=\"listing-title rtcl-listing-title\"><a href=\"https:\/\/costatropical.com\/es\/listing\/el-capricho-de-eiffel\/\" title=\"El Capricho de Eiffel\">El Capricho de Eiffel<\/a><\/h3>  <ul class=\"rtcl-listing-meta-data\">   <li class=\"location\"><i class=\"rtcl-icon rtcl-icon-location\" aria-hidden=\"true\"><\/i><a href=\"https:\/\/costatropical.com\/es\/location\/motril\/\">Motril<\/a><\/li> <li class=\"view\"><i class=\"rtcl-icon rtcl-icon-eye\" aria-hidden=\"true\"><\/i>1.361 views<\/li><\/ul>  <div class=\"rtin-right\"> <\/div><\/div><\/div>\n\t\t\t\t<\/div>\n\n\t\t\t\n\t\t\t\t<div class=\"rtcl-widget-listing-item listing-item rtcl-listing-item post-10050 status-publish is-top is-popular rtcl_category-restaurant rtcl_category-spanish rtcl_location-motril\">\n\t\t\t\t\t\n\t\t\t\t\t\n\t\t\t\t\t<div class='listing-thumb'><div class='listing-thumb-inner'><a href='https:\/\/costatropical.com\/es\/listing\/espacio-ime\/' title='Espacio IME'><img decoding=\"async\" width=\"300\" height=\"195\" src=\"https:\/\/costatropical.com\/wp-content\/uploads\/classified-listing\/2023\/10\/Espacio-IME5-370x240.jpg\" class=\"rtcl-thumbnail\" alt=\"Espacio-IME5\" title=\"\"><\/a><div class=\"rtcl-meta-buttons-wrap horizontal-layout meta-button-count-2\">\t\t\t\t\t\t<div class=\"rtcl-fav rtcl-el-button\">\n\t\t\t\t\t\t\t<a href=\"\/es\/void(0)\/\" class=\"rtcl-require-login\"><span class=\"rtcl-icon rtcl-icon-heart-empty\"><\/span><span class=\"favourite-label\">Favourite<\/span><\/a>\t\t\t\t\t\t<\/div>\n\t\t\t\t\t\t\t\t\t\t  \t\t\t\t\t\t\t\t\t\t\t\t<div class=\"rtcl-el-button\">\n\t\t\t\t\t\t\t\t\t\t\t\t\t\t\t\t<a class=\"rtcl-compare\" href=\"#\" title=\"Compare\" data-listing_id=\"10050\">\n\t\t\t\t\t\t\t\t\t<i class=\"rtcl-icon rtcl-icon-retweet\"><\/i>\n\t\t\t\t\t\t\t\t<\/a>\n\t\t\t\t\t\t\t<\/div>\n\t\t\t\t\t\t\t\t\t\t\t\t<\/div><\/div><\/div> <div class=\"rtin-content-area\"><div class=\"item-content\"><div class='rtcl-listing-badge-wrap'><\/div>\n <div class=\"category\"><a href=\"https:\/\/costatropical.com\/es\/listing-category\/restaurant\/\">Restaurantes<\/a><span class=\"rtcl-delimiter\">,<\/span><a href=\"https:\/\/costatropical.com\/es\/listing-category\/restaurant\/spanish\/\">Espa\u00f1ola<\/a><\/div> <h3 class=\"listing-title rtcl-listing-title\"><a href=\"https:\/\/costatropical.com\/es\/listing\/espacio-ime\/\" title=\"Espacio IME\">Espacio IME<\/a><\/h3>  <ul class=\"rtcl-listing-meta-data\">   <li class=\"location\"><i class=\"rtcl-icon rtcl-icon-location\" aria-hidden=\"true\"><\/i><a href=\"https:\/\/costatropical.com\/es\/location\/motril\/\">Motril<\/a><\/li> <li class=\"view\"><i class=\"rtcl-icon rtcl-icon-eye\" aria-hidden=\"true\"><\/i>896 views<\/li><\/ul>  <div class=\"rtin-right\"> <\/div><\/div><\/div>\n\t\t\t\t<\/div>\n\n\t\t\t\n\t\t\t\t<div class=\"rtcl-widget-listing-item listing-item rtcl-listing-item post-11406 status-publish is-top is-popular rtcl_category-mediterranean rtcl_category-restaurant rtcl_location-motril\">\n\t\t\t\t\t\n\t\t\t\t\t\n\t\t\t\t\t<div class='listing-thumb'><div class='listing-thumb-inner'><a href='https:\/\/costatropical.com\/es\/listing\/el-quinteto\/' title='El Quinteto'><img decoding=\"async\" width=\"300\" height=\"195\" src=\"https:\/\/costatropical.com\/wp-content\/uploads\/classified-listing\/2024\/02\/quinteto3-370x240.jpg\" class=\"rtcl-thumbnail\" alt=\"quinteto3\" title=\"\"><\/a><div class=\"rtcl-meta-buttons-wrap horizontal-layout meta-button-count-2\">\t\t\t\t\t\t<div class=\"rtcl-fav rtcl-el-button\">\n\t\t\t\t\t\t\t<a href=\"\/es\/void(0)\/\" class=\"rtcl-require-login\"><span class=\"rtcl-icon rtcl-icon-heart-empty\"><\/span><span class=\"favourite-label\">Favourite<\/span><\/a>\t\t\t\t\t\t<\/div>\n\t\t\t\t\t\t\t\t\t\t  \t\t\t\t\t\t\t\t\t\t\t\t<div class=\"rtcl-el-button\">\n\t\t\t\t\t\t\t\t\t\t\t\t\t\t\t\t<a class=\"rtcl-compare\" href=\"#\" title=\"Compare\" data-listing_id=\"11406\">\n\t\t\t\t\t\t\t\t\t<i class=\"rtcl-icon rtcl-icon-retweet\"><\/i>\n\t\t\t\t\t\t\t\t<\/a>\n\t\t\t\t\t\t\t<\/div>\n\t\t\t\t\t\t\t\t\t\t\t\t<\/div><\/div><\/div> <div class=\"rtin-content-area\"><div class=\"item-content\"><div class='rtcl-listing-badge-wrap'><\/div>\n <div class=\"category\"><a href=\"https:\/\/costatropical.com\/es\/listing-category\/restaurant\/mediterranean\/\">Mediterr\u00e1nea<\/a><span class=\"rtcl-delimiter\">,<\/span><a href=\"https:\/\/costatropical.com\/es\/listing-category\/restaurant\/\">Restaurantes<\/a><\/div> <h3 class=\"listing-title rtcl-listing-title\"><a href=\"https:\/\/costatropical.com\/es\/listing\/el-quinteto\/\" title=\"El Quinteto\">El Quinteto<\/a><\/h3>  <ul class=\"rtcl-listing-meta-data\">   <li class=\"location\"><i class=\"rtcl-icon rtcl-icon-location\" aria-hidden=\"true\"><\/i><a href=\"https:\/\/costatropical.com\/es\/location\/motril\/\">Motril<\/a><\/li> <li class=\"view\"><i class=\"rtcl-icon rtcl-icon-eye\" aria-hidden=\"true\"><\/i>799 views<\/li><\/ul>  <div class=\"rtin-right\"> <\/div><\/div><\/div>\n\t\t\t\t<\/div>\n\n\t\t\t\t\t\t\n\t\t<\/div>\n\t\t\t<\/div>\n<\/div>\n\t\t\t\t<\/div>\n\t\t\t\t<\/div>\n\t\t\t\t\t<\/div>\n\t\t<\/div>\n\t\t\t\t\t<\/div>\n\t\t<\/section>\n\t\t\t\t<section class=\"elementor-section elementor-top-section elementor-element elementor-element-b43aa7c elementor-section-boxed elementor-section-height-default elementor-section-height-default rt-parallax-bg-no\" data-id=\"b43aa7c\" data-element_type=\"section\" data-e-type=\"section\">\n\t\t\t\t\t\t<div class=\"elementor-container elementor-column-gap-default\">\n\t\t\t\t\t<div class=\"elementor-column elementor-col-100 elementor-top-column elementor-element elementor-element-89ef845\" data-id=\"89ef845\" data-element_type=\"column\" data-e-type=\"column\">\n\t\t\t<div class=\"elementor-widget-wrap elementor-element-populated\">\n\t\t\t\t\t\t<div class=\"elementor-element elementor-element-b98907f elementor-widget elementor-widget-text-editor\" data-id=\"b98907f\" data-element_type=\"widget\" data-e-type=\"widget\" data-widget_type=\"text-editor.default\">\n\t\t\t\t<div class=\"elementor-widget-container\">\n\t\t\t\t\t\t\t\t\t<h4>Explora este sitio web<\/h4><ul><li><a href=\"https:\/\/costatropical.com\/es\/motril\/\">Motril<\/a><\/li><li><a href=\"https:\/\/costatropical.com\/es\/mejores-hoteles-motril\/\">Mejores hoteles de Motril<\/a><\/li><li><a href=\"https:\/\/costatropical.com\/es\/mejores-bares-motril\/\">Mejores bares de Motril<\/a><\/li><li class=\"elementor-sitemap-item elementor-sitemap-item-page page_item page-item-12077\"><a href=\"https:\/\/costatropical.com\/es\/events-in-motril\/\">Eventos en Motril<\/a><\/li><li class=\"elementor-sitemap-item elementor-sitemap-item-page page_item page-item-12115\"><a href=\"https:\/\/costatropical.com\/es\/musica-en-directo\/\">M\u00fasica en directo<\/a><\/li><li class=\"elementor-sitemap-item elementor-sitemap-item-page page_item page-item-11769\"><a href=\"https:\/\/costatropical.com\/es\/tours-desde-motril\/\">Tours desde Motril<\/a><\/li><li class=\"elementor-sitemap-item elementor-sitemap-item-page page_item page-item-11280\"><a href=\"https:\/\/costatropical.com\/es\/alquiler-vacacional-motril\/\">Alquileres tur\u00edstico en Motril<\/a><\/li><\/ul>\t\t\t\t\t\t\t\t<\/div>\n\t\t\t\t<\/div>\n\t\t\t\t\t<\/div>\n\t\t<\/div>\n\t\t\t\t\t<\/div>\n\t\t<\/section>\n\t\t\t\t<section class=\"elementor-section elementor-top-section elementor-element elementor-element-483f4a7 elementor-section-boxed elementor-section-height-default elementor-section-height-default rt-parallax-bg-no\" data-id=\"483f4a7\" data-element_type=\"section\" data-e-type=\"section\">\n\t\t\t\t\t\t<div class=\"elementor-container elementor-column-gap-default\">\n\t\t\t\t\t<div class=\"elementor-column elementor-col-100 elementor-top-column elementor-element elementor-element-b5df2f9\" data-id=\"b5df2f9\" data-element_type=\"column\" data-e-type=\"column\">\n\t\t\t<div class=\"elementor-widget-wrap\">\n\t\t\t\t\t\t\t<\/div>\n\t\t<\/div>\n\t\t\t\t\t<\/div>\n\t\t<\/section>\n\t\t\t\t<section class=\"elementor-section elementor-top-section elementor-element elementor-element-f1734f7 elementor-section-boxed elementor-section-height-default elementor-section-height-default rt-parallax-bg-no\" data-id=\"f1734f7\" data-element_type=\"section\" data-e-type=\"section\">\n\t\t\t\t\t\t<div class=\"elementor-container elementor-column-gap-default\">\n\t\t\t\t\t<div class=\"elementor-column elementor-col-100 elementor-top-column elementor-element elementor-element-940850b\" data-id=\"940850b\" data-element_type=\"column\" data-e-type=\"column\">\n\t\t\t<div class=\"elementor-widget-wrap elementor-element-populated\">\n\t\t\t\t\t\t<div class=\"elementor-element elementor-element-0c4ea8d elementor-widget__width-initial elementor-widget elementor-widget-text-editor\" data-id=\"0c4ea8d\" data-element_type=\"widget\" data-e-type=\"widget\" data-widget_type=\"text-editor.default\">\n\t\t\t\t<div class=\"elementor-widget-container\">\n\t\t\t\t\t\t\t\t\t<p><strong>\u00bfTIENES UN NEGOCIO?<\/strong><\/p>\t\t\t\t\t\t\t\t<\/div>\n\t\t\t\t<\/div>\n\t\t\t\t<div class=\"elementor-element elementor-element-aa53046 elementor-widget elementor-widget-heading\" data-id=\"aa53046\" data-element_type=\"widget\" data-e-type=\"widget\" data-widget_type=\"heading.default\">\n\t\t\t\t<div class=\"elementor-widget-container\">\n\t\t\t\t\t<h2 class=\"elementor-heading-title elementor-size-default\">Haz que tu negocio sea visible en<strong> <\/strong><strong style=\"color: #4a90e2\">CostaTropical.com<\/strong><br> \n<\/h2>\t\t\t\t<\/div>\n\t\t\t\t<\/div>\n\t\t\t\t<div class=\"elementor-element elementor-element-b8944e3 elementor-widget elementor-widget-heading\" data-id=\"b8944e3\" data-element_type=\"widget\" data-e-type=\"widget\" data-widget_type=\"heading.default\">\n\t\t\t\t<div class=\"elementor-widget-container\">\n\t\t\t\t\t<h2 class=\"elementor-heading-title elementor-size-default\">La gu\u00eda de referencia para vecinos, residente y turistas en la Costa Tropical. Pon tu negocio frente a miles de personas cada mes y aparece en los primeros resultados de Google.<\/h2>\t\t\t\t<\/div>\n\t\t\t\t<\/div>\n\t\t\t\t<div class=\"elementor-element elementor-element-2ce64e7 elementor-hidden-tablet elementor-widget elementor-widget-heading\" data-id=\"2ce64e7\" data-element_type=\"widget\" data-e-type=\"widget\" data-widget_type=\"heading.default\">\n\t\t\t\t<div class=\"elementor-widget-container\">\n\t\t\t\t\t<h2 class=\"elementor-heading-title elementor-size-default\">Aparece donde se preparan los planes para la Costa Tropical.\n<\/h2>\t\t\t\t<\/div>\n\t\t\t\t<\/div>\n\t\t\t\t<div class=\"elementor-element elementor-element-4049a3a elementor-widget__width-initial elementor-widget elementor-widget-text-editor\" data-id=\"4049a3a\" data-element_type=\"widget\" data-e-type=\"widget\" data-widget_type=\"text-editor.default\">\n\t\t\t\t<div class=\"elementor-widget-container\">\n\t\t\t\t\t\t\t\t\t<p><a href=\"https:\/\/costatropical.com\/es\/publicidad\/\"><span style=\"text-decoration: underline;\">Haz clic aqu\u00ed<\/span> para obtener m\u00e1s informaci\u00f3n<\/a><\/p>\t\t\t\t\t\t\t\t<\/div>\n\t\t\t\t<\/div>\n\t\t\t\t\t<\/div>\n\t\t<\/div>\n\t\t\t\t\t<\/div>\n\t\t<\/section>\n\t\t\t\t<\/div>","protected":false},"excerpt":{"rendered":"<p>Best Restaurants in Motril Welcome to our practical directory featuring the best restaurants in Motril. This carefully curated list highlights<\/p>","protected":false},"author":1,"featured_media":0,"parent":0,"menu_order":0,"comment_status":"closed","ping_status":"closed","template":"templates\/blank.php","meta":{"_rtcl_gb_attr":"","footnotes":""},"class_list":["post-10062","page","type-page","status-publish","hentry"],"_links":{"self":[{"href":"https:\/\/costatropical.com\/es\/wp-json\/wp\/v2\/pages\/10062","targetHints":{"allow":["GET"]}}],"collection":[{"href":"https:\/\/costatropical.com\/es\/wp-json\/wp\/v2\/pages"}],"about":[{"href":"https:\/\/costatropical.com\/es\/wp-json\/wp\/v2\/types\/page"}],"author":[{"embeddable":true,"href":"https:\/\/costatropical.com\/es\/wp-json\/wp\/v2\/users\/1"}],"replies":[{"embeddable":true,"href":"https:\/\/costatropical.com\/es\/wp-json\/wp\/v2\/comments?post=10062"}],"version-history":[{"count":0,"href":"https:\/\/costatropical.com\/es\/wp-json\/wp\/v2\/pages\/10062\/revisions"}],"wp:attachment":[{"href":"https:\/\/costatropical.com\/es\/wp-json\/wp\/v2\/media?parent=10062"}],"curies":[{"name":"wp","href":"https:\/\/api.w.org\/{rel}","templated":true}]}}