{"id":10061,"date":"2023-10-16T13:56:33","date_gmt":"2023-10-16T12:56:33","guid":{"rendered":"https:\/\/costatropical.com\/?page_id=10061"},"modified":"2025-10-08T18:59:37","modified_gmt":"2025-10-08T17:59:37","slug":"mejores-restaurantes-salobrena","status":"publish","type":"page","link":"https:\/\/costatropical.com\/es\/best-restaurants-in-salobrena\/","title":{"rendered":"Mejores restaurantes de Salobre\u00f1a"},"content":{"rendered":"<div data-elementor-type=\"wp-page\" data-elementor-id=\"10061\" class=\"elementor elementor-10061\" data-elementor-post-type=\"page\">\n\t\t\t\t\t\t<section class=\"elementor-section elementor-top-section elementor-element elementor-element-e13e2e5 elementor-section-boxed elementor-section-height-default elementor-section-height-default rt-parallax-bg-no\" data-id=\"e13e2e5\" data-element_type=\"section\" data-e-type=\"section\">\n\t\t\t\t\t\t<div class=\"elementor-container elementor-column-gap-default\">\n\t\t\t\t\t<div class=\"elementor-column elementor-col-100 elementor-top-column elementor-element elementor-element-42680cb\" data-id=\"42680cb\" data-element_type=\"column\" data-e-type=\"column\">\n\t\t\t<div class=\"elementor-widget-wrap elementor-element-populated\">\n\t\t\t\t\t\t<div class=\"elementor-element elementor-element-e325a6e elementor-widget elementor-widget-spacer\" data-id=\"e325a6e\" data-element_type=\"widget\" data-e-type=\"widget\" data-widget_type=\"spacer.default\">\n\t\t\t\t<div class=\"elementor-widget-container\">\n\t\t\t\t\t\t\t<div class=\"elementor-spacer\">\n\t\t\t<div class=\"elementor-spacer-inner\"><\/div>\n\t\t<\/div>\n\t\t\t\t\t\t<\/div>\n\t\t\t\t<\/div>\n\t\t\t\t<div class=\"elementor-element elementor-element-729032f elementor-widget elementor-widget-heading\" data-id=\"729032f\" data-element_type=\"widget\" data-e-type=\"widget\" data-widget_type=\"heading.default\">\n\t\t\t\t<div class=\"elementor-widget-container\">\n\t\t\t\t\t<h2 class=\"elementor-heading-title elementor-size-default\">Mejores restaurantes de Salobre\u00f1a<\/h2>\t\t\t\t<\/div>\n\t\t\t\t<\/div>\n\t\t\t\t\t<\/div>\n\t\t<\/div>\n\t\t\t\t\t<\/div>\n\t\t<\/section>\n\t\t\t\t<section class=\"elementor-section elementor-top-section elementor-element elementor-element-9db5f62 elementor-section-boxed elementor-section-height-default elementor-section-height-default rt-parallax-bg-no\" data-id=\"9db5f62\" data-element_type=\"section\" data-e-type=\"section\">\n\t\t\t\t\t\t<div class=\"elementor-container elementor-column-gap-default\">\n\t\t\t\t\t<div class=\"elementor-column elementor-col-100 elementor-top-column elementor-element elementor-element-e50616f\" data-id=\"e50616f\" data-element_type=\"column\" data-e-type=\"column\">\n\t\t\t<div class=\"elementor-widget-wrap\">\n\t\t\t\t\t\t\t<\/div>\n\t\t<\/div>\n\t\t\t\t\t<\/div>\n\t\t<\/section>\n\t\t\t\t<section class=\"elementor-section elementor-top-section elementor-element elementor-element-e5443aa elementor-section-boxed elementor-section-height-default elementor-section-height-default rt-parallax-bg-no\" data-id=\"e5443aa\" data-element_type=\"section\" data-e-type=\"section\">\n\t\t\t\t\t\t<div class=\"elementor-container elementor-column-gap-default\">\n\t\t\t\t\t<div class=\"elementor-column elementor-col-100 elementor-top-column elementor-element elementor-element-58c5db1\" data-id=\"58c5db1\" data-element_type=\"column\" data-e-type=\"column\">\n\t\t\t<div class=\"elementor-widget-wrap elementor-element-populated\">\n\t\t\t\t\t\t<div class=\"elementor-element elementor-element-67abbfb elementor-widget elementor-widget-text-editor\" data-id=\"67abbfb\" data-element_type=\"widget\" data-e-type=\"widget\" data-widget_type=\"text-editor.default\">\n\t\t\t\t<div class=\"elementor-widget-container\">\n\t\t\t\t\t\t\t\t\t<p>Bienvenido a nuestro pr\u00e1ctico directorio que destaca los mejores restaurantes en Salobre\u00f1a. Esta lista cuidadosamente seleccionada resalta los lugares de comida m\u00e1s destacados de la ciudad, cada uno ofreciendo una combinaci\u00f3n \u00fanica de sabores y ambiente. Ya sea que desees probar especialidades locales o est\u00e9s ansioso por explorar innovadoras creaciones culinarias, la escena gastron\u00f3mica de Salobre\u00f1a satisface todos los gustos. Utilice esta gu\u00eda para encontrar las mejores experiencias gastron\u00f3micas en Salobre\u00f1a, asegurando una comida memorable tanto para residentes como para visitantes. Explore nuestras listas f\u00e1ciles de usar para descubrir los mejores restaurantes en Salobre\u00f1a.<\/p>\t\t\t\t\t\t\t\t<\/div>\n\t\t\t\t<\/div>\n\t\t\t\t\t<\/div>\n\t\t<\/div>\n\t\t\t\t\t<\/div>\n\t\t<\/section>\n\t\t\t\t<section class=\"elementor-section elementor-top-section elementor-element elementor-element-87ef04e elementor-section-boxed elementor-section-height-default elementor-section-height-default rt-parallax-bg-no\" data-id=\"87ef04e\" data-element_type=\"section\" data-e-type=\"section\">\n\t\t\t\t\t\t<div class=\"elementor-container elementor-column-gap-default\">\n\t\t\t\t\t<div class=\"elementor-column elementor-col-100 elementor-top-column elementor-element elementor-element-f033d50\" data-id=\"f033d50\" data-element_type=\"column\" data-e-type=\"column\">\n\t\t\t<div class=\"elementor-widget-wrap elementor-element-populated\">\n\t\t\t\t\t\t<div class=\"elementor-element elementor-element-d416249 title-show-full elementor-widget elementor-widget-rtcl-listing-items\" data-id=\"d416249\" data-element_type=\"widget\" data-e-type=\"widget\" data-widget_type=\"rtcl-listing-items.default\">\n\t\t\t\t<div class=\"elementor-widget-container\">\n\t\t\t\t\t\n<div class=\"rtcl rtcl-listings-sc-wrapper rtcl-elementor-widget\">\n\t<div class=\"rtcl-listings-wrapper\">\n\t\t\t\t<div class=\"rtcl-listings rtcl-ajax-listings rtcl-grid-view rtcl-style-1-view columns-4  tab-columns-2 mobile-columns-2\">\n\t\t\t\n\t\t\t\t<div class=\"rtcl-widget-listing-item listing-item rtcl-listing-item post-11449 status-publish is-featured is-top is-popular rtcl_category-mediterranean rtcl_category-restaurant rtcl_location-salobrena\">\n\t\t\t\t\t\n\t\t\t\t\t\n\t\t\t\t\t<div class='listing-thumb'><div class='listing-thumb-inner'><a href='https:\/\/costatropical.com\/es\/listing\/el-molino\/' title='El Molino'><img fetchpriority=\"high\" decoding=\"async\" width=\"300\" height=\"195\" src=\"https:\/\/costatropical.com\/wp-content\/uploads\/classified-listing\/2024\/02\/El-Molino3-370x240.jpg\" class=\"rtcl-thumbnail\" alt=\"El-Molino3\" title=\"\"><\/a><div class=\"rtcl-meta-buttons-wrap horizontal-layout meta-button-count-2\">\t\t\t\t\t\t<div class=\"rtcl-fav rtcl-el-button\">\n\t\t\t\t\t\t\t<a href=\"\/es\/void(0)\/\" class=\"rtcl-require-login\"><span class=\"rtcl-icon rtcl-icon-heart-empty\"><\/span><span class=\"favourite-label\">Favourite<\/span><\/a>\t\t\t\t\t\t<\/div>\n\t\t\t\t\t\t\t\t\t\t  \t\t\t\t\t\t\t\t\t\t\t\t<div class=\"rtcl-el-button\">\n\t\t\t\t\t\t\t\t\t\t\t\t\t\t\t\t<a class=\"rtcl-compare\" href=\"#\" title=\"Compare\" data-listing_id=\"11449\">\n\t\t\t\t\t\t\t\t\t<i class=\"rtcl-icon rtcl-icon-retweet\"><\/i>\n\t\t\t\t\t\t\t\t<\/a>\n\t\t\t\t\t\t\t<\/div>\n\t\t\t\t\t\t\t\t\t\t\t\t<\/div><\/div><\/div> <div class=\"rtin-content-area\"><div class=\"item-content\"><div class='rtcl-listing-badge-wrap'><span class=\"badge rtcl-badge-featured\">Featured<\/span><\/div>\n <div class=\"category\"><a href=\"https:\/\/costatropical.com\/es\/listing-category\/restaurant\/mediterranean\/\">Mediterr\u00e1nea<\/a><span class=\"rtcl-delimiter\">,<\/span><a href=\"https:\/\/costatropical.com\/es\/listing-category\/restaurant\/\">Restaurantes<\/a><\/div> <h3 class=\"listing-title rtcl-listing-title\"><a href=\"https:\/\/costatropical.com\/es\/listing\/el-molino\/\" title=\"El Molino\">El Molino<\/a><\/h3>  <ul class=\"rtcl-listing-meta-data\">  <li class=\"date\"><i class=\"rtcl-icon rtcl-icon-clock\" aria-hidden=\"true\"><\/i>2 a\u00f1os ago<\/li> <li class=\"location\"><i class=\"rtcl-icon rtcl-icon-location\" aria-hidden=\"true\"><\/i><a href=\"https:\/\/costatropical.com\/es\/location\/salobrena\/\">Salobre\u00f1a<\/a><\/li> <li class=\"view\"><i class=\"rtcl-icon rtcl-icon-eye\" aria-hidden=\"true\"><\/i>1.212 views<\/li><\/ul>  <div class=\"rtin-right\"><div class=\"item-price\"><div class=\"rtcl-price price-type-fixed\"><\/div><\/div> <\/div><\/div><\/div>\n\t\t\t\t<\/div>\n\n\t\t\t\n\t\t\t\t<div class=\"rtcl-widget-listing-item listing-item rtcl-listing-item post-11436 status-publish is-featured is-top is-popular rtcl_category-mediterranean rtcl_category-restaurant rtcl_location-salobrena\">\n\t\t\t\t\t\n\t\t\t\t\t\n\t\t\t\t\t<div class='listing-thumb'><div class='listing-thumb-inner'><a href='https:\/\/costatropical.com\/es\/listing\/hotel-miba-sky-bar-and-restaurant-2\/' title='Hotel Miba Sky Bar and Restaurant'><img decoding=\"async\" width=\"300\" height=\"195\" src=\"https:\/\/costatropical.com\/wp-content\/uploads\/classified-listing\/2024\/02\/Hotel-Miba-Restaurant-1-370x240.jpg\" class=\"rtcl-thumbnail\" alt=\"Hotel-Miba-Restaurant-1\" title=\"\"><\/a><div class=\"rtcl-meta-buttons-wrap horizontal-layout meta-button-count-2\">\t\t\t\t\t\t<div class=\"rtcl-fav rtcl-el-button\">\n\t\t\t\t\t\t\t<a href=\"\/es\/void(0)\/\" class=\"rtcl-require-login\"><span class=\"rtcl-icon rtcl-icon-heart-empty\"><\/span><span class=\"favourite-label\">Favourite<\/span><\/a>\t\t\t\t\t\t<\/div>\n\t\t\t\t\t\t\t\t\t\t  \t\t\t\t\t\t\t\t\t\t\t\t<div class=\"rtcl-el-button\">\n\t\t\t\t\t\t\t\t\t\t\t\t\t\t\t\t<a class=\"rtcl-compare\" href=\"#\" title=\"Compare\" data-listing_id=\"11436\">\n\t\t\t\t\t\t\t\t\t<i class=\"rtcl-icon rtcl-icon-retweet\"><\/i>\n\t\t\t\t\t\t\t\t<\/a>\n\t\t\t\t\t\t\t<\/div>\n\t\t\t\t\t\t\t\t\t\t\t\t<\/div><\/div><\/div> <div class=\"rtin-content-area\"><div class=\"item-content\"><div class='rtcl-listing-badge-wrap'><span class=\"badge rtcl-badge-featured\">Featured<\/span><\/div>\n <div class=\"category\"><a href=\"https:\/\/costatropical.com\/es\/listing-category\/restaurant\/mediterranean\/\">Mediterr\u00e1nea<\/a><span class=\"rtcl-delimiter\">,<\/span><a href=\"https:\/\/costatropical.com\/es\/listing-category\/restaurant\/\">Restaurantes<\/a><\/div> <h3 class=\"listing-title rtcl-listing-title\"><a href=\"https:\/\/costatropical.com\/es\/listing\/hotel-miba-sky-bar-and-restaurant-2\/\" title=\"Hotel Miba Sky Bar and Restaurant\">Hotel Miba Sky Bar and Restaurant<\/a><\/h3>  <ul class=\"rtcl-listing-meta-data\">  <li class=\"date\"><i class=\"rtcl-icon rtcl-icon-clock\" aria-hidden=\"true\"><\/i>2 a\u00f1os ago<\/li> <li class=\"location\"><i class=\"rtcl-icon rtcl-icon-location\" aria-hidden=\"true\"><\/i><a href=\"https:\/\/costatropical.com\/es\/location\/salobrena\/\">Salobre\u00f1a<\/a><\/li> <li class=\"view\"><i class=\"rtcl-icon rtcl-icon-eye\" aria-hidden=\"true\"><\/i>1.354 views<\/li><\/ul>  <div class=\"rtin-right\"><div class=\"item-price\"><div class=\"rtcl-price price-type-fixed\"><\/div><\/div> <\/div><\/div><\/div>\n\t\t\t\t<\/div>\n\n\t\t\t\n\t\t\t\t<div class=\"rtcl-widget-listing-item listing-item rtcl-listing-item post-11428 status-publish is-featured is-top is-popular rtcl_category-mediterranean rtcl_category-restaurant rtcl_location-salobrena\">\n\t\t\t\t\t\n\t\t\t\t\t\n\t\t\t\t\t<div class='listing-thumb'><div class='listing-thumb-inner'><a href='https:\/\/costatropical.com\/es\/listing\/verdejo-restaurant-in-salobrena\/' title='Verdejo'><img decoding=\"async\" width=\"300\" height=\"195\" src=\"https:\/\/costatropical.com\/wp-content\/uploads\/classified-listing\/2024\/02\/verdejo4-370x240.jpg\" class=\"rtcl-thumbnail\" alt=\"verdejo4\" title=\"\"><\/a><div class=\"rtcl-meta-buttons-wrap horizontal-layout meta-button-count-2\">\t\t\t\t\t\t<div class=\"rtcl-fav rtcl-el-button\">\n\t\t\t\t\t\t\t<a href=\"\/es\/void(0)\/\" class=\"rtcl-require-login\"><span class=\"rtcl-icon rtcl-icon-heart-empty\"><\/span><span class=\"favourite-label\">Favourite<\/span><\/a>\t\t\t\t\t\t<\/div>\n\t\t\t\t\t\t\t\t\t\t  \t\t\t\t\t\t\t\t\t\t\t\t<div class=\"rtcl-el-button\">\n\t\t\t\t\t\t\t\t\t\t\t\t\t\t\t\t<a class=\"rtcl-compare\" href=\"#\" title=\"Compare\" data-listing_id=\"11428\">\n\t\t\t\t\t\t\t\t\t<i class=\"rtcl-icon rtcl-icon-retweet\"><\/i>\n\t\t\t\t\t\t\t\t<\/a>\n\t\t\t\t\t\t\t<\/div>\n\t\t\t\t\t\t\t\t\t\t\t\t<\/div><\/div><\/div> <div class=\"rtin-content-area\"><div class=\"item-content\"><div class='rtcl-listing-badge-wrap'><span class=\"badge rtcl-badge-featured\">Featured<\/span><\/div>\n <div class=\"category\"><a href=\"https:\/\/costatropical.com\/es\/listing-category\/restaurant\/mediterranean\/\">Mediterr\u00e1nea<\/a><span class=\"rtcl-delimiter\">,<\/span><a href=\"https:\/\/costatropical.com\/es\/listing-category\/restaurant\/\">Restaurantes<\/a><\/div> <h3 class=\"listing-title rtcl-listing-title\"><a href=\"https:\/\/costatropical.com\/es\/listing\/verdejo-restaurant-in-salobrena\/\" title=\"Verdejo\">Verdejo<\/a><\/h3>  <ul class=\"rtcl-listing-meta-data\">  <li class=\"date\"><i class=\"rtcl-icon rtcl-icon-clock\" aria-hidden=\"true\"><\/i>2 a\u00f1os ago<\/li> <li class=\"location\"><i class=\"rtcl-icon rtcl-icon-location\" aria-hidden=\"true\"><\/i><a href=\"https:\/\/costatropical.com\/es\/location\/salobrena\/\">Salobre\u00f1a<\/a><\/li> <li class=\"view\"><i class=\"rtcl-icon rtcl-icon-eye\" aria-hidden=\"true\"><\/i>937 views<\/li><\/ul>  <div class=\"rtin-right\"><div class=\"item-price\"><div class=\"rtcl-price price-type-fixed\"><\/div><\/div> <\/div><\/div><\/div>\n\t\t\t\t<\/div>\n\n\t\t\t\n\t\t\t\t<div class=\"rtcl-widget-listing-item listing-item rtcl-listing-item post-11418 status-publish is-featured is-top is-popular rtcl_category-mediterranean rtcl_category-restaurant rtcl_location-salobrena\">\n\t\t\t\t\t\n\t\t\t\t\t\n\t\t\t\t\t<div class='listing-thumb'><div class='listing-thumb-inner'><a href='https:\/\/costatropical.com\/es\/listing\/la-bahia-restaurant-in-salobrena\/' title='La Bah\u00eda'><img loading=\"lazy\" decoding=\"async\" width=\"300\" height=\"195\" src=\"https:\/\/costatropical.com\/wp-content\/uploads\/classified-listing\/2024\/02\/bahia6-370x240.jpg\" class=\"rtcl-thumbnail\" alt=\"bahia6\" title=\"\"><\/a><div class=\"rtcl-meta-buttons-wrap horizontal-layout meta-button-count-2\">\t\t\t\t\t\t<div class=\"rtcl-fav rtcl-el-button\">\n\t\t\t\t\t\t\t<a href=\"\/es\/void(0)\/\" class=\"rtcl-require-login\"><span class=\"rtcl-icon rtcl-icon-heart-empty\"><\/span><span class=\"favourite-label\">Favourite<\/span><\/a>\t\t\t\t\t\t<\/div>\n\t\t\t\t\t\t\t\t\t\t  \t\t\t\t\t\t\t\t\t\t\t\t<div class=\"rtcl-el-button\">\n\t\t\t\t\t\t\t\t\t\t\t\t\t\t\t\t<a class=\"rtcl-compare\" href=\"#\" title=\"Compare\" data-listing_id=\"11418\">\n\t\t\t\t\t\t\t\t\t<i class=\"rtcl-icon rtcl-icon-retweet\"><\/i>\n\t\t\t\t\t\t\t\t<\/a>\n\t\t\t\t\t\t\t<\/div>\n\t\t\t\t\t\t\t\t\t\t\t\t<\/div><\/div><\/div> <div class=\"rtin-content-area\"><div class=\"item-content\"><div class='rtcl-listing-badge-wrap'><span class=\"badge rtcl-badge-featured\">Featured<\/span><\/div>\n <div class=\"category\"><a href=\"https:\/\/costatropical.com\/es\/listing-category\/restaurant\/mediterranean\/\">Mediterr\u00e1nea<\/a><span class=\"rtcl-delimiter\">,<\/span><a href=\"https:\/\/costatropical.com\/es\/listing-category\/restaurant\/\">Restaurantes<\/a><\/div> <h3 class=\"listing-title rtcl-listing-title\"><a href=\"https:\/\/costatropical.com\/es\/listing\/la-bahia-restaurant-in-salobrena\/\" title=\"La Bah\u00eda\">La Bah\u00eda<\/a><\/h3>  <ul class=\"rtcl-listing-meta-data\">  <li class=\"date\"><i class=\"rtcl-icon rtcl-icon-clock\" aria-hidden=\"true\"><\/i>2 a\u00f1os ago<\/li> <li class=\"location\"><i class=\"rtcl-icon rtcl-icon-location\" aria-hidden=\"true\"><\/i><a href=\"https:\/\/costatropical.com\/es\/location\/salobrena\/\">Salobre\u00f1a<\/a><\/li> <li class=\"view\"><i class=\"rtcl-icon rtcl-icon-eye\" aria-hidden=\"true\"><\/i>709 views<\/li><\/ul>  <div class=\"rtin-right\"><div class=\"item-price\"><div class=\"rtcl-price price-type-fixed\"><\/div><\/div> <\/div><\/div><\/div>\n\t\t\t\t<\/div>\n\n\t\t\t\t\t\t\n\t\t<\/div>\n\t\t\t<\/div>\n<\/div>\n\t\t\t\t<\/div>\n\t\t\t\t<\/div>\n\t\t\t\t\t<\/div>\n\t\t<\/div>\n\t\t\t\t\t<\/div>\n\t\t<\/section>\n\t\t\t\t<section class=\"elementor-section elementor-top-section elementor-element elementor-element-60cba20 elementor-section-boxed elementor-section-height-default elementor-section-height-default rt-parallax-bg-no\" data-id=\"60cba20\" data-element_type=\"section\" data-e-type=\"section\">\n\t\t\t\t\t\t<div class=\"elementor-container elementor-column-gap-default\">\n\t\t\t\t\t<div class=\"elementor-column elementor-col-100 elementor-top-column elementor-element elementor-element-9c9b638\" data-id=\"9c9b638\" data-element_type=\"column\" data-e-type=\"column\">\n\t\t\t<div class=\"elementor-widget-wrap elementor-element-populated\">\n\t\t\t\t\t\t<div class=\"elementor-element elementor-element-ea884e2 elementor-widget__width-initial elementor-widget elementor-widget-text-editor\" data-id=\"ea884e2\" data-element_type=\"widget\" data-e-type=\"widget\" data-widget_type=\"text-editor.default\">\n\t\t\t\t<div class=\"elementor-widget-container\">\n\t\t\t\t\t\t\t\t\t<p><strong>\u00bfTIENES UN NEGOCIO?<\/strong><\/p>\t\t\t\t\t\t\t\t<\/div>\n\t\t\t\t<\/div>\n\t\t\t\t<div class=\"elementor-element elementor-element-96a1dfc elementor-widget elementor-widget-heading\" data-id=\"96a1dfc\" data-element_type=\"widget\" data-e-type=\"widget\" data-widget_type=\"heading.default\">\n\t\t\t\t<div class=\"elementor-widget-container\">\n\t\t\t\t\t<h2 class=\"elementor-heading-title elementor-size-default\">Haz que tu negocio sea visible en<strong> <\/strong><strong style=\"color: #4a90e2\">CostaTropical.com<\/strong><br> \n<\/h2>\t\t\t\t<\/div>\n\t\t\t\t<\/div>\n\t\t\t\t<div class=\"elementor-element elementor-element-a1261bb elementor-widget elementor-widget-heading\" data-id=\"a1261bb\" data-element_type=\"widget\" data-e-type=\"widget\" data-widget_type=\"heading.default\">\n\t\t\t\t<div class=\"elementor-widget-container\">\n\t\t\t\t\t<h2 class=\"elementor-heading-title elementor-size-default\">La gu\u00eda de referencia para vecinos, residente y turistas en la Costa Tropical. Pon tu negocio frente a miles de personas cada mes y aparece en los primeros resultados de Google.<\/h2>\t\t\t\t<\/div>\n\t\t\t\t<\/div>\n\t\t\t\t<div class=\"elementor-element elementor-element-c25645e elementor-hidden-tablet elementor-widget elementor-widget-heading\" data-id=\"c25645e\" data-element_type=\"widget\" data-e-type=\"widget\" data-widget_type=\"heading.default\">\n\t\t\t\t<div class=\"elementor-widget-container\">\n\t\t\t\t\t<h2 class=\"elementor-heading-title elementor-size-default\">Aparece donde se preparan los planes para la Costa Tropical.\n<\/h2>\t\t\t\t<\/div>\n\t\t\t\t<\/div>\n\t\t\t\t<div class=\"elementor-element elementor-element-fce4ff3 elementor-widget__width-initial elementor-widget elementor-widget-text-editor\" data-id=\"fce4ff3\" data-element_type=\"widget\" data-e-type=\"widget\" data-widget_type=\"text-editor.default\">\n\t\t\t\t<div class=\"elementor-widget-container\">\n\t\t\t\t\t\t\t\t\t<p><a href=\"https:\/\/costatropical.com\/es\/publicidad\/\"><span style=\"text-decoration: underline;\">Haz clic aqu\u00ed<\/span> para obtener m\u00e1s informaci\u00f3n<\/a><\/p>\t\t\t\t\t\t\t\t<\/div>\n\t\t\t\t<\/div>\n\t\t\t\t\t<\/div>\n\t\t<\/div>\n\t\t\t\t\t<\/div>\n\t\t<\/section>\n\t\t\t\t<section class=\"elementor-section elementor-top-section elementor-element elementor-element-431e36f elementor-section-boxed elementor-section-height-default elementor-section-height-default rt-parallax-bg-no\" data-id=\"431e36f\" data-element_type=\"section\" data-e-type=\"section\">\n\t\t\t\t\t\t<div class=\"elementor-container elementor-column-gap-default\">\n\t\t\t\t\t<div class=\"elementor-column elementor-col-100 elementor-top-column elementor-element elementor-element-60b6b64\" data-id=\"60b6b64\" data-element_type=\"column\" data-e-type=\"column\">\n\t\t\t<div class=\"elementor-widget-wrap elementor-element-populated\">\n\t\t\t\t\t\t<div class=\"elementor-element elementor-element-14f2466 elementor-widget elementor-widget-text-editor\" data-id=\"14f2466\" data-element_type=\"widget\" data-e-type=\"widget\" data-widget_type=\"text-editor.default\">\n\t\t\t\t<div class=\"elementor-widget-container\">\n\t\t\t\t\t\t\t\t\t<h4>Explora este sitio web<\/h4><ul><li class=\"elementor-sitemap-item elementor-sitemap-item-page page_item page-item-8581\"><a href=\"https:\/\/costatropical.com\/es\/salobrena\/\">Salobre\u00f1a<\/a><\/li><li class=\"elementor-sitemap-item elementor-sitemap-item-page page_item page-item-11279\"><a href=\"https:\/\/costatropical.com\/es\/alquiler-vacacional-salobrena\/\">Alquileres Vacacionales en Salobre\u00f1a<\/a><\/li><li class=\"elementor-sitemap-item elementor-sitemap-item-page page_item page-item-8634\"><a href=\"https:\/\/costatropical.com\/es\/hoteles\/\">Hoteles<\/a><\/li><li class=\"elementor-sitemap-item elementor-sitemap-item-page page_item page-item-10059\"><a href=\"https:\/\/costatropical.com\/es\/mejores-hoteles-salobrena\/\">Mejores hoteles de Salobre\u00f1a<\/a><\/li><li class=\"elementor-sitemap-item elementor-sitemap-item-page page_item page-item-10063\"><a href=\"https:\/\/costatropical.com\/es\/mejores-bares-salobrena\/\">Best Bars in Salobre\u00f1a<\/a><\/li><li class=\"elementor-sitemap-item elementor-sitemap-item-page page_item page-item-10309\"><a href=\"https:\/\/costatropical.com\/es\/playas-salobrena\/\">Beaches in Salobre\u00f1a<\/a><\/li><li class=\"elementor-sitemap-item elementor-sitemap-item-page page_item page-item-8443\"><a href=\"https:\/\/costatropical.com\/es\/things-to-see-do\/\">Qu\u00e9 ver y qu\u00e9 hacer<\/a><\/li><li><a href=\"https:\/\/costatropical.com\/es\/datos-costa-tropical-de-granada\/\">\u00bfQu\u00e9 hace tan especial a la Costa Tropical?<\/a><\/li><li class=\"elementor-sitemap-item elementor-sitemap-item-page page_item page-item-8525\"><a href=\"https:\/\/costatropical.com\/es\/costa_tropical_sailing\/\">Navegar en la Costa Tropical de Granada<\/a><\/li><\/ul>\t\t\t\t\t\t\t\t<\/div>\n\t\t\t\t<\/div>\n\t\t\t\t\t<\/div>\n\t\t<\/div>\n\t\t\t\t\t<\/div>\n\t\t<\/section>\n\t\t\t\t<\/div>","protected":false},"excerpt":{"rendered":"<p>Best Restaurants in Salobre\u00f1a Welcome to our practical directory featuring the best restaurants in Salobre\u00f1a. This carefully curated list highlights<\/p>","protected":false},"author":1,"featured_media":0,"parent":0,"menu_order":0,"comment_status":"closed","ping_status":"closed","template":"templates\/blank.php","meta":{"_rtcl_gb_attr":"","footnotes":""},"class_list":["post-10061","page","type-page","status-publish","hentry"],"_links":{"self":[{"href":"https:\/\/costatropical.com\/es\/wp-json\/wp\/v2\/pages\/10061","targetHints":{"allow":["GET"]}}],"collection":[{"href":"https:\/\/costatropical.com\/es\/wp-json\/wp\/v2\/pages"}],"about":[{"href":"https:\/\/costatropical.com\/es\/wp-json\/wp\/v2\/types\/page"}],"author":[{"embeddable":true,"href":"https:\/\/costatropical.com\/es\/wp-json\/wp\/v2\/users\/1"}],"replies":[{"embeddable":true,"href":"https:\/\/costatropical.com\/es\/wp-json\/wp\/v2\/comments?post=10061"}],"version-history":[{"count":0,"href":"https:\/\/costatropical.com\/es\/wp-json\/wp\/v2\/pages\/10061\/revisions"}],"wp:attachment":[{"href":"https:\/\/costatropical.com\/es\/wp-json\/wp\/v2\/media?parent=10061"}],"curies":[{"name":"wp","href":"https:\/\/api.w.org\/{rel}","templated":true}]}}