{"id":10058,"date":"2023-10-16T13:49:38","date_gmt":"2023-10-16T12:49:38","guid":{"rendered":"https:\/\/costatropical.com\/?page_id=10058"},"modified":"2025-10-08T18:57:35","modified_gmt":"2025-10-08T17:57:35","slug":"mejores-hoteles-motril","status":"publish","type":"page","link":"https:\/\/costatropical.com\/es\/best-hotels-in-motril\/","title":{"rendered":"Mejores hoteles en Motril"},"content":{"rendered":"<div data-elementor-type=\"wp-page\" data-elementor-id=\"10058\" class=\"elementor elementor-10058\" data-elementor-post-type=\"page\">\n\t\t\t\t\t\t<section class=\"elementor-section elementor-top-section elementor-element elementor-element-e13e2e5 elementor-section-boxed elementor-section-height-default elementor-section-height-default rt-parallax-bg-no\" data-id=\"e13e2e5\" data-element_type=\"section\" data-e-type=\"section\">\n\t\t\t\t\t\t<div class=\"elementor-container elementor-column-gap-default\">\n\t\t\t\t\t<div class=\"elementor-column elementor-col-100 elementor-top-column elementor-element elementor-element-42680cb\" data-id=\"42680cb\" data-element_type=\"column\" data-e-type=\"column\">\n\t\t\t<div class=\"elementor-widget-wrap elementor-element-populated\">\n\t\t\t\t\t\t<div class=\"elementor-element elementor-element-e325a6e elementor-widget elementor-widget-spacer\" data-id=\"e325a6e\" data-element_type=\"widget\" data-e-type=\"widget\" data-widget_type=\"spacer.default\">\n\t\t\t\t<div class=\"elementor-widget-container\">\n\t\t\t\t\t\t\t<div class=\"elementor-spacer\">\n\t\t\t<div class=\"elementor-spacer-inner\"><\/div>\n\t\t<\/div>\n\t\t\t\t\t\t<\/div>\n\t\t\t\t<\/div>\n\t\t\t\t<div class=\"elementor-element elementor-element-729032f elementor-widget elementor-widget-heading\" data-id=\"729032f\" data-element_type=\"widget\" data-e-type=\"widget\" data-widget_type=\"heading.default\">\n\t\t\t\t<div class=\"elementor-widget-container\">\n\t\t\t\t\t<h2 class=\"elementor-heading-title elementor-size-default\">Mejores hoteles de Motril<\/h2>\t\t\t\t<\/div>\n\t\t\t\t<\/div>\n\t\t\t\t\t<\/div>\n\t\t<\/div>\n\t\t\t\t\t<\/div>\n\t\t<\/section>\n\t\t\t\t<section class=\"elementor-section elementor-top-section elementor-element elementor-element-9db5f62 elementor-section-boxed elementor-section-height-default elementor-section-height-default rt-parallax-bg-no\" data-id=\"9db5f62\" data-element_type=\"section\" data-e-type=\"section\">\n\t\t\t\t\t\t<div class=\"elementor-container elementor-column-gap-default\">\n\t\t\t\t\t<div class=\"elementor-column elementor-col-100 elementor-top-column elementor-element elementor-element-e50616f\" data-id=\"e50616f\" data-element_type=\"column\" data-e-type=\"column\">\n\t\t\t<div class=\"elementor-widget-wrap\">\n\t\t\t\t\t\t\t<\/div>\n\t\t<\/div>\n\t\t\t\t\t<\/div>\n\t\t<\/section>\n\t\t\t\t<section class=\"elementor-section elementor-top-section elementor-element elementor-element-970f335 elementor-section-boxed elementor-section-height-default elementor-section-height-default rt-parallax-bg-no\" data-id=\"970f335\" data-element_type=\"section\" data-e-type=\"section\">\n\t\t\t\t\t\t<div class=\"elementor-container elementor-column-gap-default\">\n\t\t\t\t\t<div class=\"elementor-column elementor-col-100 elementor-top-column elementor-element elementor-element-dbdd9a9\" data-id=\"dbdd9a9\" data-element_type=\"column\" data-e-type=\"column\">\n\t\t\t<div class=\"elementor-widget-wrap elementor-element-populated\">\n\t\t\t\t\t\t<div class=\"elementor-element elementor-element-01b7e49 elementor-widget elementor-widget-text-editor\" data-id=\"01b7e49\" data-element_type=\"widget\" data-e-type=\"widget\" data-widget_type=\"text-editor.default\">\n\t\t\t\t<div class=\"elementor-widget-container\">\n\t\t\t\t\t\t\t\t\t<p>Bienvenido a nuestro directorio cuidadosamente seleccionado de los mejores hoteles en Motril. Esta lista seleccionada con atenci\u00f3n destaca los alojamientos m\u00e1s destacados en la zona, garantizando una estancia c\u00f3moda y memorable para cada viajero. Desde encantadores establecimientos boutique hasta lujosos resorts frente al mar, Motril ofrece una variada gama de opciones de alojamiento. Explore nuestra gu\u00eda para encontrar el hotel perfecto que se adapte a tus preferencias y necesidades. Descubra los mejores lugares para alojarse en Motril  y haga que su visita sea verdaderamente excepcional.<\/p>\t\t\t\t\t\t\t\t<\/div>\n\t\t\t\t<\/div>\n\t\t\t\t\t<\/div>\n\t\t<\/div>\n\t\t\t\t\t<\/div>\n\t\t<\/section>\n\t\t\t\t<section class=\"elementor-section elementor-top-section elementor-element elementor-element-7195ed6 elementor-section-boxed elementor-section-height-default elementor-section-height-default rt-parallax-bg-no\" data-id=\"7195ed6\" data-element_type=\"section\" data-e-type=\"section\">\n\t\t\t\t\t\t<div class=\"elementor-container elementor-column-gap-default\">\n\t\t\t\t\t<div class=\"elementor-column elementor-col-33 elementor-top-column elementor-element elementor-element-042722d\" data-id=\"042722d\" data-element_type=\"column\" data-e-type=\"column\">\n\t\t\t<div class=\"elementor-widget-wrap elementor-element-populated\">\n\t\t\t\t\t\t<div class=\"elementor-element elementor-element-5492504 elementor-invisible elementor-widget elementor-widget-image\" data-id=\"5492504\" data-element_type=\"widget\" data-e-type=\"widget\" data-settings=\"{&quot;_animation&quot;:&quot;pulse&quot;}\" data-widget_type=\"image.default\">\n\t\t\t\t<div class=\"elementor-widget-container\">\n\t\t\t\t\t\t\t\t\t\t\t\t\t\t\t\t<a href=\"https:\/\/expedia.com\/affiliates\/motril-hotels-hotel-costa-andaluza.ceZBTtj\" target=\"_blank\" rel=\"noopener\">\n\t\t\t\t\t\t\t<img fetchpriority=\"high\" decoding=\"async\" width=\"800\" height=\"534\" src=\"https:\/\/costatropical.com\/wp-content\/uploads\/2024\/02\/costa-andaluza.jpg\" class=\"attachment-large size-large wp-image-11132\" alt=\"\" srcset=\"https:\/\/costatropical.com\/wp-content\/uploads\/2024\/02\/costa-andaluza.jpg 800w, https:\/\/costatropical.com\/wp-content\/uploads\/2024\/02\/costa-andaluza-350x234.jpg 350w, https:\/\/costatropical.com\/wp-content\/uploads\/2024\/02\/costa-andaluza-18x12.jpg 18w\" sizes=\"(max-width: 800px) 100vw, 800px\" title=\"\">\t\t\t\t\t\t\t\t<\/a>\n\t\t\t\t\t\t\t\t\t\t\t\t\t\t\t<\/div>\n\t\t\t\t<\/div>\n\t\t\t\t<div class=\"elementor-element elementor-element-ab2d9ff elementor-widget elementor-widget-text-editor\" data-id=\"ab2d9ff\" data-element_type=\"widget\" data-e-type=\"widget\" data-widget_type=\"text-editor.default\">\n\t\t\t\t<div class=\"elementor-widget-container\">\n\t\t\t\t\t\t\t\t\t<p class=\"uitk-heading uitk-heading-3\" aria-hidden=\"true\"><a href=\"https:\/\/expedia.com\/affiliates\/motril-hotels-hotel-costa-andaluza.ceZBTtj\" target=\"_blank\" rel=\"noopener\"><strong>\u00a0Hotel Costa Andaluza<\/strong><\/a><\/p><p aria-hidden=\"true\">\u00a0<\/p>\t\t\t\t\t\t\t\t<\/div>\n\t\t\t\t<\/div>\n\t\t\t\t<div class=\"elementor-element elementor-element-2f21f3a elementor-widget elementor-widget-text-editor\" data-id=\"2f21f3a\" data-element_type=\"widget\" data-e-type=\"widget\" data-widget_type=\"text-editor.default\">\n\t\t\t\t<div class=\"elementor-widget-container\">\n\t\t\t\t\t\t\t\t\t<p aria-hidden=\"true\">Motril<\/p>\t\t\t\t\t\t\t\t<\/div>\n\t\t\t\t<\/div>\n\t\t\t\t\t<\/div>\n\t\t<\/div>\n\t\t\t\t<div class=\"elementor-column elementor-col-33 elementor-top-column elementor-element elementor-element-88af401\" data-id=\"88af401\" data-element_type=\"column\" data-e-type=\"column\">\n\t\t\t<div class=\"elementor-widget-wrap elementor-element-populated\">\n\t\t\t\t\t\t<div class=\"elementor-element elementor-element-fd5b32b elementor-invisible elementor-widget elementor-widget-image\" data-id=\"fd5b32b\" data-element_type=\"widget\" data-e-type=\"widget\" data-settings=\"{&quot;_animation&quot;:&quot;pulse&quot;}\" data-widget_type=\"image.default\">\n\t\t\t\t<div class=\"elementor-widget-container\">\n\t\t\t\t\t\t\t\t\t\t\t\t\t\t\t\t<a href=\"https:\/\/www.expedia.com\/Motril-Hotels-Impressive-Playa-Granada-Golf.h2911084.Hotel-Information?chkin=2024-01-30&#038;chkout=2024-02-03&#038;x_pwa=1&#038;rfrr=HSR&#038;pwa_ts=1706051125254&#038;referrerUrl=aHR0cHM6Ly93d3cuZXhwZWRpYS5jb20vSG90ZWwtU2VhcmNo&#038;useRewards=false&#038;rm1=a2&#038;regionId=6024034&#038;destination=Motril%2C+Andalusia%2C+Spain&#038;destType=MARKET&#038;latLong=36.748974%2C-3.518036&#038;star=40&#038;sort=RECOMMENDED&#038;top_dp=1266&#038;top_cur=USD&#038;userIntent=&#038;selectedRoomType=DBL.SS&#038;selectedRatePlan=20240130%7C20240203%7CW%7C51%7C134714%7CDBL.SS%7CCG-NETOSHB%7CHB%7C%7C1%7E2%7E0%7C%7CN%7C%7CB2C&#038;searchId=1eea19e7-310e-4ba2-9a76-9ead621fa08f&#038;clickref=1011lycwvSyq&#038;affcid=US.DIRECT.PHG.1101l337493.0&#038;ref_id=1011lycwvSyq&#038;my_ad=AFF.US.DIRECT.PHG.1101l337493.0&#038;afflid=1011lycwvSyq\" target=\"_blank\" rel=\"noopener\">\n\t\t\t\t\t\t\t<img decoding=\"async\" width=\"800\" height=\"534\" src=\"https:\/\/costatropical.com\/wp-content\/uploads\/2024\/01\/golff.webp\" class=\"attachment-large size-large wp-image-10940\" alt=\"hotel\" srcset=\"https:\/\/costatropical.com\/wp-content\/uploads\/2024\/01\/golff.webp 800w, https:\/\/costatropical.com\/wp-content\/uploads\/2024\/01\/golff-350x234.webp 350w, https:\/\/costatropical.com\/wp-content\/uploads\/2024\/01\/golff-18x12.webp 18w\" sizes=\"(max-width: 800px) 100vw, 800px\" title=\"\">\t\t\t\t\t\t\t\t<\/a>\n\t\t\t\t\t\t\t\t\t\t\t\t\t\t\t<\/div>\n\t\t\t\t<\/div>\n\t\t\t\t<div class=\"elementor-element elementor-element-0c9e48f elementor-widget elementor-widget-text-editor\" data-id=\"0c9e48f\" data-element_type=\"widget\" data-e-type=\"widget\" data-widget_type=\"text-editor.default\">\n\t\t\t\t<div class=\"elementor-widget-container\">\n\t\t\t\t\t\t\t\t\t<p class=\"uitk-heading uitk-heading-3\" aria-hidden=\"true\"><a href=\"https:\/\/www.expedia.com\/Motril-Hotels-Impressive-Playa-Granada-Golf.h2911084.Hotel-Information?chkin=2024-01-30&amp;chkout=2024-02-03&amp;x_pwa=1&amp;rfrr=HSR&amp;pwa_ts=1706051125254&amp;referrerUrl=aHR0cHM6Ly93d3cuZXhwZWRpYS5jb20vSG90ZWwtU2VhcmNo&amp;useRewards=false&amp;rm1=a2&amp;regionId=6024034&amp;destination=Motril%2C+Andalusia%2C+Spain&amp;destType=MARKET&amp;latLong=36.748974%2C-3.518036&amp;star=40&amp;sort=RECOMMENDED&amp;top_dp=1266&amp;top_cur=USD&amp;userIntent=&amp;selectedRoomType=DBL.SS&amp;selectedRatePlan=20240130%7C20240203%7CW%7C51%7C134714%7CDBL.SS%7CCG-NETOSHB%7CHB%7C%7C1%7E2%7E0%7C%7CN%7C%7CB2C&amp;searchId=1eea19e7-310e-4ba2-9a76-9ead621fa08f&amp;clickref=1011lycwvSyq&amp;affcid=US.DIRECT.PHG.1101l337493.0&amp;ref_id=1011lycwvSyq&amp;my_ad=AFF.US.DIRECT.PHG.1101l337493.0&amp;afflid=1011lycwvSyq\" target=\"_blank\" rel=\"noopener\"><strong>Impressive Playa Granada Golf<\/strong><\/a><\/p><p aria-hidden=\"true\">\u00a0<\/p>\t\t\t\t\t\t\t\t<\/div>\n\t\t\t\t<\/div>\n\t\t\t\t<div class=\"elementor-element elementor-element-cf48b07 elementor-widget elementor-widget-text-editor\" data-id=\"cf48b07\" data-element_type=\"widget\" data-e-type=\"widget\" data-widget_type=\"text-editor.default\">\n\t\t\t\t<div class=\"elementor-widget-container\">\n\t\t\t\t\t\t\t\t\t<p aria-hidden=\"true\">Motril<\/p>\t\t\t\t\t\t\t\t<\/div>\n\t\t\t\t<\/div>\n\t\t\t\t\t<\/div>\n\t\t<\/div>\n\t\t\t\t<div class=\"elementor-column elementor-col-33 elementor-top-column elementor-element elementor-element-a5d768c\" data-id=\"a5d768c\" data-element_type=\"column\" data-e-type=\"column\">\n\t\t\t<div class=\"elementor-widget-wrap elementor-element-populated\">\n\t\t\t\t\t\t<div class=\"elementor-element elementor-element-5eacf66 elementor-invisible elementor-widget elementor-widget-image\" data-id=\"5eacf66\" data-element_type=\"widget\" data-e-type=\"widget\" data-settings=\"{&quot;_animation&quot;:&quot;pulse&quot;}\" data-widget_type=\"image.default\">\n\t\t\t\t<div class=\"elementor-widget-container\">\n\t\t\t\t\t\t\t\t\t\t\t\t\t\t\t\t<a href=\"https:\/\/www.expedia.com\/Motril-Hotels-Elba-Motril-Beach-Business-Resort.h892055.Hotel-Information?chkin=2024-01-30&#038;chkout=2024-02-03&#038;x_pwa=1&#038;rfrr=HSR&#038;pwa_ts=1706051413923&#038;referrerUrl=aHR0cHM6Ly93d3cuZXhwZWRpYS5jb20vSG90ZWwtU2VhcmNo&#038;useRewards=false&#038;rm1=a2&#038;regionId=5774&#038;destination=Almunecar%2C+Andalusia%2C+Spain&#038;destType=MARKET&#038;latLong=36.733699%2C-3.691178&#038;star=40&#038;sort=RECOMMENDED&#038;top_dp=86&#038;top_cur=USD&#038;userIntent=&#038;selectedRoomType=202200041&#038;selectedRatePlan=211254169&#038;searchId=1be3a10c-3ca1-45c6-8cb6-a917ce3432ee&#038;clickref=1100lybHrItN&#038;affcid=US.DIRECT.PHG.1101l337493.0&#038;ref_id=1100lybHrItN&#038;my_ad=AFF.US.DIRECT.PHG.1101l337493.0&#038;afflid=1100lybHrItN\" target=\"_blank\" rel=\"noopener\">\n\t\t\t\t\t\t\t<img decoding=\"async\" width=\"1024\" height=\"683\" src=\"https:\/\/costatropical.com\/wp-content\/uploads\/2024\/01\/e1908e13-1024x683.jpg\" class=\"attachment-large size-large wp-image-10939\" alt=\"hotel\" srcset=\"https:\/\/costatropical.com\/wp-content\/uploads\/2024\/01\/e1908e13-1024x683.jpg 1024w, https:\/\/costatropical.com\/wp-content\/uploads\/2024\/01\/e1908e13-350x234.jpg 350w, https:\/\/costatropical.com\/wp-content\/uploads\/2024\/01\/e1908e13-1536x1025.jpg 1536w, https:\/\/costatropical.com\/wp-content\/uploads\/2024\/01\/e1908e13-2048x1367.jpg 2048w, https:\/\/costatropical.com\/wp-content\/uploads\/2024\/01\/e1908e13-18x12.jpg 18w, https:\/\/costatropical.com\/wp-content\/uploads\/2024\/01\/e1908e13-scaled-e1706051970190.jpg 800w\" sizes=\"(max-width: 1024px) 100vw, 1024px\" title=\"\">\t\t\t\t\t\t\t\t<\/a>\n\t\t\t\t\t\t\t\t\t\t\t\t\t\t\t<\/div>\n\t\t\t\t<\/div>\n\t\t\t\t<div class=\"elementor-element elementor-element-cf58146 elementor-widget elementor-widget-text-editor\" data-id=\"cf58146\" data-element_type=\"widget\" data-e-type=\"widget\" data-widget_type=\"text-editor.default\">\n\t\t\t\t<div class=\"elementor-widget-container\">\n\t\t\t\t\t\t\t\t\t<p class=\"uitk-heading uitk-heading-3\" aria-hidden=\"true\"><a href=\"https:\/\/www.expedia.com\/Motril-Hotels-Elba-Motril-Beach-Business-Resort.h892055.Hotel-Information?chkin=2024-01-30&amp;chkout=2024-02-03&amp;x_pwa=1&amp;rfrr=HSR&amp;pwa_ts=1706051413923&amp;referrerUrl=aHR0cHM6Ly93d3cuZXhwZWRpYS5jb20vSG90ZWwtU2VhcmNo&amp;useRewards=false&amp;rm1=a2&amp;regionId=5774&amp;destination=Almunecar%2C+Andalusia%2C+Spain&amp;destType=MARKET&amp;latLong=36.733699%2C-3.691178&amp;star=40&amp;sort=RECOMMENDED&amp;top_dp=86&amp;top_cur=USD&amp;userIntent=&amp;selectedRoomType=202200041&amp;selectedRatePlan=211254169&amp;searchId=1be3a10c-3ca1-45c6-8cb6-a917ce3432ee&amp;clickref=1100lybHrItN&amp;affcid=US.DIRECT.PHG.1101l337493.0&amp;ref_id=1100lybHrItN&amp;my_ad=AFF.US.DIRECT.PHG.1101l337493.0&amp;afflid=1100lybHrItN\" target=\"_blank\" rel=\"noopener\"><strong>Elba Motril Beach Resort<\/strong><\/a><\/p><p aria-hidden=\"true\">\u00a0<\/p>\t\t\t\t\t\t\t\t<\/div>\n\t\t\t\t<\/div>\n\t\t\t\t<div class=\"elementor-element elementor-element-eb3436f elementor-widget elementor-widget-text-editor\" data-id=\"eb3436f\" data-element_type=\"widget\" data-e-type=\"widget\" data-widget_type=\"text-editor.default\">\n\t\t\t\t<div class=\"elementor-widget-container\">\n\t\t\t\t\t\t\t\t\t<p aria-hidden=\"true\">Motril<\/p>\t\t\t\t\t\t\t\t<\/div>\n\t\t\t\t<\/div>\n\t\t\t\t\t<\/div>\n\t\t<\/div>\n\t\t\t\t\t<\/div>\n\t\t<\/section>\n\t\t\t\t<section class=\"elementor-section elementor-top-section elementor-element elementor-element-70502f2 elementor-section-boxed elementor-section-height-default elementor-section-height-default rt-parallax-bg-no\" data-id=\"70502f2\" data-element_type=\"section\" data-e-type=\"section\">\n\t\t\t\t\t\t<div class=\"elementor-container elementor-column-gap-default\">\n\t\t\t\t\t<div class=\"elementor-column elementor-col-33 elementor-top-column elementor-element elementor-element-62b6184\" data-id=\"62b6184\" data-element_type=\"column\" data-e-type=\"column\">\n\t\t\t<div class=\"elementor-widget-wrap elementor-element-populated\">\n\t\t\t\t\t\t<div class=\"elementor-element elementor-element-a8fac97 elementor-invisible elementor-widget elementor-widget-image\" data-id=\"a8fac97\" data-element_type=\"widget\" data-e-type=\"widget\" data-settings=\"{&quot;_animation&quot;:&quot;pulse&quot;}\" data-widget_type=\"image.default\">\n\t\t\t\t<div class=\"elementor-widget-container\">\n\t\t\t\t\t\t\t\t\t\t\t\t\t\t\t\t<a href=\"https:\/\/expedia.com\/affiliates\/motril-hoteles-casa-del-azucar.UMPWhco\" target=\"_blank\" rel=\"noopener\">\n\t\t\t\t\t\t\t<img loading=\"lazy\" decoding=\"async\" width=\"800\" height=\"500\" src=\"https:\/\/costatropical.com\/wp-content\/uploads\/2024\/04\/56c5ddd6_800x500.webp\" class=\"attachment-large size-large wp-image-11972\" alt=\"\" srcset=\"https:\/\/costatropical.com\/wp-content\/uploads\/2024\/04\/56c5ddd6_800x500.webp 800w, https:\/\/costatropical.com\/wp-content\/uploads\/2024\/04\/56c5ddd6_800x500-350x219.webp 350w, https:\/\/costatropical.com\/wp-content\/uploads\/2024\/04\/56c5ddd6_800x500-18x12.webp 18w\" sizes=\"(max-width: 800px) 100vw, 800px\" title=\"\">\t\t\t\t\t\t\t\t<\/a>\n\t\t\t\t\t\t\t\t\t\t\t\t\t\t\t<\/div>\n\t\t\t\t<\/div>\n\t\t\t\t<div class=\"elementor-element elementor-element-3d9a7de elementor-widget elementor-widget-text-editor\" data-id=\"3d9a7de\" data-element_type=\"widget\" data-e-type=\"widget\" data-widget_type=\"text-editor.default\">\n\t\t\t\t<div class=\"elementor-widget-container\">\n\t\t\t\t\t\t\t\t\t<p class=\"uitk-heading uitk-heading-3\" aria-hidden=\"true\"><a href=\"https:\/\/expedia.com\/affiliates\/motril-hoteles-casa-del-azucar.UMPWhco\" rel=\"nofollow noopener\" target=\"_blank\"><strong>Casa Del Az\u00facar<\/strong><\/a><\/p><p aria-hidden=\"true\">\u00a0<\/p>\t\t\t\t\t\t\t\t<\/div>\n\t\t\t\t<\/div>\n\t\t\t\t<div class=\"elementor-element elementor-element-9af5061 elementor-widget elementor-widget-text-editor\" data-id=\"9af5061\" data-element_type=\"widget\" data-e-type=\"widget\" data-widget_type=\"text-editor.default\">\n\t\t\t\t<div class=\"elementor-widget-container\">\n\t\t\t\t\t\t\t\t\t<p aria-hidden=\"true\">Motril<\/p>\t\t\t\t\t\t\t\t<\/div>\n\t\t\t\t<\/div>\n\t\t\t\t\t<\/div>\n\t\t<\/div>\n\t\t\t\t<div class=\"elementor-column elementor-col-33 elementor-top-column elementor-element elementor-element-3525a12\" data-id=\"3525a12\" data-element_type=\"column\" data-e-type=\"column\">\n\t\t\t<div class=\"elementor-widget-wrap\">\n\t\t\t\t\t\t\t<\/div>\n\t\t<\/div>\n\t\t\t\t<div class=\"elementor-column elementor-col-33 elementor-top-column elementor-element elementor-element-b84fffe\" data-id=\"b84fffe\" data-element_type=\"column\" data-e-type=\"column\">\n\t\t\t<div class=\"elementor-widget-wrap\">\n\t\t\t\t\t\t\t<\/div>\n\t\t<\/div>\n\t\t\t\t\t<\/div>\n\t\t<\/section>\n\t\t\t\t<section class=\"elementor-section elementor-top-section elementor-element elementor-element-6eab736 elementor-section-boxed elementor-section-height-default elementor-section-height-default rt-parallax-bg-no\" data-id=\"6eab736\" data-element_type=\"section\" data-e-type=\"section\">\n\t\t\t\t\t\t<div class=\"elementor-container elementor-column-gap-default\">\n\t\t\t\t\t<div class=\"elementor-column elementor-col-100 elementor-top-column elementor-element elementor-element-ae3792e\" data-id=\"ae3792e\" data-element_type=\"column\" data-e-type=\"column\">\n\t\t\t<div class=\"elementor-widget-wrap\">\n\t\t\t\t\t\t\t<\/div>\n\t\t<\/div>\n\t\t\t\t\t<\/div>\n\t\t<\/section>\n\t\t\t\t<section class=\"elementor-section elementor-top-section elementor-element elementor-element-0960cf9 elementor-section-boxed elementor-section-height-default elementor-section-height-default rt-parallax-bg-no\" data-id=\"0960cf9\" data-element_type=\"section\" data-e-type=\"section\">\n\t\t\t\t\t\t<div class=\"elementor-container elementor-column-gap-default\">\n\t\t\t\t\t<div class=\"elementor-column elementor-col-100 elementor-top-column elementor-element elementor-element-7e254d5\" data-id=\"7e254d5\" data-element_type=\"column\" data-e-type=\"column\">\n\t\t\t<div class=\"elementor-widget-wrap elementor-element-populated\">\n\t\t\t\t\t\t<div class=\"elementor-element elementor-element-7cae281 elementor-widget__width-initial elementor-widget elementor-widget-text-editor\" data-id=\"7cae281\" data-element_type=\"widget\" data-e-type=\"widget\" data-widget_type=\"text-editor.default\">\n\t\t\t\t<div class=\"elementor-widget-container\">\n\t\t\t\t\t\t\t\t\t<p><strong>\u00bfTIENES UN NEGOCIO?<\/strong><\/p>\t\t\t\t\t\t\t\t<\/div>\n\t\t\t\t<\/div>\n\t\t\t\t<div class=\"elementor-element elementor-element-2dc50a5 elementor-widget elementor-widget-heading\" data-id=\"2dc50a5\" data-element_type=\"widget\" data-e-type=\"widget\" data-widget_type=\"heading.default\">\n\t\t\t\t<div class=\"elementor-widget-container\">\n\t\t\t\t\t<h2 class=\"elementor-heading-title elementor-size-default\">Haz que tu negocio sea visible en<strong> <\/strong><strong style=\"color: #4a90e2\">CostaTropical.com<\/strong><br> \n<\/h2>\t\t\t\t<\/div>\n\t\t\t\t<\/div>\n\t\t\t\t<div class=\"elementor-element elementor-element-ebf2697 elementor-widget elementor-widget-heading\" data-id=\"ebf2697\" data-element_type=\"widget\" data-e-type=\"widget\" data-widget_type=\"heading.default\">\n\t\t\t\t<div class=\"elementor-widget-container\">\n\t\t\t\t\t<h2 class=\"elementor-heading-title elementor-size-default\">La gu\u00eda de referencia para vecinos, residente y turistas en la Costa Tropical. Pon tu negocio frente a miles de personas cada mes y aparece en los primeros resultados de Google.<\/h2>\t\t\t\t<\/div>\n\t\t\t\t<\/div>\n\t\t\t\t<div class=\"elementor-element elementor-element-e9a0425 elementor-hidden-tablet elementor-widget elementor-widget-heading\" data-id=\"e9a0425\" data-element_type=\"widget\" data-e-type=\"widget\" data-widget_type=\"heading.default\">\n\t\t\t\t<div class=\"elementor-widget-container\">\n\t\t\t\t\t<h2 class=\"elementor-heading-title elementor-size-default\">Aparece donde se preparan los planes para la Costa Tropical.\n<\/h2>\t\t\t\t<\/div>\n\t\t\t\t<\/div>\n\t\t\t\t<div class=\"elementor-element elementor-element-fc810df elementor-widget__width-initial elementor-widget elementor-widget-text-editor\" data-id=\"fc810df\" data-element_type=\"widget\" data-e-type=\"widget\" data-widget_type=\"text-editor.default\">\n\t\t\t\t<div class=\"elementor-widget-container\">\n\t\t\t\t\t\t\t\t\t<p><a href=\"https:\/\/costatropical.com\/es\/publicidad\/\"><span style=\"text-decoration: underline;\">Haz clic aqu\u00ed<\/span> para obtener m\u00e1s informaci\u00f3n<\/a><\/p>\t\t\t\t\t\t\t\t<\/div>\n\t\t\t\t<\/div>\n\t\t\t\t\t<\/div>\n\t\t<\/div>\n\t\t\t\t\t<\/div>\n\t\t<\/section>\n\t\t\t\t<section class=\"elementor-section elementor-top-section elementor-element elementor-element-8119484 elementor-section-boxed elementor-section-height-default elementor-section-height-default rt-parallax-bg-no\" data-id=\"8119484\" data-element_type=\"section\" data-e-type=\"section\">\n\t\t\t\t\t\t<div class=\"elementor-container elementor-column-gap-default\">\n\t\t\t\t\t<div class=\"elementor-column elementor-col-100 elementor-top-column elementor-element elementor-element-8edc220\" data-id=\"8edc220\" data-element_type=\"column\" data-e-type=\"column\">\n\t\t\t<div class=\"elementor-widget-wrap elementor-element-populated\">\n\t\t\t\t\t\t<div class=\"elementor-element elementor-element-b0210b3 elementor-widget elementor-widget-text-editor\" data-id=\"b0210b3\" data-element_type=\"widget\" data-e-type=\"widget\" data-widget_type=\"text-editor.default\">\n\t\t\t\t<div class=\"elementor-widget-container\">\n\t\t\t\t\t\t\t\t\t<h4>Explora este sitio web<\/h4><ul><li><a href=\"https:\/\/costatropical.com\/es\/motril\/\">Motril<\/a><\/li><li><a href=\"https:\/\/costatropical.com\/es\/best-restaurants-in-motril\/\">Mejores restaurantes de Motril<\/a><\/li><li><a href=\"https:\/\/costatropical.com\/es\/mejores-bares-motril\/\">Mejores bares de Motril<\/a><\/li><li class=\"elementor-sitemap-item elementor-sitemap-item-page page_item page-item-11769\"><a href=\"https:\/\/costatropical.com\/es\/tours-desde-motril\/\">Tours desde Motril<\/a><\/li><li class=\"elementor-sitemap-item elementor-sitemap-item-page page_item page-item-11280\"><a href=\"https:\/\/costatropical.com\/es\/alquiler-vacacional-motril\/\">Alquileres tur\u00edstico en Motril<\/a><\/li><li class=\"elementor-sitemap-item elementor-sitemap-item-page page_item page-item-10306\"><a href=\"https:\/\/costatropical.com\/es\/playas-motril\/\">Playas de Motril<\/a><\/li><li class=\"elementor-sitemap-item elementor-sitemap-item-page page_item page-item-12115\"><a href=\"https:\/\/costatropical.com\/es\/musica-en-directo\/\">M\u00fasica en directo<\/a><\/li><li class=\"elementor-sitemap-item elementor-sitemap-item-page page_item page-item-12077\"><a href=\"https:\/\/costatropical.com\/es\/events-in-motril\/\">Eventos en Motril<\/a><\/li><li class=\"elementor-sitemap-item elementor-sitemap-item-page page_item page-item-11955\"><a href=\"https:\/\/costatropical.com\/es\/where-to-stay-on-the-costa-tropical\/\">\u00bfD\u00f3nde alojarse en la Costa Tropical?<\/a><\/li><\/ul>\t\t\t\t\t\t\t\t<\/div>\n\t\t\t\t<\/div>\n\t\t\t\t\t<\/div>\n\t\t<\/div>\n\t\t\t\t\t<\/div>\n\t\t<\/section>\n\t\t\t\t<\/div>","protected":false},"excerpt":{"rendered":"<p>Best hotels in Motril Welcome to our meticulously curated directory of the premier hotels in Motril. This thoughtfully selected list showcases the finest accommodations in the area, ensuring a comfortable and memorable stay for every traveler. From charming boutique establishments to luxurious seaside and golf resorts, Motril offers a diverse range of lodging options. Explore<\/p>","protected":false},"author":1,"featured_media":0,"parent":0,"menu_order":0,"comment_status":"closed","ping_status":"closed","template":"templates\/blank.php","meta":{"_rtcl_gb_attr":"","footnotes":""},"class_list":["post-10058","page","type-page","status-publish","hentry"],"_links":{"self":[{"href":"https:\/\/costatropical.com\/es\/wp-json\/wp\/v2\/pages\/10058","targetHints":{"allow":["GET"]}}],"collection":[{"href":"https:\/\/costatropical.com\/es\/wp-json\/wp\/v2\/pages"}],"about":[{"href":"https:\/\/costatropical.com\/es\/wp-json\/wp\/v2\/types\/page"}],"author":[{"embeddable":true,"href":"https:\/\/costatropical.com\/es\/wp-json\/wp\/v2\/users\/1"}],"replies":[{"embeddable":true,"href":"https:\/\/costatropical.com\/es\/wp-json\/wp\/v2\/comments?post=10058"}],"version-history":[{"count":0,"href":"https:\/\/costatropical.com\/es\/wp-json\/wp\/v2\/pages\/10058\/revisions"}],"wp:attachment":[{"href":"https:\/\/costatropical.com\/es\/wp-json\/wp\/v2\/media?parent=10058"}],"curies":[{"name":"wp","href":"https:\/\/api.w.org\/{rel}","templated":true}]}}