{"id":10056,"date":"2023-10-15T13:19:12","date_gmt":"2023-10-15T12:19:12","guid":{"rendered":"https:\/\/costatropical.com\/?page_id=10056"},"modified":"2025-10-08T18:58:33","modified_gmt":"2025-10-08T17:58:33","slug":"mejores-restaurantes-almunecar","status":"publish","type":"page","link":"https:\/\/costatropical.com\/es\/best-restaurant-in-almunecar\/","title":{"rendered":"Mejores restaurantes de Almu\u00f1\u00e9car"},"content":{"rendered":"<div data-elementor-type=\"wp-page\" data-elementor-id=\"10056\" class=\"elementor elementor-10056\" data-elementor-post-type=\"page\">\n\t\t\t\t\t\t<section class=\"elementor-section elementor-top-section elementor-element elementor-element-e13e2e5 elementor-section-boxed elementor-section-height-default elementor-section-height-default rt-parallax-bg-no\" data-id=\"e13e2e5\" data-element_type=\"section\" data-e-type=\"section\">\n\t\t\t\t\t\t<div class=\"elementor-container elementor-column-gap-default\">\n\t\t\t\t\t<div class=\"elementor-column elementor-col-100 elementor-top-column elementor-element elementor-element-42680cb\" data-id=\"42680cb\" data-element_type=\"column\" data-e-type=\"column\">\n\t\t\t<div class=\"elementor-widget-wrap elementor-element-populated\">\n\t\t\t\t\t\t<div class=\"elementor-element elementor-element-e325a6e elementor-widget elementor-widget-spacer\" data-id=\"e325a6e\" data-element_type=\"widget\" data-e-type=\"widget\" data-widget_type=\"spacer.default\">\n\t\t\t\t<div class=\"elementor-widget-container\">\n\t\t\t\t\t\t\t<div class=\"elementor-spacer\">\n\t\t\t<div class=\"elementor-spacer-inner\"><\/div>\n\t\t<\/div>\n\t\t\t\t\t\t<\/div>\n\t\t\t\t<\/div>\n\t\t\t\t<div class=\"elementor-element elementor-element-729032f elementor-widget elementor-widget-heading\" data-id=\"729032f\" data-element_type=\"widget\" data-e-type=\"widget\" data-widget_type=\"heading.default\">\n\t\t\t\t<div class=\"elementor-widget-container\">\n\t\t\t\t\t<h2 class=\"elementor-heading-title elementor-size-default\">Mejores restaurantes de Almu\u00f1\u00e9car<\/h2>\t\t\t\t<\/div>\n\t\t\t\t<\/div>\n\t\t\t\t\t<\/div>\n\t\t<\/div>\n\t\t\t\t\t<\/div>\n\t\t<\/section>\n\t\t\t\t<section class=\"elementor-section elementor-top-section elementor-element elementor-element-9db5f62 elementor-section-boxed elementor-section-height-default elementor-section-height-default rt-parallax-bg-no\" data-id=\"9db5f62\" data-element_type=\"section\" data-e-type=\"section\">\n\t\t\t\t\t\t<div class=\"elementor-container elementor-column-gap-default\">\n\t\t\t\t\t<div class=\"elementor-column elementor-col-100 elementor-top-column elementor-element elementor-element-e50616f\" data-id=\"e50616f\" data-element_type=\"column\" data-e-type=\"column\">\n\t\t\t<div class=\"elementor-widget-wrap\">\n\t\t\t\t\t\t\t<\/div>\n\t\t<\/div>\n\t\t\t\t\t<\/div>\n\t\t<\/section>\n\t\t\t\t<section class=\"elementor-section elementor-top-section elementor-element elementor-element-bfd3cb6 elementor-section-boxed elementor-section-height-default elementor-section-height-default rt-parallax-bg-no\" data-id=\"bfd3cb6\" data-element_type=\"section\" data-e-type=\"section\">\n\t\t\t\t\t\t<div class=\"elementor-container elementor-column-gap-default\">\n\t\t\t\t\t<div class=\"elementor-column elementor-col-100 elementor-top-column elementor-element elementor-element-4ddbc5c\" data-id=\"4ddbc5c\" data-element_type=\"column\" data-e-type=\"column\">\n\t\t\t<div class=\"elementor-widget-wrap elementor-element-populated\">\n\t\t\t\t\t\t<div class=\"elementor-element elementor-element-38f734e elementor-widget elementor-widget-text-editor\" data-id=\"38f734e\" data-element_type=\"widget\" data-e-type=\"widget\" data-widget_type=\"text-editor.default\">\n\t\t\t\t<div class=\"elementor-widget-container\">\n\t\t\t\t\t\t\t\t\t<p>Bienvenido a nuestro pr\u00e1ctico directorio que destaca los mejores restaurantes en Almu\u00f1\u00e9car. Esta lista cuidadosamente seleccionada resalta los lugares de comida m\u00e1s destacados de la ciudad, cada uno ofreciendo una combinaci\u00f3n \u00fanica de sabores y ambiente. Ya sea que desees probar especialidades locales o est\u00e9s ansioso por explorar innovadoras creaciones culinarias, la escena gastron\u00f3mica de Almu\u00f1\u00e9car satisface todos los gustos. Utilice esta gu\u00eda para encontrar las mejores experiencias gastron\u00f3micas en Almu\u00f1\u00e9car, asegurando una comida memorable tanto para residentes como para visitantes. Explore nuestras listas f\u00e1ciles de usar para descubrir los mejores restaurantes en Almu\u00f1\u00e9car.<\/p>\t\t\t\t\t\t\t\t<\/div>\n\t\t\t\t<\/div>\n\t\t\t\t\t<\/div>\n\t\t<\/div>\n\t\t\t\t\t<\/div>\n\t\t<\/section>\n\t\t\t\t<section class=\"elementor-section elementor-top-section elementor-element elementor-element-dae3baf elementor-section-boxed elementor-section-height-default elementor-section-height-default rt-parallax-bg-no\" data-id=\"dae3baf\" data-element_type=\"section\" data-e-type=\"section\">\n\t\t\t\t\t\t<div class=\"elementor-container elementor-column-gap-default\">\n\t\t\t\t\t<div class=\"elementor-column elementor-col-100 elementor-top-column elementor-element elementor-element-fa53887\" data-id=\"fa53887\" data-element_type=\"column\" data-e-type=\"column\">\n\t\t\t<div class=\"elementor-widget-wrap elementor-element-populated\">\n\t\t\t\t\t\t<div class=\"elementor-element elementor-element-50c49fe title-show-full elementor-widget elementor-widget-rtcl-listing-items\" data-id=\"50c49fe\" data-element_type=\"widget\" data-e-type=\"widget\" data-widget_type=\"rtcl-listing-items.default\">\n\t\t\t\t<div class=\"elementor-widget-container\">\n\t\t\t\t\t\n<div class=\"rtcl rtcl-listings-sc-wrapper rtcl-elementor-widget\">\n\t<div class=\"rtcl-listings-wrapper\">\n\t\t\t\t<div class=\"rtcl-listings rtcl-ajax-listings rtcl-grid-view rtcl-style-1-view columns-3  tab-columns-2 mobile-columns-2\">\n\t\t\t\n\t\t\t\t<div class=\"rtcl-widget-listing-item listing-item rtcl-listing-item post-11443 status-publish is-top is-popular rtcl_category-mediterranean rtcl_category-restaurant rtcl_location-almunecar\">\n\t\t\t\t\t\n\t\t\t\t\t\n\t\t\t\t\t<div class='listing-thumb'><div class='listing-thumb-inner'><a href='https:\/\/costatropical.com\/es\/listing\/firmvm\/' title='FIRMVM'><img fetchpriority=\"high\" decoding=\"async\" width=\"300\" height=\"195\" src=\"https:\/\/costatropical.com\/wp-content\/uploads\/classified-listing\/2024\/02\/FIRMVM-370x240.jpg\" class=\"rtcl-thumbnail\" alt=\"FIRMVM\" title=\"\"><\/a><div class=\"rtcl-meta-buttons-wrap horizontal-layout meta-button-count-2\">\t\t\t\t\t\t<div class=\"rtcl-fav rtcl-el-button\">\n\t\t\t\t\t\t\t<a href=\"\/es\/void(0)\/\" class=\"rtcl-require-login\"><span class=\"rtcl-icon rtcl-icon-heart-empty\"><\/span><span class=\"favourite-label\">Favourite<\/span><\/a>\t\t\t\t\t\t<\/div>\n\t\t\t\t\t\t\t\t\t\t  \t\t\t\t\t\t\t\t\t\t\t\t<div class=\"rtcl-el-button\">\n\t\t\t\t\t\t\t\t\t\t\t\t\t\t\t\t<a class=\"rtcl-compare\" href=\"#\" title=\"Compare\" data-listing_id=\"11443\">\n\t\t\t\t\t\t\t\t\t<i class=\"rtcl-icon rtcl-icon-retweet\"><\/i>\n\t\t\t\t\t\t\t\t<\/a>\n\t\t\t\t\t\t\t<\/div>\n\t\t\t\t\t\t\t\t\t\t\t\t<\/div><\/div><\/div> <div class=\"rtin-content-area\"><div class=\"item-content\"><div class='rtcl-listing-badge-wrap'><\/div>\n <div class=\"category\"><a href=\"https:\/\/costatropical.com\/es\/listing-category\/restaurant\/mediterranean\/\">Mediterr\u00e1nea<\/a><span class=\"rtcl-delimiter\">,<\/span><a href=\"https:\/\/costatropical.com\/es\/listing-category\/restaurant\/\">Restaurantes<\/a><\/div> <h3 class=\"listing-title rtcl-listing-title\"><a href=\"https:\/\/costatropical.com\/es\/listing\/firmvm\/\" title=\"FIRMVM\">FIRMVM<\/a><\/h3>  <ul class=\"rtcl-listing-meta-data\">  <li class=\"date\"><i class=\"rtcl-icon rtcl-icon-clock\" aria-hidden=\"true\"><\/i>2 a\u00f1os ago<\/li> <li class=\"location\"><i class=\"rtcl-icon rtcl-icon-location\" aria-hidden=\"true\"><\/i><a href=\"https:\/\/costatropical.com\/es\/location\/almunecar\/\">Almu\u00f1\u00e9car<\/a><\/li> <li class=\"view\"><i class=\"rtcl-icon rtcl-icon-eye\" aria-hidden=\"true\"><\/i>1.151 views<\/li><\/ul>  <div class=\"rtin-right\"><div class=\"item-price\"><div class=\"rtcl-price price-type-fixed\"><\/div><\/div> <\/div><\/div><\/div>\n\t\t\t\t<\/div>\n\n\t\t\t\n\t\t\t\t<div class=\"rtcl-widget-listing-item listing-item rtcl-listing-item post-8812 status-publish is-top is-popular rtcl_category-restaurant rtcl_category-spanish rtcl_location-almunecar\">\n\t\t\t\t\t\n\t\t\t\t\t\n\t\t\t\t\t<div class='listing-thumb'><div class='listing-thumb-inner'><a href='https:\/\/costatropical.com\/es\/listing\/restaurante-los-geraneos\/' title='Restaurante Los Geraneos'><img decoding=\"async\" width=\"300\" height=\"195\" src=\"https:\/\/costatropical.com\/wp-content\/uploads\/classified-listing\/2023\/08\/geraneos1-370x240.jpg\" class=\"rtcl-thumbnail\" alt=\"geraneos1\" title=\"\"><\/a><div class=\"rtcl-meta-buttons-wrap horizontal-layout meta-button-count-2\">\t\t\t\t\t\t<div class=\"rtcl-fav rtcl-el-button\">\n\t\t\t\t\t\t\t<a href=\"\/es\/void(0)\/\" class=\"rtcl-require-login\"><span class=\"rtcl-icon rtcl-icon-heart-empty\"><\/span><span class=\"favourite-label\">Favourite<\/span><\/a>\t\t\t\t\t\t<\/div>\n\t\t\t\t\t\t\t\t\t\t  \t\t\t\t\t\t\t\t\t\t\t\t<div class=\"rtcl-el-button\">\n\t\t\t\t\t\t\t\t\t\t\t\t\t\t\t\t<a class=\"rtcl-compare\" href=\"#\" title=\"Compare\" data-listing_id=\"8812\">\n\t\t\t\t\t\t\t\t\t<i class=\"rtcl-icon rtcl-icon-retweet\"><\/i>\n\t\t\t\t\t\t\t\t<\/a>\n\t\t\t\t\t\t\t<\/div>\n\t\t\t\t\t\t\t\t\t\t\t\t<\/div><\/div><\/div> <div class=\"rtin-content-area\"><div class=\"item-content\"><div class='rtcl-listing-badge-wrap'><\/div>\n <div class=\"category\"><a href=\"https:\/\/costatropical.com\/es\/listing-category\/restaurant\/\">Restaurantes<\/a><span class=\"rtcl-delimiter\">,<\/span><a href=\"https:\/\/costatropical.com\/es\/listing-category\/restaurant\/spanish\/\">Espa\u00f1ola<\/a><\/div> <h3 class=\"listing-title rtcl-listing-title\"><a href=\"https:\/\/costatropical.com\/es\/listing\/restaurante-los-geraneos\/\" title=\"Restaurante Los Geraneos\">Restaurante Los Geraneos<\/a><\/h3>  <ul class=\"rtcl-listing-meta-data\">  <li class=\"date\"><i class=\"rtcl-icon rtcl-icon-clock\" aria-hidden=\"true\"><\/i>3 a\u00f1os ago<\/li> <li class=\"location\"><i class=\"rtcl-icon rtcl-icon-location\" aria-hidden=\"true\"><\/i><a href=\"https:\/\/costatropical.com\/es\/location\/almunecar\/\">Almu\u00f1\u00e9car<\/a><\/li> <li class=\"view\"><i class=\"rtcl-icon rtcl-icon-eye\" aria-hidden=\"true\"><\/i>1.028 views<\/li><\/ul>  <div class=\"rtin-right\"><div class=\"item-price\"><div class=\"rtcl-price price-type-fixed\"><\/div><\/div> <\/div><\/div><\/div>\n\t\t\t\t<\/div>\n\n\t\t\t\n\t\t\t\t<div class=\"rtcl-widget-listing-item listing-item rtcl-listing-item post-10028 status-publish is-top is-popular rtcl_category-restaurant rtcl_category-spanish rtcl_location-almunecar\">\n\t\t\t\t\t\n\t\t\t\t\t\n\t\t\t\t\t<div class='listing-thumb'><div class='listing-thumb-inner'><a href='https:\/\/costatropical.com\/es\/listing\/el-balcon-de-cotobro\/' title='El Balc\u00f3n de Cotobro'><img decoding=\"async\" width=\"300\" height=\"195\" src=\"https:\/\/costatropical.com\/wp-content\/uploads\/classified-listing\/2023\/10\/El-Balcon-de-Cotobro-370x240.png\" class=\"rtcl-thumbnail\" alt=\"El-Balcon-de-Cotobro\" title=\"\"><\/a><div class=\"rtcl-meta-buttons-wrap horizontal-layout meta-button-count-2\">\t\t\t\t\t\t<div class=\"rtcl-fav rtcl-el-button\">\n\t\t\t\t\t\t\t<a href=\"\/es\/void(0)\/\" class=\"rtcl-require-login\"><span class=\"rtcl-icon rtcl-icon-heart-empty\"><\/span><span class=\"favourite-label\">Favourite<\/span><\/a>\t\t\t\t\t\t<\/div>\n\t\t\t\t\t\t\t\t\t\t  \t\t\t\t\t\t\t\t\t\t\t\t<div class=\"rtcl-el-button\">\n\t\t\t\t\t\t\t\t\t\t\t\t\t\t\t\t<a class=\"rtcl-compare\" href=\"#\" title=\"Compare\" data-listing_id=\"10028\">\n\t\t\t\t\t\t\t\t\t<i class=\"rtcl-icon rtcl-icon-retweet\"><\/i>\n\t\t\t\t\t\t\t\t<\/a>\n\t\t\t\t\t\t\t<\/div>\n\t\t\t\t\t\t\t\t\t\t\t\t<\/div><\/div><\/div> <div class=\"rtin-content-area\"><div class=\"item-content\"><div class='rtcl-listing-badge-wrap'><\/div>\n <div class=\"category\"><a href=\"https:\/\/costatropical.com\/es\/listing-category\/restaurant\/\">Restaurantes<\/a><span class=\"rtcl-delimiter\">,<\/span><a href=\"https:\/\/costatropical.com\/es\/listing-category\/restaurant\/spanish\/\">Espa\u00f1ola<\/a><\/div> <h3 class=\"listing-title rtcl-listing-title\"><a href=\"https:\/\/costatropical.com\/es\/listing\/el-balcon-de-cotobro\/\" title=\"El Balc\u00f3n de Cotobro\">El Balc\u00f3n de Cotobro<\/a><\/h3>  <ul class=\"rtcl-listing-meta-data\">  <li class=\"date\"><i class=\"rtcl-icon rtcl-icon-clock\" aria-hidden=\"true\"><\/i>2 a\u00f1os ago<\/li> <li class=\"location\"><i class=\"rtcl-icon rtcl-icon-location\" aria-hidden=\"true\"><\/i><a href=\"https:\/\/costatropical.com\/es\/location\/almunecar\/\">Almu\u00f1\u00e9car<\/a><\/li> <li class=\"view\"><i class=\"rtcl-icon rtcl-icon-eye\" aria-hidden=\"true\"><\/i>941 views<\/li><\/ul>  <div class=\"rtin-right\"><div class=\"item-price\"><div class=\"rtcl-price price-type-fixed\"><\/div><\/div> <\/div><\/div><\/div>\n\t\t\t\t<\/div>\n\n\t\t\t\t\t\t\n\t\t<\/div>\n\t\t\t<\/div>\n<\/div>\n\t\t\t\t<\/div>\n\t\t\t\t<\/div>\n\t\t\t\t\t<\/div>\n\t\t<\/div>\n\t\t\t\t\t<\/div>\n\t\t<\/section>\n\t\t\t\t<section class=\"elementor-section elementor-top-section elementor-element elementor-element-6eab736 elementor-section-boxed elementor-section-height-default elementor-section-height-default rt-parallax-bg-no\" data-id=\"6eab736\" data-element_type=\"section\" data-e-type=\"section\">\n\t\t\t\t\t\t<div class=\"elementor-container elementor-column-gap-default\">\n\t\t\t\t\t<div class=\"elementor-column elementor-col-100 elementor-top-column elementor-element elementor-element-ae3792e\" data-id=\"ae3792e\" data-element_type=\"column\" data-e-type=\"column\">\n\t\t\t<div class=\"elementor-widget-wrap\">\n\t\t\t\t\t\t\t<\/div>\n\t\t<\/div>\n\t\t\t\t\t<\/div>\n\t\t<\/section>\n\t\t\t\t<section class=\"elementor-section elementor-top-section elementor-element elementor-element-b68b497 elementor-section-boxed elementor-section-height-default elementor-section-height-default rt-parallax-bg-no\" data-id=\"b68b497\" data-element_type=\"section\" data-e-type=\"section\">\n\t\t\t\t\t\t<div class=\"elementor-container elementor-column-gap-default\">\n\t\t\t\t\t<div class=\"elementor-column elementor-col-100 elementor-top-column elementor-element elementor-element-a467b9b\" data-id=\"a467b9b\" data-element_type=\"column\" data-e-type=\"column\">\n\t\t\t<div class=\"elementor-widget-wrap elementor-element-populated\">\n\t\t\t\t\t\t<div class=\"elementor-element elementor-element-329d6e4 elementor-widget__width-initial elementor-widget elementor-widget-text-editor\" data-id=\"329d6e4\" data-element_type=\"widget\" data-e-type=\"widget\" data-widget_type=\"text-editor.default\">\n\t\t\t\t<div class=\"elementor-widget-container\">\n\t\t\t\t\t\t\t\t\t<p><strong>\u00bfTIENES UN NEGOCIO?<\/strong><\/p>\t\t\t\t\t\t\t\t<\/div>\n\t\t\t\t<\/div>\n\t\t\t\t<div class=\"elementor-element elementor-element-631eb9e elementor-widget elementor-widget-heading\" data-id=\"631eb9e\" data-element_type=\"widget\" data-e-type=\"widget\" data-widget_type=\"heading.default\">\n\t\t\t\t<div class=\"elementor-widget-container\">\n\t\t\t\t\t<h2 class=\"elementor-heading-title elementor-size-default\">Haz que tu negocio sea visible en<strong> <\/strong><strong style=\"color: #4a90e2\">CostaTropical.com<\/strong><br> \n<\/h2>\t\t\t\t<\/div>\n\t\t\t\t<\/div>\n\t\t\t\t<div class=\"elementor-element elementor-element-68c4867 elementor-widget elementor-widget-heading\" data-id=\"68c4867\" data-element_type=\"widget\" data-e-type=\"widget\" data-widget_type=\"heading.default\">\n\t\t\t\t<div class=\"elementor-widget-container\">\n\t\t\t\t\t<h2 class=\"elementor-heading-title elementor-size-default\">La gu\u00eda de referencia para vecinos, residente y turistas en la Costa Tropical. Pon tu negocio frente a miles de personas cada mes y aparece en los primeros resultados de Google.<\/h2>\t\t\t\t<\/div>\n\t\t\t\t<\/div>\n\t\t\t\t<div class=\"elementor-element elementor-element-a1432d5 elementor-hidden-tablet elementor-widget elementor-widget-heading\" data-id=\"a1432d5\" data-element_type=\"widget\" data-e-type=\"widget\" data-widget_type=\"heading.default\">\n\t\t\t\t<div class=\"elementor-widget-container\">\n\t\t\t\t\t<h2 class=\"elementor-heading-title elementor-size-default\">Aparece donde se preparan los planes para la Costa Tropical.\n<\/h2>\t\t\t\t<\/div>\n\t\t\t\t<\/div>\n\t\t\t\t<div class=\"elementor-element elementor-element-664db75 elementor-widget__width-initial elementor-widget elementor-widget-text-editor\" data-id=\"664db75\" data-element_type=\"widget\" data-e-type=\"widget\" data-widget_type=\"text-editor.default\">\n\t\t\t\t<div class=\"elementor-widget-container\">\n\t\t\t\t\t\t\t\t\t<p><a href=\"https:\/\/costatropical.com\/es\/publicidad\/\"><span style=\"text-decoration: underline;\">Haz clic aqu\u00ed<\/span> para obtener m\u00e1s informaci\u00f3n<\/a><\/p>\t\t\t\t\t\t\t\t<\/div>\n\t\t\t\t<\/div>\n\t\t\t\t\t<\/div>\n\t\t<\/div>\n\t\t\t\t\t<\/div>\n\t\t<\/section>\n\t\t\t\t<\/div>","protected":false},"excerpt":{"rendered":"<p>Best Restaurants in Almu\u00f1\u00e9car Welcome to our practical directory featuring the best restaurants in Almu\u00f1\u00e9car. This carefully curated list highlights<\/p>","protected":false},"author":1,"featured_media":9971,"parent":0,"menu_order":0,"comment_status":"closed","ping_status":"closed","template":"templates\/blank.php","meta":{"_rtcl_gb_attr":"","footnotes":""},"class_list":["post-10056","page","type-page","status-publish","has-post-thumbnail","hentry"],"_links":{"self":[{"href":"https:\/\/costatropical.com\/es\/wp-json\/wp\/v2\/pages\/10056","targetHints":{"allow":["GET"]}}],"collection":[{"href":"https:\/\/costatropical.com\/es\/wp-json\/wp\/v2\/pages"}],"about":[{"href":"https:\/\/costatropical.com\/es\/wp-json\/wp\/v2\/types\/page"}],"author":[{"embeddable":true,"href":"https:\/\/costatropical.com\/es\/wp-json\/wp\/v2\/users\/1"}],"replies":[{"embeddable":true,"href":"https:\/\/costatropical.com\/es\/wp-json\/wp\/v2\/comments?post=10056"}],"version-history":[{"count":0,"href":"https:\/\/costatropical.com\/es\/wp-json\/wp\/v2\/pages\/10056\/revisions"}],"wp:featuredmedia":[{"embeddable":true,"href":"https:\/\/costatropical.com\/es\/wp-json\/wp\/v2\/media\/9971"}],"wp:attachment":[{"href":"https:\/\/costatropical.com\/es\/wp-json\/wp\/v2\/media?parent=10056"}],"curies":[{"name":"wp","href":"https:\/\/api.w.org\/{rel}","templated":true}]}}